
{"id":45407,"date":"2025-10-28T09:49:26","date_gmt":"2025-10-28T15:49:26","guid":{"rendered":"https:\/\/www.nfu.ca\/2025convention\/convention-sponsorship-thank-you\/"},"modified":"2025-10-28T09:50:42","modified_gmt":"2025-10-28T15:50:42","slug":"convention-sponsorship-thank-you","status":"publish","type":"page","link":"https:\/\/www.nfu.ca\/fr\/2025convention\/convention-sponsorship-thank-you\/","title":{"rendered":"Parrainage de la Convention &#8211; Page de remerciement"},"content":{"rendered":"\n<div class=\"wp-block-cover alignfull is-light has-custom-content-position is-position-bottom-center banner-top has-background-bblue has-nfu-primary-color has-text-color has-link-color wp-elements-4a506fefc82c65ee9a69d9f6828c2374\"><span aria-hidden=\"true\" class=\"wp-block-cover__background has-background-dim-40 has-background-dim has-background-gradient\" style=\"background:linear-gradient(180deg,rgb(0,162,255) 0%,rgba(255,255,255,0) 40%)\"><\/span><div class=\"wp-block-cover__inner-container is-layout-constrained wp-container-core-cover-is-layout-c5279553 wp-block-cover-is-layout-constrained\">\n<div class=\"wp-block-stackable-columns alignfull stk-block-columns stk-block stk-eded1c5\" data-block-id=\"eded1c5\"><style>.stk-eded1c5 .stk--block-align-eded1c5{align-items:flex-end !important;}.stk-eded1c5-column{--stk-columns-spacing:0px !important;--stk-column-gap:0px !important;row-gap:0px !important;}@media screen and (max-width: 767px){.stk-eded1c5 {--stk-col-order-1:2 !important;--stk-col-order-2:1 !important;}}<\/style><style class=\"stk-custom-css\">.stk-eded1c5.stk-block-columns{width:auto !important}<\/style><div class=\"stk-row stk-inner-blocks stk--block-align-eded1c5 stk-block-content stk-content-align stk-eded1c5-column alignwide\">\n<div class=\"wp-block-stackable-column stk-block-column stk-column stk-block stk-8c1a789\" data-v=\"4\" data-block-id=\"8c1a789\"><style>@media screen and (min-width: 768px){.stk-8c1a789 {flex:var(--stk-flex-grow, 1) 1 calc(65% - var(--stk-column-gap, 0px) * 1 \/ 2 ) !important;}}<\/style><div class=\"stk-column-wrapper stk-block-column__content stk-container stk-8c1a789-container stk--no-background stk--no-padding\"><div class=\"stk-block-content stk-inner-blocks stk-8c1a789-inner-blocks\">\n<div class=\"wp-block-stackable-heading stk-block-heading stk-block-heading--v2 stk-block stk-213ccfd banner-slug\" id=\"november-19-21-2025\" data-block-id=\"213ccfd\"><style>.stk-213ccfd .stk-block-heading__text{color:#178CCD !important;font-family:\"Raleway\", Sans-serif !important;}<\/style><h6 class=\"stk-block-heading__text has-text-color has-text-align-left has-text-align-center-mobile\">19-21 novembre 2025<\/h6><\/div>\n\n\n\n<div class=\"wp-block-stackable-heading stk-block-heading stk-block-heading--v2 stk-block stk-77d07d0 banner-headline\" id=\"nfu-convention-2025\" data-block-id=\"77d07d0\"><style>.stk-77d07d0 .stk-block-heading__text{font-size:3.2em !important;color:#178CCD !important;font-family:\"Raleway\", Sans-serif !important;}@media screen and (max-width: 1023px){.stk-77d07d0 .stk-block-heading__text{font-size:2.8em !important;}}<\/style><h1 class=\"stk-block-heading__text has-text-color has-text-align-left has-text-align-center-mobile\">UNF Convention 2025  <\/h1><\/div>\n\n\n\n<div class=\"wp-block-stackable-heading stk-block-heading stk-block-heading--v2 stk-block stk-c47ccd6 banner-headline\" id=\"val\" data-block-id=\"c47ccd6\"><style>.stk-c47ccd6 .stk-block-heading__text{color:#178CCD !important;font-family:\"Raleway\", Sans-serif !important;}<\/style><h3 class=\"stk-block-heading__text has-text-color has-text-align-left has-text-align-center-mobile\"><strong>L&rsquo;alimentation. Souverainet\u00e9. Justice.<\/strong> <br>D\u00e9velopper des strat\u00e9gies collectives.<\/h3><\/div>\n<\/div><\/div><\/div>\n\n\n\n<div class=\"wp-block-stackable-column stk-block-column stk-column stk-block stk-afdcc4e\" data-v=\"4\" data-block-id=\"afdcc4e\"><style>@media screen and (min-width: 768px){.stk-afdcc4e {flex:var(--stk-flex-grow, 1) 1 calc(35% - var(--stk-column-gap, 0px) * 1 \/ 2 ) !important;}}<\/style><div class=\"stk-column-wrapper stk-block-column__content stk-container stk-afdcc4e-container stk--no-background stk--no-padding\"><div class=\"stk-block-content stk-inner-blocks stk-afdcc4e-inner-blocks\">\n<div class=\"wp-block-stackable-image stk-block-image has-text-align-center-mobile stk-block stk-a208e70\" data-block-id=\"a208e70\"><style>.stk-a208e70 {max-width:360px !important;min-width:auto !important;}@media screen and (max-width: 767px){.stk-a208e70 {max-width:360px !important;min-width:auto !important;padding-top:24px !important;padding-right:24px !important;padding-bottom:0px !important;padding-left:24px !important;margin-right:auto !important;margin-left:auto !important;}}<\/style><figure><span class=\"stk-img-wrapper stk-image--shape-stretch\"><img loading=\"lazy\" decoding=\"async\" class=\"stk-img wp-image-42432\" src=\"https:\/\/www.nfu.ca\/wp-content\/uploads\/2025\/09\/nfu-2025-convention-graphic.webp\" width=\"867\" height=\"788\" srcset=\"https:\/\/www.nfu.ca\/wp-content\/uploads\/2025\/09\/nfu-2025-convention-graphic.webp 867w, https:\/\/www.nfu.ca\/wp-content\/uploads\/2025\/09\/nfu-2025-convention-graphic-300x273.webp 300w, https:\/\/www.nfu.ca\/wp-content\/uploads\/2025\/09\/nfu-2025-convention-graphic-768x698.webp 768w\" sizes=\"auto, (max-width: 867px) 100vw, 867px\" \/><\/span><\/figure><\/div>\n<\/div><\/div><\/div>\n<\/div><\/div>\n<\/div><\/div>\n\n<div class=\"wp-block-stackable-hero alignfull stk-block-hero stk-block stk-02eba8c is-style-default\" data-v=\"2\" data-block-id=\"02eba8c\"><style>.stk-02eba8c-inner-blocks{align-items:flex-start !important;justify-content:center !important;}.stk-02eba8c {margin-top:24px !important;}.stk-02eba8c .stk-block-hero__content{min-height:5px !important;align-items:center !important;display:flex !important;}<\/style><div class=\"stk-block-hero__content stk-content-align stk-02eba8c-column stk-container stk-02eba8c-container stk--no-background stk--no-padding\"><div class=\"stk-block-content stk-inner-blocks stk--column-flex stk-02eba8c-inner-blocks\">\n<div class=\"wp-block-stackable-heading stk-block-heading stk-block-heading--v2 stk-block stk-907bf4e\" id=\"thank-you-for-your-sponsorship\" data-block-id=\"907bf4e\"><h1 class=\"stk-block-heading__text has-text-align-left\">Merci pour votre parrainage !<\/h1><\/div>\n\n\n\n<div class=\"wp-block-stackable-text stk-block-text stk-block stk-e06796e\" data-block-id=\"e06796e\"><p class=\"stk-block-text__text\">D\u00e9tails sur votre parrainage de  <strong>Convention de l&rsquo;UNF 2025 : L&rsquo;alimentation. Souverainet\u00e9. Justice. Construire des strat\u00e9gies collectives<\/strong>  arrivera bient\u00f4t dans votre bo\u00eete aux lettres \u00e9lectronique.  <em>Si vous ne le voyez pas, v\u00e9rifiez vos courriers ind\u00e9sirables et autres courriels tri\u00e9s automatiquement.  <\/em><\/p><\/div>\n\n\n\n<div class=\"wp-block-stackable-text stk-block-text stk-block stk-1ab8023\" data-block-id=\"1ab8023\"><p class=\"stk-block-text__text\"><a href=\"https:\/\/www.nfu.ca\/fr\/2025convention\/\" data-type=\"page\" data-id=\"40682\">Maison de la Convention<\/a><\/p><\/div>\n\n\n\n<div class=\"wp-block-stackable-spacer stk-block-spacer stk--no-padding stk-block stk-095ecb1\" data-block-id=\"095ecb1\"><style>.stk-095ecb1 {height:250px !important;}<\/style><\/div>\n<\/div><\/div><\/div>\n","protected":false},"excerpt":{"rendered":"<p>Le congr\u00e8s 2024 de l&rsquo;UNF, intitul\u00e9 \u00a0\u00bb Valoriser l&rsquo;agriculture, la terre et les gens \u00ab\u00a0, sera en format hybride. Vous pouvez vous inscrire pour participer en personne \u00e0 Saskatoon, ou vous inscrire pour participer en ligne.   <\/p>\n","protected":false},"author":3,"featured_media":29749,"parent":40695,"menu_order":0,"comment_status":"closed","ping_status":"closed","template":"tmpl-blocks-contained.php","meta":{"_acf_changed":false,"_tec_requires_first_save":true,"_EventAllDay":false,"_EventTimezone":"","_EventStartDate":"","_EventEndDate":"","_EventStartDateUTC":"","_EventEndDateUTC":"","_EventShowMap":false,"_EventShowMapLink":false,"_EventURL":"","_EventCost":"","_EventCostDescription":"","_EventCurrencySymbol":"","_EventCurrencyCode":"","_EventCurrencyPosition":"","_EventDateTimeSeparator":"","_EventTimeRangeSeparator":"","_EventOrganizerID":[],"_EventVenueID":[],"_OrganizerEmail":"","_OrganizerPhone":"","_OrganizerWebsite":"","_VenueAddress":"","_VenueCity":"","_VenueCountry":"","_VenueProvince":"","_VenueState":"","_VenueZip":"","_VenuePhone":"","_VenueURL":"","_VenueStateProvince":"","_VenueLat":"","_VenueLng":"","_VenueShowMap":false,"_VenueShowMapLink":false,"_tribe_blocks_recurrence_rules":"","_tribe_blocks_recurrence_description":"","_tribe_blocks_recurrence_exclusions":"","_ecp_custom_4":"","_ecp_custom_7":"","_ecp_custom_9":"","_ecp_custom_10":"","_ecp_custom_12":"","_ecp_custom_13":"","footnotes":""},"post_region":[],"post_campaign":[],"class_list":["post-45407","page","type-page","status-publish","has-post-thumbnail","hentry","page_categories-convention-2025-fr","page_categories-convention-page-fr"],"acf":[],"_links":{"self":[{"href":"https:\/\/www.nfu.ca\/fr\/wp-json\/wp\/v2\/pages\/45407","targetHints":{"allow":["GET"]}}],"collection":[{"href":"https:\/\/www.nfu.ca\/fr\/wp-json\/wp\/v2\/pages"}],"about":[{"href":"https:\/\/www.nfu.ca\/fr\/wp-json\/wp\/v2\/types\/page"}],"author":[{"embeddable":true,"href":"https:\/\/www.nfu.ca\/fr\/wp-json\/wp\/v2\/users\/3"}],"replies":[{"embeddable":true,"href":"https:\/\/www.nfu.ca\/fr\/wp-json\/wp\/v2\/comments?post=45407"}],"version-history":[{"count":2,"href":"https:\/\/www.nfu.ca\/fr\/wp-json\/wp\/v2\/pages\/45407\/revisions"}],"predecessor-version":[{"id":45410,"href":"https:\/\/www.nfu.ca\/fr\/wp-json\/wp\/v2\/pages\/45407\/revisions\/45410"}],"up":[{"embeddable":true,"href":"https:\/\/www.nfu.ca\/fr\/wp-json\/wp\/v2\/pages\/40695"}],"wp:featuredmedia":[{"embeddable":true,"href":"https:\/\/www.nfu.ca\/fr\/wp-json\/wp\/v2\/media\/29749"}],"wp:attachment":[{"href":"https:\/\/www.nfu.ca\/fr\/wp-json\/wp\/v2\/media?parent=45407"}],"wp:term":[{"taxonomy":"post_region","embeddable":true,"href":"https:\/\/www.nfu.ca\/fr\/wp-json\/wp\/v2\/post_region?post=45407"},{"taxonomy":"post_campaign","embeddable":true,"href":"https:\/\/www.nfu.ca\/fr\/wp-json\/wp\/v2\/post_campaign?post=45407"}],"curies":[{"name":"wp","href":"https:\/\/api.w.org\/{rel}","templated":true}]}}