
{"id":39271,"date":"2025-03-26T14:42:11","date_gmt":"2025-03-26T20:42:11","guid":{"rendered":"https:\/\/nfu.ca\/event-add\/thanks\/"},"modified":"2025-03-26T14:47:36","modified_gmt":"2025-03-26T20:47:36","slug":"thanks","status":"publish","type":"page","link":"https:\/\/www.nfu.ca\/fr\/event-add\/thanks\/","title":{"rendered":"Merci d&rsquo;avoir soumis un \u00e9v\u00e9nement"},"content":{"rendered":"\n<header class=\"wp-block-cover alignfull has-custom-content-position is-position-bottom-center banner-top\" style=\"min-height:250px;aspect-ratio:unset;\" id=\"banner-top\"><span aria-hidden=\"true\" class=\"wp-block-cover__background has-background-dim-100 has-background-dim\" style=\"background-color:#6d6d6d\"><\/span><div class=\"wp-block-cover__inner-container is-layout-flow wp-block-cover-is-layout-flow\">\n<p class=\"has-text-align-left has-large-font-size\"><\/p>\n<\/div><\/header>\n\n<div class=\"wp-block-stackable-text stk-block-text stk-block stk-586e60b\" data-block-id=\"586e60b\"><p class=\"stk-block-text__text\"><\/p><\/div>\n\n<div class=\"wp-block-stackable-hero alignfull stk-block-hero stk-block stk-08fda9e is-style-default\" data-v=\"2\" id=\"content-first\" data-block-id=\"08fda9e\"><style>.stk-08fda9e .stk-block-hero__content{min-height:5px !important;align-items:center !important;display:flex !important;}<\/style><div class=\"stk-block-hero__content stk-content-align stk-08fda9e-column alignwide stk-container stk-08fda9e-container stk--no-background stk--no-padding\"><div class=\"stk-block-content stk-inner-blocks has-text-align-left stk-08fda9e-inner-blocks\">\n<div class=\"wp-block-stackable-heading stk-block-heading stk-block-heading--v2 stk-block stk-6c2c9d1 page-title\" id=\"thank-you-for-submitting-an-event\" data-block-id=\"6c2c9d1\"><h1 class=\"stk-block-heading__text\">Merci d&rsquo;avoir soumis un \u00e9v\u00e9nement<\/h1><\/div>\n\n\n\n<div class=\"wp-block-stackable-columns stk-block-columns stk-block stk-1786798\" data-block-id=\"1786798\"><div class=\"stk-row stk-inner-blocks stk-block-content stk-content-align stk-1786798-column\">\n<div class=\"wp-block-stackable-column stk-block-column stk-column stk-block stk-cdf62d9\" data-v=\"4\" data-block-id=\"cdf62d9\"><div class=\"stk-column-wrapper stk-block-column__content stk-container stk-cdf62d9-container stk--no-background stk--no-padding\"><div class=\"has-text-align-left stk-block-content stk-inner-blocks stk-cdf62d9-inner-blocks\">\n<div class=\"wp-block-stackable-text stk-block-text stk-block stk-4949d05 lead\" data-block-id=\"4949d05\"><p class=\"stk-block-text__text\"><a rel=\"noopener\" target=\"_blank\" href=\"https:\/\/nfu.ca\/fr\/event-add\/\" data-type=\"page\" data-id=\"33448\">Ajoutez un autre \u00e9v\u00e9nement.<\/a><\/p><\/div>\n\n\n\n<div class=\"wp-block-stackable-text stk-block-text stk-block stk-99fbc3e\" data-block-id=\"99fbc3e\"><p class=\"stk-block-text__text\">Nous examinons tous les \u00e9v\u00e9nements soumis. Nous nous r\u00e9servons le droit de ne pas publier un \u00e9v\u00e9nement. Veuillez envoyer les mises \u00e0 jour et les corrections d&rsquo;\u00e9v\u00e9nements \u00e0 <a href=\"mailto:communications@nfu.ca\">communications@nfu.ca.<\/a>   <\/p><\/div>\n<\/div><\/div><\/div>\n<\/div><\/div>\n<\/div><\/div><\/div>\n","protected":false},"excerpt":{"rendered":"<p>Merci d&rsquo;avoir soumis un \u00e9v\u00e9nement Ajoutez un autre \u00e9v\u00e9nement. Nous examinons tous les \u00e9v\u00e9nements soumis. Nous nous r\u00e9servons le droit de ne pas publier un \u00e9v\u00e9nement. Veuillez envoyer les mises<\/p>\n","protected":false},"author":3,"featured_media":0,"parent":33454,"menu_order":0,"comment_status":"closed","ping_status":"closed","template":"","meta":{"_acf_changed":false,"_tec_requires_first_save":true,"_EventAllDay":false,"_EventTimezone":"","_EventStartDate":"","_EventEndDate":"","_EventStartDateUTC":"","_EventEndDateUTC":"","_EventShowMap":false,"_EventShowMapLink":false,"_EventURL":"","_EventCost":"","_EventCostDescription":"","_EventCurrencySymbol":"","_EventCurrencyCode":"","_EventCurrencyPosition":"","_EventDateTimeSeparator":"","_EventTimeRangeSeparator":"","_EventOrganizerID":[],"_EventVenueID":[],"_OrganizerEmail":"","_OrganizerPhone":"","_OrganizerWebsite":"","_VenueAddress":"","_VenueCity":"","_VenueCountry":"","_VenueProvince":"","_VenueState":"","_VenueZip":"","_VenuePhone":"","_VenueURL":"","_VenueStateProvince":"","_VenueLat":"","_VenueLng":"","_VenueShowMap":false,"_VenueShowMapLink":false,"_tribe_blocks_recurrence_rules":"","_tribe_blocks_recurrence_description":"","_tribe_blocks_recurrence_exclusions":"","_ecp_custom_4":"","_ecp_custom_7":"","_ecp_custom_9":"","_ecp_custom_10":"","_ecp_custom_12":"","_ecp_custom_13":"","footnotes":""},"post_region":[],"post_campaign":[],"class_list":["post-39271","page","type-page","status-publish","hentry"],"acf":[],"_links":{"self":[{"href":"https:\/\/www.nfu.ca\/fr\/wp-json\/wp\/v2\/pages\/39271","targetHints":{"allow":["GET"]}}],"collection":[{"href":"https:\/\/www.nfu.ca\/fr\/wp-json\/wp\/v2\/pages"}],"about":[{"href":"https:\/\/www.nfu.ca\/fr\/wp-json\/wp\/v2\/types\/page"}],"author":[{"embeddable":true,"href":"https:\/\/www.nfu.ca\/fr\/wp-json\/wp\/v2\/users\/3"}],"replies":[{"embeddable":true,"href":"https:\/\/www.nfu.ca\/fr\/wp-json\/wp\/v2\/comments?post=39271"}],"version-history":[{"count":2,"href":"https:\/\/www.nfu.ca\/fr\/wp-json\/wp\/v2\/pages\/39271\/revisions"}],"predecessor-version":[{"id":39279,"href":"https:\/\/www.nfu.ca\/fr\/wp-json\/wp\/v2\/pages\/39271\/revisions\/39279"}],"up":[{"embeddable":true,"href":"https:\/\/www.nfu.ca\/fr\/wp-json\/wp\/v2\/pages\/33454"}],"wp:attachment":[{"href":"https:\/\/www.nfu.ca\/fr\/wp-json\/wp\/v2\/media?parent=39271"}],"wp:term":[{"taxonomy":"post_region","embeddable":true,"href":"https:\/\/www.nfu.ca\/fr\/wp-json\/wp\/v2\/post_region?post=39271"},{"taxonomy":"post_campaign","embeddable":true,"href":"https:\/\/www.nfu.ca\/fr\/wp-json\/wp\/v2\/post_campaign?post=39271"}],"curies":[{"name":"wp","href":"https:\/\/api.w.org\/{rel}","templated":true}]}}