
{"id":31189,"date":"2020-11-24T17:03:58","date_gmt":"2020-11-24T23:03:58","guid":{"rendered":"https:\/\/www.nfu.ca\/archives-de-la-convention\/51eme-convention-2020\/informations-pour-les-non-membres\/"},"modified":"2024-10-21T00:18:10","modified_gmt":"2024-10-21T06:18:10","slug":"informations-pour-les-non-membres","status":"publish","type":"page","link":"https:\/\/www.nfu.ca\/fr\/archives-de-la-convention\/51eme-convention-2020\/informations-pour-les-non-membres\/","title":{"rendered":"Informations pour les non-membres"},"content":{"rendered":"\n<header class=\"wp-block-cover alignfull is-light has-custom-content-position is-position-bottom-center banner-top\" id=\"banner-top\"><span aria-hidden=\"true\" class=\"wp-block-cover__background has-background-dim-30 has-background-dim has-background-gradient\" style=\"background-color:#FFF;background:linear-gradient(180deg,rgba(0,0,0,0.97) 0%,rgba(0,0,0,0) 79%)\"><\/span><div class=\"wp-block-cover__inner-container is-layout-flow wp-block-cover-is-layout-flow\">\n<div class=\"wp-block-stackable-heading stk-block-heading stk-block-heading--v2 stk-block stk-213ccfd banner-slug\" data-block-id=\"213ccfd\"><style>.stk-213ccfd .stk-block-heading__text{text-shadow:0px 2px 5px #123f52ff !important;color:#fff !important}<\/style><h6 class=\"stk-block-heading__text has-text-color has-text-align-center\"><\/h6><\/div>\n\n\n\n<div class=\"wp-block-stackable-heading stk-block-heading stk-block-heading--v2 stk-block stk-77d07d0 banner-headline\" id=\"nfu-unf-convention-2020\" data-block-id=\"77d07d0\"><style>.stk-77d07d0 .stk-block-heading__text{text-shadow:0px 8px 14px #123f52ff !important;color:#fff !important}<\/style><h1 class=\"stk-block-heading__text has-text-color has-text-align-center\">Convention UNF\/FNU 2020<\/h1><\/div>\n<\/div><\/header>\n<ol class=\"breadcrumb\"><li><a href=\"https:\/\/www.nfu.ca\/fr\/\">National Farmers Union<\/a><\/li><\/ol>\n\n<div class=\"wp-block-stackable-heading stk-block-heading stk-block-heading--v2 stk-block stk-35b1992\" id=\"information-for-non-members\" data-block-id=\"35b1992\"><h1 class=\"stk-block-heading__text\">Informations pour les non-membres<\/h1><\/div>\n\n<div class=\"wp-block-stackable-columns stk-block-columns stk-block stk-54b76e7 content-upper\" id=\"content-upper\" data-block-id=\"54b76e7\"><div class=\"stk-row stk-inner-blocks has-text-align-left stk-block-content stk-content-align stk-54b76e7-column\">\n<div class=\"wp-block-stackable-column stk-block-column stk-column stk-block stk-ef63229\" data-v=\"4\" data-block-id=\"ef63229\"><div class=\"stk-column-wrapper stk-block-column__content stk-container stk-ef63229-container stk--no-background stk--no-padding\"><div class=\"has-text-align-left stk-block-content stk-inner-blocks stk-ef63229-inner-blocks\">\n<p class=\"has-medium-font-size\">Merci de participer \u00e0 la 51e convention nationale annuelle de UNF! Voici votre \u00ab\u00a0kit de convention virtuelle\u00a0\u00bb avec les informations dont vous aurez besoin ou qui vous seront utiles pour participer \u00e0 cette convention hors du commun ! <\/p>\n\n\n\n<p>Si vous avez des difficult\u00e9s \u00e0 vous joindre \u00e0 la r\u00e9union Zoom, veuillez contacter Joan Lange au bureau national 306-652-9465.<\/p>\n\n\n\n<h3 class=\"wp-block-heading\">Manuel de la Convention<\/h3>\n\n\n\n<p>Cliquez ici pour obtenir votre <a href=\"https:\/\/www.nfu.ca\/wp-content\/uploads\/2020\/11\/NFU-CONVENTION-HANDBOOK-2020.pdf\">manuel de la Convention<\/a> en anglais et en fran\u00e7ais. Il comprend<\/p>\n\n\n\n<ul class=\"wp-block-list\">\n<li>Welcome \/ Bienvenue<\/li>\n\n\n\n<li>Message du pr\u00e9sident national<\/li>\n\n\n\n<li>Message de la pr\u00e9sidente des femmes<\/li>\n\n\n\n<li>Message du pr\u00e9sident de la jeunesse<\/li>\n\n\n\n<li>Convention Agenda\/ Agenda de la convention<\/li>\n\n\n\n<li>Year in Review\/Ann\u00e9e pass\u00e9e en revue<\/li>\n\n\n\n<li>Guidelines for Positive Behaviour\/ Lignes directrices pour une conduite respectueuse<\/li>\n\n\n\n<li>Solidarity Forever\/ Solidarit\u00e9 mes fr\u00e8res et mes soeurs<\/li>\n<\/ul>\n\n\n\n<h3 class=\"wp-block-heading\">Autres informations sur la convention<\/h3>\n\n\n\n<ol class=\"wp-block-list\">\n<li><a href=\"https:\/\/www.nfu.ca\/wp-content\/uploads\/2020\/11\/NFU-2020-National-Convention-Agenda.pdf\">Programme d\u00e9taill\u00e9 de la convention<\/a><\/li>\n\n\n\n<li><a href=\"https:\/\/www.nfu.ca\/wp-content\/uploads\/2020\/11\/2020-11-26-2020-NFU-Steering-Committee-report-1.pdf\">Rapport du comit\u00e9 de pilotage<\/a> &#8211; r\u00e8gles de proc\u00e9dure propres \u00e0 notre convention<\/li>\n\n\n\n<li><a href=\"https:\/\/www.nfu.ca\/conf-session\/2020-reflections-from-farmers-across-canada\/\">Mercredi 25 novembre<\/a><\/li>\n\n\n\n<li><a href=\"https:\/\/www.nfu.ca\/conf-session\/vision-for-a-post-covid-food-system\/\">Jeudi 26 novembre<\/a><\/li>\n\n\n\n<li><a href=\"https:\/\/www.nfu.ca\/conf-session\/keynote-presentation-2020\/\">\u00c9v\u00e9nement principal<\/a> <strong>Une bonne guerre : mobiliser le Canada pour l&rsquo;urgence climatique<\/strong> avec le conf\u00e9rencier <a href=\"https:\/\/www.nfu.ca\/conf-speaker\/seth-klein\/\">Seth Klein<\/a><\/li>\n\n\n\n<li><a href=\"https:\/\/www.nfu.ca\/conf-session\/zooming-out-nfu-and-global-solidarity\/\">Vendredi 27 novembre<\/a><\/li>\n\n\n\n<li><a href=\"https:\/\/www.nfu.ca\/conf-session\/music-terry-morrison-sean-conway\/\">Musique :<\/a> <strong>Terry Morrison et Sean Conway<\/strong><\/li>\n\n\n\n<li><a href=\"https:\/\/www.nfu.ca\/conf-session\/from-vision-to-action\/\">Samedi 28 novembre<\/a><\/li>\n\n\n\n<li><a href=\"https:\/\/www.nfu.ca\/2020convention\/speakers\/\">Biographies des orateurs<\/a><\/li>\n\n\n\n<li><a rel=\"noopener\" target=\"_blank\" href=\"https:\/\/turning.ca\/?q=p.nfu_convention_\">Table de lecture virtuelle<\/a><\/li>\n\n\n\n<li><a href=\"https:\/\/www.nfu.ca\/wp-content\/uploads\/2020\/11\/IPC-Recommended-Webinar-List_NFUConvention2020.pdf\">Liste des webinaires recommand\u00e9s par l&rsquo;IPC<\/a><\/li>\n<\/ol>\n\n\n\n<h3 class=\"wp-block-heading\">R\u00e9solutions<\/h3>\n\n\n\n<p>Seuls les membres de UNF qui sont d\u00e9l\u00e9gu\u00e9s ont le droit de proposer, d&rsquo;appuyer et de voter des r\u00e9solutions pendant la convention, mais tout le monde est invit\u00e9 \u00e0 participer au d\u00e9bat et \u00e0 la discussion. Lorsque les r\u00e9solutions sont discut\u00e9es, chacune d&rsquo;entre elles, ainsi que les amendements \u00e9ventuels, s&rsquo;affichent sur l&rsquo;\u00e9cran de votre ordinateur. Cliquez ici pour obtenir un document imprimable des <a href=\"https:\/\/www.nfu.ca\/wp-content\/uploads\/2020\/11\/NFU-National-Convention-Resolutions-2020.pdf\">r\u00e9solutions de la Convention 2020<\/a> pr\u00e9par\u00e9es par le Comit\u00e9 des r\u00e9solutions.<\/p>\n\n\n\n<p>Le document sur les r\u00e9solutions comporte deux parties : les r\u00e9solutions qui ont \u00e9t\u00e9 adopt\u00e9es lors d&rsquo;un congr\u00e8s r\u00e9gional et les r\u00e9solutions qui ont \u00e9t\u00e9 soumises par des membres individuels par courrier \u00e9lectronique avant la date limite du 21 novembre. Les r\u00e9solutions soumises par les membres individuels doivent toutes \u00eatre \u00ab\u00a0renvoy\u00e9es\u00a0\u00bb par un vote des deux tiers des d\u00e9l\u00e9gu\u00e9s avant de pouvoir \u00eatre d\u00e9battues lors de la convention.  Les r\u00e9solutions ne seront pas n\u00e9cessairement d\u00e9battues dans l&rsquo;ordre num\u00e9rique &#8211; le comit\u00e9 des r\u00e9solutions d\u00e9cidera de l&rsquo;ordre pendant la convention.<\/p>\n\n\n\n<h3 class=\"wp-block-heading\">L&rsquo;\u00e9valuation<\/h3>\n\n\n\n<p>Veuillez remplir le formulaire <a rel=\"noopener\" target=\"_blank\" href=\"https:\/\/www.surveymonkey.com\/r\/NFU2020\">d&rsquo;\u00e9valuation de la convention<\/a> afin de nous faire part des commentaires dont nous avons besoin pour continuer \u00e0 am\u00e9liorer les conventions. Cette \u00e9valuation sera particuli\u00e8rement utile cette ann\u00e9e, avec le nouveau format en ligne. Si vous avez particip\u00e9 \u00e0 un ou plusieurs ateliers\/webinaires pr\u00e9-convention, veuillez \u00e9galement remplir l&rsquo;<a rel=\"noopener\" target=\"_blank\" href=\"https:\/\/www.surveymonkey.com\/r\/NFUwebinars2020\">\u00e9valuation du webinaire pr\u00e9-convention<\/a> pour chacun d&rsquo;entre eux,  <\/p>\n<\/div><\/div><\/div>\n<\/div><\/div>\n","protected":false},"excerpt":{"rendered":"<p>Voici votre \u00ab\u00a0kit de la convention virtuelle\u00a0\u00bb avec les informations dont vous aurez besoin ou qui vous seront utiles pour participer \u00e0 cette convention hors du commun !<\/p>\n","protected":false},"author":2,"featured_media":0,"parent":26318,"menu_order":0,"comment_status":"closed","ping_status":"closed","template":"tmpl-blocks-contained.php","meta":{"_acf_changed":false,"_tec_requires_first_save":true,"_EventAllDay":false,"_EventTimezone":"","_EventStartDate":"","_EventEndDate":"","_EventStartDateUTC":"","_EventEndDateUTC":"","_EventShowMap":false,"_EventShowMapLink":false,"_EventURL":"","_EventCost":"","_EventCostDescription":"","_EventCurrencySymbol":"","_EventCurrencyCode":"","_EventCurrencyPosition":"","_EventDateTimeSeparator":"","_EventTimeRangeSeparator":"","_EventOrganizerID":[],"_EventVenueID":[],"_OrganizerEmail":"","_OrganizerPhone":"","_OrganizerWebsite":"","_VenueAddress":"","_VenueCity":"","_VenueCountry":"","_VenueProvince":"","_VenueState":"","_VenueZip":"","_VenuePhone":"","_VenueURL":"","_VenueStateProvince":"","_VenueLat":"","_VenueLng":"","_VenueShowMap":false,"_VenueShowMapLink":false,"_tribe_blocks_recurrence_rules":"","_tribe_blocks_recurrence_description":"","_tribe_blocks_recurrence_exclusions":"","_ecp_custom_4":"","_ecp_custom_7":"","_ecp_custom_9":"","_ecp_custom_10":"","_ecp_custom_12":"","_ecp_custom_13":"","footnotes":""},"post_region":[],"post_campaign":[],"class_list":["post-31189","page","type-page","status-publish","hentry"],"acf":[],"_links":{"self":[{"href":"https:\/\/www.nfu.ca\/fr\/wp-json\/wp\/v2\/pages\/31189","targetHints":{"allow":["GET"]}}],"collection":[{"href":"https:\/\/www.nfu.ca\/fr\/wp-json\/wp\/v2\/pages"}],"about":[{"href":"https:\/\/www.nfu.ca\/fr\/wp-json\/wp\/v2\/types\/page"}],"author":[{"embeddable":true,"href":"https:\/\/www.nfu.ca\/fr\/wp-json\/wp\/v2\/users\/2"}],"replies":[{"embeddable":true,"href":"https:\/\/www.nfu.ca\/fr\/wp-json\/wp\/v2\/comments?post=31189"}],"version-history":[{"count":1,"href":"https:\/\/www.nfu.ca\/fr\/wp-json\/wp\/v2\/pages\/31189\/revisions"}],"predecessor-version":[{"id":31191,"href":"https:\/\/www.nfu.ca\/fr\/wp-json\/wp\/v2\/pages\/31189\/revisions\/31191"}],"up":[{"embeddable":true,"href":"https:\/\/www.nfu.ca\/fr\/wp-json\/wp\/v2\/pages\/26318"}],"wp:attachment":[{"href":"https:\/\/www.nfu.ca\/fr\/wp-json\/wp\/v2\/media?parent=31189"}],"wp:term":[{"taxonomy":"post_region","embeddable":true,"href":"https:\/\/www.nfu.ca\/fr\/wp-json\/wp\/v2\/post_region?post=31189"},{"taxonomy":"post_campaign","embeddable":true,"href":"https:\/\/www.nfu.ca\/fr\/wp-json\/wp\/v2\/post_campaign?post=31189"}],"curies":[{"name":"wp","href":"https:\/\/api.w.org\/{rel}","templated":true}]}}