
{"id":31183,"date":"2018-11-20T01:39:13","date_gmt":"2018-11-20T07:39:13","guid":{"rendered":"https:\/\/www.nfu.ca\/plan-du-site\/"},"modified":"2024-10-21T00:18:09","modified_gmt":"2024-10-21T06:18:09","slug":"plan-du-site","status":"publish","type":"page","link":"https:\/\/www.nfu.ca\/fr\/plan-du-site\/","title":{"rendered":"Plan du site"},"content":{"rendered":"\n<header class=\"wp-block-cover alignfull has-custom-content-position is-position-bottom-center banner-top\" style=\"min-height:250px;aspect-ratio:unset;\" id=\"banner-top\"><span aria-hidden=\"true\" class=\"wp-block-cover__background has-background-dim-100 has-background-dim\" style=\"background-color:#6d6d6d\"><\/span><div class=\"wp-block-cover__inner-container is-layout-flow wp-block-cover-is-layout-flow\">\n<p class=\"has-text-align-left has-large-font-size\"><\/p>\n<\/div><\/header>\n\n<div style=\"height:24px\" aria-hidden=\"true\" class=\"wp-block-spacer\"><\/div>\n\n<div class=\"wp-block-stackable-heading stk-block-heading stk-block-heading--v2 stk-block stk-15efddc\" id=\"sitemap\" data-block-id=\"15efddc\"><h1 class=\"stk-block-heading__text\">Plan du site<\/h1><\/div>\n\n<p>Notre plan du site \u00e9largi sera bient\u00f4t disponible.<\/p>\n\n<p>En attendant, voici les principales pages d&rsquo;atterrissage du site Union Nationale des Fermiers.<\/p>\n\n<div class=\"wp-block-columns is-layout-flex wp-container-core-columns-is-layout-9d6595d7 wp-block-columns-is-layout-flex\">\n<div class=\"wp-block-column is-layout-flow wp-block-column-is-layout-flow\">\n<h5 class=\"wp-block-heading\">\u00c0 propos de la UNF<\/h5>\n\n\n\n<ul class=\"wp-block-list\">\n<li><a href=\"https:\/\/www.nfu.ca\/fr\/a-propos\/\">\u00c0 propos de la UNF<\/a><\/li>\n\n\n\n<li><a href=\"https:\/\/www.nfu.ca\/fr\/a-propos\/conseil-dadministration\/\">Conseil d&rsquo;administration<\/a><\/li>\n\n\n\n<li><a href=\"https:\/\/www.nfu.ca\/fr\/a-propos\/unf-femmes\/\">Comit\u00e9 consultatif des femmes<\/a><\/li>\n\n\n\n<li><a href=\"https:\/\/www.nfu.ca\/fr\/a-propos\/unf-jeunesse\/\">Comit\u00e9 consultatif de la jeunesse<\/a><\/li>\n\n\n\n<li><a href=\"https:\/\/www.nfu.ca\/fr\/a-propos\/comite-des-programmes-internationaux\/\">Comit\u00e9 des Programmes Internationaux<\/a><\/li>\n\n\n\n<li><a href=\"https:\/\/www.nfu.ca\/fr\/a-propos\/fondation-nationale-des-fermiers\/\">Fondation nationale des fermi\u00e8res<\/a><\/li>\n\n\n\n<li><a href=\"https:\/\/www.nfu.ca\/fr\/a-propos\/unf-constitution-et-statuts\/\">UNF Constitution et r\u00e8glement int\u00e9rieur<\/a><\/li>\n\n\n\n<li><a href=\"https:\/\/www.nfu.ca\/fr\/a-propos\/contactez\/\">Contactez nous<\/a><\/li>\n<\/ul>\n\n\n\n<h5 class=\"wp-block-heading\">R\u00e9gions<\/h5>\n\n\n\n<ul class=\"wp-block-list\">\n<li><a href=\"https:\/\/www.nfu.ca\/fr\/regions\/region-1\/\">R\u00e9gion 1 (R\u00e9gion Atlantique)<\/a>\n<ul class=\"wp-block-list\">\n<li><a href=\"https:\/\/www.nfu.ca\/fr\/regions\/region-1\/region-1-atlantique-district-1-i-dot-p-dot-e-dot\/\">District 1 (\u00cele-du-Prince-\u00c9douard)<\/a><\/li>\n\n\n\n<li><a href=\"https:\/\/www.nfu.ca\/fr\/regions\/region-1\/nouveau-brunswick\/\">District 2 (Nouveau-Brunswick)<\/a><\/li>\n<\/ul>\n<\/li>\n\n\n\n<li><a href=\"https:\/\/www.nfu.ca\/fr\/regions\/region-2-quebec\/\">R\u00e9gion 2 (Qu\u00e9bec)<\/a><\/li>\n\n\n\n<li><a href=\"https:\/\/www.nfu.ca\/fr\/regions\/region-3-ontario\/\">R\u00e9gion 3 (Ontario)<\/a><\/li>\n\n\n\n<li><a href=\"https:\/\/www.nfu.ca\/fr\/regions\/region-5-manitoba\/\">R\u00e9gion 5 (Manitoba)<\/a><\/li>\n\n\n\n<li><a href=\"https:\/\/www.nfu.ca\/fr\/regions\/region-6-saskatchewan\/\">R\u00e9gion 6 (Saskatchewan)<\/a><\/li>\n\n\n\n<li><a href=\"https:\/\/www.nfu.ca\/fr\/regions\/region-7-alberta\/\">R\u00e9gion 7 (Alberta)<\/a><\/li>\n\n\n\n<li><a href=\"\/regions\/region-8-british-columbia\/\">R\u00e9gion 8 (Colombie-Britannique et Yukon)<\/a><\/li>\n<\/ul>\n\n\n\n<h5 class=\"wp-block-heading\">Les m\u00e9dias<\/h5>\n\n\n\n<ul class=\"wp-block-list\">\n<li><a href=\"https:\/\/www.nfu.ca\/fr\/categorie\/communique-de-presse\/\">Communiqu\u00e9s de presse<\/a><\/li>\n\n\n\n<li><a href=\"https:\/\/www.nfu.ca\/fr\/categorie\/opinion-fr\/\">Opinions<\/a><\/li>\n\n\n\n<li><a href=\"\/category\/letters\">Lettres<\/a><\/li>\n\n\n\n<li><a href=\"https:\/\/www.nfu.ca\/fr\/categorie\/nouvelles\/\">Nouvelles<\/a><\/li>\n\n\n\n<li><a href=\"https:\/\/www.nfu.ca\/fr\/souscrire\/\">S&rsquo;abonner aux mises \u00e0 jour<\/a><\/li>\n<\/ul>\n\n\n\n<h5 class=\"wp-block-heading\">Politique<\/h5>\n\n\n\n<ul class=\"wp-block-list\">\n<li><a href=\"https:\/\/www.nfu.ca\/fr\/questions-politiques\/\">Vue d&rsquo;ensemble<\/a><\/li>\n\n\n\n<li><a href=\"https:\/\/www.nfu.ca\/fr\/typepolitique\/bref-unf\/\">Dossiers politiques<\/a><\/li>\n\n\n\n<li><a href=\"https:\/\/www.nfu.ca\/fr\/typepolitique\/declarations-de-politique-unf\/\">D\u00e9clarations de politique g\u00e9n\u00e9rale<\/a><\/li>\n<\/ul>\n\n\n\n<h5 class=\"wp-block-heading\">Publications<\/h5>\n\n\n\n<ul class=\"wp-block-list\">\n<li><a href=\"https:\/\/www.nfu.ca\/fr\/unf-publications\/\">Vue d&rsquo;ensemble<\/a><\/li>\n\n\n\n<li><a href=\"https:\/\/www.nfu.ca\/fr\/typepublication\/bulletin-politique-unf\/\">Bulletin Politique de l&rsquo;UNF<\/a><\/li>\n\n\n\n<li><a href=\"\/?pubtypes=union-farmer-quarterly\">Union Fermier Trimestrial<\/a><\/li>\n\n\n\n<li><a href=\"https:\/\/www.nfu.ca\/fr\/unf-publications\/le-prix-paul-beingessner-pour-lexcellence-dans-lecriture\/\">Prix Paul Beingessner<\/a><\/li>\n\n\n\n<li><a href=\"https:\/\/www.nfu.ca\/fr\/typepublication\/autres-publications\/\">Autres publications<\/a><\/li>\n<\/ul>\n\n\n\n<h5 class=\"wp-block-heading\">Campagnes<\/h5>\n\n\n\n<ul class=\"wp-block-list\">\n<li><a href=\"\/campaigns\/\">Vue d&rsquo;ensemble<\/a><\/li>\n\n\n\n<li><a href=\"\/campaigns\/agroecology\/\">Agro\u00e9cologie<\/a><\/li>\n\n\n\n<li><a href=\"\/campaigns\/climate-change\/\">Changement climatique<\/a><\/li>\n\n\n\n<li><a href=\"\/campaigns\/farmland-ownership\/\">Propri\u00e9t\u00e9 des terres agricoles<\/a><\/li>\n\n\n\n<li><a href=\"\/campaigns\/food-sovereignty\/\">Souverainet\u00e9 alimentaire<\/a><\/li>\n\n\n\n<li><a href=\"\/campaigns\/grain-marketing-and-transportation\/\">Commercialisation et transport des c\u00e9r\u00e9ales<\/a><\/li>\n\n\n\n<li><a href=\"\/campaigns\/protecting-the-commons\/\">Prot\u00e9ger les biens communs<\/a><\/li>\n\n\n\n<li><a href=\"\/campaigns\/save-our-seed\/\">Sauvez nos semences<\/a><\/li>\n\n\n\n<li><a href=\"\/campaigns\/stop-genetically-modified-alfalfa\/\">Stop \u00e0 la luzerne g\u00e9n\u00e9tiquement modifi\u00e9e<\/a><\/li>\n\n\n\n<li><a href=\"\/campaigns\/supply-management\/\">Gestion de l&rsquo;offre<\/a><\/li>\n\n\n\n<li><a href=\"\/campaigns\/trade\/\">Commerce<\/a><\/li>\n<\/ul>\n<\/div>\n\n\n\n<div class=\"wp-block-column is-layout-flow wp-block-column-is-layout-flow\">\n<p><\/p><h5>Events<\/h5><ul><li><a href=\"\/convention2018\">Convention 2018<\/a><\/li><li><a href=\"\/events\/\">Upcoming Events<\/a><\/li><li><a href=\"\/events\/list\/?tribe_event_display=past&amp;tribe_paged=1\">Past Events<\/a><\/li><li><a href=\"\/conventionarchive\/\">Convention Archive<\/a><\/li><\/ul><h5>Help<\/h5><ul><li><a href=\"\/help\/\">Farm Emergency Resources and Support<\/a><\/li><\/ul><h5>Get Involved<\/h5><ul><li><a href=\"\/join\/\">Join the NFU<\/a><ul><li><a href=\"\/join\/family-membership\/\">Farm Family Membership<\/a><\/li><li><a href=\"\/join\/associate-membership\/\">Associate Membership<\/a><\/li><li><a href=\"\/join\/youth-membership\/\">Youth Membership<\/a><\/li><li><a href=\"\/join\/offline-options\/\">Join Offline<\/a><\/li><\/ul><\/li><li><a href=\"\/join\/donate\/\">Donate (one-time)<\/a><\/li><li><a href=\"\/join\/recurring-donation\/\">Donate (set up a recurring donation)<\/a><\/li><li><a href=\"\/join\/member-benefits\/\">Member Benefits<\/a><\/li><li><a href=\"\/join\/member-benefits\/nfu-insurance-plan\/\">Member Insurance Plan<\/a><\/li><\/ul><p>\u00a0<\/p><p>\u00a0<\/p>\n<\/div>\n<\/div>\n","protected":false},"excerpt":{"rendered":"<p>Notre plan du site \u00e9largi sera bient\u00f4t disponible. En attendant, voici les principales pages d&rsquo;atterrissage de notre site web. <\/p>\n","protected":false},"author":2,"featured_media":0,"parent":0,"menu_order":0,"comment_status":"closed","ping_status":"closed","template":"tmpl-blocks-contained.php","meta":{"_acf_changed":false,"_tec_requires_first_save":true,"_EventAllDay":false,"_EventTimezone":"","_EventStartDate":"","_EventEndDate":"","_EventStartDateUTC":"","_EventEndDateUTC":"","_EventShowMap":false,"_EventShowMapLink":false,"_EventURL":"","_EventCost":"","_EventCostDescription":"","_EventCurrencySymbol":"","_EventCurrencyCode":"","_EventCurrencyPosition":"","_EventDateTimeSeparator":"","_EventTimeRangeSeparator":"","_EventOrganizerID":[],"_EventVenueID":[],"_OrganizerEmail":"","_OrganizerPhone":"","_OrganizerWebsite":"","_VenueAddress":"","_VenueCity":"","_VenueCountry":"","_VenueProvince":"","_VenueState":"","_VenueZip":"","_VenuePhone":"","_VenueURL":"","_VenueStateProvince":"","_VenueLat":"","_VenueLng":"","_VenueShowMap":false,"_VenueShowMapLink":false,"_tribe_blocks_recurrence_rules":"","_tribe_blocks_recurrence_description":"","_tribe_blocks_recurrence_exclusions":"","_ecp_custom_4":"","_ecp_custom_7":"","_ecp_custom_9":"","_ecp_custom_10":"","_ecp_custom_12":"","_ecp_custom_13":"","footnotes":""},"post_region":[],"post_campaign":[],"class_list":["post-31183","page","type-page","status-publish","hentry"],"acf":[],"_links":{"self":[{"href":"https:\/\/www.nfu.ca\/fr\/wp-json\/wp\/v2\/pages\/31183","targetHints":{"allow":["GET"]}}],"collection":[{"href":"https:\/\/www.nfu.ca\/fr\/wp-json\/wp\/v2\/pages"}],"about":[{"href":"https:\/\/www.nfu.ca\/fr\/wp-json\/wp\/v2\/types\/page"}],"author":[{"embeddable":true,"href":"https:\/\/www.nfu.ca\/fr\/wp-json\/wp\/v2\/users\/2"}],"replies":[{"embeddable":true,"href":"https:\/\/www.nfu.ca\/fr\/wp-json\/wp\/v2\/comments?post=31183"}],"version-history":[{"count":1,"href":"https:\/\/www.nfu.ca\/fr\/wp-json\/wp\/v2\/pages\/31183\/revisions"}],"predecessor-version":[{"id":31186,"href":"https:\/\/www.nfu.ca\/fr\/wp-json\/wp\/v2\/pages\/31183\/revisions\/31186"}],"wp:attachment":[{"href":"https:\/\/www.nfu.ca\/fr\/wp-json\/wp\/v2\/media?parent=31183"}],"wp:term":[{"taxonomy":"post_region","embeddable":true,"href":"https:\/\/www.nfu.ca\/fr\/wp-json\/wp\/v2\/post_region?post=31183"},{"taxonomy":"post_campaign","embeddable":true,"href":"https:\/\/www.nfu.ca\/fr\/wp-json\/wp\/v2\/post_campaign?post=31183"}],"curies":[{"name":"wp","href":"https:\/\/api.w.org\/{rel}","templated":true}]}}