
{"id":31104,"date":"2024-10-17T01:02:21","date_gmt":"2024-10-17T07:02:21","guid":{"rendered":"https:\/\/www.nfu.ca\/lentretien\/"},"modified":"2024-10-21T00:15:51","modified_gmt":"2024-10-21T06:15:51","slug":"lentretien","status":"publish","type":"page","link":"https:\/\/www.nfu.ca\/fr\/lentretien\/","title":{"rendered":"Maintenance"},"content":{"rendered":"\n<div style=\"height:200px\" aria-hidden=\"true\" class=\"wp-block-spacer\"><\/div>\n\n<div class=\"wp-block-media-text is-stacked-on-mobile\" style=\"grid-template-columns:15% auto\"><figure class=\"wp-block-media-text__media\"><img loading=\"lazy\" decoding=\"async\" width=\"150\" height=\"193\" src=\"https:\/\/www.nfu.ca\/wp-content\/uploads\/2017\/10\/nfu-logo-2017-depuis-gris.png\" alt=\"UNF-logo-2017-depuis-gris\" class=\"wp-image-1008 size-full\"\/><\/figure><div class=\"wp-block-media-text__content\">\n<p>Le site web UNF fait l&rsquo;objet d&rsquo;une maintenance programm\u00e9e. Nous serons de retour en d\u00e9but de matin\u00e9e. <\/p>\n\n\n\n<p>Le site web de l&rsquo;UNF fait l&rsquo;objet d&rsquo;une maintenance programm\u00e9e. Nous serons de retour en d\u00e9but de matin\u00e9e. <\/p>\n\n\n\n<p><a href=\"mailto:nfu@nfu.ca\">nfu@nfu.ca<\/a><\/p>\n<\/div><\/div>\n\n<div style=\"height:100px\" aria-hidden=\"true\" class=\"wp-block-spacer\"><\/div>\n","protected":false},"excerpt":{"rendered":"<p>Le site web UNF fait l&rsquo;objet d&rsquo;une maintenance programm\u00e9e. Nous serons de retour en d\u00e9but de matin\u00e9e. Le site web de l&rsquo;UNF fait l&rsquo;objet d&rsquo;une maintenance programm\u00e9e. Nous serons de<\/p>\n","protected":false},"author":3,"featured_media":0,"parent":0,"menu_order":0,"comment_status":"closed","ping_status":"closed","template":"","meta":{"_acf_changed":false,"_tec_requires_first_save":true,"_EventAllDay":false,"_EventTimezone":"","_EventStartDate":"","_EventEndDate":"","_EventStartDateUTC":"","_EventEndDateUTC":"","_EventShowMap":false,"_EventShowMapLink":false,"_EventURL":"","_EventCost":"","_EventCostDescription":"","_EventCurrencySymbol":"","_EventCurrencyCode":"","_EventCurrencyPosition":"","_EventDateTimeSeparator":"","_EventTimeRangeSeparator":"","_EventOrganizerID":[],"_EventVenueID":[],"_OrganizerEmail":"","_OrganizerPhone":"","_OrganizerWebsite":"","_VenueAddress":"","_VenueCity":"","_VenueCountry":"","_VenueProvince":"","_VenueState":"","_VenueZip":"","_VenuePhone":"","_VenueURL":"","_VenueStateProvince":"","_VenueLat":"","_VenueLng":"","_VenueShowMap":false,"_VenueShowMapLink":false,"_tribe_blocks_recurrence_rules":"","_tribe_blocks_recurrence_description":"","_tribe_blocks_recurrence_exclusions":"","_ecp_custom_4":"","_ecp_custom_7":"","_ecp_custom_9":"","_ecp_custom_10":"","_ecp_custom_12":"","_ecp_custom_13":"","footnotes":""},"post_region":[],"post_campaign":[],"class_list":["post-31104","page","type-page","status-publish","hentry"],"acf":[],"_links":{"self":[{"href":"https:\/\/www.nfu.ca\/fr\/wp-json\/wp\/v2\/pages\/31104","targetHints":{"allow":["GET"]}}],"collection":[{"href":"https:\/\/www.nfu.ca\/fr\/wp-json\/wp\/v2\/pages"}],"about":[{"href":"https:\/\/www.nfu.ca\/fr\/wp-json\/wp\/v2\/types\/page"}],"author":[{"embeddable":true,"href":"https:\/\/www.nfu.ca\/fr\/wp-json\/wp\/v2\/users\/3"}],"replies":[{"embeddable":true,"href":"https:\/\/www.nfu.ca\/fr\/wp-json\/wp\/v2\/comments?post=31104"}],"version-history":[{"count":1,"href":"https:\/\/www.nfu.ca\/fr\/wp-json\/wp\/v2\/pages\/31104\/revisions"}],"predecessor-version":[{"id":31105,"href":"https:\/\/www.nfu.ca\/fr\/wp-json\/wp\/v2\/pages\/31104\/revisions\/31105"}],"wp:attachment":[{"href":"https:\/\/www.nfu.ca\/fr\/wp-json\/wp\/v2\/media?parent=31104"}],"wp:term":[{"taxonomy":"post_region","embeddable":true,"href":"https:\/\/www.nfu.ca\/fr\/wp-json\/wp\/v2\/post_region?post=31104"},{"taxonomy":"post_campaign","embeddable":true,"href":"https:\/\/www.nfu.ca\/fr\/wp-json\/wp\/v2\/post_campaign?post=31104"}],"curies":[{"name":"wp","href":"https:\/\/api.w.org\/{rel}","templated":true}]}}