
{"id":26446,"date":"2009-11-30T23:48:30","date_gmt":"2009-12-01T05:48:30","guid":{"rendered":"https:\/\/www.nfu.ca\/archives-de-la-convention\/40eme-convention-2009\/"},"modified":"2024-07-11T14:10:10","modified_gmt":"2024-07-11T20:10:10","slug":"40eme-convention-2009","status":"publish","type":"page","link":"https:\/\/www.nfu.ca\/fr\/archives-de-la-convention\/40eme-convention-2009\/","title":{"rendered":"40\u00e8me Convention (2009)"},"content":{"rendered":"\n<header class=\"wp-block-cover alignfull is-light has-custom-content-position is-position-bottom-center banner-top\" id=\"banner-top\"><span aria-hidden=\"true\" class=\"wp-block-cover__background has-background-dim has-background-gradient\" style=\"background-color:#d1d2d5;background:linear-gradient(180deg,rgba(0,0,0,0.97) 0%,rgba(0,0,0,0.05) 69%)\"><\/span><img loading=\"lazy\" decoding=\"async\" width=\"1800\" height=\"2336\" src=\"https:\/\/www.nfu.ca\/wp-content\/uploads\/2018\/08\/handbook-cover-2009.jpg\" class=\"wp-block-cover__image-background wp-post-image\" alt=\"\" data-object-fit=\"cover\" srcset=\"https:\/\/www.nfu.ca\/wp-content\/uploads\/2018\/08\/handbook-cover-2009.jpg 1800w, https:\/\/www.nfu.ca\/wp-content\/uploads\/2018\/08\/handbook-cover-2009-231x300.jpg 231w, https:\/\/www.nfu.ca\/wp-content\/uploads\/2018\/08\/handbook-cover-2009-768x997.jpg 768w, https:\/\/www.nfu.ca\/wp-content\/uploads\/2018\/08\/handbook-cover-2009-789x1024.jpg 789w, https:\/\/www.nfu.ca\/wp-content\/uploads\/2018\/08\/handbook-cover-2009-1600x2076.jpg 1600w\" sizes=\"auto, (max-width: 1800px) 100vw, 1800px\" \/><div class=\"wp-block-cover__inner-container is-layout-flow wp-block-cover-is-layout-flow\">\n<p class=\"has-text-align-left has-large-font-size\"><\/p>\n<\/div><\/header>\n<ol class=\"breadcrumb\"><li><a href=\"https:\/\/www.nfu.ca\/fr\/\">National Farmers Union<\/a><\/li><\/ol>\n\n<div class=\"wp-block-stackable-heading stk-block-heading stk-block-heading--v2 stk-block stk-35b1992\" id=\"40th-convention-2009\" data-block-id=\"35b1992\"><h1 class=\"stk-block-heading__text\">40\u00e8me Convention (2009)<\/h1><\/div>\n\n<div class=\"wp-block-stackable-columns stk-block-columns stk-block stk-54b76e7 content-upper\" id=\"content-upper\" data-block-id=\"54b76e7\"><div class=\"stk-row stk-inner-blocks has-text-align-left stk-block-content stk-content-align stk-54b76e7-column\">\n<div class=\"wp-block-stackable-column stk-block-column stk-column stk-block stk-ef63229\" data-v=\"4\" data-block-id=\"ef63229\"><div class=\"stk-column-wrapper stk-block-column__content stk-container stk-ef63229-container stk--no-background stk--no-padding\"><div class=\"has-text-align-left stk-block-content stk-inner-blocks stk-ef63229-inner-blocks\">\n<p class=\"has-medium-font-size\">Le 40e congr\u00e8s annuel de l&rsquo;UNF s&rsquo;est d\u00e9roul\u00e9 du 26 au 28 novembre 2009 \u00e0 Ottawa (Ontario).<\/p>\n\n\n\n<p>Lors de cette convention, les fermiers et leurs alli\u00e9s se sont r\u00e9unis pour exposer les menaces qui p\u00e8sent sur les moyens de subsistance des agriculteurs et sur la durabilit\u00e9 de l&rsquo;agriculture au Canada et dans le monde. Nous avons discut\u00e9 du r\u00f4le des fermi\u00e8res dans le syst\u00e8me alimentaire mondial et des alternatives \u00e0 la marchandisation n\u00e9olib\u00e9rale du syst\u00e8me alimentaire, et de la mani\u00e8re dont les fermi\u00e8res peuvent ouvrir la voie \u00e0 ces alternatives.<\/p>\n\n\n\n<p>Pat Mooney : <a href=\"https:\/\/www.nfu.ca\/wp-content\/uploads\/2018\/05\/NFU2009-40th-farmers-hold-the-key-to-survival-in-uncertain-times.pdf\">Les fermi\u00e8res d\u00e9tiennent la cl\u00e9 de la survie en ces temps incertains<\/a><\/p>\n\n\n\n<p>Terry Boehm : <a href=\"https:\/\/www.nfu.ca\/wp-content\/uploads\/2018\/05\/NFU2009-farmers-strength-lies-in-organization-says-NFU-President.pdf\">la force des fermi\u00e8res r\u00e9side dans l&rsquo;organisation<\/a><\/p>\n\n\n\n<p>Walden Bello : <a href=\"https:\/\/www.nfu.ca\/wp-content\/uploads\/2018\/05\/NFU2009-Walden-Bello-speech-to-convention-transcript.pdf\">Des alternatives d\u00e9mocratiques au mondialisme des entreprises<\/a><\/p>\n\n\n\n<p>Larry Hill : <a href=\"https:\/\/www.nfu.ca\/wp-content\/uploads\/2018\/05\/NFU2009-Larry-Hill-speech-transcription.pdf\">L&rsquo;accord de l&rsquo;OMC dans sa forme actuelle nuira financi\u00e8rement aux fermi\u00e8res<\/a><\/p>\n\n\n\n<p>Jean Leahy : <a href=\"https:\/\/www.nfu.ca\/wp-content\/uploads\/2018\/05\/NFU2009-NFU-women-led-the-push-for-progressive-social-legislation.pdf\">les femmes de l&rsquo;UNF ont jou\u00e9 un r\u00f4le moteur dans l&rsquo;adoption d&rsquo;une l\u00e9gislation sociale progressiste<\/a><\/p>\n\n\n\n<p>Evelyn Potter, pr\u00e9sidente fondatrice des femmes de l&rsquo;UNF : <a href=\"https:\/\/www.nfu.ca\/wp-content\/uploads\/2018\/05\/NFU2009-40th-National-Convention-address-by-Evelyn-Potter.pdf\">Les femmes font partie int\u00e9grante de l&rsquo;UNF<\/a><\/p>\n\n\n\n<p>Stewart Wells : <a href=\"https:\/\/www.nfu.ca\/wp-content\/uploads\/2018\/05\/NFU2009-cooperative-ethic-builds-better-society-says-outgoing-NFU-President.pdf\">L&rsquo;\u00e9thique coop\u00e9rative construit une soci\u00e9t\u00e9 meilleure<\/a><\/p>\n<\/div><\/div><\/div>\n<\/div><\/div>\n","protected":false},"excerpt":{"rendered":"<p>Lors de cette convention, les fermiers et leurs alli\u00e9s se sont r\u00e9unis pour exposer les menaces qui p\u00e8sent sur les moyens de subsistance des agriculteurs et sur la durabilit\u00e9 de l&rsquo;agriculture au Canada et dans le monde. Nous avons discut\u00e9 du r\u00f4le des fermi\u00e8res dans le syst\u00e8me alimentaire mondial et des alternatives \u00e0 la marchandisation n\u00e9olib\u00e9rale du syst\u00e8me alimentaire, et de la mani\u00e8re dont les fermi\u00e8res peuvent ouvrir la voie \u00e0 ces alternatives.<\/p>\n","protected":false},"author":2,"featured_media":24012,"parent":26121,"menu_order":2,"comment_status":"closed","ping_status":"closed","template":"tmpl-blocks-contained.php","meta":{"_acf_changed":false,"_tec_requires_first_save":true,"_EventAllDay":false,"_EventTimezone":"","_EventStartDate":"","_EventEndDate":"","_EventStartDateUTC":"","_EventEndDateUTC":"","_EventShowMap":false,"_EventShowMapLink":false,"_EventURL":"","_EventCost":"","_EventCostDescription":"","_EventCurrencySymbol":"","_EventCurrencyCode":"","_EventCurrencyPosition":"","_EventDateTimeSeparator":"","_EventTimeRangeSeparator":"","_EventOrganizerID":[],"_EventVenueID":[],"_OrganizerEmail":"","_OrganizerPhone":"","_OrganizerWebsite":"","_VenueAddress":"","_VenueCity":"","_VenueCountry":"","_VenueProvince":"","_VenueState":"","_VenueZip":"","_VenuePhone":"","_VenueURL":"","_VenueStateProvince":"","_VenueLat":"","_VenueLng":"","_VenueShowMap":false,"_VenueShowMapLink":false,"_tribe_blocks_recurrence_rules":"","_tribe_blocks_recurrence_description":"","_tribe_blocks_recurrence_exclusions":"","_ecp_custom_4":"","_ecp_custom_7":"","_ecp_custom_9":"","_ecp_custom_10":"","_ecp_custom_12":"","_ecp_custom_13":"","footnotes":""},"post_region":[],"post_campaign":[],"class_list":["post-26446","page","type-page","status-publish","has-post-thumbnail","hentry","page_categories-convention-page-fr"],"acf":[],"_links":{"self":[{"href":"https:\/\/www.nfu.ca\/fr\/wp-json\/wp\/v2\/pages\/26446","targetHints":{"allow":["GET"]}}],"collection":[{"href":"https:\/\/www.nfu.ca\/fr\/wp-json\/wp\/v2\/pages"}],"about":[{"href":"https:\/\/www.nfu.ca\/fr\/wp-json\/wp\/v2\/types\/page"}],"author":[{"embeddable":true,"href":"https:\/\/www.nfu.ca\/fr\/wp-json\/wp\/v2\/users\/2"}],"replies":[{"embeddable":true,"href":"https:\/\/www.nfu.ca\/fr\/wp-json\/wp\/v2\/comments?post=26446"}],"version-history":[{"count":0,"href":"https:\/\/www.nfu.ca\/fr\/wp-json\/wp\/v2\/pages\/26446\/revisions"}],"up":[{"embeddable":true,"href":"https:\/\/www.nfu.ca\/fr\/wp-json\/wp\/v2\/pages\/26121"}],"wp:featuredmedia":[{"embeddable":true,"href":"https:\/\/www.nfu.ca\/fr\/wp-json\/wp\/v2\/media\/24012"}],"wp:attachment":[{"href":"https:\/\/www.nfu.ca\/fr\/wp-json\/wp\/v2\/media?parent=26446"}],"wp:term":[{"taxonomy":"post_region","embeddable":true,"href":"https:\/\/www.nfu.ca\/fr\/wp-json\/wp\/v2\/post_region?post=26446"},{"taxonomy":"post_campaign","embeddable":true,"href":"https:\/\/www.nfu.ca\/fr\/wp-json\/wp\/v2\/post_campaign?post=26446"}],"curies":[{"name":"wp","href":"https:\/\/api.w.org\/{rel}","templated":true}]}}