
{"id":26444,"date":"2008-07-30T23:41:55","date_gmt":"2008-07-31T05:41:55","guid":{"rendered":"https:\/\/www.nfu.ca\/archives-de-la-convention\/39eme-convention-2008\/"},"modified":"2024-07-11T14:10:10","modified_gmt":"2024-07-11T20:10:10","slug":"39eme-convention-2008","status":"publish","type":"page","link":"https:\/\/www.nfu.ca\/fr\/archives-de-la-convention\/39eme-convention-2008\/","title":{"rendered":"39\u00e8me Convention (2008)"},"content":{"rendered":"\n<header class=\"wp-block-cover alignfull is-light has-custom-content-position is-position-bottom-center banner-top\" id=\"banner-top\"><span aria-hidden=\"true\" class=\"wp-block-cover__background has-background-dim has-background-gradient\" style=\"background-color:#a2aba5;background:linear-gradient(180deg,rgba(0,0,0,0.97) 0%,rgba(0,0,0,0.05) 69%)\"><\/span><img loading=\"lazy\" decoding=\"async\" width=\"1800\" height=\"2329\" src=\"https:\/\/www.nfu.ca\/wp-content\/uploads\/2018\/08\/2008-convention-handbook-cover.jpg\" class=\"wp-block-cover__image-background wp-post-image\" alt=\"\" data-object-fit=\"cover\" srcset=\"https:\/\/www.nfu.ca\/wp-content\/uploads\/2018\/08\/2008-convention-handbook-cover.jpg 1800w, https:\/\/www.nfu.ca\/wp-content\/uploads\/2018\/08\/2008-convention-handbook-cover-232x300.jpg 232w, https:\/\/www.nfu.ca\/wp-content\/uploads\/2018\/08\/2008-convention-handbook-cover-768x994.jpg 768w, https:\/\/www.nfu.ca\/wp-content\/uploads\/2018\/08\/2008-convention-handbook-cover-791x1024.jpg 791w, https:\/\/www.nfu.ca\/wp-content\/uploads\/2018\/08\/2008-convention-handbook-cover-1600x2071.jpg 1600w\" sizes=\"auto, (max-width: 1800px) 100vw, 1800px\" \/><div class=\"wp-block-cover__inner-container is-layout-flow wp-block-cover-is-layout-flow\">\n<p class=\"has-text-align-left has-large-font-size\"><\/p>\n<\/div><\/header>\n<ol class=\"breadcrumb\"><li><a href=\"https:\/\/www.nfu.ca\/fr\/\">National Farmers Union<\/a><\/li><\/ol>\n\n<div class=\"wp-block-stackable-heading stk-block-heading stk-block-heading--v2 stk-block stk-35b1992\" id=\"39th-convention-2008\" data-block-id=\"35b1992\"><h1 class=\"stk-block-heading__text\">39\u00e8me Convention (2008)<\/h1><\/div>\n\n<div class=\"wp-block-stackable-columns stk-block-columns stk-block stk-54b76e7 content-upper\" id=\"content-upper\" data-block-id=\"54b76e7\"><div class=\"stk-row stk-inner-blocks has-text-align-left stk-block-content stk-content-align stk-54b76e7-column\">\n<div class=\"wp-block-stackable-column stk-block-column stk-column stk-block stk-ef63229\" data-v=\"4\" data-block-id=\"ef63229\"><div class=\"stk-column-wrapper stk-block-column__content stk-container stk-ef63229-container stk--no-background stk--no-padding\"><div class=\"has-text-align-left stk-block-content stk-inner-blocks stk-ef63229-inner-blocks\">\n<p>La 39e convention s&rsquo;est d\u00e9roul\u00e9e du 20 au 22 novembre 2008 \u00e0 Saskatoon (SK). Vous pouvez <a href=\"https:\/\/www.nfu.ca\/wp-content\/uploads\/2018\/05\/39th-convention-audio-order-form.pdf\">commander<\/a> l&rsquo;audio de ces pr\u00e9sentations sur CD.<\/p>\n\n\n\n<p>Pr\u00e9sentations audio des orateurs principaux lors de la 39e convention annuelle de l&rsquo;UNF :<\/p>\n\n\n\n<ul class=\"wp-block-list\">\n<li><strong>Raj Patel&#8211;Stuffed<\/strong> and Starved : Les march\u00e9s, le pouvoir et la bataille cach\u00e9e pour le syst\u00e8me alimentaire mondial<\/li>\n\n\n\n<li><strong>Judy Rebick &#8211; Reconstruire<\/strong> le syst\u00e8me alimentaire pour l&rsquo;avenir<\/li>\n\n\n\n<li><strong>Darrin Qualman &#8211;<\/strong>Directeur de la recherche \u00e0 <strong>l&rsquo;UNF<\/strong>&#8211; Construire des solutions \u00e0 la crise de l&rsquo;\u00e9levage<\/li>\n\n\n\n<li><strong>Terry Boehm<\/strong>, vice-pr\u00e9sident de l&rsquo;UNF &#8211; Un nouveau f\u00e9odalisme ? Semences, c\u00e9r\u00e9ales et responsabilit\u00e9 des fermi\u00e8res<\/li>\n\n\n\n<li><strong>Larry Hill<\/strong>, pr\u00e9sident de la Commission canadienne du bl\u00e9 &#8211; Renforcer le pouvoir de march\u00e9 des fermiers<\/li>\n\n\n\n<li><strong>Jacques Laforge<\/strong>, Pr\u00e9sident, Producteurs laitiers du Canada&#8211;La gestion de l&rsquo;offre : Un syst\u00e8me qui fonctionne pour tous<\/li>\n\n\n\n<li><strong>Paul Nicholson &#8211; Les fermiers<\/strong>et la crise alimentaire mondiale<\/li>\n\n\n\n<li><strong>Rachel Bezner Kerr<\/strong>, Universit\u00e9 de Western Ontario &#8211; Sols, alimentation et communaut\u00e9s saines dans le nord du Malawi<\/li>\n\n\n\n<li><strong>Peter Dowling, Kim Perry<\/strong> et <strong>Susan Fitzpatrick &#8211; Restaurer les<\/strong>exploitations agricoles durables pour un syst\u00e8me alimentaire local durable<\/li>\n\n\n\n<li><strong>Jim Smolik<\/strong>, commissaire en chef adjoint, Commission canadienne des grains &#8211; Modifications de la loi sur les grains du Canada<\/li>\n<\/ul>\n<\/div><\/div><\/div>\n<\/div><\/div>\n","protected":false},"excerpt":{"rendered":"<p>La 39e convention de la Nationale des Fermiers a accueilli un certain nombre d&rsquo;orateurs qui ont formul\u00e9 des critiques perspicaces sur le syst\u00e8me alimentaire, ouvrant la voie \u00e0 des solutions alternatives. Raj Patel, auteur de &lt;emStuffed and Starved : Markets, Power and the Hidden Battle for the World&rsquo;s Food System (Les march\u00e9s, le pouvoir et la bataille cach\u00e9e pour le syst\u00e8me alimentaire mondial&lt;\/em ) a \u00e9t\u00e9 notre conf\u00e9rencier principal, ainsi que Judy Rebick, qui a parl\u00e9 de la reconstruction du syst\u00e8me alimentaire pour l&rsquo;avenir.<\/p>\n","protected":false},"author":2,"featured_media":24018,"parent":26121,"menu_order":1,"comment_status":"closed","ping_status":"closed","template":"tmpl-blocks-contained.php","meta":{"_acf_changed":false,"_tec_requires_first_save":true,"_EventAllDay":false,"_EventTimezone":"","_EventStartDate":"","_EventEndDate":"","_EventStartDateUTC":"","_EventEndDateUTC":"","_EventShowMap":false,"_EventShowMapLink":false,"_EventURL":"","_EventCost":"","_EventCostDescription":"","_EventCurrencySymbol":"","_EventCurrencyCode":"","_EventCurrencyPosition":"","_EventDateTimeSeparator":"","_EventTimeRangeSeparator":"","_EventOrganizerID":[],"_EventVenueID":[],"_OrganizerEmail":"","_OrganizerPhone":"","_OrganizerWebsite":"","_VenueAddress":"","_VenueCity":"","_VenueCountry":"","_VenueProvince":"","_VenueState":"","_VenueZip":"","_VenuePhone":"","_VenueURL":"","_VenueStateProvince":"","_VenueLat":"","_VenueLng":"","_VenueShowMap":false,"_VenueShowMapLink":false,"_tribe_blocks_recurrence_rules":"","_tribe_blocks_recurrence_description":"","_tribe_blocks_recurrence_exclusions":"","_ecp_custom_4":"","_ecp_custom_7":"","_ecp_custom_9":"","_ecp_custom_10":"","_ecp_custom_12":"","_ecp_custom_13":"","footnotes":""},"post_region":[],"post_campaign":[],"class_list":["post-26444","page","type-page","status-publish","has-post-thumbnail","hentry","page_categories-convention-page-fr"],"acf":[],"_links":{"self":[{"href":"https:\/\/www.nfu.ca\/fr\/wp-json\/wp\/v2\/pages\/26444","targetHints":{"allow":["GET"]}}],"collection":[{"href":"https:\/\/www.nfu.ca\/fr\/wp-json\/wp\/v2\/pages"}],"about":[{"href":"https:\/\/www.nfu.ca\/fr\/wp-json\/wp\/v2\/types\/page"}],"author":[{"embeddable":true,"href":"https:\/\/www.nfu.ca\/fr\/wp-json\/wp\/v2\/users\/2"}],"replies":[{"embeddable":true,"href":"https:\/\/www.nfu.ca\/fr\/wp-json\/wp\/v2\/comments?post=26444"}],"version-history":[{"count":0,"href":"https:\/\/www.nfu.ca\/fr\/wp-json\/wp\/v2\/pages\/26444\/revisions"}],"up":[{"embeddable":true,"href":"https:\/\/www.nfu.ca\/fr\/wp-json\/wp\/v2\/pages\/26121"}],"wp:featuredmedia":[{"embeddable":true,"href":"https:\/\/www.nfu.ca\/fr\/wp-json\/wp\/v2\/media\/24018"}],"wp:attachment":[{"href":"https:\/\/www.nfu.ca\/fr\/wp-json\/wp\/v2\/media?parent=26444"}],"wp:term":[{"taxonomy":"post_region","embeddable":true,"href":"https:\/\/www.nfu.ca\/fr\/wp-json\/wp\/v2\/post_region?post=26444"},{"taxonomy":"post_campaign","embeddable":true,"href":"https:\/\/www.nfu.ca\/fr\/wp-json\/wp\/v2\/post_campaign?post=26444"}],"curies":[{"name":"wp","href":"https:\/\/api.w.org\/{rel}","templated":true}]}}