
{"id":26428,"date":"2010-12-04T23:50:11","date_gmt":"2010-12-05T05:50:11","guid":{"rendered":"https:\/\/www.nfu.ca\/archives-de-la-convention\/41eme-convention-2010\/"},"modified":"2024-07-11T14:08:10","modified_gmt":"2024-07-11T20:08:10","slug":"41eme-convention-2010","status":"publish","type":"page","link":"https:\/\/www.nfu.ca\/fr\/archives-de-la-convention\/41eme-convention-2010\/","title":{"rendered":"41\u00e8me Convention (2010)"},"content":{"rendered":"\n<header class=\"wp-block-cover alignfull is-light has-custom-content-position is-position-bottom-center banner-top\" id=\"banner-top\"><span aria-hidden=\"true\" class=\"wp-block-cover__background has-background-dim has-background-gradient\" style=\"background-color:#919394;background:linear-gradient(180deg,rgba(0,0,0,0.97) 0%,rgba(0,0,0,0.05) 69%)\"><\/span><img loading=\"lazy\" decoding=\"async\" width=\"1800\" height=\"2346\" src=\"https:\/\/www.nfu.ca\/wp-content\/uploads\/2018\/08\/2010-convention-handbook-cover.jpg\" class=\"wp-block-cover__image-background wp-post-image\" alt=\"\" data-object-fit=\"cover\" data-object-position=\"24% 36%\" style=\"object-position:24% 36%;\" srcset=\"https:\/\/www.nfu.ca\/wp-content\/uploads\/2018\/08\/2010-convention-handbook-cover.jpg 1800w, https:\/\/www.nfu.ca\/wp-content\/uploads\/2018\/08\/2010-convention-handbook-cover-230x300.jpg 230w, https:\/\/www.nfu.ca\/wp-content\/uploads\/2018\/08\/2010-convention-handbook-cover-768x1000.jpg 768w, https:\/\/www.nfu.ca\/wp-content\/uploads\/2018\/08\/2010-convention-handbook-cover-786x1024.jpg 786w, https:\/\/www.nfu.ca\/wp-content\/uploads\/2018\/08\/2010-convention-handbook-cover-1600x2085.jpg 1600w\" sizes=\"auto, (max-width: 1800px) 100vw, 1800px\" \/><div class=\"wp-block-cover__inner-container is-layout-flow wp-block-cover-is-layout-flow\">\n<p class=\"has-text-align-left has-large-font-size\"><\/p>\n<\/div><\/header>\n<ol class=\"breadcrumb\"><li><a href=\"https:\/\/www.nfu.ca\/fr\/\">National Farmers Union<\/a><\/li><\/ol>\n\n<div class=\"wp-block-stackable-heading stk-block-heading stk-block-heading--v2 stk-block stk-35b1992\" id=\"41st-convention-2010\" data-block-id=\"35b1992\"><h1 class=\"stk-block-heading__text\">41\u00e8me Convention (2010)<\/h1><\/div>\n\n<div class=\"wp-block-stackable-columns stk-block-columns stk-block stk-54b76e7 content-upper\" id=\"content-upper\" data-block-id=\"54b76e7\"><div class=\"stk-row stk-inner-blocks has-text-align-left stk-block-content stk-content-align stk-54b76e7-column\">\n<div class=\"wp-block-stackable-column stk-block-column stk-column stk-block stk-ef63229\" data-v=\"4\" data-block-id=\"ef63229\"><div class=\"stk-column-wrapper stk-block-column__content stk-container stk-ef63229-container stk--no-background stk--no-padding\"><div class=\"has-text-align-left stk-block-content stk-inner-blocks stk-ef63229-inner-blocks\">\n<p><em>2 au 4 d\u00e9cembre 2010, Saskatoon<\/em><\/p>\n\n\n\n<p class=\"has-medium-font-size\">L&rsquo;id\u00e9e qu&rsquo;un mod\u00e8le agricole et alimentaire alternatif doit \u00eatre adopt\u00e9 pour nous sauver des cons\u00e9quences sociales, \u00e9conomiques et environnementales n\u00e9gatives du syst\u00e8me industriel actuel est de plus en plus accept\u00e9e par la soci\u00e9t\u00e9 canadienne.  <\/p>\n\n\n\n<p>La Nationale des Fermiers a toujours \u00e9t\u00e9 un leader dans la remise en question du statu quo et la lutte pour un changement positif. \u00c0 cet \u00e9gard, le pr\u00e9sent n&rsquo;est pas diff\u00e9rent du pass\u00e9. L&rsquo;UNF montre la voie en explorant, en d\u00e9veloppant et en travaillant \u00e0 la mise en place d&rsquo;une v\u00e9ritable alternative.<\/p>\n\n\n\n<p>La convention de cette ann\u00e9e a constitu\u00e9 une \u00e9tape importante dans ce processus. Pendant trois jours, les membres de l&rsquo;UNF et leurs invit\u00e9s ont d\u00e9battu, discut\u00e9 et d\u00e9cid\u00e9 de ce que devrait \u00eatre le nouveau mod\u00e8le agricole et alimentaire, et de la meilleure fa\u00e7on de travailler \u00e0 sa mise en \u0153uvre.<\/p>\n\n\n\n<p><a href=\"https:\/\/www.nfu.ca\/wp-content\/uploads\/2018\/05\/NFU41-Convention-2010-pamphlet.pdf\">T\u00e9l\u00e9chargez la brochure de la convention 2010<\/a><\/p>\n\n\n\n<p><strong>Lancement du livre : <\/strong><em>Souverainet\u00e9 alimentaire : Reconnecter l&rsquo;alimentation, la nature et la communaut\u00e9<\/em><\/p>\n\n\n\n<p>-Annette Desmarais, Nettie Wiebe et Hannah Wittman<\/p>\n\n\n\n<p><strong>Ateliers \u00e9ducatifs\/organisationnels<\/strong><\/p>\n\n\n\n<p><a href=\"https:\/\/www.nfu.ca\/wp-content\/uploads\/2018\/05\/NFU41-Convention-2010-pamphlet.pdf\"><strong>\u00c9conomie des alternatives &#8211; Economics of Alternatives<\/strong><\/a><\/p>\n\n\n\n<p>Du 2 au 4 d\u00e9cembre 2010, Saskatoon,<\/p>\n\n\n\n<p><strong>Lancement du livre : <\/strong><em>Souverainet\u00e9 alimentaire : Reconnecter l&rsquo;alimentation, la nature et la communaut\u00e9<\/em><\/p>\n\n\n\n<p>-Annette Desmarais, Nettie Wiebe et Hannah Wittman<\/p>\n\n\n\n<p><strong>Ateliers \u00e9ducatifs\/organisationnels<\/strong><\/p>\n\n\n\n<p>&#8211; Campagne AECG<\/p>\n\n\n\n<p>&#8211; Lait cru : enjeux et d\u00e9fis<\/p>\n\n\n\n<p><strong>Allocution d&rsquo;ouverture : <\/strong><em>Terry Boehm, pr\u00e9sident de l&rsquo;UNF<\/em><\/p>\n\n\n\n<p><strong>Panel sur la gestion des approvisionnements : <\/strong><em>Questions et d\u00e9fis \u00e9mergents<\/em><\/p>\n\n\n\n<p>-Barron Blois, Producteurs laitiers du Canada<\/p>\n\n\n\n<p>-Ian Cumming, fermiere de l&rsquo;Ontario<\/p>\n\n\n\n<p>-Carroll Wade, National Farmers Org.<\/p>\n\n\n\n<p>-Christie Young, Farm Start Ontario<\/p>\n\n\n\n<p><strong>\u00c9v\u00e9nement public<\/strong>: <em>Labourer \u00e0 travers les livres : <\/em>L&rsquo;<em>agriculture et la lecture <\/em>-Yann Martel, auteur &#8211;  <em>La vie de Pi, B\u00e9atrice et Virgile, Que lit Stephen Harper ? Projet<\/em><\/p>\n\n\n\n<p><strong>Groupe d&rsquo;experts sur l&rsquo;AECG : <\/strong><em>La menace qui p\u00e8se sur les fermi\u00e8res et tous les Canadiens<\/em><\/p>\n\n\n\n<p>-Terry Boehm, pr\u00e9sident de l&rsquo;UNF<\/p>\n\n\n\n<p>-Michael McBane, Coalition canadienne de la sant\u00e9<\/p>\n\n\n\n<p>-Steven Shrybman, Sack, Goldblatt, Mitchell, LLP<\/p>\n\n\n\n<p><strong>Panel sur la rel\u00e8ve agricole au Canada : <\/strong><em>Explorer les alternatives<\/em><\/p>\n\n\n\n<p>&#8211;<em>Le<\/em>Ranch Vert : Cultiver naturellement<\/p>\n\n\n\n<p>-Ferme coop\u00e9rative <em>Tourne-Sol<\/em><\/p>\n\n\n\n<p><strong>Remise du prix Beingessner<\/strong><\/p>\n\n\n\n<p><strong>Projection de film : <\/strong> L&rsquo;<em>union fait la force &#8211; L&rsquo;histoire de l&rsquo;UNF <\/em>par Don Kossick<\/p>\n\n\n\n<p><strong>Panel international : <\/strong><em>Alternatives dans le monde<\/em><\/p>\n\n\n\n<p>-Renwick Rose, coordinateur, WINFA (Windward Islands Farmers Association)<\/p>\n\n\n\n<p>Hannah Whittman, professeur adjoint de sociologie et d&rsquo;\u00e9tudes latino-am\u00e9ricaines, Universit\u00e9 Simon Fraser<\/p>\n\n\n\n<p><strong>Discours : <\/strong><em>Le pouvoir de l&rsquo;alimentation : Une approche alternative -Wayne<\/em>Roberts, Conseil de la politique alimentaire de Toronto<\/p>\n\n\n\n<p><strong>Discours de cl\u00f4ture : <\/strong><em>Pr\u00e9sident national, Terry Boehm<\/em><\/p>\n<\/div><\/div><\/div>\n<\/div><\/div>\n","protected":false},"excerpt":{"rendered":"<p>L&rsquo;id\u00e9e qu&rsquo;un mod\u00e8le agricole et alimentaire alternatif doit \u00eatre adopt\u00e9 pour nous sauver des cons\u00e9quences sociales, \u00e9conomiques et environnementales n\u00e9gatives du syst\u00e8me industriel actuel est de plus en plus accept\u00e9e par la soci\u00e9t\u00e9 canadienne. La Nationale des Fermiers a toujours \u00e9t\u00e9 un leader dans la remise en question du statu quo et la lutte pour un changement positif. \u00c0 cet \u00e9gard, le pr\u00e9sent n&rsquo;est pas diff\u00e9rent du pass\u00e9. L&rsquo;UNF montre la voie en explorant, en d\u00e9veloppant et en travaillant \u00e0 la mise en place d&rsquo;une v\u00e9ritable alternative.<\/p>\n","protected":false},"author":2,"featured_media":24017,"parent":26121,"menu_order":3,"comment_status":"closed","ping_status":"closed","template":"tmpl-blocks-contained.php","meta":{"_acf_changed":false,"_tec_requires_first_save":true,"_EventAllDay":false,"_EventTimezone":"","_EventStartDate":"","_EventEndDate":"","_EventStartDateUTC":"","_EventEndDateUTC":"","_EventShowMap":false,"_EventShowMapLink":false,"_EventURL":"","_EventCost":"","_EventCostDescription":"","_EventCurrencySymbol":"","_EventCurrencyCode":"","_EventCurrencyPosition":"","_EventDateTimeSeparator":"","_EventTimeRangeSeparator":"","_EventOrganizerID":[],"_EventVenueID":[],"_OrganizerEmail":"","_OrganizerPhone":"","_OrganizerWebsite":"","_VenueAddress":"","_VenueCity":"","_VenueCountry":"","_VenueProvince":"","_VenueState":"","_VenueZip":"","_VenuePhone":"","_VenueURL":"","_VenueStateProvince":"","_VenueLat":"","_VenueLng":"","_VenueShowMap":false,"_VenueShowMapLink":false,"_tribe_blocks_recurrence_rules":"","_tribe_blocks_recurrence_description":"","_tribe_blocks_recurrence_exclusions":"","_ecp_custom_4":"","_ecp_custom_7":"","_ecp_custom_9":"","_ecp_custom_10":"","_ecp_custom_12":"","_ecp_custom_13":"","footnotes":""},"post_region":[],"post_campaign":[],"class_list":["post-26428","page","type-page","status-publish","has-post-thumbnail","hentry","page_categories-convention-page-fr"],"acf":[],"_links":{"self":[{"href":"https:\/\/www.nfu.ca\/fr\/wp-json\/wp\/v2\/pages\/26428","targetHints":{"allow":["GET"]}}],"collection":[{"href":"https:\/\/www.nfu.ca\/fr\/wp-json\/wp\/v2\/pages"}],"about":[{"href":"https:\/\/www.nfu.ca\/fr\/wp-json\/wp\/v2\/types\/page"}],"author":[{"embeddable":true,"href":"https:\/\/www.nfu.ca\/fr\/wp-json\/wp\/v2\/users\/2"}],"replies":[{"embeddable":true,"href":"https:\/\/www.nfu.ca\/fr\/wp-json\/wp\/v2\/comments?post=26428"}],"version-history":[{"count":0,"href":"https:\/\/www.nfu.ca\/fr\/wp-json\/wp\/v2\/pages\/26428\/revisions"}],"up":[{"embeddable":true,"href":"https:\/\/www.nfu.ca\/fr\/wp-json\/wp\/v2\/pages\/26121"}],"wp:featuredmedia":[{"embeddable":true,"href":"https:\/\/www.nfu.ca\/fr\/wp-json\/wp\/v2\/media\/24017"}],"wp:attachment":[{"href":"https:\/\/www.nfu.ca\/fr\/wp-json\/wp\/v2\/media?parent=26428"}],"wp:term":[{"taxonomy":"post_region","embeddable":true,"href":"https:\/\/www.nfu.ca\/fr\/wp-json\/wp\/v2\/post_region?post=26428"},{"taxonomy":"post_campaign","embeddable":true,"href":"https:\/\/www.nfu.ca\/fr\/wp-json\/wp\/v2\/post_campaign?post=26428"}],"curies":[{"name":"wp","href":"https:\/\/api.w.org\/{rel}","templated":true}]}}