
{"id":26426,"date":"2017-08-21T20:42:45","date_gmt":"2017-08-22T02:42:45","guid":{"rendered":"https:\/\/www.nfu.ca\/regions\/region-1\/"},"modified":"2025-11-27T12:35:19","modified_gmt":"2025-11-27T18:35:19","slug":"region-1","status":"publish","type":"page","link":"https:\/\/www.nfu.ca\/fr\/regions\/region-1\/","title":{"rendered":"R\u00e9gion 1 (Atlantique)"},"content":{"rendered":"\n<div class=\"wp-block-cover alignfull has-custom-content-position is-position-bottom-center\"><img loading=\"lazy\" decoding=\"async\" width=\"800\" height=\"400\" class=\"wp-block-cover__image-background wp-image-5165\" alt=\"Prince Edward Island\" src=\"https:\/\/www.nfu.ca\/wp-content\/uploads\/2018\/07\/PEI-1.jpg\" data-object-fit=\"cover\" srcset=\"https:\/\/www.nfu.ca\/wp-content\/uploads\/2018\/07\/PEI-1.jpg 800w, https:\/\/www.nfu.ca\/wp-content\/uploads\/2018\/07\/PEI-1-300x150.jpg 300w, https:\/\/www.nfu.ca\/wp-content\/uploads\/2018\/07\/PEI-1-768x384.jpg 768w\" sizes=\"auto, (max-width: 800px) 100vw, 800px\" \/><span aria-hidden=\"true\" class=\"wp-block-cover__background has-background-dim wp-block-cover__gradient-background has-background-gradient\" style=\"background:linear-gradient(180deg,rgba(0,15,100,0.98) 0%,rgba(0,0,0,0) 100%)\"><\/span><div class=\"wp-block-cover__inner-container is-layout-constrained wp-block-cover-is-layout-constrained\">\n<div class=\"wp-block-stackable-heading stk-block-heading stk-block-heading--v2 stk-block stk-213ccfd banner-slug\" id=\"span-style-color-fff-class-stk-highlight-national-farmers-union-span\" data-block-id=\"213ccfd\"><style>.stk-213ccfd .stk-block-heading__text{text-shadow:0px 2px 5px #123f52ff !important;color:#fff !important;}<\/style><h6 class=\"stk-block-heading__text has-text-color has-text-align-center\"><span style=\"color: #fff;\" class=\"stk-highlight\">Union Nationale des Fermiers<\/span><\/h6><\/div>\n\n\n\n<div class=\"wp-block-stackable-heading stk-block-heading stk-block-heading--v2 stk-block stk-77d07d0 banner-headline\" id=\"region-1\" data-block-id=\"77d07d0\"><style>.stk-77d07d0 .stk-block-heading__text{text-shadow:0px 8px 14px #123f52ff !important;color:#fff !important;}<\/style><h1 class=\"stk-block-heading__text has-text-color has-text-align-center\">R\u00e9gion 1<\/h1><\/div>\n\n\n\n<div class=\"wp-block-stackable-heading stk-block-heading stk-block-heading--v2 stk-block stk-81fa844\" id=\"strong-atlantic-region-strong\" data-block-id=\"81fa844\"><style>.stk-81fa844 .stk-block-heading__text{color:#ffffff !important;}<\/style><h5 class=\"stk-block-heading__text has-text-color has-text-align-center\"><strong>R\u00e9gion Atlantique<\/strong><\/h5><\/div>\n<\/div><\/div>\n\n<p><br\/>La Nationale des Fermiers est organis\u00e9e au niveau r\u00e9gional. Chaque r\u00e9gion organise une convention annuelle au cours de laquelle les responsables r\u00e9gionaux sont \u00e9lus et les r\u00e9solutions propos\u00e9es par les membres de la r\u00e9gion sont d\u00e9battues. Les r\u00e9solutions adopt\u00e9es au niveau r\u00e9gional sont ensuite d\u00e9battues et vot\u00e9es lors de la convention nationale annuelle. Un membre du conseil d&rsquo;administration de chaque r\u00e9gion joue le r\u00f4le de coordinateur r\u00e9gional.<\/p>\n\n<p>La r\u00e9gion 1 comprend les provinces de Terre-Neuve-et-Labrador, de la Nouvelle-\u00c9cosse, du Nouveau-Brunswick et de l&rsquo;\u00cele-du-Prince-\u00c9douard. La r\u00e9gion 1 compte deux districts organis\u00e9s de l&rsquo;UNF : L&rsquo;\u00cele-du-Prince-\u00c9douard forme le district 1 et le Nouveau-Brunswick le district 2.<\/p>\n\n<div class=\"wp-block-stackable-button-group stk-block-button-group stk-block stk-9513280\" data-block-id=\"9513280\"><div class=\"stk-row stk-inner-blocks has-text-align-center stk-block-content stk-button-group\">\n<div class=\"wp-block-stackable-button stk-block-button stk-block stk-3e25437\" data-block-id=\"3e25437\"><style>.stk-3e25437 .stk-button{background:#178CCD !important;border-top-left-radius:24px !important;border-top-right-radius:24px !important;border-bottom-right-radius:24px !important;border-bottom-left-radius:24px !important;}.stk-3e25437 .stk-button:before{border-color:#28a745 !important;}.stk-3e25437 .stk-button .stk--inner-svg svg:last-child, .stk-3e25437 .stk-button .stk--inner-svg svg:last-child :is(g, path, rect, polygon, ellipse){fill:#fff !important;}<\/style><a class=\"stk-link stk-button stk--hover-effect-darken\" href=\"https:\/\/www.nfu.ca\/fr\/regions\/region-1\/region-1-atlantique-district-1-i-dot-p-dot-e-dot\/\"><span class=\"stk-button__inner-text\">District 1 &#8211; PEI<\/span><span class=\"stk--svg-wrapper\"><div class=\"stk--inner-svg\"><svg aria-hidden=\"true\" focusable=\"false\" data-prefix=\"fas\" data-icon=\"arrow-right\" class=\"svg-inline--fa fa-arrow-right fa-w-14\" xmlns=\"http:\/\/www.w3.org\/2000\/svg\" viewbox=\"0 0 448 512\" width=\"32\" height=\"32\"><path fill=\"currentColor\" d=\"M190.5 66.9l22.2-22.2c9.4-9.4 24.6-9.4 33.9 0L441 239c9.4 9.4 9.4 24.6 0 33.9L246.6 467.3c-9.4 9.4-24.6 9.4-33.9 0l-22.2-22.2c-9.5-9.5-9.3-25 .4-34.3L311.4 296H24c-13.3 0-24-10.7-24-24v-32c0-13.3 10.7-24 24-24h287.4L190.9 101.2c-9.8-9.3-10-24.8-.4-34.3z\"><\/path><\/svg><\/div><\/span><\/a><\/div>\n\n\n\n<div class=\"wp-block-stackable-button stk-block-button stk-block stk-8fae75b\" data-block-id=\"8fae75b\"><style>.stk-8fae75b .stk-button{background:#178CCD !important;border-top-left-radius:24px !important;border-top-right-radius:24px !important;border-bottom-right-radius:24px !important;border-bottom-left-radius:24px !important;}.stk-8fae75b .stk-button:before{border-color:#28a745 !important;}.stk-8fae75b .stk-button .stk--inner-svg svg:last-child, .stk-8fae75b .stk-button .stk--inner-svg svg:last-child :is(g, path, rect, polygon, ellipse){fill:#fff !important;}<\/style><a class=\"stk-link stk-button stk--hover-effect-darken\" href=\"https:\/\/www.nfu.ca\/fr\/regions\/region-1\/nouveau-brunswick\/\"><span class=\"stk-button__inner-text\">District 2 &#8211; Nouveau-Brunswick<\/span><span class=\"stk--svg-wrapper\"><div class=\"stk--inner-svg\"><svg aria-hidden=\"true\" focusable=\"false\" data-prefix=\"fas\" data-icon=\"arrow-right\" class=\"svg-inline--fa fa-arrow-right fa-w-14\" xmlns=\"http:\/\/www.w3.org\/2000\/svg\" viewbox=\"0 0 448 512\" width=\"32\" height=\"32\"><path fill=\"currentColor\" d=\"M190.5 66.9l22.2-22.2c9.4-9.4 24.6-9.4 33.9 0L441 239c9.4 9.4 9.4 24.6 0 33.9L246.6 467.3c-9.4 9.4-24.6 9.4-33.9 0l-22.2-22.2c-9.5-9.5-9.3-25 .4-34.3L311.4 296H24c-13.3 0-24-10.7-24-24v-32c0-13.3 10.7-24 24-24h287.4L190.9 101.2c-9.8-9.3-10-24.8-.4-34.3z\"><\/path><\/svg><\/div><\/span><\/a><\/div>\n\n\n\n<div class=\"wp-block-stackable-button stk-block-button stk-block stk-bad3370\" data-block-id=\"bad3370\"><style>.stk-bad3370 .stk-button{background:#178CCD !important;border-top-left-radius:24px !important;border-top-right-radius:24px !important;border-bottom-right-radius:24px !important;border-bottom-left-radius:24px !important;}.stk-bad3370 .stk-button:before{border-color:#28a745 !important;}.stk-bad3370 .stk-button .stk--inner-svg svg:last-child, .stk-bad3370 .stk-button .stk--inner-svg svg:last-child :is(g, path, rect, polygon, ellipse){fill:#fff !important;}<\/style><a class=\"stk-link stk-button stk--hover-effect-darken\" href=\"https:\/\/www.nfu.ca\/fr\/regions\/region-1\/region-1-atlantique-district-3-ns\/\"><span class=\"stk-button__inner-text\">District 3 &#8211; Nouvelle-\u00c9cosse<\/span><span class=\"stk--svg-wrapper\"><div class=\"stk--inner-svg\"><svg aria-hidden=\"true\" focusable=\"false\" data-prefix=\"fas\" data-icon=\"arrow-right\" class=\"svg-inline--fa fa-arrow-right fa-w-14\" xmlns=\"http:\/\/www.w3.org\/2000\/svg\" viewbox=\"0 0 448 512\" width=\"32\" height=\"32\"><path fill=\"currentColor\" d=\"M190.5 66.9l22.2-22.2c9.4-9.4 24.6-9.4 33.9 0L441 239c9.4 9.4 9.4 24.6 0 33.9L246.6 467.3c-9.4 9.4-24.6 9.4-33.9 0l-22.2-22.2c-9.5-9.5-9.3-25 .4-34.3L311.4 296H24c-13.3 0-24-10.7-24-24v-32c0-13.3 10.7-24 24-24h287.4L190.9 101.2c-9.8-9.3-10-24.8-.4-34.3z\"><\/path><\/svg><\/div><\/span><\/a><\/div>\n<\/div><\/div>\n\n<div class=\"wp-block-stackable-heading stk-block-heading stk-block-heading--v2 stk-block stk-d6f429b\" id=\"atlantic-region-representatives\" data-block-id=\"d6f429b\"><h2 class=\"stk-block-heading__text has-text-align-center\">Repr\u00e9sentants de la r\u00e9gion atlantique<\/h2><\/div>\n\n<div class=\"wp-block-stackable-columns stk-block-columns stk-block stk-c109dc0\" data-block-id=\"c109dc0\"><div class=\"stk-row stk-inner-blocks stk-block-content stk-content-align stk-c109dc0-column\">\n<div class=\"wp-block-stackable-column stk-block-column stk-column stk-block stk-c7c1f80\" data-v=\"4\" data-block-id=\"c7c1f80\"><div class=\"stk-column-wrapper stk-block-column__content stk-container stk-c7c1f80-container stk--no-background stk--no-padding\"><div class=\"stk-block-content stk-inner-blocks stk-c7c1f80-inner-blocks\"><div class=\"grid-member-cards grid-members-2\">    \n    <div class=\"nfu-user-card\">\n        <div class=\"user-image\">\n            <img loading=\"lazy\" decoding=\"async\" width=\"150\" height=\"150\" src=\"https:\/\/www.nfu.ca\/wp-content\/uploads\/2023\/02\/Untitled-design-7-150x150.png\" class=\"attachment-thumbnail size-thumbnail\" alt=\"\" srcset=\"https:\/\/www.nfu.ca\/wp-content\/uploads\/2023\/02\/Untitled-design-7-150x150.png 150w, https:\/\/www.nfu.ca\/wp-content\/uploads\/2023\/02\/Untitled-design-7-300x300.png 300w, https:\/\/www.nfu.ca\/wp-content\/uploads\/2023\/02\/Untitled-design-7-1024x1024.png 1024w, https:\/\/www.nfu.ca\/wp-content\/uploads\/2023\/02\/Untitled-design-7-768x768.png 768w, https:\/\/www.nfu.ca\/wp-content\/uploads\/2023\/02\/Untitled-design-7.png 1080w\" sizes=\"auto, (max-width: 150px) 100vw, 150px\" \/>        <\/div>\n        <div class=\"user-meta\">\n        <h5>Byron Petrie<\/h5>\n        <p class=\"member-role\"><strong>Coordinateur r\u00e9gional<\/strong><\/p><p class=\"member-location\"><i class=\"bx bxs-map\"><\/i>&nbsp;Morell, PE  <\/p><p class=\"user-card-regions\">        <a class=\"user-card-region\" href=\"https:\/\/www.nfu.ca\/fr\/regions\/region-1\/region-1-atlantique-district-1-i-dot-p-dot-e-dot\/\">R\u00e9gion 1 (Atlantique) &#8211; District 1 (\u00ce.-P.-\u00c9.)<\/a>\n            <a class=\"user-card-region\" href=\"https:\/\/www.nfu.ca\/fr\/regions\/region-1\/\">R\u00e9gion 1 (Atlantique)<\/a>\n    <\/p>        <\/div>\n        <div class=\"user-contact\">\n                                            <p><\/p>\n        <\/div>\n\n        <div class=\"user-more-info\">\n            <button type=\"button\" class=\"btn btn-usercard btn-primary\" data-bio=\"Byron Petrie owns and operates a family farm Sweet Pea Farm in Morell PEI. Byron is an inventor, papa, and full time vegetable producer.\n\" data-bs-toggle=\"modal\" data-bs-target=\"#profileModal\" data-name=\"Byron Petrie\" data-img=\"https:\/\/www.nfu.ca\/wp-content\/uploads\/2023\/02\/Untitled-design-7-150x150.png\" data-location=\"Morell, PE  \">More Info<\/button>\n        <\/div>\n        \n    <\/div>\n        \n    <div class=\"nfu-user-card\">\n        <div class=\"user-image\">\n            <img loading=\"lazy\" decoding=\"async\" width=\"150\" height=\"150\" src=\"https:\/\/www.nfu.ca\/wp-content\/uploads\/2018\/04\/beautiful-sunset-under-blue-skies-on-the-farm-frank-kohntopp-default-thumb-150x150.jpg\" class=\"attachment-thumbnail size-thumbnail\" alt=\"\" \/>        <\/div>\n        <div class=\"user-meta\">\n        <h5>Carina Phillips<\/h5>\n        <p class=\"member-role\"><strong>Repr\u00e9sentante du comit\u00e9 consultatif des femmes<\/strong><\/p><p class=\"member-location\"><i class=\"bx bxs-map\"><\/i>&nbsp;Morell, PEI<\/p><p class=\"user-card-regions\">        <a class=\"user-card-region\" href=\"https:\/\/www.nfu.ca\/fr\/regions\/region-1\/region-1-atlantique-district-1-i-dot-p-dot-e-dot\/\">R\u00e9gion 1 (Atlantique) &#8211; District 1 (\u00ce.-P.-\u00c9.)<\/a>\n    <\/p>        <\/div>\n        <div class=\"user-contact\">\n                                            <p><\/p>\n        <\/div>\n\n        <div class=\"user-more-info\">\n            <button type=\"button\" class=\"btn btn-usercard btn-primary\" data-bio=\"\" data-bs-toggle=\"modal\" data-bs-target=\"#profileModal\" data-name=\"Carina Phillips\" data-img=\"https:\/\/www.nfu.ca\/wp-content\/uploads\/2018\/04\/beautiful-sunset-under-blue-skies-on-the-farm-frank-kohntopp-default-thumb-150x150.jpg\" data-location=\"Morell, PEI\">More Info<\/button>\n        <\/div>\n        \n    <\/div>\n        \n    <div class=\"nfu-user-card\">\n        <div class=\"user-image\">\n            <img loading=\"lazy\" decoding=\"async\" width=\"150\" height=\"150\" src=\"https:\/\/www.nfu.ca\/wp-content\/uploads\/2020\/12\/Rebecca-MacInnis-150x150.jpg\" class=\"attachment-thumbnail size-thumbnail\" alt=\"\" \/>        <\/div>\n        <div class=\"user-meta\">\n        <h5>Rebecca MacInnis<\/h5>\n        <p class=\"member-role\"><strong>Repr\u00e9sentant du comit\u00e9 consultatif de la jeunesse<\/strong><\/p><p class=\"member-location\"><i class=\"bx bxs-map\"><\/i>&nbsp;Lapland, NS <\/p><p class=\"user-card-regions\">        <a class=\"user-card-region\" href=\"https:\/\/www.nfu.ca\/fr\/regions\/region-1\/\">R\u00e9gion 1 (Atlantique)<\/a>\n    <\/p>        <\/div>\n        <div class=\"user-contact\">\n                                            <p><\/p>\n        <\/div>\n\n        <div class=\"user-more-info\">\n            <button type=\"button\" class=\"btn btn-usercard btn-primary\" data-bio=\"My name is Rebecca MacInnis and I\u2019m a first generation farmer. Together with my sister, Jessie, we run Spring Tide Farm in Nova Scotia (region 1) on unceded Mi\u2019kma\u2019ki. We grow vegetables and cut flowers on a small-scale, agroecologically driven farm. I love the way that food brings people together and am excited to connect with more youth across the region.\n\" data-bs-toggle=\"modal\" data-bs-target=\"#profileModal\" data-name=\"Rebecca MacInnis\" data-img=\"https:\/\/www.nfu.ca\/wp-content\/uploads\/2020\/12\/Rebecca-MacInnis-150x150.jpg\" data-location=\"Lapland, NS \">More Info<\/button>\n        <\/div>\n        \n    <\/div>\n        \n    <div class=\"nfu-user-card\">\n        <div class=\"user-image\">\n            <img loading=\"lazy\" decoding=\"async\" width=\"150\" height=\"150\" src=\"https:\/\/www.nfu.ca\/wp-content\/uploads\/2021\/11\/Jessie-MacInnis-150x150.jpeg\" class=\"attachment-thumbnail size-thumbnail\" alt=\"\" srcset=\"https:\/\/www.nfu.ca\/wp-content\/uploads\/2021\/11\/Jessie-MacInnis-150x150.jpeg 150w, https:\/\/www.nfu.ca\/wp-content\/uploads\/2021\/11\/Jessie-MacInnis-768x768.jpeg 768w\" sizes=\"auto, (max-width: 150px) 100vw, 150px\" \/>        <\/div>\n        <div class=\"user-meta\">\n        <h5>Jessie MacInnis<\/h5>\n        <p class=\"member-role\"><strong>Repr\u00e9sentant du Comit\u00e9 des Programmes Internationaux<\/strong><\/p><p class=\"member-location\"><i class=\"bx bxs-map\"><\/i>&nbsp;Lunenburg, NS<\/p><p class=\"user-card-regions\">        <a class=\"user-card-region\" href=\"https:\/\/www.nfu.ca\/fr\/regions\/region-1\/\">R\u00e9gion 1 (Atlantique)<\/a>\n    <\/p>        <\/div>\n        <div class=\"user-contact\">\n                                            <p><\/p>\n        <\/div>\n\n        <div class=\"user-more-info\">\n            <button type=\"button\" class=\"btn btn-usercard btn-primary\" data-bio=\"Jessie is a first-generation farmer who has been growing organic mixed vegetables and working for another NFU member in Tatamagouche, Nova Scotia for the last several years. Before she started farming, Jessie studied International Relations and Spanish at Mount Allison University, including a sustainable development semester program at La Universidad de La Habana, and she is currently completing a certificate in food security at Ryerson University.\nJessie joined the NFU in 2016, and became more involved with the International Programs Committee after attending her first convention in 2017. Since then she has represented the NFU at several international events through La Via Campesina (LVC). As Youth VP, Jessie is excited to bring young farmers together, both regionally and nationally, and explore how the NFU can open its doors to farmers who produce food outside the context of the traditional family farm. She looks forward to continuing to work with LVC internationally and building solidarity within LVC\u2019s North American region.\n\" data-bs-toggle=\"modal\" data-bs-target=\"#profileModal\" data-name=\"Jessie MacInnis\" data-img=\"https:\/\/www.nfu.ca\/wp-content\/uploads\/2021\/11\/Jessie-MacInnis-150x150.jpeg\" data-location=\"Lunenburg, NS\">More Info<\/button>\n        <\/div>\n        \n    <\/div>\n    <\/div><!-- ends member card block --><\/div><\/div><\/div>\n<\/div><\/div>\n","protected":false},"excerpt":{"rendered":"<p>La Nationale des Fermiers est organis\u00e9e au niveau r\u00e9gional. Chaque r\u00e9gion organise une convention annuelle au cours de laquelle les responsables r\u00e9gionaux sont \u00e9lus et les r\u00e9solutions propos\u00e9es par les membres de la r\u00e9gion sont d\u00e9battues. Les r\u00e9solutions adopt\u00e9es au niveau r\u00e9gional sont ensuite d\u00e9battues et vot\u00e9es lors de la convention nationale annuelle. Un membre du conseil d&rsquo;administration de chaque r\u00e9gion joue le r\u00f4le de coordinateur r\u00e9gional.<\/p>\n","protected":false},"author":2,"featured_media":23851,"parent":26421,"menu_order":1,"comment_status":"closed","ping_status":"closed","template":"tmpl-blocks-contained.php","meta":{"_acf_changed":false,"_tec_requires_first_save":true,"_EventAllDay":false,"_EventTimezone":"","_EventStartDate":"","_EventEndDate":"","_EventStartDateUTC":"","_EventEndDateUTC":"","_EventShowMap":false,"_EventShowMapLink":false,"_EventURL":"","_EventCost":"","_EventCostDescription":"","_EventCurrencySymbol":"","_EventCurrencyCode":"","_EventCurrencyPosition":"","_EventDateTimeSeparator":"","_EventTimeRangeSeparator":"","_EventOrganizerID":[],"_EventVenueID":[],"_OrganizerEmail":"","_OrganizerPhone":"","_OrganizerWebsite":"","_VenueAddress":"","_VenueCity":"","_VenueCountry":"","_VenueProvince":"","_VenueState":"","_VenueZip":"","_VenuePhone":"","_VenueURL":"","_VenueStateProvince":"","_VenueLat":"","_VenueLng":"","_VenueShowMap":false,"_VenueShowMapLink":false,"_tribe_blocks_recurrence_rules":"","_tribe_blocks_recurrence_description":"","_tribe_blocks_recurrence_exclusions":"","_ecp_custom_4":"","_ecp_custom_7":"","_ecp_custom_9":"","_ecp_custom_10":"","_ecp_custom_12":"","_ecp_custom_13":"","footnotes":""},"post_region":[317],"post_campaign":[],"class_list":["post-26426","page","type-page","status-publish","has-post-thumbnail","hentry","page_categories-region-page-fr","post_region-region-1-fr"],"acf":[],"_links":{"self":[{"href":"https:\/\/www.nfu.ca\/fr\/wp-json\/wp\/v2\/pages\/26426","targetHints":{"allow":["GET"]}}],"collection":[{"href":"https:\/\/www.nfu.ca\/fr\/wp-json\/wp\/v2\/pages"}],"about":[{"href":"https:\/\/www.nfu.ca\/fr\/wp-json\/wp\/v2\/types\/page"}],"author":[{"embeddable":true,"href":"https:\/\/www.nfu.ca\/fr\/wp-json\/wp\/v2\/users\/2"}],"replies":[{"embeddable":true,"href":"https:\/\/www.nfu.ca\/fr\/wp-json\/wp\/v2\/comments?post=26426"}],"version-history":[{"count":2,"href":"https:\/\/www.nfu.ca\/fr\/wp-json\/wp\/v2\/pages\/26426\/revisions"}],"predecessor-version":[{"id":46782,"href":"https:\/\/www.nfu.ca\/fr\/wp-json\/wp\/v2\/pages\/26426\/revisions\/46782"}],"up":[{"embeddable":true,"href":"https:\/\/www.nfu.ca\/fr\/wp-json\/wp\/v2\/pages\/26421"}],"wp:featuredmedia":[{"embeddable":true,"href":"https:\/\/www.nfu.ca\/fr\/wp-json\/wp\/v2\/media\/23851"}],"wp:attachment":[{"href":"https:\/\/www.nfu.ca\/fr\/wp-json\/wp\/v2\/media?parent=26426"}],"wp:term":[{"taxonomy":"post_region","embeddable":true,"href":"https:\/\/www.nfu.ca\/fr\/wp-json\/wp\/v2\/post_region?post=26426"},{"taxonomy":"post_campaign","embeddable":true,"href":"https:\/\/www.nfu.ca\/fr\/wp-json\/wp\/v2\/post_campaign?post=26426"}],"curies":[{"name":"wp","href":"https:\/\/api.w.org\/{rel}","templated":true}]}}