
{"id":26417,"date":"2017-08-16T13:41:09","date_gmt":"2017-08-16T19:41:09","guid":{"rendered":"https:\/\/www.nfu.ca\/formulaire-de-contact-films-sur-lagriculture\/"},"modified":"2026-03-09T13:09:08","modified_gmt":"2026-03-09T19:09:08","slug":"contactez","status":"publish","type":"page","link":"https:\/\/www.nfu.ca\/fr\/a-propos\/contactez\/","title":{"rendered":"Contacter l&rsquo;UNF"},"content":{"rendered":"\n<header class=\"wp-block-cover alignfull has-custom-content-position is-position-bottom-left banner-upper\" id=\"banner-upper\"><img loading=\"lazy\" decoding=\"async\" width=\"1800\" height=\"800\" class=\"wp-block-cover__image-background wp-image-653\" alt=\"Contact the National Farmers Union\" src=\"https:\/\/www.nfu.ca\/wp-content\/uploads\/2017\/09\/nfu-news-jakob-creutz-cropped.jpg\" data-object-fit=\"cover\" srcset=\"https:\/\/www.nfu.ca\/wp-content\/uploads\/2017\/09\/nfu-news-jakob-creutz-cropped.jpg 1800w, https:\/\/www.nfu.ca\/wp-content\/uploads\/2017\/09\/nfu-news-jakob-creutz-cropped-300x133.jpg 300w, https:\/\/www.nfu.ca\/wp-content\/uploads\/2017\/09\/nfu-news-jakob-creutz-cropped-768x341.jpg 768w, https:\/\/www.nfu.ca\/wp-content\/uploads\/2017\/09\/nfu-news-jakob-creutz-cropped-1024x455.jpg 1024w, https:\/\/www.nfu.ca\/wp-content\/uploads\/2017\/09\/nfu-news-jakob-creutz-cropped-1080x480.jpg 1080w\" sizes=\"auto, (max-width: 1800px) 100vw, 1800px\" \/><span aria-hidden=\"true\" class=\"wp-block-cover__background has-background-dim-30 has-background-dim wp-block-cover__gradient-background has-background-gradient\" style=\"background:linear-gradient(178deg,rgba(0,0,0,0.95) 0%,rgba(0,0,0,0) 80%)\"><\/span><div class=\"wp-block-cover__inner-container is-layout-constrained wp-block-cover-is-layout-constrained\">\n<p class=\"has-text-align-center has-large-font-size\"><\/p>\n<\/div><\/header>\n\n<div class=\"wp-block-stackable-hero alignfull stk-block-hero stk-block stk-08fda9e is-style-default\" data-v=\"2\" id=\"content-first\" data-block-id=\"08fda9e\"><style>.stk-08fda9e .stk-block-hero__content{min-height:500px !important;align-items:center !important;display:flex !important;}<\/style><div class=\"stk-block-hero__content stk-content-align stk-08fda9e-column alignwide stk-container stk-08fda9e-container stk--no-background stk--no-padding\"><div class=\"stk-block-content stk-inner-blocks has-text-align-left stk-08fda9e-inner-blocks\"><ol class=\"breadcrumb\"><li><a href=\"https:\/\/www.nfu.ca\/fr\/\">National Farmers Union<\/a><\/li><\/ol>\n\n\n\n<div class=\"wp-block-stackable-heading stk-block-heading stk-block-heading--v2 stk-block stk-6c2c9d1 page-title\" id=\"contact-the-national-farmers-union\" data-block-id=\"6c2c9d1\"><h1 class=\"stk-block-heading__text\">Contactez l&rsquo;Union Nationale des Fermiers<\/h1><\/div>\n\n\n\n<div class=\"wp-block-stackable-columns stk-block-columns stk-block stk-1786798\" data-block-id=\"1786798\"><div class=\"stk-row stk-inner-blocks stk-block-content stk-content-align stk-1786798-column\">\n<div class=\"wp-block-stackable-column stk-block-column stk-column stk-block stk-cdf62d9\" data-v=\"4\" data-block-id=\"cdf62d9\"><style>@media screen and (min-width: 768px){.stk-cdf62d9 {flex:var(--stk-flex-grow, 1) 1 calc(66.666% - var(--stk-column-gap, 0px) * 1 \/ 2 ) !important;}}<\/style><div class=\"stk-column-wrapper stk-block-column__content stk-container stk-cdf62d9-container stk--no-background stk--no-padding\"><div class=\"has-text-align-left stk-block-content stk-inner-blocks stk-cdf62d9-inner-blocks\">\n<div class=\"wp-block-group is-layout-constrained wp-block-group-is-layout-constrained\">\n<div class=\"wp-block-stackable-heading stk-block-heading stk-block-heading--v2 stk-block stk-11a177c\" id=\"national-head-office\" data-block-id=\"11a177c\"><h2 class=\"stk-block-heading__text\">Si\u00e8ge national<\/h2><\/div>\n\n\n\n<p><strong>Union Nationale des Fermiers<br\/>Union Nationale des Fermiers<\/strong><br\/>2717 Wentz Ave<br\/>Saskatoon, SK<br\/>S7K 4B6<br\/><a href=\"tel :(306)%20652-9465\">(306) 652-9465<\/a> (t\u00e9l\u00e9phone)<br\/>(306) 664-6226 (fax)<br\/>E-mail : <a href=\"mailto:nfu@nfu.ca\">nfu@nfu.ca<\/a><\/p>\n\n\n\n<div class=\"wp-block-stackable-heading stk-block-heading stk-block-heading--v2 stk-block stk-3a3c4af\" id=\"a-href-https-www-nfu-ca-about-nfu-staff-staff-a\" data-block-id=\"3a3c4af\"><h3 class=\"stk-block-heading__text\"><a href=\"https:\/\/www.nfu.ca\/fr\/a-propos\/personnel-de-lunf\/\">Personnel<\/a><\/h3><\/div>\n\n\n\n<div class=\"wp-block-stackable-heading stk-block-heading stk-block-heading--v2 stk-block stk-ed19aef\" id=\"regional-offices\" data-block-id=\"ed19aef\"><h4 class=\"stk-block-heading__text\">Bureaux r\u00e9gionaux<\/h4><\/div>\n\n\n\n<p><strong>R\u00e9gion 3 (Ontario) Bureau :<\/strong><br\/>T\u00e9l\u00e9phone : (705) 738-3993<br\/>Courriel : <a href=\"mailto:office@nfuontario.ca\">office@nfuontario.ca<\/a><br\/>Site web : <a rel=\"noopener\" target=\"_blank\" href=\"https:\/\/nfuontario.ca\/\">www.nfuontario.ca<\/a><\/p>\n\n\n\n<p><em>Pour appliquer votre enregistrement FBR de l&rsquo;Ontario \u00e0 une adh\u00e9sion compl\u00e8te \u00e0 l&rsquo;UNF-O, veuillez envoyer un <a href=\"mailto:office@nfuontario.ca\">message au bureau de l&rsquo;UNF-O<\/a>.<\/em><\/p>\n\n\n\n<div class=\"wp-block-stackable-heading stk-block-heading stk-block-heading--v2 stk-block stk-961e665\" id=\"nfu-in-new-brunswick\" data-block-id=\"961e665\"><h4 class=\"stk-block-heading__text\">L&rsquo;UNF au Nouveau-Brunswick<\/h4><\/div>\n\n\n\n<p><strong>UNF au Nouveau-Brunswick<\/strong><br\/>T\u00e9l\u00e9phone : (506) 260-0087<br\/>Courriel : <a href=\"mailto:nfu.nb.office@gmail.com\">nfu.nb.office@gmail.com<\/a><br\/>Site web : <a href=\"http:\/\/www.nfunb.org\/\" target=\"_blank\" rel=\"noopener\">www.nfunb.org<\/a><\/p>\n<\/div>\n<\/div><\/div><\/div>\n\n\n\n<div class=\"wp-block-stackable-column stk-block-column stk-column stk-block stk-ebf3466\" data-v=\"4\" data-block-id=\"ebf3466\"><style>@media screen and (min-width: 768px){.stk-ebf3466 {flex:var(--stk-flex-grow, 1) 1 calc(33.334% - var(--stk-column-gap, 0px) * 1 \/ 2 ) !important;}}<\/style><div class=\"stk-column-wrapper stk-block-column__content stk-container stk-ebf3466-container stk--no-background stk--no-padding\"><div class=\"stk-block-content stk-inner-blocks stk-ebf3466-inner-blocks\"><nav class=\"is-vertical no-wrap wp-block-navigation is-nowrap is-layout-flex wp-container-core-navigation-is-layout-947ac36b wp-block-navigation-is-layout-flex\" aria-label=\"About Sidebar Menu\"><ul class=\"wp-block-navigation__container  is-vertical no-wrap wp-block-navigation\"><li class=\" wp-block-navigation-item wp-block-navigation-link\"><a class=\"wp-block-navigation-item__content\"  href=\"https:\/\/www.nfu.ca\/about\/\"><span class=\"wp-block-navigation-item__label\">About the NFU<\/span><\/a><\/li><li class=\" wp-block-navigation-item wp-block-navigation-link\"><a class=\"wp-block-navigation-item__content\"  href=\"https:\/\/www.nfu.ca\/about\/board-of-directors\/\"><span class=\"wp-block-navigation-item__label\">Board of Directors<\/span><\/a><\/li><li class=\" wp-block-navigation-item wp-block-navigation-link\"><a class=\"wp-block-navigation-item__content\"  href=\"https:\/\/www.nfu.ca\/about\/nfu-staff\/\"><span class=\"wp-block-navigation-item__label\">NFU Staff<\/span><\/a><\/li><li class=\" wp-block-navigation-item wp-block-navigation-link\"><a class=\"wp-block-navigation-item__content\"  href=\"https:\/\/www.nfu.ca\/job-opportunities\/\"><span class=\"wp-block-navigation-item__label\">Join our Staff Team<\/span><\/a><\/li><li class=\" wp-block-navigation-item wp-block-navigation-link\"><a class=\"wp-block-navigation-item__content\"  href=\"https:\/\/www.nfu.ca\/about\/nfu-women\/\"><span class=\"wp-block-navigation-item__label\">Women\u2019s Caucus<\/span><\/a><\/li><li class=\" wp-block-navigation-item wp-block-navigation-link\"><a class=\"wp-block-navigation-item__content\"  href=\"https:\/\/www.nfu.ca\/about\/nfu-youth\/\"><span class=\"wp-block-navigation-item__label\">Youth Caucus<\/span><\/a><\/li><li class=\" wp-block-navigation-item wp-block-navigation-link\"><a class=\"wp-block-navigation-item__content\"  href=\"https:\/\/www.nfu.ca\/about\/bipoc-caucus\/\"><span class=\"wp-block-navigation-item__label\">BIPOC Caucus<\/span><\/a><\/li><li class=\" wp-block-navigation-item wp-block-navigation-link\"><a class=\"wp-block-navigation-item__content\"  href=\"https:\/\/www.nfu.ca\/about\/international\/\"><span class=\"wp-block-navigation-item__label\">International Program Committee<\/span><\/a><\/li><li class=\" wp-block-navigation-item wp-block-navigation-link\"><a class=\"wp-block-navigation-item__content\"  href=\"https:\/\/www.nfu.ca\/about\/policy-working-groups\/\"><span class=\"wp-block-navigation-item__label\">Policy Working Groups<\/span><\/a><\/li><li class=\" wp-block-navigation-item wp-block-navigation-link\"><a class=\"wp-block-navigation-item__content\"  href=\"https:\/\/www.nfu.ca\/about\/national-farmers-foundation\/\"><span class=\"wp-block-navigation-item__label\">National Farmers Foundation<\/span><\/a><\/li><li class=\" wp-block-navigation-item wp-block-navigation-link\"><a class=\"wp-block-navigation-item__content\"  href=\"https:\/\/www.nfu.ca\/about\/nfu-constitution-and-bylaws\/\"><span class=\"wp-block-navigation-item__label\">Constitution and Bylaws<\/span><\/a><\/li><li class=\" wp-block-navigation-item wp-block-navigation-link\"><a class=\"wp-block-navigation-item__content\"  href=\"https:\/\/www.nfu.ca\/about\/contact\/\"><span class=\"wp-block-navigation-item__label\">Contact NFU<\/span><\/a><\/li><\/ul><\/nav><\/div><\/div><\/div>\n<\/div><\/div>\n<\/div><\/div><\/div>\n","protected":false},"excerpt":{"rendered":"<p>Contactez l&rsquo;Union Nationale des Fermiers et ses bureaux r\u00e9gionaux.<\/p>\n","protected":false},"author":2,"featured_media":0,"parent":26418,"menu_order":6,"comment_status":"closed","ping_status":"closed","template":"tmpl-blocks-contained.php","meta":{"_acf_changed":false,"_tec_requires_first_save":true,"_EventAllDay":false,"_EventTimezone":"","_EventStartDate":"","_EventEndDate":"","_EventStartDateUTC":"","_EventEndDateUTC":"","_EventShowMap":false,"_EventShowMapLink":false,"_EventURL":"","_EventCost":"","_EventCostDescription":"","_EventCurrencySymbol":"","_EventCurrencyCode":"","_EventCurrencyPosition":"","_EventDateTimeSeparator":"","_EventTimeRangeSeparator":"","_EventOrganizerID":[],"_EventVenueID":[],"_OrganizerEmail":"","_OrganizerPhone":"","_OrganizerWebsite":"","_VenueAddress":"","_VenueCity":"","_VenueCountry":"","_VenueProvince":"","_VenueState":"","_VenueZip":"","_VenuePhone":"","_VenueURL":"","_VenueStateProvince":"","_VenueLat":"","_VenueLng":"","_VenueShowMap":false,"_VenueShowMapLink":false,"_tribe_blocks_recurrence_rules":"","_tribe_blocks_recurrence_description":"","_tribe_blocks_recurrence_exclusions":"","_ecp_custom_4":"","_ecp_custom_7":"","_ecp_custom_9":"","_ecp_custom_10":"","_ecp_custom_12":"","_ecp_custom_13":"","footnotes":""},"post_region":[],"post_campaign":[],"class_list":["post-26417","page","type-page","status-publish","hentry"],"acf":[],"_links":{"self":[{"href":"https:\/\/www.nfu.ca\/fr\/wp-json\/wp\/v2\/pages\/26417","targetHints":{"allow":["GET"]}}],"collection":[{"href":"https:\/\/www.nfu.ca\/fr\/wp-json\/wp\/v2\/pages"}],"about":[{"href":"https:\/\/www.nfu.ca\/fr\/wp-json\/wp\/v2\/types\/page"}],"author":[{"embeddable":true,"href":"https:\/\/www.nfu.ca\/fr\/wp-json\/wp\/v2\/users\/2"}],"replies":[{"embeddable":true,"href":"https:\/\/www.nfu.ca\/fr\/wp-json\/wp\/v2\/comments?post=26417"}],"version-history":[{"count":7,"href":"https:\/\/www.nfu.ca\/fr\/wp-json\/wp\/v2\/pages\/26417\/revisions"}],"predecessor-version":[{"id":51493,"href":"https:\/\/www.nfu.ca\/fr\/wp-json\/wp\/v2\/pages\/26417\/revisions\/51493"}],"up":[{"embeddable":true,"href":"https:\/\/www.nfu.ca\/fr\/wp-json\/wp\/v2\/pages\/26418"}],"wp:attachment":[{"href":"https:\/\/www.nfu.ca\/fr\/wp-json\/wp\/v2\/media?parent=26417"}],"wp:term":[{"taxonomy":"post_region","embeddable":true,"href":"https:\/\/www.nfu.ca\/fr\/wp-json\/wp\/v2\/post_region?post=26417"},{"taxonomy":"post_campaign","embeddable":true,"href":"https:\/\/www.nfu.ca\/fr\/wp-json\/wp\/v2\/post_campaign?post=26417"}],"curies":[{"name":"wp","href":"https:\/\/api.w.org\/{rel}","templated":true}]}}