
{"id":26404,"date":"2011-11-30T23:54:07","date_gmt":"2011-12-01T05:54:07","guid":{"rendered":"https:\/\/www.nfu.ca\/archives-de-la-convention\/42eme-convention-2011\/"},"modified":"2024-07-11T14:07:39","modified_gmt":"2024-07-11T20:07:39","slug":"42eme-convention-2011","status":"publish","type":"page","link":"https:\/\/www.nfu.ca\/fr\/archives-de-la-convention\/42eme-convention-2011\/","title":{"rendered":"42\u00e8me Convention (2011)"},"content":{"rendered":"\n<header class=\"wp-block-cover alignfull has-custom-content-position is-position-bottom-center banner-top\" id=\"banner-top\"><span aria-hidden=\"true\" class=\"wp-block-cover__background has-background-dim has-background-gradient\" style=\"background-color:#5e7181;background:linear-gradient(180deg,rgba(0,0,0,0.97) 0%,rgba(0,0,0,0.05) 69%)\"><\/span><img loading=\"lazy\" decoding=\"async\" width=\"1800\" height=\"2316\" src=\"https:\/\/www.nfu.ca\/wp-content\/uploads\/2018\/08\/handbook-cover-2011-a.jpg\" class=\"wp-block-cover__image-background wp-post-image\" alt=\"\" data-object-fit=\"cover\" srcset=\"https:\/\/www.nfu.ca\/wp-content\/uploads\/2018\/08\/handbook-cover-2011-a.jpg 1800w, https:\/\/www.nfu.ca\/wp-content\/uploads\/2018\/08\/handbook-cover-2011-a-233x300.jpg 233w, https:\/\/www.nfu.ca\/wp-content\/uploads\/2018\/08\/handbook-cover-2011-a-768x988.jpg 768w, https:\/\/www.nfu.ca\/wp-content\/uploads\/2018\/08\/handbook-cover-2011-a-796x1024.jpg 796w, https:\/\/www.nfu.ca\/wp-content\/uploads\/2018\/08\/handbook-cover-2011-a-1600x2059.jpg 1600w\" sizes=\"auto, (max-width: 1800px) 100vw, 1800px\" \/><div class=\"wp-block-cover__inner-container is-layout-flow wp-block-cover-is-layout-flow\">\n<p class=\"has-text-align-left has-large-font-size\"><\/p>\n<\/div><\/header>\n<ol class=\"breadcrumb\"><li><a href=\"https:\/\/www.nfu.ca\/fr\/\">National Farmers Union<\/a><\/li><\/ol>\n\n<div class=\"wp-block-stackable-heading stk-block-heading stk-block-heading--v2 stk-block stk-35b1992\" id=\"42nd-convention-2011\" data-block-id=\"35b1992\"><h1 class=\"stk-block-heading__text\">42\u00e8me Convention (2011)<\/h1><\/div>\n\n<div class=\"wp-block-stackable-columns stk-block-columns stk-block stk-54b76e7 content-upper\" id=\"content-upper\" data-block-id=\"54b76e7\"><div class=\"stk-row stk-inner-blocks has-text-align-left stk-block-content stk-content-align stk-54b76e7-column\">\n<div class=\"wp-block-stackable-column stk-block-column stk-column stk-block stk-ef63229\" data-v=\"4\" data-block-id=\"ef63229\"><div class=\"stk-column-wrapper stk-block-column__content stk-container stk-ef63229-container stk--no-background stk--no-padding\"><div class=\"has-text-align-left stk-block-content stk-inner-blocks stk-ef63229-inner-blocks\">\n<p><strong>24-26 novembre 2011<\/strong><br\/>Four Points by Sheraton London<br\/>London, Ontario<\/p>\n\n\n\n<p><a href=\"https:\/\/www.nfu.ca\/wp-content\/uploads\/2018\/05\/2011-nfu42-convention-pamphlet.pdf\">T\u00e9l\u00e9chargez la brochure de la 42e convention de l&rsquo;UNF<\/a><\/p>\n\n\n\n<p>Pour l&rsquo;amour de la terre a \u00e9t\u00e9 choisi comme th\u00e8me de la convention cette ann\u00e9e afin de c\u00e9l\u00e9brer et d&rsquo;explorer le r\u00f4le central que joue la terre dans la vie des fermiers, des paysans, des peuples indig\u00e8nes et de la soci\u00e9t\u00e9 en g\u00e9n\u00e9ral.<\/p>\n\n\n\n<p>La convention nous offre l&rsquo;occasion de c\u00e9l\u00e9brer ensemble tout ce que la terre nous a apport\u00e9 au cours de l&rsquo;ann\u00e9e \u00e9coul\u00e9e. Il nous donnera \u00e9galement l&rsquo;occasion d&rsquo;explorer les questions fonci\u00e8res telles que l&rsquo;accaparement des terres et la d\u00e9gradation des sols, afin d&rsquo;en d\u00e9couvrir les implications pour l&rsquo;avenir de nos syst\u00e8mes alimentaires.<\/p>\n\n\n\n<p>Nous esp\u00e9rons que nous appr\u00e9cierons \u00e0 nouveau notre relation avec la terre et la mani\u00e8re dont elle fa\u00e7onne notre bien-\u00eatre social, \u00e9conomique et culturel.<\/p>\n\n\n\n<div class=\"wp-block-stackable-heading stk-block-heading stk-block-heading--v2 stk-block stk-8bc04f5\" id=\"speaker-biographies\" data-block-id=\"8bc04f5\"><h3 class=\"stk-block-heading__text\">Biographies des orateurs<\/h3><\/div>\n\n\n\n<p><strong>David Montgomery<\/strong> est l&rsquo;auteur de \u00ab\u00a0Dirt : The Erosion of Civilizations\u00a0\u00bb, qui examine l&rsquo;histoire naturelle et culturelle des sols depuis les civilisations anciennes jusqu&rsquo;\u00e0 l&rsquo;\u00e9poque moderne, et affirme que nous avons progressivement \u00e9puis\u00e9 les sols de la plan\u00e8te. Montgomery est n\u00e9 \u00e0 Stanford, en Californie, et a obtenu son doctorat en g\u00e9omorphologie \u00e0 UBC Berkeley. Il enseigne actuellement \u00e0 l&rsquo;universit\u00e9 de Washington o\u00f9 il \u00e9tudie l&rsquo;\u00e9volution de la topographie et la mani\u00e8re dont les processus g\u00e9ologiques fa\u00e7onnent les paysages et influencent les syst\u00e8mes \u00e9cologiques.<\/p>\n\n\n\n<p><strong>Ellen Gabriel<\/strong> est l&rsquo;ancienne pr\u00e9sidente de l&rsquo;Association des femmes autochtones du Qu\u00e9bec. Elle a grandi \u00e0 Kanehsata:ke, o\u00f9 ses h\u00e9ro\u00efnes \u00e9taient sa grand-m\u00e8re, sa m\u00e8re et ses tantes, qui ont rejoint le mouvement des femmes pour lutter en faveur de l&rsquo;\u00e9galit\u00e9 des droits pour les femmes autochtones. Son int\u00e9r\u00eat pour la justice et les droits de l&rsquo;homme a \u00e9t\u00e9 stimul\u00e9 par les diff\u00e9rentes r\u00e9volutions sociales qui ont eu lieu dans les ann\u00e9es 1960. Elle a \u00e9t\u00e9 choisie par sa communaut\u00e9 pour \u00eatre son porte-parole lors de la crise d&rsquo;Oka en 1990. Depuis lors, elle s&rsquo;est exprim\u00e9e dans le monde entier sur les violations des droits de l&rsquo;homme commises dans ce pays. Gabriel pense que l&rsquo;\u00e9ducation est l&rsquo;une des cl\u00e9s permettant aux peuples autochtones de surmonter l&rsquo;oppression et les effets de la colonisation, tout en conservant d&rsquo;autres langues, cultures et traditions.<\/p>\n\n\n\n<p><strong>Devlin Kuyek<\/strong> est chercheur et activiste \u00e0 GRAIN, une petite organisation internationale \u00e0 but non lucratif qui soutient les petits fermiers et les mouvements sociaux dans leur lutte pour des syst\u00e8mes alimentaires contr\u00f4l\u00e9s par la communaut\u00e9 et bas\u00e9s sur la biodiversit\u00e9. Kuyek a travaill\u00e9 avec des ONG et des organisations paysannes en Malaisie et aux Philippines. Il est le chercheur le plus actif de GRAIN et se concentre sur le suivi et l&rsquo;analyse de l&rsquo;agro-industrie mondiale, y compris la ru\u00e9e mondiale sur les terres. Devlin est bas\u00e9 \u00e0 Montr\u00e9al.<\/p>\n\n\n\n<p><strong>Susan Machum<\/strong> est titulaire d&rsquo;une chaire de recherche du Canada sur la justice sociale en milieu rural, \u00e0 l&rsquo;universit\u00e9 St. Thomas de Fredericton, au Nouveau-Brunswick. Ses recherches portent sur la mani\u00e8re dont les communaut\u00e9s rurales r\u00e9agissent aux opportunit\u00e9s et aux d\u00e9fis auxquels les fermi\u00e8res sont confront\u00e9es lorsqu&rsquo;elles s&rsquo;adaptent pour r\u00e9pondre aux besoins locaux plut\u00f4t qu&rsquo;aux march\u00e9s d&rsquo;exportation. Machum \u00e9tudie l&rsquo;impact des politiques actuelles sur les revenus et les moyens de subsistance des m\u00e9nages agricoles. Elle analyse \u00e9galement la mani\u00e8re dont les initiatives des mouvements alimentaires locaux transforment les pratiques de production et contribuent \u00e0 la durabilit\u00e9. En outre, elle explique en d\u00e9tail comment les communaut\u00e9s rurales revitalisent leurs moyens de subsistance et cr\u00e9ent de nouvelles opportunit\u00e9s pour elles-m\u00eames dans un contexte de changement social et \u00e9conomique mondial.<\/p>\n<\/div><\/div><\/div>\n<\/div><\/div>\n","protected":false},"excerpt":{"rendered":"<p>Pour l&rsquo;amour de la terre a \u00e9t\u00e9 choisi comme th\u00e8me de la convention cette ann\u00e9e afin de c\u00e9l\u00e9brer et d&rsquo;explorer le r\u00f4le central que joue la terre dans la vie des fermiers, des paysans, des peuples indig\u00e8nes et de la soci\u00e9t\u00e9 en g\u00e9n\u00e9ral.<\/p>\n","protected":false},"author":2,"featured_media":24013,"parent":26121,"menu_order":4,"comment_status":"closed","ping_status":"closed","template":"tmpl-blocks-contained.php","meta":{"_acf_changed":false,"_tec_requires_first_save":true,"_EventAllDay":false,"_EventTimezone":"","_EventStartDate":"","_EventEndDate":"","_EventStartDateUTC":"","_EventEndDateUTC":"","_EventShowMap":false,"_EventShowMapLink":false,"_EventURL":"","_EventCost":"","_EventCostDescription":"","_EventCurrencySymbol":"","_EventCurrencyCode":"","_EventCurrencyPosition":"","_EventDateTimeSeparator":"","_EventTimeRangeSeparator":"","_EventOrganizerID":[],"_EventVenueID":[],"_OrganizerEmail":"","_OrganizerPhone":"","_OrganizerWebsite":"","_VenueAddress":"","_VenueCity":"","_VenueCountry":"","_VenueProvince":"","_VenueState":"","_VenueZip":"","_VenuePhone":"","_VenueURL":"","_VenueStateProvince":"","_VenueLat":"","_VenueLng":"","_VenueShowMap":false,"_VenueShowMapLink":false,"_tribe_blocks_recurrence_rules":"","_tribe_blocks_recurrence_description":"","_tribe_blocks_recurrence_exclusions":"","_ecp_custom_4":"","_ecp_custom_7":"","_ecp_custom_9":"","_ecp_custom_10":"","_ecp_custom_12":"","_ecp_custom_13":"","footnotes":""},"post_region":[],"post_campaign":[],"class_list":["post-26404","page","type-page","status-publish","has-post-thumbnail","hentry","page_categories-convention-page-fr"],"acf":[],"_links":{"self":[{"href":"https:\/\/www.nfu.ca\/fr\/wp-json\/wp\/v2\/pages\/26404","targetHints":{"allow":["GET"]}}],"collection":[{"href":"https:\/\/www.nfu.ca\/fr\/wp-json\/wp\/v2\/pages"}],"about":[{"href":"https:\/\/www.nfu.ca\/fr\/wp-json\/wp\/v2\/types\/page"}],"author":[{"embeddable":true,"href":"https:\/\/www.nfu.ca\/fr\/wp-json\/wp\/v2\/users\/2"}],"replies":[{"embeddable":true,"href":"https:\/\/www.nfu.ca\/fr\/wp-json\/wp\/v2\/comments?post=26404"}],"version-history":[{"count":0,"href":"https:\/\/www.nfu.ca\/fr\/wp-json\/wp\/v2\/pages\/26404\/revisions"}],"up":[{"embeddable":true,"href":"https:\/\/www.nfu.ca\/fr\/wp-json\/wp\/v2\/pages\/26121"}],"wp:featuredmedia":[{"embeddable":true,"href":"https:\/\/www.nfu.ca\/fr\/wp-json\/wp\/v2\/media\/24013"}],"wp:attachment":[{"href":"https:\/\/www.nfu.ca\/fr\/wp-json\/wp\/v2\/media?parent=26404"}],"wp:term":[{"taxonomy":"post_region","embeddable":true,"href":"https:\/\/www.nfu.ca\/fr\/wp-json\/wp\/v2\/post_region?post=26404"},{"taxonomy":"post_campaign","embeddable":true,"href":"https:\/\/www.nfu.ca\/fr\/wp-json\/wp\/v2\/post_campaign?post=26404"}],"curies":[{"name":"wp","href":"https:\/\/api.w.org\/{rel}","templated":true}]}}