
{"id":26378,"date":"2017-08-28T23:52:20","date_gmt":"2017-08-29T05:52:20","guid":{"rendered":"https:\/\/www.nfu.ca\/nouveau-brunswick\/"},"modified":"2025-03-01T02:01:34","modified_gmt":"2025-03-01T08:01:34","slug":"nouveau-brunswick","status":"publish","type":"page","link":"https:\/\/www.nfu.ca\/fr\/regions\/region-1\/nouveau-brunswick\/","title":{"rendered":"R\u00e9gion 1 (Atlantique) &#8211; District 2 (Nouveau-Brunswick)"},"content":{"rendered":"\n<header class=\"wp-block-cover alignfull has-custom-content-position is-position-bottom-center banner-upper has-title\" style=\"min-height:430px;aspect-ratio:unset;\" id=\"banner-upper\"><span aria-hidden=\"true\" class=\"wp-block-cover__background has-background-dim-30 has-background-dim wp-block-cover__gradient-background has-background-gradient\" style=\"background:linear-gradient(180deg,rgba(0,149,227,0.95) 0%,rgba(0,0,0,0.24) 100%)\"><\/span><img loading=\"lazy\" decoding=\"async\" width=\"1800\" height=\"800\" class=\"wp-block-cover__image-background wp-image-510\" alt=\"NFU - Atlantic Region (Region 1) - District 2 (New Brunswick)\" src=\"https:\/\/www.nfu.ca\/wp-content\/uploads\/2017\/08\/nfu-paysage-west-quaco.jpg\" data-object-fit=\"cover\" srcset=\"https:\/\/www.nfu.ca\/wp-content\/uploads\/2017\/08\/nfu-paysage-west-quaco.jpg 1800w, https:\/\/www.nfu.ca\/wp-content\/uploads\/2017\/08\/nfu-paysage-west-quaco-300x133.jpg 300w, https:\/\/www.nfu.ca\/wp-content\/uploads\/2017\/08\/nfu-paysage-west-quaco-768x341.jpg 768w, https:\/\/www.nfu.ca\/wp-content\/uploads\/2017\/08\/nfu-paysage-west-quaco-1024x455.jpg 1024w, https:\/\/www.nfu.ca\/wp-content\/uploads\/2017\/08\/nfu-paysage-west-quaco-1080x480.jpg 1080w\" sizes=\"auto, (max-width: 1800px) 100vw, 1800px\" \/><div class=\"wp-block-cover__inner-container is-layout-flow wp-block-cover-is-layout-flow\">\n<div class=\"wp-block-stackable-heading stk-block-heading stk-block-heading--v2 stk-block stk-213ccfd banner-slug\" id=\"span-style-color-fff-class-stk-highlight-national-farmers-union-span\" data-block-id=\"213ccfd\"><style>.stk-213ccfd .stk-block-heading__text{text-shadow:0px 2px 5px #123f52ff !important;color:#fff !important;}<\/style><h6 class=\"stk-block-heading__text has-text-color has-text-align-center\"><span style=\"color: #fff;\" class=\"stk-highlight\">Union Nationale des Fermiers<\/span><\/h6><\/div>\n\n\n\n<div class=\"wp-block-stackable-heading stk-block-heading stk-block-heading--v2 stk-block stk-77d07d0 banner-headline\" id=\"region-1-district-2\" data-block-id=\"77d07d0\"><style>.stk-77d07d0 .stk-block-heading__text{text-shadow:0px 8px 14px #123f52ff !important;color:#fff !important;}<\/style><h1 class=\"stk-block-heading__text has-text-color has-text-align-center\">R\u00e9gion 1-District 2<\/h1><\/div>\n\n\n\n<div class=\"wp-block-stackable-heading stk-block-heading stk-block-heading--v2 stk-block stk-ff1a45b\" id=\"atlantic-region-new-brunswick\" data-block-id=\"ff1a45b\"><style>.stk-ff1a45b .stk-block-heading__text{color:#ffffff !important;}<\/style><h6 class=\"stk-block-heading__text has-text-color has-text-align-center\">R\u00e9gion de l&rsquo;Atlantique, Nouveau-Brunswick<\/h6><\/div>\n<\/div><\/header>\n\n<div class=\"wp-block-stackable-hero alignfull stk-block-hero stk-block stk-08fda9e is-style-default\" data-v=\"2\" id=\"content-first\" data-block-id=\"08fda9e\"><style>.stk-08fda9e .stk-block-hero__content{min-height:5px !important;align-items:center !important;display:flex !important;}<\/style><div class=\"stk-block-hero__content stk-content-align stk-08fda9e-column alignwide stk-container stk-08fda9e-container stk--no-background stk--no-padding\"><div class=\"stk-block-content stk-inner-blocks has-text-align-left stk-08fda9e-inner-blocks\"><ol class=\"breadcrumb\"><li><a href=\"https:\/\/www.nfu.ca\/fr\/\">National Farmers Union<\/a><\/li><\/ol>\n\n\n\n<div class=\"wp-block-stackable-columns stk-block-columns stk-block stk-1786798\" data-block-id=\"1786798\"><div class=\"stk-row stk-inner-blocks stk-block-content stk-content-align stk-1786798-column\">\n<div class=\"wp-block-stackable-column stk-block-column stk-column stk-block stk-cdf62d9\" data-v=\"4\" data-block-id=\"cdf62d9\"><div class=\"stk-column-wrapper stk-block-column__content stk-container stk-cdf62d9-container stk--no-background stk--no-padding\"><div class=\"has-text-align-left stk-block-content stk-inner-blocks stk-cdf62d9-inner-blocks\">\n<div class=\"wp-block-stackable-text stk-block-text stk-block stk-ae555d2 lead\" data-block-id=\"ae555d2\"><p class=\"stk-block-text__text\">La r\u00e9gion 1 de l&rsquo;UNF, district 2, comprend le Nouveau-Brunswick. La Nationale des Fermiers est une organisation agricole g\u00e9n\u00e9rale accr\u00e9dit\u00e9e au Nouveau-Brunswick. L&rsquo;ann\u00e9e d&rsquo;enregistrement des entreprises agricoles s&rsquo;\u00e9tend du 1er f\u00e9vrier au 31 janvier. L&rsquo;inscription et le renouvellement peuvent \u00eatre effectu\u00e9s en ligne par l&rsquo;interm\u00e9diaire de <a href=\"https:\/\/www2.gnb.ca\/content\/gnb\/en\/services\/services_renderer.201447.Farm_Business_Registry.html\" target=\"_blank\" rel=\"noopener\">Service NB<\/a> ou en envoyant les formulaires par la poste au registraire des exploitations agricoles. T\u00e9l\u00e9chargez les formulaires papier <a href=\"http:\/\/nfunb.org\/en\/wp-content\/uploads\/2017\/11\/2018-FarmBusinessRegistrationForm.pdf\" target=\"_blank\" rel=\"noopener\">ici<\/a>.<\/p><\/div>\n\n\n\n<div class=\"wp-block-stackable-text stk-block-text stk-block stk-51f6f9b\" data-block-id=\"51f6f9b\"><p class=\"stk-block-text__text\"><a rel=\"noopener\" target=\"_blank\" href=\"http:\/\/nfunb.org\/en\/wp-content\/uploads\/2017\/11\/2018-FarmBusinessRegistryFAQ.pdf\">T\u00e9l\u00e9chargez la foire aux questions 2018<\/a> du minist\u00e8re de l&rsquo;agriculture pour en savoir plus sur le carburant agricole d\u00e9tax\u00e9, le permis d&rsquo;achat, le programme de remise sur le carburant agricole et les plaques d&rsquo;immatriculation agricoles. Pour toute question, veuillez contacter Carrie Roth, registraire des exploitations agricoles : <a href=\"tel:5064442848\">(506) 444-2848<\/a>.<\/p><\/div>\n\n\n\n<div class=\"wp-block-stackable-text stk-block-text stk-block stk-29d6dce\" data-block-id=\"29d6dce\"><p class=\"stk-block-text__text\">Visitez le <a href=\"http:\/\/nfunb.org\/en\/\" target=\"_blank\" rel=\"noopener\">site Web de l&rsquo;UNF au Nouveau-Brunswick<\/a> pour en savoir plus sur les activit\u00e9s de l&rsquo;UNF dans la r\u00e9gion 1 et le district 2.<\/p><\/div>\n<\/div><\/div><\/div>\n<\/div><\/div>\n<\/div><\/div><\/div>\n\n<div class=\"wp-block-stackable-columns stk-block-columns stk-block stk-2dc8372\" data-block-id=\"2dc8372\"><style>.stk-2dc8372-column{max-width:1170px !important;min-width:auto !important;}<\/style><div class=\"stk-row stk-inner-blocks stk-block-content stk-content-align stk-2dc8372-column\">\n<div class=\"wp-block-stackable-column stk-block-column stk-column stk-block stk-38cee6b stk-block-background\" data-v=\"4\" data-block-id=\"38cee6b\"><style>.stk-38cee6b {background-color:#e7dfcc !important;border-top-left-radius:24px !important;border-top-right-radius:24px !important;border-bottom-right-radius:24px !important;border-bottom-left-radius:24px !important;overflow:hidden !important;}.stk-38cee6b:before{background-color:#e7dfcc !important;}<\/style><div class=\"stk-column-wrapper stk-block-column__content stk-container stk-38cee6b-container stk--no-background stk--no-padding\"><div class=\"stk-block-content stk-inner-blocks stk-38cee6b-inner-blocks\">\n<div class=\"wp-block-stackable-columns stk-block-columns stk-block stk-397bc2c\" data-block-id=\"397bc2c\"><div class=\"stk-row stk-inner-blocks stk-block-content stk-content-align stk-397bc2c-column\">\n<div class=\"wp-block-stackable-column stk-block-column stk-column stk-block stk-c4faff9\" data-v=\"4\" data-block-id=\"c4faff9\"><style>@media screen and (min-width: 768px){.stk-c4faff9 {flex:var(--stk-flex-grow, 1) 1 66.7% !important;}}<\/style><div class=\"stk-column-wrapper stk-block-column__content stk-container stk-c4faff9-container stk--no-background stk--no-padding\"><div class=\"stk-block-content stk-inner-blocks stk-c4faff9-inner-blocks\">\n<div class=\"wp-block-stackable-heading stk-block-heading stk-block-heading--v2 stk-block stk-e57dcd4\" id=\"region-1-district-2-nb-updates\" data-block-id=\"e57dcd4\"><h3 class=\"stk-block-heading__text\">R\u00e9gion 1, District 2 (NB) mises \u00e0 jour<\/h3><\/div>\n<\/div><\/div><\/div>\n\n\n\n<div class=\"wp-block-stackable-column stk-block-column stk-column stk-block stk-5c71efa\" data-v=\"4\" data-block-id=\"5c71efa\"><style>@media screen and (min-width: 768px){.stk-5c71efa {flex:var(--stk-flex-grow, 1) 1 33.3% !important;}}<\/style><div class=\"stk-column-wrapper stk-block-column__content stk-container stk-5c71efa-container stk--no-background stk--no-padding\"><div class=\"has-text-align-right stk-block-content stk-inner-blocks stk-5c71efa-inner-blocks\">\n<div class=\"wp-block-stackable-button-group stk-block-button-group stk-block stk-860a180\" data-block-id=\"860a180\"><div class=\"stk-row stk-inner-blocks stk-block-content stk-button-group\">\n<div class=\"wp-block-stackable-button stk-block-button stk-block stk-77c75ee\" data-block-id=\"77c75ee\"><style>.stk-77c75ee .stk-button{background:#212529 !important;border-top-left-radius:24px !important;border-top-right-radius:24px !important;border-bottom-right-radius:24px !important;border-bottom-left-radius:24px !important;}.stk-77c75ee .stk-button .stk--inner-svg svg:last-child, .stk-77c75ee .stk-button .stk--inner-svg svg:last-child :is(g, path, rect, polygon, ellipse){fill:#fff !important;}.stk-77c75ee .stk-button__inner-text{color:#ffffff !important;}<\/style><a class=\"stk-link stk-button stk--hover-effect-darken\" href=\"https:\/\/www.nfu.ca\/post_region\/region1-district2\/\"><span class=\"has-text-color stk-button__inner-text\">En savoir plus<\/span><span class=\"stk--svg-wrapper\"><div class=\"stk--inner-svg\"><svg aria-hidden=\"true\" focusable=\"false\" data-prefix=\"fas\" data-icon=\"arrow-right\" class=\"svg-inline--fa fa-arrow-right fa-w-14\" xmlns=\"http:\/\/www.w3.org\/2000\/svg\" viewbox=\"0 0 448 512\" width=\"32\" height=\"32\"><path fill=\"currentColor\" d=\"M190.5 66.9l22.2-22.2c9.4-9.4 24.6-9.4 33.9 0L441 239c9.4 9.4 9.4 24.6 0 33.9L246.6 467.3c-9.4 9.4-24.6 9.4-33.9 0l-22.2-22.2c-9.5-9.5-9.3-25 .4-34.3L311.4 296H24c-13.3 0-24-10.7-24-24v-32c0-13.3 10.7-24 24-24h287.4L190.9 101.2c-9.8-9.3-10-24.8-.4-34.3z\"><\/path><\/svg><\/div><\/span><\/a><\/div>\n<\/div><\/div>\n<\/div><\/div><\/div>\n<\/div><\/div>\n\n\n\n<div class=\"wp-block-query is-layout-flow wp-block-query-is-layout-flow\"><ul class=\"columns-4 wp-block-post-template is-layout-grid wp-container-core-post-template-is-layout-b954fd2f wp-block-post-template-is-layout-grid\"><li class=\"wp-block-post post-26722 post type-post status-publish format-standard hentry category-communique-de-presse tag-covid-19-fr tag-travailleurs-agricoles post_region-region-1-district-2 post_campaign-covid-19-fr\">\n\n<div class=\"wp-block-group is-layout-flow wp-block-group-is-layout-flow\" style=\"padding-top:30px;padding-right:30px;padding-bottom:30px;padding-left:30px\">\n\n<div class=\"wp-block-post-date\"><time datetime=\"2020-04-28T17:24:05-06:00\">28 avril 2020<\/time><\/div>\n\n<h6 class=\"wp-block-post-title\"><a href=\"https:\/\/www.nfu.ca\/fr\/declaration-commune-concernant-la-restriction-des-tet\/\" target=\"_self\" >D\u00e9claration commune concernant la restriction des TET<\/a><\/h6><\/div>\n\n<\/li><li class=\"wp-block-post post-26716 post type-post status-publish format-standard has-post-thumbnail hentry category-opinion-fr tag-covid-19-fr tag-porcs post_region-region-1-district-2 post_campaign-covid-19-fr\">\n\n<div class=\"wp-block-group is-layout-flow wp-block-group-is-layout-flow\" style=\"padding-top:30px;padding-right:30px;padding-bottom:30px;padding-left:30px\"><figure style=\"aspect-ratio:4\/3;\" class=\"wp-block-post-featured-image\"><a href=\"https:\/\/www.nfu.ca\/fr\/alimentation-et-agriculture-lecons-de-la-pandemie\/\" target=\"_self\"  ><img loading=\"lazy\" decoding=\"async\" width=\"1250\" height=\"703\" src=\"https:\/\/www.nfu.ca\/wp-content\/uploads\/2020\/04\/jean-eudes-chiasson.jpg\" class=\"attachment-post-thumbnail size-post-thumbnail wp-post-image\" alt=\"Alimentation et agriculture &#8211; Les le\u00e7ons de la pand\u00e9mie\" style=\"width:100%;height:100%;object-fit:cover;\" srcset=\"https:\/\/www.nfu.ca\/wp-content\/uploads\/2020\/04\/jean-eudes-chiasson.jpg 1250w, https:\/\/www.nfu.ca\/wp-content\/uploads\/2020\/04\/jean-eudes-chiasson-300x169.jpg 300w, https:\/\/www.nfu.ca\/wp-content\/uploads\/2020\/04\/jean-eudes-chiasson-1024x576.jpg 1024w, https:\/\/www.nfu.ca\/wp-content\/uploads\/2020\/04\/jean-eudes-chiasson-768x432.jpg 768w\" sizes=\"auto, (max-width: 1250px) 100vw, 1250px\" \/><\/a><\/figure>\n\n<div class=\"wp-block-post-date\"><time datetime=\"2020-04-20T20:59:51-06:00\">20 avril 2020<\/time><\/div>\n\n<h6 class=\"wp-block-post-title\"><a href=\"https:\/\/www.nfu.ca\/fr\/alimentation-et-agriculture-lecons-de-la-pandemie\/\" target=\"_self\" >Alimentation et agriculture &#8211; Les le\u00e7ons de la pand\u00e9mie<\/a><\/h6><\/div>\n\n<\/li><li class=\"wp-block-post post-26699 post type-post status-publish format-standard has-post-thumbnail hentry category-communique-de-presse tag-alimentation-locale tag-gestion-de-loffre tag-oeufs post_region-region-1-district-2\">\n\n<div class=\"wp-block-group is-layout-flow wp-block-group-is-layout-flow\" style=\"padding-top:30px;padding-right:30px;padding-bottom:30px;padding-left:30px\"><figure style=\"aspect-ratio:4\/3;\" class=\"wp-block-post-featured-image\"><a href=\"https:\/\/www.nfu.ca\/fr\/ouverture-de-lassemblee-legislative-du-nouveau-brunswick\/\" target=\"_self\"  ><img loading=\"lazy\" decoding=\"async\" width=\"960\" height=\"720\" src=\"https:\/\/www.nfu.ca\/wp-content\/uploads\/2019\/11\/Hens-at-the-Leg-NB-2019-11-19.jpg\" class=\"attachment-post-thumbnail size-post-thumbnail wp-post-image\" alt=\"Les poules saluent l&rsquo;ouverture de la l\u00e9gislature du Nouveau-Brunswick\" style=\"width:100%;height:100%;object-fit:cover;\" srcset=\"https:\/\/www.nfu.ca\/wp-content\/uploads\/2019\/11\/Hens-at-the-Leg-NB-2019-11-19.jpg 960w, https:\/\/www.nfu.ca\/wp-content\/uploads\/2019\/11\/Hens-at-the-Leg-NB-2019-11-19-300x225.jpg 300w, https:\/\/www.nfu.ca\/wp-content\/uploads\/2019\/11\/Hens-at-the-Leg-NB-2019-11-19-768x576.jpg 768w\" sizes=\"auto, (max-width: 960px) 100vw, 960px\" \/><\/a><\/figure>\n\n<div class=\"wp-block-post-date\"><time datetime=\"2019-11-21T14:57:33-06:00\">21 novembre 2019<\/time><\/div>\n\n<h6 class=\"wp-block-post-title\"><a href=\"https:\/\/www.nfu.ca\/fr\/ouverture-de-lassemblee-legislative-du-nouveau-brunswick\/\" target=\"_self\" >Les poules saluent l&rsquo;ouverture de la l\u00e9gislature du Nouveau-Brunswick<\/a><\/h6><\/div>\n\n<\/li><li class=\"wp-block-post post-26695 post type-post status-publish format-standard has-post-thumbnail hentry category-communique-de-presse tag-comite-des-programmes-internationaux tag-la-via-campesina-lvc-fr tag-les-jeunes tag-nouveaux-fermiers post_region-region-1-district-2\">\n\n<div class=\"wp-block-group is-layout-flow wp-block-group-is-layout-flow\" style=\"padding-top:30px;padding-right:30px;padding-bottom:30px;padding-left:30px\"><figure style=\"aspect-ratio:4\/3;\" class=\"wp-block-post-featured-image\"><a href=\"https:\/\/www.nfu.ca\/fr\/lunf-accueille-la-conference-des-jeunes-de-la-via-campesina-le-11-novembre-15\/\" target=\"_self\"  ><img loading=\"lazy\" decoding=\"async\" width=\"700\" height=\"393\" src=\"https:\/\/www.nfu.ca\/wp-content\/uploads\/2014\/06\/NFUYouth_1163_meeting.jpg\" class=\"attachment-post-thumbnail size-post-thumbnail wp-post-image\" alt=\"L&rsquo;UNF accueille la conf\u00e9rence des jeunes de La Via Campesina, du 11 au 15 novembre\" style=\"width:100%;height:100%;object-fit:cover;\" srcset=\"https:\/\/www.nfu.ca\/wp-content\/uploads\/2014\/06\/NFUYouth_1163_meeting.jpg 700w, https:\/\/www.nfu.ca\/wp-content\/uploads\/2014\/06\/NFUYouth_1163_meeting-300x168.jpg 300w\" sizes=\"auto, (max-width: 700px) 100vw, 700px\" \/><\/a><\/figure>\n\n<div class=\"wp-block-post-date\"><time datetime=\"2019-11-08T10:16:07-06:00\">8 novembre 2019<\/time><\/div>\n\n<h6 class=\"wp-block-post-title\"><a href=\"https:\/\/www.nfu.ca\/fr\/lunf-accueille-la-conference-des-jeunes-de-la-via-campesina-le-11-novembre-15\/\" target=\"_self\" >L&rsquo;UNF accueille la conf\u00e9rence des jeunes de La Via Campesina, du 11 au 15 novembre<\/a><\/h6><\/div>\n\n<\/li><\/ul><\/div>\n<\/div><\/div><\/div>\n<\/div><\/div>\n\n<div class=\"wp-block-stackable-hero alignfull stk-block-hero stk-block stk-ee83c1d stk-block-background is-style-default\" data-v=\"2\" data-block-id=\"ee83c1d\"><style>.stk-ee83c1d-inner-blocks{justify-content:center !important;}.stk-ee83c1d {background-color:#e7dfcc !important;margin-bottom:0px !important;}.stk-ee83c1d:before{background-color:#e7dfcc !important;}.stk-ee83c1d .stk-block-hero__content{min-height:5px !important;align-items:center !important;display:flex !important;}<\/style><div class=\"stk-block-hero__content stk-content-align stk-ee83c1d-column stk-container stk-ee83c1d-container stk--no-background stk--no-padding\"><div class=\"stk-block-content stk-inner-blocks stk--column-flex stk-ee83c1d-inner-blocks\">\n<div class=\"wp-block-stackable-columns alignfull stk-block-columns stk-block stk-9f0294b\" data-block-id=\"9f0294b\"><style>.stk-9f0294b {overflow:hidden !important;}<\/style><div class=\"stk-row stk-inner-blocks stk-block-content stk-content-align stk-9f0294b-column alignfull\">\n<div class=\"wp-block-stackable-column stk-block-column stk-column stk-block stk-2264a52\" data-v=\"4\" data-block-id=\"2264a52\"><div class=\"stk-column-wrapper stk-block-column__content stk-container stk-2264a52-container stk--no-background stk--no-padding\"><div class=\"stk-block-content stk-inner-blocks stk-2264a52-inner-blocks\">\n<div class=\"wp-block-stackable-heading stk-block-heading stk-block-heading--v2 stk-block stk-11a4e24\" id=\"region-1-district-2-nb-representatives\" data-block-id=\"11a4e24\"><h3 class=\"stk-block-heading__text has-text-align-center\">R\u00e9gion 1, District 2 (NB) Repr\u00e9sentants<\/h3><\/div>\n\n\n<div class=\"grid-member-cards grid-members-2\">    \n    <div class=\"nfu-user-card\">\n        <div class=\"user-image\">\n            <img loading=\"lazy\" decoding=\"async\" width=\"150\" height=\"150\" src=\"https:\/\/www.nfu.ca\/wp-content\/uploads\/2023\/02\/IMG_0038-1-150x150.jpg\" class=\"attachment-thumbnail size-thumbnail\" alt=\"\" srcset=\"https:\/\/www.nfu.ca\/wp-content\/uploads\/2023\/02\/IMG_0038-1-150x150.jpg 150w, https:\/\/www.nfu.ca\/wp-content\/uploads\/2023\/02\/IMG_0038-1-768x768.jpg 768w\" sizes=\"auto, (max-width: 150px) 100vw, 150px\" \/>        <\/div>\n        <div class=\"user-meta\">\n        <h5>Barbara Amos<\/h5>\n        <p class=\"member-role\"><strong>Coordinateur r\u00e9gional &#8211; Membre du conseil d&rsquo;administration<\/strong><\/p><p class=\"member-location\"><i class=\"bx bxs-map\"><\/i>&nbsp;Sainte Marie de Kent, NB<\/p><p class=\"user-card-regions\">        <a class=\"user-card-region\" href=\"https:\/\/www.nfu.ca\/fr\/regions\/region-1\/nouveau-brunswick\/\">R\u00e9gion 1 (Atlantique) &#8211; District 2 (Nouveau-Brunswick)<\/a>\n    <\/p>        <\/div>\n        <div class=\"user-contact\">\n                                            <p><\/p>\n        <\/div>\n\n        <div class=\"user-more-info\">\n            <button type=\"button\" class=\"btn btn-usercard btn-primary\" data-bio=\"Barbara has worked as a teacher, in the education system, as tutor for the St. Thomas University\/Elsipogtog Aotiitj program, and on the farm.\nShe was an active member in the teachers union and served as branch president for two years. She has always been interested in agriculture and, because of her interest, and concern over issues such as vertical integration, the increasing industrialization of farming, the voices of the actual farmers being drowned out by the vociferous racket of nonfarmers, etc, Barbara became involved with the NFU-NB for several years.\n\" data-bs-toggle=\"modal\" data-bs-target=\"#profileModal\" data-name=\"Barbara Amos\" data-img=\"https:\/\/www.nfu.ca\/wp-content\/uploads\/2023\/02\/IMG_0038-1-150x150.jpg\" data-location=\"Sainte Marie de Kent, NB\">More Info<\/button>\n        <\/div>\n        \n    <\/div>\n    <\/div><!-- ends member card block --><\/div><\/div><\/div>\n<\/div><\/div>\n<\/div><\/div><\/div>\n","protected":false},"excerpt":{"rendered":"<p>La r\u00e9gion 1 de l&rsquo;UNF, district 2, comprend le Nouveau-Brunswick. La Nationale des Fermiers est une organisation agricole g\u00e9n\u00e9rale accr\u00e9dit\u00e9e au Nouveau-Brunswick. L&rsquo;ann\u00e9e d&rsquo;enregistrement des entreprises agricoles s&rsquo;\u00e9tend du 1er<\/p>\n","protected":false},"author":2,"featured_media":0,"parent":26426,"menu_order":2,"comment_status":"closed","ping_status":"closed","template":"tmpl-blocks-contained.php","meta":{"_acf_changed":false,"_tec_requires_first_save":true,"_EventAllDay":false,"_EventTimezone":"","_EventStartDate":"","_EventEndDate":"","_EventStartDateUTC":"","_EventEndDateUTC":"","_EventShowMap":false,"_EventShowMapLink":false,"_EventURL":"","_EventCost":"","_EventCostDescription":"","_EventCurrencySymbol":"","_EventCurrencyCode":"","_EventCurrencyPosition":"","_EventDateTimeSeparator":"","_EventTimeRangeSeparator":"","_EventOrganizerID":[],"_EventVenueID":[],"_OrganizerEmail":"","_OrganizerPhone":"","_OrganizerWebsite":"","_VenueAddress":"","_VenueCity":"","_VenueCountry":"","_VenueProvince":"","_VenueState":"","_VenueZip":"","_VenuePhone":"","_VenueURL":"","_VenueStateProvince":"","_VenueLat":"","_VenueLng":"","_VenueShowMap":false,"_VenueShowMapLink":false,"_tribe_blocks_recurrence_rules":"","_tribe_blocks_recurrence_description":"","_tribe_blocks_recurrence_exclusions":"","_ecp_custom_4":"","_ecp_custom_7":"","_ecp_custom_9":"","_ecp_custom_10":"","_ecp_custom_12":"","_ecp_custom_13":"","footnotes":""},"post_region":[],"post_campaign":[],"class_list":["post-26378","page","type-page","status-publish","hentry","page_categories-region-page-fr"],"acf":[],"_links":{"self":[{"href":"https:\/\/www.nfu.ca\/fr\/wp-json\/wp\/v2\/pages\/26378","targetHints":{"allow":["GET"]}}],"collection":[{"href":"https:\/\/www.nfu.ca\/fr\/wp-json\/wp\/v2\/pages"}],"about":[{"href":"https:\/\/www.nfu.ca\/fr\/wp-json\/wp\/v2\/types\/page"}],"author":[{"embeddable":true,"href":"https:\/\/www.nfu.ca\/fr\/wp-json\/wp\/v2\/users\/2"}],"replies":[{"embeddable":true,"href":"https:\/\/www.nfu.ca\/fr\/wp-json\/wp\/v2\/comments?post=26378"}],"version-history":[{"count":8,"href":"https:\/\/www.nfu.ca\/fr\/wp-json\/wp\/v2\/pages\/26378\/revisions"}],"predecessor-version":[{"id":37524,"href":"https:\/\/www.nfu.ca\/fr\/wp-json\/wp\/v2\/pages\/26378\/revisions\/37524"}],"up":[{"embeddable":true,"href":"https:\/\/www.nfu.ca\/fr\/wp-json\/wp\/v2\/pages\/26426"}],"wp:attachment":[{"href":"https:\/\/www.nfu.ca\/fr\/wp-json\/wp\/v2\/media?parent=26378"}],"wp:term":[{"taxonomy":"post_region","embeddable":true,"href":"https:\/\/www.nfu.ca\/fr\/wp-json\/wp\/v2\/post_region?post=26378"},{"taxonomy":"post_campaign","embeddable":true,"href":"https:\/\/www.nfu.ca\/fr\/wp-json\/wp\/v2\/post_campaign?post=26378"}],"curies":[{"name":"wp","href":"https:\/\/api.w.org\/{rel}","templated":true}]}}