
{"id":26363,"date":"2017-08-28T23:53:45","date_gmt":"2017-08-29T05:53:45","guid":{"rendered":"https:\/\/www.nfu.ca\/region-2-quebec\/"},"modified":"2025-01-03T13:35:21","modified_gmt":"2025-01-03T19:35:21","slug":"region-2-quebec","status":"publish","type":"page","link":"https:\/\/www.nfu.ca\/fr\/regions\/region-2-quebec\/","title":{"rendered":"R\u00e9gion 2 (Qu\u00e9bec)"},"content":{"rendered":"\n<header class=\"wp-block-cover alignfull has-custom-content-position is-position-bottom-center banner-upper has-title\" id=\"banner-upper\"><span aria-hidden=\"true\" class=\"wp-block-cover__background has-background-dim-30 has-background-dim wp-block-cover__gradient-background has-background-gradient\" style=\"background:linear-gradient(180deg,rgba(0,0,0,0.95) 0%,rgba(0,0,0,0.24) 100%)\"><\/span><img loading=\"lazy\" decoding=\"async\" width=\"1800\" height=\"800\" class=\"wp-block-cover__image-background wp-image-5077\" alt=\"NFU Region 2: Quebec\" src=\"https:\/\/www.nfu.ca\/wp-content\/uploads\/2018\/06\/nfu-region-region2-quebec-alex-greenland-banner.jpg\" data-object-fit=\"cover\" srcset=\"https:\/\/www.nfu.ca\/wp-content\/uploads\/2018\/06\/nfu-region-region2-quebec-alex-greenland-banner.jpg 1800w, https:\/\/www.nfu.ca\/wp-content\/uploads\/2018\/06\/nfu-region-region2-quebec-alex-greenland-banner-300x133.jpg 300w, https:\/\/www.nfu.ca\/wp-content\/uploads\/2018\/06\/nfu-region-region2-quebec-alex-greenland-banner-768x341.jpg 768w, https:\/\/www.nfu.ca\/wp-content\/uploads\/2018\/06\/nfu-region-region2-quebec-alex-greenland-banner-1024x455.jpg 1024w, https:\/\/www.nfu.ca\/wp-content\/uploads\/2018\/06\/nfu-region-region2-quebec-alex-greenland-banner-1600x711.jpg 1600w\" sizes=\"auto, (max-width: 1800px) 100vw, 1800px\" \/><div class=\"wp-block-cover__inner-container is-layout-flow wp-block-cover-is-layout-flow\">\n<div class=\"wp-block-stackable-heading stk-block-heading stk-block-heading--v2 stk-block stk-213ccfd banner-slug\" id=\"span-style-color-fff-class-stk-highlight-national-farmers-union-span\" data-block-id=\"213ccfd\"><style>.stk-213ccfd .stk-block-heading__text{text-shadow:0px 2px 5px #123f52ff !important;color:#fff !important;}<\/style><h6 class=\"stk-block-heading__text has-text-color has-text-align-center\"><span style=\"color: #fff;\" class=\"stk-highlight\">Union Nationale des Fermiers<\/span><\/h6><\/div>\n\n\n\n<div class=\"wp-block-stackable-heading stk-block-heading stk-block-heading--v2 stk-block stk-77d07d0 banner-headline\" id=\"region-2\" data-block-id=\"77d07d0\"><style>.stk-77d07d0 .stk-block-heading__text{text-shadow:0px 8px 14px #123f52ff !important;color:#fff !important;}<\/style><h1 class=\"stk-block-heading__text has-text-color has-text-align-center\">R\u00e9gion 2<\/h1><\/div>\n\n\n\n<div class=\"wp-block-stackable-heading stk-block-heading stk-block-heading--v2 stk-block stk-ff1a45b\" id=\"quebec\" data-block-id=\"ff1a45b\"><style>.stk-ff1a45b .stk-block-heading__text{color:#ffffff !important;}<\/style><h6 class=\"stk-block-heading__text has-text-color has-text-align-center\">Qu\u00e9bec<\/h6><\/div>\n<\/div><\/header>\n\n<div class=\"wp-block-stackable-hero alignfull stk-block-hero stk-block stk-08fda9e is-style-default\" data-v=\"2\" id=\"content-first\" data-block-id=\"08fda9e\"><style>.stk-08fda9e .stk-block-hero__content{min-height:5px !important;align-items:center !important;display:flex !important;}<\/style><div class=\"stk-block-hero__content stk-content-align stk-08fda9e-column alignwide stk-container stk-08fda9e-container stk--no-background stk--no-padding\"><div class=\"stk-block-content stk-inner-blocks has-text-align-left stk-08fda9e-inner-blocks\"><ol class=\"breadcrumb\"><li><a href=\"https:\/\/www.nfu.ca\/fr\/\">National Farmers Union<\/a><\/li><\/ol>\n\n\n\n<div class=\"wp-block-stackable-columns stk-block-columns stk-block stk-1786798\" data-block-id=\"1786798\"><div class=\"stk-row stk-inner-blocks stk-block-content stk-content-align stk-1786798-column\">\n<div class=\"wp-block-stackable-column stk-block-column stk-column stk-block stk-cdf62d9\" data-v=\"4\" data-block-id=\"cdf62d9\"><div class=\"stk-column-wrapper stk-block-column__content stk-container stk-cdf62d9-container stk--no-background stk--no-padding\"><div class=\"has-text-align-left stk-block-content stk-inner-blocks stk-cdf62d9-inner-blocks\">\n<div class=\"wp-block-stackable-text stk-block-text stk-block stk-5a28405\" data-block-id=\"5a28405\"><p class=\"stk-block-text__text\">La Nationale des Fermiers est organis\u00e9e au niveau r\u00e9gional. Chaque r\u00e9gion organise une convention annuelle au cours de laquelle les responsables r\u00e9gionaux sont \u00e9lus et les r\u00e9solutions propos\u00e9es par les membres de la r\u00e9gion sont d\u00e9battues. Les r\u00e9solutions adopt\u00e9es au niveau r\u00e9gional sont ensuite d\u00e9battues et vot\u00e9es lors de la convention nationale annuelle. Un membre du conseil d&rsquo;administration de chaque r\u00e9gion joue le r\u00f4le de coordinateur r\u00e9gional. La r\u00e9gion 2 comprend la province du Qu\u00e9bec. La r\u00e9gion 2 de l&rsquo;UNF est actuellement inactive.<\/p><\/div>\n<\/div><\/div><\/div>\n<\/div><\/div>\n<\/div><\/div><\/div>\n","protected":false},"excerpt":{"rendered":"<p>La r\u00e9gion 2 comprend la province du Qu\u00e9bec. La r\u00e9gion 2 de l&rsquo;UNF est actuellement inactive.<\/p>\n","protected":false},"author":2,"featured_media":23833,"parent":26421,"menu_order":20,"comment_status":"closed","ping_status":"closed","template":"tmpl-blocks-contained.php","meta":{"_acf_changed":false,"_tec_requires_first_save":true,"_EventAllDay":false,"_EventTimezone":"","_EventStartDate":"","_EventEndDate":"","_EventStartDateUTC":"","_EventEndDateUTC":"","_EventShowMap":false,"_EventShowMapLink":false,"_EventURL":"","_EventCost":"","_EventCostDescription":"","_EventCurrencySymbol":"","_EventCurrencyCode":"","_EventCurrencyPosition":"","_EventDateTimeSeparator":"","_EventTimeRangeSeparator":"","_EventOrganizerID":[],"_EventVenueID":[],"_OrganizerEmail":"","_OrganizerPhone":"","_OrganizerWebsite":"","_VenueAddress":"","_VenueCity":"","_VenueCountry":"","_VenueProvince":"","_VenueState":"","_VenueZip":"","_VenuePhone":"","_VenueURL":"","_VenueStateProvince":"","_VenueLat":"","_VenueLng":"","_VenueShowMap":false,"_VenueShowMapLink":false,"_tribe_blocks_recurrence_rules":"","_tribe_blocks_recurrence_description":"","_tribe_blocks_recurrence_exclusions":"","_ecp_custom_4":"","_ecp_custom_7":"","_ecp_custom_9":"","_ecp_custom_10":"","_ecp_custom_12":"","_ecp_custom_13":"","footnotes":""},"post_region":[],"post_campaign":[],"class_list":["post-26363","page","type-page","status-publish","has-post-thumbnail","hentry","page_categories-region-page-fr"],"acf":[],"_links":{"self":[{"href":"https:\/\/www.nfu.ca\/fr\/wp-json\/wp\/v2\/pages\/26363","targetHints":{"allow":["GET"]}}],"collection":[{"href":"https:\/\/www.nfu.ca\/fr\/wp-json\/wp\/v2\/pages"}],"about":[{"href":"https:\/\/www.nfu.ca\/fr\/wp-json\/wp\/v2\/types\/page"}],"author":[{"embeddable":true,"href":"https:\/\/www.nfu.ca\/fr\/wp-json\/wp\/v2\/users\/2"}],"replies":[{"embeddable":true,"href":"https:\/\/www.nfu.ca\/fr\/wp-json\/wp\/v2\/comments?post=26363"}],"version-history":[{"count":3,"href":"https:\/\/www.nfu.ca\/fr\/wp-json\/wp\/v2\/pages\/26363\/revisions"}],"predecessor-version":[{"id":32553,"href":"https:\/\/www.nfu.ca\/fr\/wp-json\/wp\/v2\/pages\/26363\/revisions\/32553"}],"up":[{"embeddable":true,"href":"https:\/\/www.nfu.ca\/fr\/wp-json\/wp\/v2\/pages\/26421"}],"wp:featuredmedia":[{"embeddable":true,"href":"https:\/\/www.nfu.ca\/fr\/wp-json\/wp\/v2\/media\/23833"}],"wp:attachment":[{"href":"https:\/\/www.nfu.ca\/fr\/wp-json\/wp\/v2\/media?parent=26363"}],"wp:term":[{"taxonomy":"post_region","embeddable":true,"href":"https:\/\/www.nfu.ca\/fr\/wp-json\/wp\/v2\/post_region?post=26363"},{"taxonomy":"post_campaign","embeddable":true,"href":"https:\/\/www.nfu.ca\/fr\/wp-json\/wp\/v2\/post_campaign?post=26363"}],"curies":[{"name":"wp","href":"https:\/\/api.w.org\/{rel}","templated":true}]}}