
{"id":26358,"date":"2017-10-04T01:09:54","date_gmt":"2017-10-04T07:09:54","guid":{"rendered":"https:\/\/www.nfu.ca\/conventions-annuelles-de-lunf\/ordre-des-points\/"},"modified":"2024-07-11T13:54:05","modified_gmt":"2024-07-11T19:54:05","slug":"ordre-des-points","status":"publish","type":"page","link":"https:\/\/www.nfu.ca\/fr\/conventions-annuelles-de-lunf\/ordre-des-points\/","title":{"rendered":"Motions de proc\u00e9dure"},"content":{"rendered":"\n<header class=\"wp-block-cover alignfull is-light has-custom-content-position is-position-bottom-left banner-upper\" id=\"banner-upper\"><span aria-hidden=\"true\" class=\"wp-block-cover__background has-background-dim wp-block-cover__gradient-background has-background-gradient\" style=\"background-color:#9f8b82;background:linear-gradient(180deg,rgb(109,7,227) 0%,rgba(109,7,227,0) 58%)\"><\/span><img loading=\"lazy\" decoding=\"async\" width=\"1800\" height=\"600\" class=\"wp-block-cover__image-background wp-image-4451\" alt=\"Sunset Under Blue Skies on the Farm\" src=\"https:\/\/nfu.ca\/wp-content\/uploads\/2018\/04\/beautiful-sunset-under-blue-skies-on-the-farm-frank-kohntopp-banner-nfu-default.jpg\" data-object-fit=\"cover\" srcset=\"https:\/\/www.nfu.ca\/wp-content\/uploads\/2018\/04\/beautiful-sunset-under-blue-skies-on-the-farm-frank-kohntopp-banner-nfu-default.jpg 1800w, https:\/\/www.nfu.ca\/wp-content\/uploads\/2018\/04\/beautiful-sunset-under-blue-skies-on-the-farm-frank-kohntopp-banner-nfu-default-300x100.jpg 300w, https:\/\/www.nfu.ca\/wp-content\/uploads\/2018\/04\/beautiful-sunset-under-blue-skies-on-the-farm-frank-kohntopp-banner-nfu-default-768x256.jpg 768w, https:\/\/www.nfu.ca\/wp-content\/uploads\/2018\/04\/beautiful-sunset-under-blue-skies-on-the-farm-frank-kohntopp-banner-nfu-default-1024x341.jpg 1024w, https:\/\/www.nfu.ca\/wp-content\/uploads\/2018\/04\/beautiful-sunset-under-blue-skies-on-the-farm-frank-kohntopp-banner-nfu-default-1600x533.jpg 1600w\" sizes=\"auto, (max-width: 1800px) 100vw, 1800px\" \/><div class=\"wp-block-cover__inner-container is-layout-flow wp-block-cover-is-layout-flow\">\n<p class=\"has-text-align-center has-large-font-size\"><\/p>\n<\/div><\/header>\n<ol class=\"breadcrumb\"><li><a href=\"https:\/\/www.nfu.ca\/fr\/\">National Farmers Union<\/a><\/li><\/ol>\n\n<div class=\"wp-block-stackable-heading stk-block-heading stk-block-heading--v2 stk-block stk-35b1992\" id=\"points-of-order\" data-block-id=\"35b1992\"><h1 class=\"stk-block-heading__text\">Motions de proc\u00e9dure<\/h1><\/div>\n\n<div class=\"wp-block-stackable-columns stk-block-columns stk-block stk-54b76e7 content-upper\" id=\"content-upper\" data-block-id=\"54b76e7\"><div class=\"stk-row stk-inner-blocks has-text-align-left stk-block-content stk-content-align stk-54b76e7-column\">\n<div class=\"wp-block-stackable-column stk-block-column stk-column stk-block stk-ef63229\" data-v=\"4\" data-block-id=\"ef63229\"><style>@media screen and (min-width:768px){.stk-ef63229{flex:var(--stk-flex-grow,1) 1 calc(66.666% - var(--stk-column-gap,0px) * 1 \/ 2 ) !important}}<\/style><div class=\"stk-column-wrapper stk-block-column__content stk-container stk-ef63229-container stk--no-background stk--no-padding\"><div class=\"has-text-align-left stk-block-content stk-inner-blocks stk-ef63229-inner-blocks\">\n<p>J&rsquo;\u00e9cris cet article pour ouvrir une discussion sur les r\u00e9solutions. Je ne l&rsquo;\u00e9cris pas pour faire autorit\u00e9 en mati\u00e8re de r\u00e9solutions. Les r\u00e9solutions jouent un r\u00f4le dans le processus d\u00e9mocratique ; et si la discussion et le d\u00e9bat sont au c\u0153ur de la d\u00e9mocratie, qui suis-je pour pr\u00e9tendre implicitement ou explicitement \u00eatre une autorit\u00e9 centrale en la mati\u00e8re ? C&rsquo;est pourquoi je soumets les \u00e9l\u00e9ments suivants \u00e0 votre appr\u00e9ciation :<\/p>\n\n\n\n<p>Les r\u00e9solutions guident une organisation, l&rsquo;UNF dans notre cas. L&rsquo;UNF est guid\u00e9e par les r\u00e9solutions du conseil d&rsquo;administration et des comit\u00e9s ex\u00e9cutifs sur les questions concernant les d\u00e9tails op\u00e9rationnels. Au plus haut niveau, l&rsquo;UNF est guid\u00e9e par des r\u00e9solutions politiques. Les politiques sont d\u00e9finies par les membres par le biais de r\u00e9solutions d\u00e9battues d\u00e9mocratiquement. Cela semble assez simple jusqu&rsquo;\u00e0 pr\u00e9sent, mais qu&rsquo;est-ce qui fait qu&rsquo;une r\u00e9solution est de bonne qualit\u00e9 ?<\/p>\n\n\n\n<p>En voici une courte liste :<\/p>\n\n\n\n<p><strong>1) La partie \u00ab\u00a0Il est r\u00e9solu&#8230;\u00a0\u00bb de la r\u00e9solution doit \u00eatre claire, succincte, donner une orientation concr\u00e8te pour une action sp\u00e9cifique et se suffire \u00e0 elle-m\u00eame.  <\/strong>Entra\u00eenez-vous \u00e0 r\u00e9diger des r\u00e9solutions sans \u00ab\u00a0consid\u00e9rant\u00a0\u00bb. De nombreuses personnes confondent les arguments avanc\u00e9s dans les \u00ab\u00a0consid\u00e9rant\u00a0\u00bb avec l&rsquo;objet de la r\u00e9solution. Ce n&rsquo;est pas le cas. L&rsquo;objectif d&rsquo;une r\u00e9solution est de guider les actions de l&rsquo;organisation, et non de pr\u00e9senter de bons arguments pour expliquer pourquoi nous devons prendre ces mesures. Les arguments peuvent \u00eatre pr\u00e9sent\u00e9s au microphone. Les r\u00e9solutions doivent \u00eatre fond\u00e9es sur ce qu&rsquo;elles demandent \u00e0 l&rsquo;organisation de faire. Vous pourriez dire que les r\u00e9solutions fournissent le \u00ab\u00a0quoi\u00a0\u00bb, tandis que les d\u00e9batteurs sur le plancher de la convention discutent du \u00ab\u00a0pourquoi\u00a0\u00bb.<\/p>\n\n\n\n<p><strong>2) La partie \u00ab\u00a0Il est r\u00e9solu\u00a0\u00bb de votre r\u00e9solution doit r\u00e9pondre \u00e0 toutes les questions \u00e0 l&rsquo;exception du \u00ab\u00a0pourquoi\u00a0\u00bb.<\/strong>  Pour guider l&rsquo;action de l&rsquo;organisation, il faut r\u00e9pondre aux questions \u00ab\u00a0quoi, o\u00f9, quand et comment\u00a0\u00bb dans toute la mesure du possible. Certes, il y a un risque, car il suffit g\u00e9n\u00e9ralement de guider l&rsquo;organisation vers \u00ab\u00a0ce\u00a0\u00bb que nous voulons qu&rsquo;elle fasse. Et il est certain que les dirigeants et l&rsquo;administration doivent b\u00e9n\u00e9ficier d&rsquo;une certaine souplesse dans la mani\u00e8re dont ils mettent en \u0153uvre nos souhaits d\u00e9mocratiques. Certainement. Cependant, il n&rsquo;y a rien de mal \u00e0 donner les meilleures indications possibles, et c&rsquo;est l&rsquo;esprit qui sous-tend l&rsquo;inclusion d&rsquo;autant de \u00ab\u00a0o\u00f9, quand et comment\u00a0\u00bb que possible dans une r\u00e9solution.<\/p>\n\n\n\n<p><strong>3) La r\u00e9solution DOIT donner des orientations \u00e0 l&rsquo;organisation, et non \u00e9noncer des actions nobles au nom d&rsquo;autres organismes (c&rsquo;est la partie \u00ab\u00a0qui\u00a0\u00bb pour les petits malins qui ont d\u00e9j\u00e0 devin\u00e9 que j&rsquo;ai oubli\u00e9 l&rsquo;un des \u00ab\u00a0W\u00a0\u00bb).  <\/strong>En d&rsquo;autres termes, il est tout \u00e0 fait erron\u00e9 qu&rsquo;une r\u00e9solution de l&rsquo;UNF stipule : \u00ab\u00a0Il est r\u00e9solu que le gouvernement du Canada saute du pont le plus proche\u00a0\u00bb. Aussi agr\u00e9able que cela puisse para\u00eetre, c&rsquo;est tout simplement faux. Nous ne pouvons pas demander \u00e0 quelqu&rsquo;un d&rsquo;autre de faire quelque chose. Une r\u00e9solution l\u00e9gitime de l&rsquo;UNF devrait plut\u00f4t se lire comme suit : \u00ab\u00a0Il est r\u00e9solu que l&rsquo;UNF \u00e9crive des lettres au Premier ministre et \u00e0 tous les ministres du Cabinet en sugg\u00e9rant fortement que le gouvernement du Canada saute du pont le plus proche.\u00a0\u00bb  <em>N&rsquo;oubliez pas que les \u00e9lections et le lobbying font bouger les gouvernements, mais que les r\u00e9solutions de l&rsquo;UNF ne font que guider l&rsquo;UNF.<\/em><\/p>\n\n\n\n<p><strong>4) Le dernier point que je souhaite aborder ici est d&rsquo;\u00e9viter la redondance.  <\/strong>Cette question est difficile pour les nouveaux membres comme pour les membres de longue date. L&rsquo;UNF dispose d&rsquo;une politique tr\u00e8s d\u00e9taill\u00e9e et exceptionnellement compl\u00e8te. Parfois, ces politiques doivent changer, mais si votre intention OU votre r\u00e9sultat est de r\u00e9affirmer une politique qui existe d\u00e9j\u00e0, je vous sugg\u00e8re de ne pas perdre votre temps. Il est de loin pr\u00e9f\u00e9rable que vous utilisiez vos talents de r\u00e9dacteur de r\u00e9solutions pour trouver de nouvelles strat\u00e9gies et actions permettant \u00e0 l&rsquo;organisation de faire avancer nos politiques dans de nouvelles circonstances, plut\u00f4t que de r\u00e9gurgiter ce que des membres et des conventions tr\u00e8s comp\u00e9tents ont d\u00e9j\u00e0 fait par le pass\u00e9.<\/p>\n\n\n\n<p>Maintenant que je relis la liste, je constate que je l&rsquo;ai \u00e9crite dans l&rsquo;ordre inverse. Je vous sugg\u00e8re donc, lorsque vous pr\u00e9parerez vos r\u00e9solutions pour les conventions \u00e0 venir, de commencer par le bas de la liste et de remonter progressivement.<\/p>\n\n\n\n<p>Tout d&rsquo;abord, prenez votre sujet br\u00fblant et voyez ce que dit d\u00e9j\u00e0 le manuel de politique de l&rsquo;UNF \u00e0 ce sujet. Si la question n\u00e9cessite une nouvelle politique, \u00e9crivez en cons\u00e9quence. Si la politique de l&rsquo;UNF est d\u00e9j\u00e0 en place, envisagez une nouvelle orientation\/strat\u00e9gie\/actions.<\/p>\n\n\n\n<p>Deuxi\u00e8mement, assurez-vous que votre r\u00e9solution donne des directives \u00e0 l&rsquo;UNF et \u00e0 personne d&rsquo;autre.<\/p>\n\n\n\n<p>Troisi\u00e8mement, assurez-vous qu&rsquo;il contient tous les \u00ab\u00a0quoi, o\u00f9, quand et comment\u00a0\u00bb que vous souhaitez.<\/p>\n\n\n\n<p>Enfin, en guise d&rsquo;\u00e9preuve de v\u00e9rit\u00e9, supprimez toutes les d\u00e9clarations \u00ab\u00a0consid\u00e9rant que&#8230;\u00a0\u00bb pour voir si la r\u00e9solution peut se suffire \u00e0 elle-m\u00eame. Vous laisserez ainsi le \u00ab\u00a0pourquoi\u00a0\u00bb aux d\u00e9batteurs et vous serez doublement s\u00fbr d&rsquo;avoir r\u00e9dig\u00e9 une excellente r\u00e9solution.  <em>(Note : vous pouvez ajouter les d\u00e9clarations \u00ab\u00a0consid\u00e9rant que&#8230;\u00a0\u00bb si vous le souhaitez, mais essayez de les garder courtes et peu nombreuses. De toute fa\u00e7on, elles n&rsquo;impressionnent personne).<\/em><\/p>\n\n\n\n<p>Il y a beaucoup plus \u00e0 dire sur les r\u00e9solutions que je laisserai aux grammairiens et aux parlementaires de plus haut niveau. L&rsquo;UNF dispose certainement d&rsquo;une mine de connaissances et de membres comp\u00e9tents qui peuvent apporter des \u00e9claircissements sur ce sujet.<\/p>\n\n\n\n<p>Bonne chance \u00e0 tous dans la r\u00e9daction de vos futures r\u00e9solutions et merci de vos efforts pour apprendre \u00e0 diriger cette grande organisation \u00e0 partir de la base !<\/p>\n\n\n\n<ul class=\"wp-block-list\">\n<li><a href=\"https:\/\/www.nfu.ca\/wp-content\/uploads\/2018\/11\/points-of-order.pdf\">Version PDF<\/a><\/li>\n\n\n\n<li>Publi\u00e9 \u00e0 l&rsquo;origine dans l&rsquo;<a href=\"https:\/\/www.nfu.ca\/wp-content\/uploads\/2012\/05\/uf-summer-2012.pdf\">Union Fermi\u00e8re Trimestrial, \u00e9t\u00e9 2012<\/a>.<\/li>\n<\/ul>\n<\/div><\/div><\/div>\n\n\n\n<div class=\"wp-block-stackable-column stk-block-column stk-column stk-block stk-6cc0dbe\" data-v=\"4\" data-block-id=\"6cc0dbe\"><style>@media screen and (min-width:768px){.stk-6cc0dbe{flex:var(--stk-flex-grow,1) 1 calc(33.333% - var(--stk-column-gap,0px) * 1 \/ 2 ) !important}}<\/style><div class=\"stk-column-wrapper stk-block-column__content stk-container stk-6cc0dbe-container stk--no-background stk--no-padding\"><div class=\"stk-block-content stk-inner-blocks stk-6cc0dbe-inner-blocks\"><nav class=\"is-responsive  is-vertical no-wrap wp-block-navigation is-nowrap is-layout-flex wp-container-core-navigation-is-layout-947ac36b wp-block-navigation-is-layout-flex\" aria-label=\"Convention Area Sidebar Menu\" \n\t\t data-wp-interactive=\"core\/navigation\" data-wp-context='{\"overlayOpenedBy\":{\"click\":false,\"hover\":false,\"focus\":false},\"type\":\"overlay\",\"roleAttribute\":\"\",\"ariaLabel\":\"Menu\"}'><button aria-haspopup=\"dialog\" aria-label=\"Ouvrir le menu\" class=\"wp-block-navigation__responsive-container-open\" \n\t\t\t\tdata-wp-on--click=\"actions.openMenuOnClick\"\n\t\t\t\tdata-wp-on--keydown=\"actions.handleMenuKeydown\"\n\t\t\t><svg width=\"24\" height=\"24\" xmlns=\"http:\/\/www.w3.org\/2000\/svg\" viewBox=\"0 0 24 24\" aria-hidden=\"true\" focusable=\"false\"><path d=\"M4 7.5h16v1.5H4z\"><\/path><path d=\"M4 15h16v1.5H4z\"><\/path><\/svg><\/button>\n\t\t\t\t<div class=\"wp-block-navigation__responsive-container\"  id=\"modal-1\" \n\t\t\t\tdata-wp-class--has-modal-open=\"state.isMenuOpen\"\n\t\t\t\tdata-wp-class--is-menu-open=\"state.isMenuOpen\"\n\t\t\t\tdata-wp-watch=\"callbacks.initMenu\"\n\t\t\t\tdata-wp-on--keydown=\"actions.handleMenuKeydown\"\n\t\t\t\tdata-wp-on--focusout=\"actions.handleMenuFocusout\"\n\t\t\t\ttabindex=\"-1\"\n\t\t\t>\n\t\t\t\t\t<div class=\"wp-block-navigation__responsive-close\" tabindex=\"-1\">\n\t\t\t\t\t\t<div class=\"wp-block-navigation__responsive-dialog\" \n\t\t\t\tdata-wp-bind--aria-modal=\"state.ariaModal\"\n\t\t\t\tdata-wp-bind--aria-label=\"state.ariaLabel\"\n\t\t\t\tdata-wp-bind--role=\"state.roleAttribute\"\n\t\t\t>\n\t\t\t\t\t\t\t<button aria-label=\"Fermer le menu\" class=\"wp-block-navigation__responsive-container-close\" \n\t\t\t\tdata-wp-on--click=\"actions.closeMenuOnClick\"\n\t\t\t><svg xmlns=\"http:\/\/www.w3.org\/2000\/svg\" viewBox=\"0 0 24 24\" width=\"24\" height=\"24\" aria-hidden=\"true\" focusable=\"false\"><path d=\"m13.06 12 6.47-6.47-1.06-1.06L12 10.94 5.53 4.47 4.47 5.53 10.94 12l-6.47 6.47 1.06 1.06L12 13.06l6.47 6.47 1.06-1.06L13.06 12Z\"><\/path><\/svg><\/button>\n\t\t\t\t\t\t\t<div class=\"wp-block-navigation__responsive-container-content\" \n\t\t\t\tdata-wp-watch=\"callbacks.focusFirstElement\"\n\t\t\t id=\"modal-1-content\">\n\t\t\t\t\t\t\t\t<ul class=\"wp-block-navigation__container is-responsive  is-vertical no-wrap wp-block-navigation\"><li class=\" wp-block-navigation-item wp-block-navigation-link\"><a class=\"wp-block-navigation-item__content\"  href=\"https:\/\/www.nfu.ca\/convention\/\"><span class=\"wp-block-navigation-item__label\">NFU Annual Conventions<\/span><\/a><\/li><li class=\" wp-block-navigation-item wp-block-navigation-link\"><a class=\"wp-block-navigation-item__content\"  href=\"https:\/\/www.nfu.ca\/convention\/quick-guide-nfu-conventions\/\"><span class=\"wp-block-navigation-item__label\">A Quick Guide to NFU Conventions<\/span><\/a><\/li><li class=\" wp-block-navigation-item wp-block-navigation-link\"><a class=\"wp-block-navigation-item__content\"  href=\"https:\/\/www.nfu.ca\/convention\/points-order\/\"><span class=\"wp-block-navigation-item__label\">Points of Order<\/span><\/a><\/li><li class=\" wp-block-navigation-item wp-block-navigation-link\"><a class=\"wp-block-navigation-item__content\"  href=\"\/events\"><span class=\"wp-block-navigation-item__label\">Upcoming Events<\/span><\/a><\/li><\/ul>\n\t\t\t\t\t\t\t<\/div>\n\t\t\t\t\t\t<\/div>\n\t\t\t\t\t<\/div>\n\t\t\t\t<\/div><\/nav><\/div><\/div><\/div>\n<\/div><\/div>\n","protected":false},"excerpt":{"rendered":"<p>Motions de proc\u00e9dure J&rsquo;\u00e9cris cet article pour ouvrir une discussion sur les r\u00e9solutions. Je ne l&rsquo;\u00e9cris pas pour faire autorit\u00e9 en mati\u00e8re de r\u00e9solutions. Les r\u00e9solutions jouent un r\u00f4le dans<\/p>\n","protected":false},"author":80,"featured_media":0,"parent":26356,"menu_order":0,"comment_status":"closed","ping_status":"closed","template":"tmpl-blocks-contained.php","meta":{"_acf_changed":false,"_tec_requires_first_save":true,"_EventAllDay":false,"_EventTimezone":"","_EventStartDate":"","_EventEndDate":"","_EventStartDateUTC":"","_EventEndDateUTC":"","_EventShowMap":false,"_EventShowMapLink":false,"_EventURL":"","_EventCost":"","_EventCostDescription":"","_EventCurrencySymbol":"","_EventCurrencyCode":"","_EventCurrencyPosition":"","_EventDateTimeSeparator":"","_EventTimeRangeSeparator":"","_EventOrganizerID":[],"_EventVenueID":[],"_OrganizerEmail":"","_OrganizerPhone":"","_OrganizerWebsite":"","_VenueAddress":"","_VenueCity":"","_VenueCountry":"","_VenueProvince":"","_VenueState":"","_VenueZip":"","_VenuePhone":"","_VenueURL":"","_VenueStateProvince":"","_VenueLat":"","_VenueLng":"","_VenueShowMap":false,"_VenueShowMapLink":false,"_tribe_blocks_recurrence_rules":"","_tribe_blocks_recurrence_description":"","_tribe_blocks_recurrence_exclusions":"","_ecp_custom_4":"","_ecp_custom_7":"","_ecp_custom_9":"","_ecp_custom_10":"","_ecp_custom_12":"","_ecp_custom_13":"","footnotes":""},"post_region":[],"post_campaign":[],"class_list":["post-26358","page","type-page","status-publish","hentry"],"acf":[],"_links":{"self":[{"href":"https:\/\/www.nfu.ca\/fr\/wp-json\/wp\/v2\/pages\/26358","targetHints":{"allow":["GET"]}}],"collection":[{"href":"https:\/\/www.nfu.ca\/fr\/wp-json\/wp\/v2\/pages"}],"about":[{"href":"https:\/\/www.nfu.ca\/fr\/wp-json\/wp\/v2\/types\/page"}],"author":[{"embeddable":true,"href":"https:\/\/www.nfu.ca\/fr\/wp-json\/wp\/v2\/users\/80"}],"replies":[{"embeddable":true,"href":"https:\/\/www.nfu.ca\/fr\/wp-json\/wp\/v2\/comments?post=26358"}],"version-history":[{"count":0,"href":"https:\/\/www.nfu.ca\/fr\/wp-json\/wp\/v2\/pages\/26358\/revisions"}],"up":[{"embeddable":true,"href":"https:\/\/www.nfu.ca\/fr\/wp-json\/wp\/v2\/pages\/26356"}],"wp:attachment":[{"href":"https:\/\/www.nfu.ca\/fr\/wp-json\/wp\/v2\/media?parent=26358"}],"wp:term":[{"taxonomy":"post_region","embeddable":true,"href":"https:\/\/www.nfu.ca\/fr\/wp-json\/wp\/v2\/post_region?post=26358"},{"taxonomy":"post_campaign","embeddable":true,"href":"https:\/\/www.nfu.ca\/fr\/wp-json\/wp\/v2\/post_campaign?post=26358"}],"curies":[{"name":"wp","href":"https:\/\/api.w.org\/{rel}","templated":true}]}}