
{"id":26356,"date":"2017-09-28T20:44:47","date_gmt":"2017-09-29T02:44:47","guid":{"rendered":"https:\/\/www.nfu.ca\/conventions-annuelles-de-lunf\/"},"modified":"2025-02-16T02:35:54","modified_gmt":"2025-02-16T08:35:54","slug":"conventions-annuelles-de-lunf","status":"publish","type":"page","link":"https:\/\/www.nfu.ca\/fr\/conventions-annuelles-de-lunf\/","title":{"rendered":"Conventions annuelles de l&rsquo;UNF"},"content":{"rendered":"\n<header class=\"wp-block-cover alignfull has-custom-content-position is-position-bottom-center banner-top\" id=\"banner-top\"><span aria-hidden=\"true\" class=\"wp-block-cover__background has-background-dim has-background-gradient\" style=\"background-color:#896a4a;background:linear-gradient(180deg,rgba(0,0,0,0.97) 0%,rgba(0,0,0,0.05) 69%)\"><\/span><img loading=\"lazy\" decoding=\"async\" width=\"1000\" height=\"600\" src=\"https:\/\/www.nfu.ca\/wp-content\/uploads\/2018\/09\/nfu-conventions-thumb.jpg\" class=\"wp-block-cover__image-background wp-post-image\" alt=\"\" data-object-fit=\"cover\" srcset=\"https:\/\/www.nfu.ca\/wp-content\/uploads\/2018\/09\/nfu-conventions-thumb.jpg 1000w, https:\/\/www.nfu.ca\/wp-content\/uploads\/2018\/09\/nfu-conventions-thumb-300x180.jpg 300w, https:\/\/www.nfu.ca\/wp-content\/uploads\/2018\/09\/nfu-conventions-thumb-768x461.jpg 768w\" sizes=\"auto, (max-width: 1000px) 100vw, 1000px\" \/><div class=\"wp-block-cover__inner-container is-layout-flow wp-block-cover-is-layout-flow\">\n<p class=\"has-text-align-left has-large-font-size\"><\/p>\n<\/div><\/header>\n\n<div class=\"wp-block-stackable-hero alignfull stk-block-hero stk-block stk-08fda9e is-style-default\" data-v=\"2\" id=\"content-first\" data-block-id=\"08fda9e\"><style>.stk-08fda9e .stk-block-hero__content{min-height:5px !important;align-items:center !important;display:flex !important;}<\/style><div class=\"stk-block-hero__content stk-content-align stk-08fda9e-column alignwide stk-container stk-08fda9e-container stk--no-background stk--no-padding\"><div class=\"stk-block-content stk-inner-blocks has-text-align-left stk-08fda9e-inner-blocks\"><ol class=\"breadcrumb\"><li><a href=\"https:\/\/www.nfu.ca\/fr\/\">National Farmers Union<\/a><\/li><\/ol>\n\n\n\n<div class=\"wp-block-stackable-heading stk-block-heading stk-block-heading--v2 stk-block stk-35b1992\" id=\"nfu-annual-conventions\" data-block-id=\"35b1992\"><h1 class=\"stk-block-heading__text\">Conventions annuelles de l&rsquo;UNF<\/h1><\/div>\n\n\n\n<div class=\"wp-block-stackable-columns stk-block-columns stk-block stk-1786798\" data-block-id=\"1786798\"><div class=\"stk-row stk-inner-blocks stk-block-content stk-content-align stk-1786798-column\">\n<div class=\"wp-block-stackable-column stk-block-column stk-column stk-block stk-cdf62d9\" data-v=\"4\" data-block-id=\"cdf62d9\"><style>@media screen and (min-width: 768px){.stk-cdf62d9 {flex:var(--stk-flex-grow, 1) 1 calc(66.666% - var(--stk-column-gap, 0px) * 1 \/ 2 ) !important;}}<\/style><div class=\"stk-column-wrapper stk-block-column__content stk-container stk-cdf62d9-container stk--no-background stk--no-padding\"><div class=\"has-text-align-left stk-block-content stk-inner-blocks stk-cdf62d9-inner-blocks\">\n<div class=\"wp-block-stackable-text stk-block-text stk-block stk-f9ef74d\" data-block-id=\"f9ef74d\"><p class=\"stk-block-text__text\">La convention nationale annuelle de trois jours de l&rsquo;Union Nationale des Fermiers rassemble des fermiers de tout le Canada pour discuter et s&rsquo;informer sur les questions agricoles importantes du moment.<\/p><\/div>\n\n\n\n<div class=\"wp-block-stackable-heading stk-block-heading stk-block-heading--v2 stk-block stk-fe3dda9\" id=\"the-convention-programme\" data-block-id=\"fe3dda9\"><h3 class=\"stk-block-heading__text\">Le programme de la convention<\/h3><\/div>\n\n\n\n<div class=\"wp-block-stackable-text stk-block-text stk-block stk-c228621\" data-block-id=\"c228621\"><p class=\"stk-block-text__text\">Le public est invit\u00e9 \u00e0 \u00e9couter le discours principal, prononc\u00e9 par un orateur de renom. Le programme comprend une s\u00e9rie de pr\u00e9sentations et de tables rondes, l&rsquo;\u00e9lection des membres du bureau national, les rapports des repr\u00e9sentants \u00e9lus et des caucus, ainsi que le d\u00e9bat et le vote des r\u00e9solutions qui d\u00e9finissent la position de l&rsquo;UNF sur les questions de politique publique.<\/p><\/div>\n\n\n\n<div class=\"wp-block-stackable-text stk-block-text stk-block stk-3f21356\" data-block-id=\"3f21356\"><p class=\"stk-block-text__text\">Des r\u00e9unions sp\u00e9ciales de jeunes, de femmes, de membres noirs, indig\u00e8nes ou de couleur (PANDC) et de membres impliqu\u00e9s dans la coop\u00e9ration internationale sont \u00e9galement inscrites \u00e0 l&rsquo;ordre du jour de la Convention. La convention nationale de l&rsquo;UNF est le point culminant de l&rsquo;ann\u00e9e de l&rsquo;organisation, \u00e0 la fois l&rsquo;aboutissement du travail de l&rsquo;ann\u00e9e pr\u00e9c\u00e9dente et le point de d\u00e9part de l&rsquo;ann\u00e9e \u00e0 venir.<\/p><\/div>\n\n\n\n<div class=\"wp-block-stackable-heading stk-block-heading stk-block-heading--v2 stk-block stk-e75bff3\" id=\"who-can-attend\" data-block-id=\"e75bff3\"><h3 class=\"stk-block-heading__text\">Qui peut participer ?<\/h3><\/div>\n\n\n\n<div class=\"wp-block-stackable-text stk-block-text stk-block stk-bf1f8b2\" data-block-id=\"bf1f8b2\"><p class=\"stk-block-text__text\">Tout le monde est invit\u00e9 \u00e0 participer aux conventions de l&rsquo;UNF, que vous soyez membre de l&rsquo;UNF, visiteur ou repr\u00e9sentant des m\u00e9dias. L&rsquo;inscription pr\u00e9alable est disponible en ligne, l&rsquo;inscription en personne est disponible \u00e0 la porte (lorsque nous reprendrons les conventions en personne).<\/p><\/div>\n\n\n\n<div class=\"wp-block-stackable-heading stk-block-heading stk-block-heading--v2 stk-block stk-fb4620d\" id=\"who-can-vote\" data-block-id=\"fb4620d\"><h3 class=\"stk-block-heading__text\">Qui peut voter ?<\/h3><\/div>\n\n\n\n<div class=\"wp-block-stackable-text stk-block-text stk-block stk-3a444ba\" data-block-id=\"3a444ba\"><p class=\"stk-block-text__text\">Chaque section locale de l&rsquo;UNF a le droit d&rsquo;\u00e9lire un ou plusieurs membres d&rsquo;exploitations familiales, d&rsquo;unit\u00e9s agricoles ou de travailleurs agricoles en tant que d\u00e9l\u00e9gu\u00e9s votants, en fonction de la taille de la section locale. Lorsqu&rsquo;il n&rsquo;y a pas de section locale active, un membre peut demander des pouvoirs de d\u00e9l\u00e9gu\u00e9 au bureau national au moins 60 jours avant le congr\u00e8s, sous r\u00e9serve de l&rsquo;approbation de son coordonnateur r\u00e9gional. Les membres associ\u00e9s ne peuvent pas \u00eatre d\u00e9l\u00e9gu\u00e9s avec droit de vote, mais ils peuvent participer \u00e0 tous les autres aspects de la convention.<\/p><\/div>\n<\/div><\/div><\/div>\n\n\n\n<div class=\"wp-block-stackable-column stk-block-column stk-column stk-block stk-7339f1d\" data-v=\"4\" data-block-id=\"7339f1d\"><style>@media screen and (min-width: 768px){.stk-7339f1d {flex:var(--stk-flex-grow, 1) 1 calc(33.334% - var(--stk-column-gap, 0px) * 1 \/ 2 ) !important;}}<\/style><div class=\"stk-column-wrapper stk-block-column__content stk-container stk-7339f1d-container stk--no-background stk--no-padding\"><div class=\"stk-block-content stk-inner-blocks stk-7339f1d-inner-blocks\"><nav class=\"is-vertical no-wrap wp-block-navigation is-nowrap is-layout-flex wp-container-core-navigation-is-layout-947ac36b wp-block-navigation-is-layout-flex\" aria-label=\"About Sidebar Menu\"><ul class=\"wp-block-navigation__container  is-vertical no-wrap wp-block-navigation\"><li class=\" wp-block-navigation-item wp-block-navigation-link\"><a class=\"wp-block-navigation-item__content\"  href=\"https:\/\/www.nfu.ca\/about\/\"><span class=\"wp-block-navigation-item__label\">About the NFU<\/span><\/a><\/li><li class=\" wp-block-navigation-item wp-block-navigation-link\"><a class=\"wp-block-navigation-item__content\"  href=\"https:\/\/www.nfu.ca\/about\/board-of-directors\/\"><span class=\"wp-block-navigation-item__label\">Board of Directors<\/span><\/a><\/li><li class=\" wp-block-navigation-item wp-block-navigation-link\"><a class=\"wp-block-navigation-item__content\"  href=\"https:\/\/www.nfu.ca\/about\/nfu-staff\/\"><span class=\"wp-block-navigation-item__label\">NFU Staff<\/span><\/a><\/li><li class=\" wp-block-navigation-item wp-block-navigation-link\"><a class=\"wp-block-navigation-item__content\"  href=\"https:\/\/www.nfu.ca\/job-opportunities\/\"><span class=\"wp-block-navigation-item__label\">Join our Staff Team<\/span><\/a><\/li><li class=\" wp-block-navigation-item wp-block-navigation-link\"><a class=\"wp-block-navigation-item__content\"  href=\"https:\/\/www.nfu.ca\/about\/nfu-women\/\"><span class=\"wp-block-navigation-item__label\">Women\u2019s Caucus<\/span><\/a><\/li><li class=\" wp-block-navigation-item wp-block-navigation-link\"><a class=\"wp-block-navigation-item__content\"  href=\"https:\/\/www.nfu.ca\/about\/nfu-youth\/\"><span class=\"wp-block-navigation-item__label\">Youth Caucus<\/span><\/a><\/li><li class=\" wp-block-navigation-item wp-block-navigation-link\"><a class=\"wp-block-navigation-item__content\"  href=\"https:\/\/www.nfu.ca\/about\/bipoc-caucus\/\"><span class=\"wp-block-navigation-item__label\">BIPOC Caucus<\/span><\/a><\/li><li class=\" wp-block-navigation-item wp-block-navigation-link\"><a class=\"wp-block-navigation-item__content\"  href=\"https:\/\/www.nfu.ca\/about\/international\/\"><span class=\"wp-block-navigation-item__label\">International Program Committee<\/span><\/a><\/li><li class=\" wp-block-navigation-item wp-block-navigation-link\"><a class=\"wp-block-navigation-item__content\"  href=\"https:\/\/www.nfu.ca\/about\/policy-working-groups\/\"><span class=\"wp-block-navigation-item__label\">Policy Working Groups<\/span><\/a><\/li><li class=\" wp-block-navigation-item wp-block-navigation-link\"><a class=\"wp-block-navigation-item__content\"  href=\"https:\/\/www.nfu.ca\/about\/national-farmers-foundation\/\"><span class=\"wp-block-navigation-item__label\">National Farmers Foundation<\/span><\/a><\/li><li class=\" wp-block-navigation-item wp-block-navigation-link\"><a class=\"wp-block-navigation-item__content\"  href=\"https:\/\/www.nfu.ca\/about\/nfu-constitution-and-bylaws\/\"><span class=\"wp-block-navigation-item__label\">Constitution and Bylaws<\/span><\/a><\/li><li class=\" wp-block-navigation-item wp-block-navigation-link\"><a class=\"wp-block-navigation-item__content\"  href=\"https:\/\/www.nfu.ca\/about\/contact\/\"><span class=\"wp-block-navigation-item__label\">Contact NFU<\/span><\/a><\/li><\/ul><\/nav><\/div><\/div><\/div>\n<\/div><\/div>\n<\/div><\/div><\/div>\n","protected":false},"excerpt":{"rendered":"<p>La convention nationale annuelle de trois jours de l&rsquo;Union Nationale des Fermiers rassemble des fermiers de tout le Canada pour discuter et s&rsquo;informer sur les questions agricoles importantes du moment.<\/p>\n","protected":false},"author":2,"featured_media":24152,"parent":0,"menu_order":14,"comment_status":"closed","ping_status":"closed","template":"tmpl-blocks-contained.php","meta":{"_acf_changed":false,"_tec_requires_first_save":true,"_EventAllDay":false,"_EventTimezone":"","_EventStartDate":"","_EventEndDate":"","_EventStartDateUTC":"","_EventEndDateUTC":"","_EventShowMap":false,"_EventShowMapLink":false,"_EventURL":"","_EventCost":"","_EventCostDescription":"","_EventCurrencySymbol":"","_EventCurrencyCode":"","_EventCurrencyPosition":"","_EventDateTimeSeparator":"","_EventTimeRangeSeparator":"","_EventOrganizerID":[],"_EventVenueID":[],"_OrganizerEmail":"","_OrganizerPhone":"","_OrganizerWebsite":"","_VenueAddress":"","_VenueCity":"","_VenueCountry":"","_VenueProvince":"","_VenueState":"","_VenueZip":"","_VenuePhone":"","_VenueURL":"","_VenueStateProvince":"","_VenueLat":"","_VenueLng":"","_VenueShowMap":false,"_VenueShowMapLink":false,"_tribe_blocks_recurrence_rules":"","_tribe_blocks_recurrence_description":"","_tribe_blocks_recurrence_exclusions":"","_ecp_custom_4":"","_ecp_custom_7":"","_ecp_custom_9":"","_ecp_custom_10":"","_ecp_custom_12":"","_ecp_custom_13":"","footnotes":""},"post_region":[],"post_campaign":[],"class_list":["post-26356","page","type-page","status-publish","has-post-thumbnail","hentry"],"acf":[],"_links":{"self":[{"href":"https:\/\/www.nfu.ca\/fr\/wp-json\/wp\/v2\/pages\/26356","targetHints":{"allow":["GET"]}}],"collection":[{"href":"https:\/\/www.nfu.ca\/fr\/wp-json\/wp\/v2\/pages"}],"about":[{"href":"https:\/\/www.nfu.ca\/fr\/wp-json\/wp\/v2\/types\/page"}],"author":[{"embeddable":true,"href":"https:\/\/www.nfu.ca\/fr\/wp-json\/wp\/v2\/users\/2"}],"replies":[{"embeddable":true,"href":"https:\/\/www.nfu.ca\/fr\/wp-json\/wp\/v2\/comments?post=26356"}],"version-history":[{"count":2,"href":"https:\/\/www.nfu.ca\/fr\/wp-json\/wp\/v2\/pages\/26356\/revisions"}],"predecessor-version":[{"id":33340,"href":"https:\/\/www.nfu.ca\/fr\/wp-json\/wp\/v2\/pages\/26356\/revisions\/33340"}],"wp:featuredmedia":[{"embeddable":true,"href":"https:\/\/www.nfu.ca\/fr\/wp-json\/wp\/v2\/media\/24152"}],"wp:attachment":[{"href":"https:\/\/www.nfu.ca\/fr\/wp-json\/wp\/v2\/media?parent=26356"}],"wp:term":[{"taxonomy":"post_region","embeddable":true,"href":"https:\/\/www.nfu.ca\/fr\/wp-json\/wp\/v2\/post_region?post=26356"},{"taxonomy":"post_campaign","embeddable":true,"href":"https:\/\/www.nfu.ca\/fr\/wp-json\/wp\/v2\/post_campaign?post=26356"}],"curies":[{"name":"wp","href":"https:\/\/api.w.org\/{rel}","templated":true}]}}