
{"id":26354,"date":"2017-09-28T20:32:10","date_gmt":"2017-09-29T02:32:10","guid":{"rendered":"https:\/\/www.nfu.ca\/fondation-nationale-des-fermiers\/"},"modified":"2025-03-05T16:33:22","modified_gmt":"2025-03-05T22:33:22","slug":"fondation-nationale-des-fermiers","status":"publish","type":"page","link":"https:\/\/www.nfu.ca\/fr\/a-propos\/fondation-nationale-des-fermiers\/","title":{"rendered":"Fondation nationale des fermi\u00e8res"},"content":{"rendered":"\n<header class=\"wp-block-cover alignfull has-custom-content-position is-position-bottom-center banner-top\" id=\"banner-top\"><span aria-hidden=\"true\" class=\"wp-block-cover__background has-background-dim wp-block-cover__gradient-background has-background-gradient\" style=\"background:linear-gradient(180deg,rgba(9,0,104,0.97) 0%,rgba(0,0,0,0.05) 69%)\"><\/span><img loading=\"lazy\" decoding=\"async\" width=\"1800\" height=\"600\" class=\"wp-block-cover__image-background wp-image-752\" alt=\"National Farmers Foundation\" src=\"https:\/\/www.nfu.ca\/wp-content\/uploads\/2017\/09\/nfu-national-farmers-foundation.jpg\" data-object-fit=\"cover\" srcset=\"https:\/\/www.nfu.ca\/wp-content\/uploads\/2017\/09\/nfu-national-farmers-foundation.jpg 1800w, https:\/\/www.nfu.ca\/wp-content\/uploads\/2017\/09\/nfu-national-farmers-foundation-300x100.jpg 300w, https:\/\/www.nfu.ca\/wp-content\/uploads\/2017\/09\/nfu-national-farmers-foundation-768x256.jpg 768w, https:\/\/www.nfu.ca\/wp-content\/uploads\/2017\/09\/nfu-national-farmers-foundation-1024x341.jpg 1024w, https:\/\/www.nfu.ca\/wp-content\/uploads\/2017\/09\/nfu-national-farmers-foundation-1080x360.jpg 1080w\" sizes=\"auto, (max-width: 1800px) 100vw, 1800px\" \/><div class=\"wp-block-cover__inner-container is-layout-flow wp-block-cover-is-layout-flow\">\n<p class=\"has-text-align-center has-large-font-size\"><\/p>\n<\/div><\/header>\n\n<div class=\"wp-block-stackable-hero alignfull stk-block-hero stk-block stk-08fda9e is-style-default\" data-v=\"2\" id=\"content-first\" data-block-id=\"08fda9e\"><style>.stk-08fda9e .stk-block-hero__content{min-height:5px !important;align-items:center !important;display:flex !important;}<\/style><div class=\"stk-block-hero__content stk-content-align stk-08fda9e-column alignwide stk-container stk-08fda9e-container stk--no-background stk--no-padding\"><div class=\"stk-block-content stk-inner-blocks has-text-align-left stk-08fda9e-inner-blocks\"><ol class=\"breadcrumb\"><li><a href=\"https:\/\/www.nfu.ca\/fr\/\">National Farmers Union<\/a><\/li><\/ol>\n\n\n\n<div class=\"wp-block-stackable-heading stk-block-heading stk-block-heading--v2 stk-block stk-6c2c9d1 page-title\" id=\"national-farmers-foundation\" data-block-id=\"6c2c9d1\"><h1 class=\"stk-block-heading__text\">Fondation nationale des fermi\u00e8res<\/h1><\/div>\n\n\n\n<div class=\"wp-block-stackable-columns stk-block-columns stk-block stk-1786798\" data-block-id=\"1786798\"><div class=\"stk-row stk-inner-blocks stk-block-content stk-content-align stk-1786798-column\">\n<div class=\"wp-block-stackable-column stk-block-column stk-column stk-block stk-cdf62d9\" data-v=\"4\" data-block-id=\"cdf62d9\"><style>@media screen and (min-width: 768px){.stk-cdf62d9 {flex:var(--stk-flex-grow, 1) 1 calc(66.666% - var(--stk-column-gap, 0px) * 1 \/ 2 ) !important;}}<\/style><div class=\"stk-column-wrapper stk-block-column__content stk-container stk-cdf62d9-container stk--no-background stk--no-padding\"><div class=\"has-text-align-left stk-block-content stk-inner-blocks stk-cdf62d9-inner-blocks\">\n<div class=\"wp-block-stackable-heading stk-block-heading stk-block-heading--v2 stk-block stk-aefa333\" id=\"who-we-are\" data-block-id=\"aefa333\"><h2 class=\"stk-block-heading__text\">Qui sommes-nous ?<\/h2><\/div>\n\n\n\n<p class=\"has-medium-font-size\" id=\"who-we-are\">La National Farmers Foundation (NFF) est une organisation caritative ind\u00e9pendante, dirig\u00e9e par des fermiers, qui se consacre \u00e0 la promotion, \u00e0 la cr\u00e9ation et \u00e0 l&rsquo;am\u00e9lioration de syst\u00e8mes alimentaires fond\u00e9s sur les principes de la souverainet\u00e9 alimentaire : la durabilit\u00e9, l&rsquo;\u00e9quit\u00e9 et la justice.<\/p>\n\n\n\n<p id=\"who-we-are\">Gr\u00e2ce \u00e0 la recherche, \u00e0 l&rsquo;\u00e9ducation et aux projets qui font progresser ces principes, nous visons \u00e0 soutenir les fermi\u00e8res et les fournisseurs de denr\u00e9es alimentaires, les travailleurs et les communaut\u00e9s rurales du Canada. Gr\u00e2ce \u00e0 notre partenariat \u00e9troit et de longue date, la NFF cherche \u00e0 d\u00e9velopper et \u00e0 renforcer le travail de la Nationale des Fermiers et du mouvement agricole progressiste au Canada.<\/p>\n\n\n\n<p id=\"who-we-are\">La Nationale des Fermiers est dirig\u00e9e et g\u00e9r\u00e9e par un conseil d&rsquo;administration b\u00e9n\u00e9vole compos\u00e9 de sept personnes qui d\u00e9fendent les buts, les objectifs et les politiques de l&rsquo;Union Nationale des Fermiers. Pour prendre contact et en savoir plus sur la direction du NFF, <a rel=\"noopener\" target=\"_blank\" href=\"https:\/\/nationalfarmersfoundation.ca\/who-we-are\/\">cliquez ici.<\/a> <\/p>\n<\/div><\/div><\/div>\n\n\n\n<div class=\"wp-block-stackable-column stk-block-column stk-column stk-block stk-3e8410b\" data-v=\"4\" data-block-id=\"3e8410b\"><style>@media screen and (min-width: 768px){.stk-3e8410b {flex:var(--stk-flex-grow, 1) 1 calc(33.334% - var(--stk-column-gap, 0px) * 1 \/ 2 ) !important;}}<\/style><div class=\"stk-column-wrapper stk-block-column__content stk-container stk-3e8410b-container stk--no-background stk--no-padding\"><div class=\"stk-block-content stk-inner-blocks stk-3e8410b-inner-blocks\"><nav class=\"is-vertical no-wrap wp-block-navigation is-nowrap is-layout-flex wp-container-core-navigation-is-layout-947ac36b wp-block-navigation-is-layout-flex\" aria-label=\"About Sidebar Menu\"><ul class=\"wp-block-navigation__container  is-vertical no-wrap wp-block-navigation\"><li class=\" wp-block-navigation-item wp-block-navigation-link\"><a class=\"wp-block-navigation-item__content\"  href=\"https:\/\/www.nfu.ca\/about\/\"><span class=\"wp-block-navigation-item__label\">About the NFU<\/span><\/a><\/li><li class=\" wp-block-navigation-item wp-block-navigation-link\"><a class=\"wp-block-navigation-item__content\"  href=\"https:\/\/www.nfu.ca\/about\/board-of-directors\/\"><span class=\"wp-block-navigation-item__label\">Board of Directors<\/span><\/a><\/li><li class=\" wp-block-navigation-item wp-block-navigation-link\"><a class=\"wp-block-navigation-item__content\"  href=\"https:\/\/www.nfu.ca\/about\/nfu-staff\/\"><span class=\"wp-block-navigation-item__label\">NFU Staff<\/span><\/a><\/li><li class=\" wp-block-navigation-item wp-block-navigation-link\"><a class=\"wp-block-navigation-item__content\"  href=\"https:\/\/www.nfu.ca\/job-opportunities\/\"><span class=\"wp-block-navigation-item__label\">Join our Staff Team<\/span><\/a><\/li><li class=\" wp-block-navigation-item wp-block-navigation-link\"><a class=\"wp-block-navigation-item__content\"  href=\"https:\/\/www.nfu.ca\/about\/nfu-women\/\"><span class=\"wp-block-navigation-item__label\">Women\u2019s Caucus<\/span><\/a><\/li><li class=\" wp-block-navigation-item wp-block-navigation-link\"><a class=\"wp-block-navigation-item__content\"  href=\"https:\/\/www.nfu.ca\/about\/nfu-youth\/\"><span class=\"wp-block-navigation-item__label\">Youth Caucus<\/span><\/a><\/li><li class=\" wp-block-navigation-item wp-block-navigation-link\"><a class=\"wp-block-navigation-item__content\"  href=\"https:\/\/www.nfu.ca\/about\/bipoc-caucus\/\"><span class=\"wp-block-navigation-item__label\">BIPOC Caucus<\/span><\/a><\/li><li class=\" wp-block-navigation-item wp-block-navigation-link\"><a class=\"wp-block-navigation-item__content\"  href=\"https:\/\/www.nfu.ca\/about\/international\/\"><span class=\"wp-block-navigation-item__label\">International Program Committee<\/span><\/a><\/li><li class=\" wp-block-navigation-item wp-block-navigation-link\"><a class=\"wp-block-navigation-item__content\"  href=\"https:\/\/www.nfu.ca\/about\/policy-working-groups\/\"><span class=\"wp-block-navigation-item__label\">Policy Working Groups<\/span><\/a><\/li><li class=\" wp-block-navigation-item wp-block-navigation-link\"><a class=\"wp-block-navigation-item__content\"  href=\"https:\/\/www.nfu.ca\/about\/national-farmers-foundation\/\"><span class=\"wp-block-navigation-item__label\">National Farmers Foundation<\/span><\/a><\/li><li class=\" wp-block-navigation-item wp-block-navigation-link\"><a class=\"wp-block-navigation-item__content\"  href=\"https:\/\/www.nfu.ca\/about\/nfu-constitution-and-bylaws\/\"><span class=\"wp-block-navigation-item__label\">Constitution and Bylaws<\/span><\/a><\/li><li class=\" wp-block-navigation-item wp-block-navigation-link\"><a class=\"wp-block-navigation-item__content\"  href=\"https:\/\/www.nfu.ca\/about\/contact\/\"><span class=\"wp-block-navigation-item__label\">Contact NFU<\/span><\/a><\/li><\/ul><\/nav><\/div><\/div><\/div>\n<\/div><\/div>\n<\/div><\/div><\/div>\n\n<div class=\"wp-block-stackable-hero alignfull stk-block-hero stk-block stk-72f168b is-style-default dark-bg\" data-v=\"2\" id=\"what-we-do\" data-block-id=\"72f168b\"><style>.stk-72f168b-inner-blocks{justify-content:center !important;}.stk-72f168b-container{background-color:#15540E !important;border-top-left-radius:24px !important;border-top-right-radius:24px !important;border-bottom-right-radius:24px !important;border-bottom-left-radius:24px !important;overflow:hidden !important;}.stk-72f168b-container:before{background-color:#15540E !important;}.stk-72f168b .stk-block-hero__content{min-height:5px !important;align-items:center !important;display:flex !important;}<\/style><div class=\"stk-block-hero__content stk-content-align stk-72f168b-column stk-container stk-72f168b-container\"><div class=\"stk-block-content stk-inner-blocks stk--column-flex stk-72f168b-inner-blocks\">\n<div class=\"wp-block-stackable-columns alignfull stk-block-columns stk-block stk-96996ac\" data-block-id=\"96996ac\"><style>.stk-96996ac {overflow:hidden !important;}<\/style><div class=\"stk-row stk-inner-blocks stk-block-content stk-content-align stk-96996ac-column alignfull\">\n<div class=\"wp-block-stackable-column stk-block-column stk-column stk-block stk-ef7e1b2\" data-v=\"4\" data-block-id=\"ef7e1b2\"><div class=\"stk-column-wrapper stk-block-column__content stk-container stk-ef7e1b2-container stk--no-background stk--no-padding\"><div class=\"stk-block-content stk-inner-blocks stk-ef7e1b2-inner-blocks\">\n<div class=\"wp-block-stackable-heading stk-block-heading stk-block-heading--v2 stk-block stk-7aed2a7\" id=\"what-we-do\" data-block-id=\"7aed2a7\"><style>.stk-7aed2a7 {margin-bottom:0px !important;}<\/style><h3 class=\"stk-block-heading__text has-text-align-left\">Ce que nous faisons<\/h3><\/div>\n\n\n\n<div class=\"wp-block-stackable-text stk-block-text stk-block stk-90d3d4a\" data-block-id=\"90d3d4a\"><p class=\"stk-block-text__text\">Actuellement, le NFF d\u00e9veloppe la capacit\u00e9 d&rsquo;\u00e9tendre ses efforts de recherche et d&rsquo;\u00e9ducation avec pour objectif de se doter des connaissances, du capital social et des relations n\u00e9cessaires pour d\u00e9velopper et mettre en \u0153uvre efficacement des mod\u00e8les alternatifs de propri\u00e9t\u00e9 fonci\u00e8re qui permettraient un meilleur acc\u00e8s aux terres agricoles pour les jeunes et les personnes m\u00e9ritant de b\u00e9n\u00e9ficier de l&rsquo;\u00e9quit\u00e9. Nous souhaitons conserver les terres agricoles pour les g\u00e9n\u00e9rations futures par diff\u00e9rents moyens, notamment des mod\u00e8les collectifs et coop\u00e9ratifs, des accords de location \u00e0 long terme de terres donn\u00e9es, et la propri\u00e9t\u00e9 de terres par des organisations \u00e0 but non lucratif, y compris des fiducies fonci\u00e8res communautaires (Community Land Trusts &#8211; CLT).<\/p><\/div>\n<\/div><\/div><\/div>\n<\/div><\/div>\n<\/div><\/div><\/div>\n\n<div class=\"wp-block-stackable-hero alignfull stk-block-hero stk-block stk-269469f is-style-default\" data-v=\"2\" id=\"the-world-we-want\" data-block-id=\"269469f\"><style>.stk-269469f-inner-blocks{justify-content:center !important;}.stk-269469f-container{background-color:#6EAF43 !important;border-top-left-radius:24px !important;border-top-right-radius:24px !important;border-bottom-right-radius:24px !important;border-bottom-left-radius:24px !important;overflow:hidden !important;}.stk-269469f-container:before{background-color:#6EAF43 !important;}.stk-269469f .stk-block-hero__content{min-height:5px !important;align-items:center !important;display:flex !important;}<\/style><div class=\"stk-block-hero__content stk-content-align stk-269469f-column stk-container stk-269469f-container\"><div class=\"stk-block-content stk-inner-blocks stk--column-flex stk-269469f-inner-blocks\">\n<div class=\"wp-block-stackable-columns alignfull stk-block-columns stk-block stk-f9a0e97\" data-block-id=\"f9a0e97\"><style>.stk-f9a0e97 {overflow:hidden !important;}<\/style><div class=\"stk-row stk-inner-blocks stk-block-content stk-content-align stk-f9a0e97-column alignfull\">\n<div class=\"wp-block-stackable-column stk-block-column stk-column stk-block stk-30b85fd\" data-v=\"4\" data-block-id=\"30b85fd\"><div class=\"stk-column-wrapper stk-block-column__content stk-container stk-30b85fd-container stk--no-background stk--no-padding\"><div class=\"stk-block-content stk-inner-blocks stk-30b85fd-inner-blocks\">\n<div class=\"wp-block-stackable-heading stk-block-heading stk-block-heading--v2 stk-block stk-5bc1eca\" id=\"the-world-we-want\" data-block-id=\"5bc1eca\"><style>.stk-5bc1eca {margin-bottom:0px !important;}<\/style><h3 class=\"stk-block-heading__text has-text-align-left\">Le monde que nous voulons<\/h3><\/div>\n\n\n\n<div class=\"wp-block-stackable-text stk-block-text stk-block stk-30122c0\" data-block-id=\"30122c0\"><p class=\"stk-block-text__text\">Le site UNF se r\u00e9jouit de travailler avec le NFF sur le projet \u00ab\u00a0Le monde que nous voulons\u00a0\u00bb, qui renforce les capacit\u00e9s d&rsquo;organisation communautaire et l&rsquo;engagement en faveur de syst\u00e8mes alimentaires et agricoles centr\u00e9s sur les fermi\u00e8res, qui favorisent le d\u00e9veloppement rural. La moiti\u00e9 de l&rsquo;argent vers\u00e9 va \u00e0 la r\u00e9gion de l&rsquo;UNF de votre choix pour les projets sur lesquels elle travaille, l&rsquo;autre moiti\u00e9 est consacr\u00e9e au bureau national de l&rsquo;UNF, qui soutient les activit\u00e9s li\u00e9es aux questions nationales et \u00e0 la d\u00e9fense des politiques.<\/p><\/div>\n<\/div><\/div><\/div>\n<\/div><\/div>\n<\/div><\/div><\/div>\n\n<div class=\"wp-block-stackable-hero alignfull stk-block-hero stk-block stk-76900cf is-style-default\" data-v=\"2\" id=\"the-world-we-want\" data-block-id=\"76900cf\"><style>.stk-76900cf-inner-blocks{justify-content:center !important;}.stk-76900cf-container{background-color:#fac922 !important;border-top-left-radius:24px !important;border-top-right-radius:24px !important;border-bottom-right-radius:24px !important;border-bottom-left-radius:24px !important;overflow:hidden !important;}.stk-76900cf-container:before{background-color:#fac922 !important;}.stk-76900cf .stk-block-hero__content{min-height:5px !important;align-items:center !important;display:flex !important;}<\/style><div class=\"stk-block-hero__content stk-content-align stk-76900cf-column stk-container stk-76900cf-container\"><div class=\"stk-block-content stk-inner-blocks stk--column-flex stk-76900cf-inner-blocks\">\n<div class=\"wp-block-stackable-columns alignfull stk-block-columns stk-block stk-1ba58f7\" data-block-id=\"1ba58f7\"><style>.stk-1ba58f7 {overflow:hidden !important;}<\/style><div class=\"stk-row stk-inner-blocks stk-block-content stk-content-align stk-1ba58f7-column alignfull\">\n<div class=\"wp-block-stackable-column stk-block-column stk-column stk-block stk-9ce71f2\" data-v=\"4\" data-block-id=\"9ce71f2\"><div class=\"stk-column-wrapper stk-block-column__content stk-container stk-9ce71f2-container stk--no-background stk--no-padding\"><div class=\"stk-block-content stk-inner-blocks stk-9ce71f2-inner-blocks\">\n<div class=\"wp-block-stackable-heading stk-block-heading stk-block-heading--v2 stk-block stk-7237bc1\" id=\"how-to-donate-and-support-our-work\" data-block-id=\"7237bc1\"><style>.stk-7237bc1 {margin-bottom:0px !important;}<\/style><h3 class=\"stk-block-heading__text has-text-align-left\">Comment faire un don et soutenir notre travail<\/h3><\/div>\n\n\n\n<div class=\"wp-block-stackable-text stk-block-text stk-block stk-537b3aa\" data-block-id=\"537b3aa\"><p class=\"stk-block-text__text\">Le site UNF se r\u00e9jouit de travailler avec le NFF sur le projet \u00ab\u00a0Le monde que nous voulons\u00a0\u00bb, qui renforce les capacit\u00e9s d&rsquo;organisation communautaire et l&rsquo;engagement en faveur de syst\u00e8mes alimentaires et agricoles centr\u00e9s sur les fermi\u00e8res, qui favorisent le d\u00e9veloppement rural. La moiti\u00e9 de l&rsquo;argent vers\u00e9 va \u00e0 la r\u00e9gion de l&rsquo;UNF de votre choix pour les projets sur lesquels elle travaille, l&rsquo;autre moiti\u00e9 est consacr\u00e9e au bureau national de l&rsquo;UNF, qui soutient les activit\u00e9s li\u00e9es aux questions nationales et \u00e0 la d\u00e9fense des politiques.<\/p><\/div>\n\n\n\n<div class=\"wp-block-group is-layout-constrained wp-block-group-is-layout-constrained\">\n<div class=\"wp-block-stackable-text stk-block-text stk-block stk-38d86ec\" data-block-id=\"38d86ec\"><p class=\"stk-block-text__text\">La majorit\u00e9 des dons de la Fondation proviennent des membres de l&rsquo;UNF et nous leur en sommes profond\u00e9ment reconnaissants. Nous ne pourrions pas faire ce travail sans vous.<\/p><\/div>\n\n\n\n<div class=\"wp-block-stackable-text stk-block-text stk-block stk-d7e34c4\" data-block-id=\"d7e34c4\"><p class=\"stk-block-text__text\">La Fondation nationale des fermi\u00e8res est un organisme de bienfaisance canadien enregistr\u00e9 (# 882622368 RR0001) et des re\u00e7us officiels aux fins de l&rsquo;imp\u00f4t sont \u00e9mis pour toutes les contributions de 10,00 $ ou plus. Si vous \u00eates en mesure de faire un don, veuillez envisager de faire un don en ligne (unique ou mensuel) \u00e0 l&rsquo;adresse suivante : <a rel=\"noopener\" target=\"_blank\" href=\"http:\/\/www.canadahelps.org\/en\/charities\/national-farmers-foundation\/\">www.canadahelps.org\/en\/charities\/national-farmers-foundation\/<\/a>.<\/p><\/div>\n\n\n\n<div class=\"wp-block-stackable-text stk-block-text stk-block stk-7de43ae\" data-block-id=\"7de43ae\"><p class=\"stk-block-text__text\">Vous pouvez \u00e9galement faire un don par ch\u00e8que ou par virement \u00e9lectronique. En outre, le NFF accepte avec gratitude les legs de bienfaisance (instructions dans un testament laissant soit un pourcentage de la succession, soit un montant en dollars).  <\/p><\/div>\n\n\n\n<div class=\"wp-block-stackable-text stk-block-text stk-block stk-7f0029b\" data-block-id=\"7f0029b\"><p class=\"stk-block-text__text\">Pour plus d&rsquo;informations ou pour discuter d&rsquo;autres moyens de soutenir notre travail, veuillez contacter le coordinateur du NFF, Glen Koroluk, \u00e0 l&rsquo;adresse <a href=\"mailto:glen@nationalfarmersfoundation.ca\">glen@nationalfarmersfoundation.ca<\/a>.<\/p><\/div>\n\n\n\n<div class=\"wp-block-stackable-text stk-block-text stk-block stk-e6e718c\" data-block-id=\"e6e718c\"><p class=\"stk-block-text__text\">Les ch\u00e8ques peuvent \u00eatre envoy\u00e9s \u00e0 l&rsquo;adresse suivante  <\/p><\/div>\n\n\n\n<div class=\"wp-block-stackable-text stk-block-text stk-block stk-fc9f910\" data-block-id=\"fc9f910\"><p class=\"stk-block-text__text\">Fondation nationale des fermi\u00e8res a\/s Glen Koroluk 595 Goulding St Winnipeg, MB R3G 2S3<\/p><\/div>\n\n\n\n<div class=\"wp-block-stackable-text stk-block-text stk-block stk-a428b6b\" data-block-id=\"a428b6b\"><p class=\"stk-block-text__text\">Si votre ch\u00e8que est destin\u00e9 \u00e0 <strong>\n  <em>Le monde que nous voulons<\/em>\n<\/strong> assurez-vous que votre note indique la r\u00e9gion dans laquelle vous souhaitez investir.<\/p><\/div>\n<\/div>\n<\/div><\/div><\/div>\n<\/div><\/div>\n<\/div><\/div><\/div>\n","protected":false},"excerpt":{"rendered":"<p>Fondation nationale des fermi\u00e8res Qui sommes-nous ? La National Farmers Foundation (NFF) est une organisation caritative ind\u00e9pendante, dirig\u00e9e par des fermiers, qui se consacre \u00e0 la promotion, \u00e0 la cr\u00e9ation<\/p>\n","protected":false},"author":2,"featured_media":0,"parent":26418,"menu_order":5,"comment_status":"closed","ping_status":"closed","template":"tmpl-blocks-contained.php","meta":{"_acf_changed":false,"_tec_requires_first_save":true,"_EventAllDay":false,"_EventTimezone":"","_EventStartDate":"","_EventEndDate":"","_EventStartDateUTC":"","_EventEndDateUTC":"","_EventShowMap":false,"_EventShowMapLink":false,"_EventURL":"","_EventCost":"","_EventCostDescription":"","_EventCurrencySymbol":"","_EventCurrencyCode":"","_EventCurrencyPosition":"","_EventDateTimeSeparator":"","_EventTimeRangeSeparator":"","_EventOrganizerID":[],"_EventVenueID":[],"_OrganizerEmail":"","_OrganizerPhone":"","_OrganizerWebsite":"","_VenueAddress":"","_VenueCity":"","_VenueCountry":"","_VenueProvince":"","_VenueState":"","_VenueZip":"","_VenuePhone":"","_VenueURL":"","_VenueStateProvince":"","_VenueLat":"","_VenueLng":"","_VenueShowMap":false,"_VenueShowMapLink":false,"_tribe_blocks_recurrence_rules":"","_tribe_blocks_recurrence_description":"","_tribe_blocks_recurrence_exclusions":"","_ecp_custom_4":"","_ecp_custom_7":"","_ecp_custom_9":"","_ecp_custom_10":"","_ecp_custom_12":"","_ecp_custom_13":"","footnotes":""},"post_region":[],"post_campaign":[],"class_list":["post-26354","page","type-page","status-publish","hentry"],"acf":[],"_links":{"self":[{"href":"https:\/\/www.nfu.ca\/fr\/wp-json\/wp\/v2\/pages\/26354","targetHints":{"allow":["GET"]}}],"collection":[{"href":"https:\/\/www.nfu.ca\/fr\/wp-json\/wp\/v2\/pages"}],"about":[{"href":"https:\/\/www.nfu.ca\/fr\/wp-json\/wp\/v2\/types\/page"}],"author":[{"embeddable":true,"href":"https:\/\/www.nfu.ca\/fr\/wp-json\/wp\/v2\/users\/2"}],"replies":[{"embeddable":true,"href":"https:\/\/www.nfu.ca\/fr\/wp-json\/wp\/v2\/comments?post=26354"}],"version-history":[{"count":7,"href":"https:\/\/www.nfu.ca\/fr\/wp-json\/wp\/v2\/pages\/26354\/revisions"}],"predecessor-version":[{"id":38603,"href":"https:\/\/www.nfu.ca\/fr\/wp-json\/wp\/v2\/pages\/26354\/revisions\/38603"}],"up":[{"embeddable":true,"href":"https:\/\/www.nfu.ca\/fr\/wp-json\/wp\/v2\/pages\/26418"}],"wp:attachment":[{"href":"https:\/\/www.nfu.ca\/fr\/wp-json\/wp\/v2\/media?parent=26354"}],"wp:term":[{"taxonomy":"post_region","embeddable":true,"href":"https:\/\/www.nfu.ca\/fr\/wp-json\/wp\/v2\/post_region?post=26354"},{"taxonomy":"post_campaign","embeddable":true,"href":"https:\/\/www.nfu.ca\/fr\/wp-json\/wp\/v2\/post_campaign?post=26354"}],"curies":[{"name":"wp","href":"https:\/\/api.w.org\/{rel}","templated":true}]}}