
{"id":26343,"date":"2018-07-26T09:13:10","date_gmt":"2018-07-26T15:13:10","guid":{"rendered":"https:\/\/www.nfu.ca\/options-hors-ligne\/"},"modified":"2024-07-11T14:07:35","modified_gmt":"2024-07-11T20:07:35","slug":"options-hors-ligne","status":"publish","type":"page","link":"https:\/\/www.nfu.ca\/fr\/adherez\/options-hors-ligne\/","title":{"rendered":"Options hors ligne"},"content":{"rendered":"\n<header class=\"wp-block-cover alignfull is-light has-custom-content-position is-position-bottom-center banner-top\" id=\"banner-top\"><span aria-hidden=\"true\" class=\"wp-block-cover__background has-background-dim wp-block-cover__gradient-background has-background-gradient\" style=\"background-color:#9d8d7d;background:linear-gradient(180deg,rgba(0,0,0,0.97) 0%,rgba(0,0,0,0.05) 69%)\"><\/span><img loading=\"lazy\" decoding=\"async\" width=\"1800\" height=\"600\" class=\"wp-block-cover__image-background wp-image-5126\" alt=\"Offline Options\" src=\"https:\/\/www.nfu.ca\/wp-content\/uploads\/2018\/06\/nfu-subscribe-meriol-lehmann-rev-banner.jpg\" data-object-fit=\"cover\" srcset=\"https:\/\/www.nfu.ca\/wp-content\/uploads\/2018\/06\/nfu-subscribe-meriol-lehmann-rev-banner.jpg 1800w, https:\/\/www.nfu.ca\/wp-content\/uploads\/2018\/06\/nfu-subscribe-meriol-lehmann-rev-banner-300x100.jpg 300w, https:\/\/www.nfu.ca\/wp-content\/uploads\/2018\/06\/nfu-subscribe-meriol-lehmann-rev-banner-768x256.jpg 768w, https:\/\/www.nfu.ca\/wp-content\/uploads\/2018\/06\/nfu-subscribe-meriol-lehmann-rev-banner-1024x341.jpg 1024w, https:\/\/www.nfu.ca\/wp-content\/uploads\/2018\/06\/nfu-subscribe-meriol-lehmann-rev-banner-1600x533.jpg 1600w\" sizes=\"auto, (max-width: 1800px) 100vw, 1800px\" \/><div class=\"wp-block-cover__inner-container is-layout-flow wp-block-cover-is-layout-flow\">\n<p class=\"has-text-align-left has-large-font-size\"><\/p>\n<\/div><\/header>\n<ol class=\"breadcrumb\"><li><a href=\"https:\/\/www.nfu.ca\/fr\/\">National Farmers Union<\/a><\/li><\/ol>\n\n<div class=\"wp-block-stackable-heading stk-block-heading stk-block-heading--v2 stk-block stk-35b1992\" id=\"offline-options\" data-block-id=\"35b1992\"><h1 class=\"stk-block-heading__text\">Options hors ligne<\/h1><\/div>\n\n<div class=\"wp-block-stackable-columns stk-block-columns stk-block stk-54b76e7 content-upper\" id=\"content-upper\" data-block-id=\"54b76e7\"><div class=\"stk-row stk-inner-blocks has-text-align-left stk-block-content stk-content-align stk-54b76e7-column\">\n<div class=\"wp-block-stackable-column stk-block-column stk-column stk-block stk-ef63229\" data-v=\"4\" data-block-id=\"ef63229\"><style>@media screen and (min-width:768px){.stk-ef63229{flex:var(--stk-flex-grow,1) 1 calc(66.666% - var(--stk-column-gap,0px) * 1 \/ 2 ) !important}}<\/style><div class=\"stk-column-wrapper stk-block-column__content stk-container stk-ef63229-container stk--no-background stk--no-padding\"><div class=\"has-text-align-left stk-block-content stk-inner-blocks stk-ef63229-inner-blocks\">\n<p class=\"has-medium-font-size\">Si vous pr\u00e9f\u00e9rez adh\u00e9rer ou renouveler votre adh\u00e9sion hors ligne :<\/p>\n\n\n\n<ol class=\"wp-block-list\">\n<li>T\u00e9l\u00e9phonez au (306) 652-9465 et inscrivez-vous par t\u00e9l\u00e9phone \u00e0 l&rsquo;aide d&rsquo;une carte de cr\u00e9dit ou d&rsquo;une carte d&rsquo;identit\u00e9.<\/li>\n\n\n\n<li>T\u00e9l\u00e9chargez et imprimez le <a href=\"https:\/\/www.nfu.ca\/wp-content\/uploads\/2022\/10\/MEMBERSHIP-FORM-AUGUST-2022.pdf\">formulaire d&rsquo;adh\u00e9sion<\/a> et faxez-le avec votre paiement par carte de cr\u00e9dit au (306) 664-6226 ou au<\/li>\n\n\n\n<li>T\u00e9l\u00e9chargez et imprimez le <a href=\"https:\/\/www.nfu.ca\/wp-content\/uploads\/2022\/10\/MEMBERSHIP-FORM-AUGUST-2022.pdf\">formulaire d&rsquo;adh\u00e9sion<\/a> et envoyez-le avec un ch\u00e8que \u00e0 l&rsquo;ordre de l&rsquo;UNF \u00e0 : Union Nationale des Fermiers, 2717 Wentz. Ave, Saskatoon, SK, S7K 4B6.<\/li>\n<\/ol>\n<\/div><\/div><\/div>\n\n\n\n<div class=\"wp-block-stackable-column stk-block-column stk-column stk-block stk-5eb44eb\" data-v=\"4\" data-block-id=\"5eb44eb\"><style>@media screen and (min-width:768px){.stk-5eb44eb{flex:var(--stk-flex-grow,1) 1 calc(33.334% - var(--stk-column-gap,0px) * 1 \/ 2 ) !important}}<\/style><div class=\"stk-column-wrapper stk-block-column__content stk-container stk-5eb44eb-container stk--no-background stk--no-padding\"><div class=\"stk-block-content stk-inner-blocks stk-5eb44eb-inner-blocks\"><nav class=\"is-vertical no-wrap wp-block-navigation is-nowrap is-layout-flex wp-container-core-navigation-is-layout-947ac36b wp-block-navigation-is-layout-flex\" aria-label=\"Join and Support Area Sidebar\"><ul class=\"wp-block-navigation__container  is-vertical no-wrap wp-block-navigation\"><li class=\" wp-block-navigation-item wp-block-navigation-link\"><a class=\"wp-block-navigation-item__content\"  href=\"https:\/\/www.nfu.ca\/join\/\"><span class=\"wp-block-navigation-item__label\">Join &#038; Support<\/span><\/a><\/li><li class=\" wp-block-navigation-item wp-block-navigation-link\"><a class=\"wp-block-navigation-item__content\"  href=\"https:\/\/www.nfu.ca\/join\/family-farm-monthly\/\"><span class=\"wp-block-navigation-item__label\">Farm Family Membership<\/span><\/a><\/li><li class=\" wp-block-navigation-item wp-block-navigation-link\"><a class=\"wp-block-navigation-item__content\"  href=\"https:\/\/www.nfu.ca\/join\/associate-membership\/\"><span class=\"wp-block-navigation-item__label\">Associate Membership<\/span><\/a><\/li><li class=\" wp-block-navigation-item wp-block-navigation-link\"><a class=\"wp-block-navigation-item__content\"  href=\"https:\/\/www.nfu.ca\/join\/youth-membership\/\"><span class=\"wp-block-navigation-item__label\">Youth Membership<\/span><\/a><\/li><li class=\" wp-block-navigation-item wp-block-navigation-link\"><a class=\"wp-block-navigation-item__content\"  href=\"https:\/\/www.nfu.ca\/join\/unit-membership\/\"><span class=\"wp-block-navigation-item__label\">Farm Unit Membership<\/span><\/a><\/li><li class=\" wp-block-navigation-item wp-block-navigation-link\"><a class=\"wp-block-navigation-item__content\"  href=\"https:\/\/www.nfu.ca\/join\/offline-options\/\"><span class=\"wp-block-navigation-item__label\">Membership &#8211; Join Offline<\/span><\/a><\/li><li class=\" wp-block-navigation-item wp-block-navigation-link\"><a class=\"wp-block-navigation-item__content\"  href=\"https:\/\/www.nfu.ca\/join\/donate-onetime\/\"><span class=\"wp-block-navigation-item__label\">Donate to the National Farmers Union<\/span><\/a><\/li><li class=\" wp-block-navigation-item wp-block-navigation-link\"><a class=\"wp-block-navigation-item__content\"  href=\"https:\/\/www.nfu.ca\/join\/donate-recurring\/\"><span class=\"wp-block-navigation-item__label\">Set up a recurring donation<\/span><\/a><\/li><li class=\" wp-block-navigation-item wp-block-navigation-link\"><a class=\"wp-block-navigation-item__content\"  href=\"https:\/\/www.nfu.ca\/join\/member-benefits\/\"><span class=\"wp-block-navigation-item__label\">Member Benefits &#8211; Service Plus and more<\/span><\/a><\/li><li class=\" wp-block-navigation-item wp-block-navigation-link\"><a class=\"wp-block-navigation-item__content\"  href=\"https:\/\/www.nfu.ca\/join\/member-benefits\/nfu-insurance-plan\/\"><span class=\"wp-block-navigation-item__label\">NFU Insurance Plan<\/span><\/a><\/li><\/ul><\/nav><\/div><\/div><\/div>\n<\/div><\/div>\n","protected":false},"excerpt":{"rendered":"<p>Options hors ligne Si vous pr\u00e9f\u00e9rez adh\u00e9rer ou renouveler votre adh\u00e9sion hors ligne :<\/p>\n","protected":false},"author":2,"featured_media":0,"parent":26412,"menu_order":6,"comment_status":"closed","ping_status":"closed","template":"tmpl-blocks-contained.php","meta":{"_acf_changed":false,"_tec_requires_first_save":true,"_EventAllDay":false,"_EventTimezone":"","_EventStartDate":"","_EventEndDate":"","_EventStartDateUTC":"","_EventEndDateUTC":"","_EventShowMap":false,"_EventShowMapLink":false,"_EventURL":"","_EventCost":"","_EventCostDescription":"","_EventCurrencySymbol":"","_EventCurrencyCode":"","_EventCurrencyPosition":"","_EventDateTimeSeparator":"","_EventTimeRangeSeparator":"","_EventOrganizerID":[],"_EventVenueID":[],"_OrganizerEmail":"","_OrganizerPhone":"","_OrganizerWebsite":"","_VenueAddress":"","_VenueCity":"","_VenueCountry":"","_VenueProvince":"","_VenueState":"","_VenueZip":"","_VenuePhone":"","_VenueURL":"","_VenueStateProvince":"","_VenueLat":"","_VenueLng":"","_VenueShowMap":false,"_VenueShowMapLink":false,"_tribe_blocks_recurrence_rules":"","_tribe_blocks_recurrence_description":"","_tribe_blocks_recurrence_exclusions":"","_ecp_custom_4":"","_ecp_custom_7":"","_ecp_custom_9":"","_ecp_custom_10":"","_ecp_custom_12":"","_ecp_custom_13":"","footnotes":""},"post_region":[],"post_campaign":[],"class_list":["post-26343","page","type-page","status-publish","hentry","page_categories-join-or-donation-form-page-fr"],"acf":[],"_links":{"self":[{"href":"https:\/\/www.nfu.ca\/fr\/wp-json\/wp\/v2\/pages\/26343","targetHints":{"allow":["GET"]}}],"collection":[{"href":"https:\/\/www.nfu.ca\/fr\/wp-json\/wp\/v2\/pages"}],"about":[{"href":"https:\/\/www.nfu.ca\/fr\/wp-json\/wp\/v2\/types\/page"}],"author":[{"embeddable":true,"href":"https:\/\/www.nfu.ca\/fr\/wp-json\/wp\/v2\/users\/2"}],"replies":[{"embeddable":true,"href":"https:\/\/www.nfu.ca\/fr\/wp-json\/wp\/v2\/comments?post=26343"}],"version-history":[{"count":0,"href":"https:\/\/www.nfu.ca\/fr\/wp-json\/wp\/v2\/pages\/26343\/revisions"}],"up":[{"embeddable":true,"href":"https:\/\/www.nfu.ca\/fr\/wp-json\/wp\/v2\/pages\/26412"}],"wp:attachment":[{"href":"https:\/\/www.nfu.ca\/fr\/wp-json\/wp\/v2\/media?parent=26343"}],"wp:term":[{"taxonomy":"post_region","embeddable":true,"href":"https:\/\/www.nfu.ca\/fr\/wp-json\/wp\/v2\/post_region?post=26343"},{"taxonomy":"post_campaign","embeddable":true,"href":"https:\/\/www.nfu.ca\/fr\/wp-json\/wp\/v2\/post_campaign?post=26343"}],"curies":[{"name":"wp","href":"https:\/\/api.w.org\/{rel}","templated":true}]}}