
{"id":26339,"date":"2017-10-17T23:33:02","date_gmt":"2017-10-18T05:33:02","guid":{"rendered":"https:\/\/www.nfu.ca\/unf-et-la-via-campesina\/"},"modified":"2025-09-15T07:41:17","modified_gmt":"2025-09-15T13:41:17","slug":"unf-et-la-via-campesina","status":"publish","type":"page","link":"https:\/\/www.nfu.ca\/fr\/a-propos\/comite-des-programmes-internationaux\/unf-et-la-via-campesina\/","title":{"rendered":"UNF et La Via Campesina"},"content":{"rendered":"\n<header class=\"wp-block-cover alignfull has-custom-content-position is-position-bottom-center banner-top\" id=\"banner-top\"><span aria-hidden=\"true\" class=\"wp-block-cover__background has-background-dim has-background-gradient\" style=\"background-color:#707d74;background:linear-gradient(180deg,rgba(0,98,21,0.97) 0%,rgba(0,0,0,0.05) 69%)\"><\/span><img loading=\"lazy\" decoding=\"async\" width=\"1800\" height=\"600\" src=\"https:\/\/www.nfu.ca\/wp-content\/uploads\/2017\/10\/la-via-campensina-banner.jpg\" class=\"wp-block-cover__image-background wp-post-image\" alt=\"\" data-object-fit=\"cover\" srcset=\"https:\/\/www.nfu.ca\/wp-content\/uploads\/2017\/10\/la-via-campensina-banner.jpg 1800w, https:\/\/www.nfu.ca\/wp-content\/uploads\/2017\/10\/la-via-campensina-banner-300x100.jpg 300w, https:\/\/www.nfu.ca\/wp-content\/uploads\/2017\/10\/la-via-campensina-banner-768x256.jpg 768w, https:\/\/www.nfu.ca\/wp-content\/uploads\/2017\/10\/la-via-campensina-banner-1024x341.jpg 1024w, https:\/\/www.nfu.ca\/wp-content\/uploads\/2017\/10\/la-via-campensina-banner-1080x360.jpg 1080w\" sizes=\"auto, (max-width: 1800px) 100vw, 1800px\" \/><div class=\"wp-block-cover__inner-container is-layout-flow wp-block-cover-is-layout-flow\">\n<p class=\"has-text-align-center has-large-font-size\"><\/p>\n<\/div><\/header>\n\n<div class=\"wp-block-stackable-hero alignfull stk-block-hero stk-block stk-08fda9e is-style-default\" data-v=\"2\" id=\"content-first\" data-block-id=\"08fda9e\"><style>.stk-08fda9e .stk-block-hero__content{min-height:500px !important;align-items:center !important;display:flex !important;}<\/style><div class=\"stk-block-hero__content stk-content-align stk-08fda9e-column alignwide stk-container stk-08fda9e-container stk--no-background stk--no-padding\"><div class=\"stk-block-content stk-inner-blocks has-text-align-left stk-08fda9e-inner-blocks\"><ol class=\"breadcrumb\"><li><a href=\"https:\/\/www.nfu.ca\/fr\/\">National Farmers Union<\/a><\/li><\/ol>\n\n\n\n<div class=\"wp-block-stackable-heading stk-block-heading stk-block-heading--v2 stk-block stk-aac7424\" id=\"la-via-campesina\" data-block-id=\"aac7424\"><h1 class=\"stk-block-heading__text\">La Via Campesina<\/h1><\/div>\n\n\n\n<div class=\"wp-block-stackable-columns stk-block-columns stk-block stk-1786798\" data-block-id=\"1786798\"><div class=\"stk-row stk-inner-blocks stk-block-content stk-content-align stk-1786798-column\">\n<div class=\"wp-block-stackable-column stk-block-column stk-column stk-block stk-cdf62d9\" data-v=\"4\" data-block-id=\"cdf62d9\"><style>@media screen and (min-width: 768px){.stk-cdf62d9 {flex:var(--stk-flex-grow, 1) 1 calc(66.666% - var(--stk-column-gap, 0px) * 1 \/ 2 ) !important;}}<\/style><div class=\"stk-column-wrapper stk-block-column__content stk-container stk-cdf62d9-container stk--no-background stk--no-padding\"><div class=\"has-text-align-left stk-block-content stk-inner-blocks stk-cdf62d9-inner-blocks\">\n<div class=\"wp-block-stackable-text stk-block-text stk-block stk-8b76296 wp-embed-aspect-16-9 wp-has-aspect-ratio\" data-block-id=\"8b76296\"><p class=\"stk-block-text__text\"><a href=\"http:\/\/viacampesina.org\/en\/\" target=\"_blank\" rel=\"noopener\">La Via Campesina<\/a> (LVC) est un mouvement mondial qui rassemble des organisations repr\u00e9sentant les petites et moyennes exploitations agricoles, les paysans, les travailleurs agricoles, les femmes rurales et les communaut\u00e9s indig\u00e8nes. Elle est pluraliste, d\u00e9mocratique, multiculturelle et non partisane.<\/p><\/div>\n\n\n\n<div class=\"wp-block-stackable-text stk-block-text stk-block stk-287a1a9 wp-embed-aspect-16-9 wp-has-aspect-ratio\" data-block-id=\"287a1a9\"><p class=\"stk-block-text__text\">Via Campesina et ses membres se concentrent sur des questions telles que la souverainet\u00e9 alimentaire et le commerce, la r\u00e9forme agraire (redistribution de l&rsquo;acc\u00e8s et du contr\u00f4le des ressources telles que la terre, les semences, l&rsquo;eau, le cr\u00e9dit), les technologies appropri\u00e9es, l&rsquo;agriculture durable et l&rsquo;agro\u00e9cologie, le renforcement de la participation des femmes dans les domaines social, \u00e9conomique, politique et culturel, les droits des paysans et des fermi\u00e8res, la biodiversit\u00e9, les travailleurs agricoles migrants et la promotion de relations \u00e9conomiques fond\u00e9es sur l&rsquo;\u00e9galit\u00e9 et la justice sociale.<\/p><\/div>\n\n\n\n<div class=\"wp-block-stackable-text stk-block-text stk-block stk-b82a1d1 wp-embed-aspect-16-9 wp-has-aspect-ratio\" data-block-id=\"b82a1d1\"><p class=\"stk-block-text__text\">La Via Campesina est organis\u00e9e en neuf r\u00e9gions : Europe, Asie du Nord-Est et du Sud-Est, Asie du Sud, Am\u00e9rique du Nord, Cara\u00efbes, Am\u00e9rique centrale, Afrique 1, Afrique 2 et Am\u00e9rique du Sud.<\/p><\/div>\n\n\n\n<div class=\"wp-block-stackable-text stk-block-text stk-block stk-ef689fc wp-embed-aspect-16-9 wp-has-aspect-ratio\" data-block-id=\"ef689fc\"><p class=\"stk-block-text__text\">L&rsquo;origine de LVC remonte \u00e0 avril 1992, lorsque plusieurs dirigeants paysans du monde entier se sont r\u00e9unis \u00e0 Managua, au Nicaragua, \u00e0 l&rsquo;occasion du congr\u00e8s de l&rsquo;Union Nationale des Fermiers et des \u00c9leveurs (UNAG). Depuis lors, des conf\u00e9rences LVC ont \u00e9t\u00e9 organis\u00e9es tous les quatre ans : \u00e0 Mons, en Belgique (1993), \u00e0 Tlaxcala, au Mexique (1996), \u00e0 Bangalore, en Inde (2000), \u00e0 Sao Paolo, au Br\u00e9sil (2004), \u00e0 Maputo, au Mozambique (2008) et \u00e0 Jakarta, en Indon\u00e9sie (2013).<\/p><\/div>\n\n\n\n<div class=\"wp-block-stackable-text stk-block-text stk-block stk-d5f915e wp-embed-aspect-16-9 wp-has-aspect-ratio\" data-block-id=\"d5f915e\"><p class=\"stk-block-text__text\">Le site canadien UNF est un membre fondateur de la Via Campesina. L&rsquo;UNF continue de jouer un r\u00f4le actif au sein de la LVC, ses repr\u00e9sentantes \u00e9tant actuellement suppl\u00e9antes du coordinateur r\u00e9gional pour les femmes et repr\u00e9sentantes r\u00e9gionales au sein de la commission de la biodiversit\u00e9 et de la commission des femmes. Les anciens pr\u00e9sidents de l&rsquo;UNF, Wayne Easter et Nettie Wiebe, ont jou\u00e9 un r\u00f4le cl\u00e9 dans la fondation et le d\u00e9veloppement de La Via Campesina.<\/p><\/div>\n\n\n\n<div class=\"wp-block-stackable-text stk-block-text stk-block stk-e772c29 wp-embed-aspect-16-9 wp-has-aspect-ratio\" data-block-id=\"e772c29\"><p class=\"stk-block-text__text\">Le <a href=\"https:\/\/www.nfu.ca\/fr\/a-propos\/comite-des-programmes-internationaux\/\">Comit\u00e9 des Programmes Internationaux<\/a> (CPI) de l&rsquo;UNF coordonne et promeut le travail de solidarit\u00e9 internationale de l&rsquo;UNF. Chaque r\u00e9gion \u00e9lit un membre \u00e0 ce comit\u00e9. <a href=\"mailto:ipccoordinator@nfu.ca?subject=NFU20IPC20\">Terran Giacomini<\/a> est le coordinateur du CIP.<\/p><\/div>\n\n\n\n<div class=\"wp-block-stackable-text stk-block-text stk-block stk-7e1a6e4 wp-embed-aspect-16-9 wp-has-aspect-ratio\" data-block-id=\"7e1a6e4\"><p class=\"stk-block-text__text\"><a href=\"http:\/\/vimeo.com\/27473286\" target=\"_blank\" rel=\"noopener\">La Via Campesina en mouvement &#8230; La souverainet\u00e9 alimentaire maintenant !<\/a><\/p><\/div>\n\n\n\n<div class=\"wp-block-stackable-text stk-block-text stk-block stk-fde99f2 wp-embed-aspect-16-9 wp-has-aspect-ratio\" data-block-id=\"fde99f2\"><p class=\"stk-block-text__text\">D\u00e9couvrez une vid\u00e9o de 20 minutes pr\u00e9sentant le travail de La Via Campensina.<\/p><\/div>\n\n\n\n<figure class=\"wp-block-embed is-type-video is-provider-vimeo wp-block-embed-vimeo wp-embed-aspect-16-9 wp-has-aspect-ratio\"><div class=\"wp-block-embed__wrapper\">\n<iframe loading=\"lazy\" title=\"La Via Campesina in Movement... Food Sovereignty now!\" src=\"https:\/\/player.vimeo.com\/video\/27473286?dnt=1&amp;app_id=122963\" width=\"480\" height=\"270\" frameborder=\"0\" allow=\"autoplay; fullscreen; picture-in-picture; clipboard-write\"><\/iframe>\n<\/div><\/figure>\n<\/div><\/div><\/div>\n\n\n\n<div class=\"wp-block-stackable-column stk-block-column stk-column stk-block stk-c2d99ea\" data-v=\"4\" data-block-id=\"c2d99ea\"><style>@media screen and (min-width: 768px){.stk-c2d99ea {flex:var(--stk-flex-grow, 1) 1 calc(33.334% - var(--stk-column-gap, 0px) * 1 \/ 2 ) !important;}}<\/style><div class=\"stk-column-wrapper stk-block-column__content stk-container stk-c2d99ea-container stk--no-background stk--no-padding\"><div class=\"stk-block-content stk-inner-blocks stk-c2d99ea-inner-blocks\"><nav class=\"is-vertical no-wrap wp-block-navigation is-nowrap is-layout-flex wp-container-core-navigation-is-layout-947ac36b wp-block-navigation-is-layout-flex\" aria-label=\"About Sidebar Menu\"><ul class=\"wp-block-navigation__container  is-vertical no-wrap wp-block-navigation\"><li class=\" wp-block-navigation-item wp-block-navigation-link\"><a class=\"wp-block-navigation-item__content\"  href=\"https:\/\/www.nfu.ca\/about\/\"><span class=\"wp-block-navigation-item__label\">About the NFU<\/span><\/a><\/li><li class=\" wp-block-navigation-item wp-block-navigation-link\"><a class=\"wp-block-navigation-item__content\"  href=\"https:\/\/www.nfu.ca\/about\/board-of-directors\/\"><span class=\"wp-block-navigation-item__label\">Board of Directors<\/span><\/a><\/li><li class=\" wp-block-navigation-item wp-block-navigation-link\"><a class=\"wp-block-navigation-item__content\"  href=\"https:\/\/www.nfu.ca\/about\/nfu-staff\/\"><span class=\"wp-block-navigation-item__label\">NFU Staff<\/span><\/a><\/li><li class=\" wp-block-navigation-item wp-block-navigation-link\"><a class=\"wp-block-navigation-item__content\"  href=\"https:\/\/www.nfu.ca\/job-opportunities\/\"><span class=\"wp-block-navigation-item__label\">Join our Staff Team<\/span><\/a><\/li><li class=\" wp-block-navigation-item wp-block-navigation-link\"><a class=\"wp-block-navigation-item__content\"  href=\"https:\/\/www.nfu.ca\/about\/nfu-women\/\"><span class=\"wp-block-navigation-item__label\">Women\u2019s Caucus<\/span><\/a><\/li><li class=\" wp-block-navigation-item wp-block-navigation-link\"><a class=\"wp-block-navigation-item__content\"  href=\"https:\/\/www.nfu.ca\/about\/nfu-youth\/\"><span class=\"wp-block-navigation-item__label\">Youth Caucus<\/span><\/a><\/li><li class=\" wp-block-navigation-item wp-block-navigation-link\"><a class=\"wp-block-navigation-item__content\"  href=\"https:\/\/www.nfu.ca\/about\/bipoc-caucus\/\"><span class=\"wp-block-navigation-item__label\">BIPOC Caucus<\/span><\/a><\/li><li class=\" wp-block-navigation-item wp-block-navigation-link\"><a class=\"wp-block-navigation-item__content\"  href=\"https:\/\/www.nfu.ca\/about\/international\/\"><span class=\"wp-block-navigation-item__label\">International Program Committee<\/span><\/a><\/li><li class=\" wp-block-navigation-item wp-block-navigation-link\"><a class=\"wp-block-navigation-item__content\"  href=\"https:\/\/www.nfu.ca\/about\/policy-working-groups\/\"><span class=\"wp-block-navigation-item__label\">Policy Working Groups<\/span><\/a><\/li><li class=\" wp-block-navigation-item wp-block-navigation-link\"><a class=\"wp-block-navigation-item__content\"  href=\"https:\/\/www.nfu.ca\/about\/national-farmers-foundation\/\"><span class=\"wp-block-navigation-item__label\">National Farmers Foundation<\/span><\/a><\/li><li class=\" wp-block-navigation-item wp-block-navigation-link\"><a class=\"wp-block-navigation-item__content\"  href=\"https:\/\/www.nfu.ca\/about\/nfu-constitution-and-bylaws\/\"><span class=\"wp-block-navigation-item__label\">Constitution and Bylaws<\/span><\/a><\/li><li class=\" wp-block-navigation-item wp-block-navigation-link\"><a class=\"wp-block-navigation-item__content\"  href=\"https:\/\/www.nfu.ca\/about\/contact\/\"><span class=\"wp-block-navigation-item__label\">Contact NFU<\/span><\/a><\/li><\/ul><\/nav><\/div><\/div><\/div>\n<\/div><\/div>\n<\/div><\/div><\/div>\n","protected":false},"excerpt":{"rendered":"<p>La Via Campesina (LVC) est un mouvement mondial qui rassemble des organisations repr\u00e9sentant les petites et moyennes exploitations agricoles, les paysans, les travailleurs agricoles, les femmes rurales et les communaut\u00e9s indig\u00e8nes. L&rsquo;UNF est un membre fondateur de la Via Campesina et joue un r\u00f4le actif au sein de la LVC, avec des repr\u00e9sentantes qui occupent actuellement le poste de coordinatrice r\u00e9gionale des femmes, ainsi que des repr\u00e9sentants r\u00e9gionaux au sein de la commission de la biodiversit\u00e9 et de la commission des femmes.  <\/p>\n","protected":false},"author":2,"featured_media":22877,"parent":26360,"menu_order":2,"comment_status":"closed","ping_status":"closed","template":"tmpl-blocks-contained.php","meta":{"_acf_changed":false,"_tec_requires_first_save":true,"_EventAllDay":false,"_EventTimezone":"","_EventStartDate":"","_EventEndDate":"","_EventStartDateUTC":"","_EventEndDateUTC":"","_EventShowMap":false,"_EventShowMapLink":false,"_EventURL":"","_EventCost":"","_EventCostDescription":"","_EventCurrencySymbol":"","_EventCurrencyCode":"","_EventCurrencyPosition":"","_EventDateTimeSeparator":"","_EventTimeRangeSeparator":"","_EventOrganizerID":[],"_EventVenueID":[],"_OrganizerEmail":"","_OrganizerPhone":"","_OrganizerWebsite":"","_VenueAddress":"","_VenueCity":"","_VenueCountry":"","_VenueProvince":"","_VenueState":"","_VenueZip":"","_VenuePhone":"","_VenueURL":"","_VenueStateProvince":"","_VenueLat":"","_VenueLng":"","_VenueShowMap":false,"_VenueShowMapLink":false,"_tribe_blocks_recurrence_rules":"","_tribe_blocks_recurrence_description":"","_tribe_blocks_recurrence_exclusions":"","_ecp_custom_4":"","_ecp_custom_7":"","_ecp_custom_9":"","_ecp_custom_10":"","_ecp_custom_12":"","_ecp_custom_13":"","footnotes":""},"post_region":[],"post_campaign":[],"class_list":["post-26339","page","type-page","status-publish","has-post-thumbnail","hentry"],"acf":[],"_links":{"self":[{"href":"https:\/\/www.nfu.ca\/fr\/wp-json\/wp\/v2\/pages\/26339","targetHints":{"allow":["GET"]}}],"collection":[{"href":"https:\/\/www.nfu.ca\/fr\/wp-json\/wp\/v2\/pages"}],"about":[{"href":"https:\/\/www.nfu.ca\/fr\/wp-json\/wp\/v2\/types\/page"}],"author":[{"embeddable":true,"href":"https:\/\/www.nfu.ca\/fr\/wp-json\/wp\/v2\/users\/2"}],"replies":[{"embeddable":true,"href":"https:\/\/www.nfu.ca\/fr\/wp-json\/wp\/v2\/comments?post=26339"}],"version-history":[{"count":3,"href":"https:\/\/www.nfu.ca\/fr\/wp-json\/wp\/v2\/pages\/26339\/revisions"}],"predecessor-version":[{"id":42623,"href":"https:\/\/www.nfu.ca\/fr\/wp-json\/wp\/v2\/pages\/26339\/revisions\/42623"}],"up":[{"embeddable":true,"href":"https:\/\/www.nfu.ca\/fr\/wp-json\/wp\/v2\/pages\/26360"}],"wp:featuredmedia":[{"embeddable":true,"href":"https:\/\/www.nfu.ca\/fr\/wp-json\/wp\/v2\/media\/22877"}],"wp:attachment":[{"href":"https:\/\/www.nfu.ca\/fr\/wp-json\/wp\/v2\/media?parent=26339"}],"wp:term":[{"taxonomy":"post_region","embeddable":true,"href":"https:\/\/www.nfu.ca\/fr\/wp-json\/wp\/v2\/post_region?post=26339"},{"taxonomy":"post_campaign","embeddable":true,"href":"https:\/\/www.nfu.ca\/fr\/wp-json\/wp\/v2\/post_campaign?post=26339"}],"curies":[{"name":"wp","href":"https:\/\/api.w.org\/{rel}","templated":true}]}}