
{"id":26323,"date":"2017-09-28T20:51:01","date_gmt":"2017-09-29T02:51:01","guid":{"rendered":"https:\/\/www.nfu.ca\/guide-rapide-conventions-de-lunf\/"},"modified":"2024-07-11T13:54:01","modified_gmt":"2024-07-11T19:54:01","slug":"guide-rapide-conventions-de-lunf","status":"publish","type":"page","link":"https:\/\/www.nfu.ca\/fr\/conventions-annuelles-de-lunf\/guide-rapide-conventions-de-lunf\/","title":{"rendered":"Guide rapide des conventions de l&rsquo;UNF"},"content":{"rendered":"\n<header class=\"wp-block-cover alignfull has-custom-content-position is-position-bottom-center banner-top\" id=\"banner-top\"><span aria-hidden=\"true\" class=\"wp-block-cover__background has-background-dim has-background-gradient\" style=\"background:linear-gradient(180deg,rgba(0,0,0,0.97) 0%,rgba(0,0,0,0.05) 69%)\"><\/span><img loading=\"lazy\" decoding=\"async\" width=\"956\" height=\"602\" src=\"https:\/\/www.nfu.ca\/wp-content\/uploads\/2018\/09\/guide-to-nfu-conventions-thumb.jpg\" class=\"wp-block-cover__image-background wp-post-image\" alt=\"\" data-object-fit=\"cover\" srcset=\"https:\/\/www.nfu.ca\/wp-content\/uploads\/2018\/09\/guide-to-nfu-conventions-thumb.jpg 956w, https:\/\/www.nfu.ca\/wp-content\/uploads\/2018\/09\/guide-to-nfu-conventions-thumb-300x189.jpg 300w, https:\/\/www.nfu.ca\/wp-content\/uploads\/2018\/09\/guide-to-nfu-conventions-thumb-768x484.jpg 768w\" sizes=\"auto, (max-width: 956px) 100vw, 956px\" \/><div class=\"wp-block-cover__inner-container is-layout-flow wp-block-cover-is-layout-flow\">\n<p class=\"has-text-align-left has-large-font-size\"><\/p>\n<\/div><\/header>\n<ol class=\"breadcrumb\"><li><a href=\"https:\/\/www.nfu.ca\/fr\/\">National Farmers Union<\/a><\/li><\/ol>\n\n<div class=\"wp-block-stackable-heading stk-block-heading stk-block-heading--v2 stk-block stk-35b1992\" id=\"a-quick-guide-to-nfu-conventions\" data-block-id=\"35b1992\"><h1 class=\"stk-block-heading__text\">Guide rapide des conventions de l&rsquo;UNF<\/h1><\/div>\n\n<div class=\"wp-block-stackable-columns stk-block-columns stk-block stk-54b76e7 content-upper\" id=\"content-upper\" data-block-id=\"54b76e7\"><div class=\"stk-row stk-inner-blocks has-text-align-left stk-block-content stk-content-align stk-54b76e7-column\">\n<div class=\"wp-block-stackable-column stk-block-column stk-column stk-block stk-ef63229\" data-v=\"4\" data-block-id=\"ef63229\"><style>@media screen and (min-width:768px){.stk-ef63229{flex:var(--stk-flex-grow,1) 1 calc(66.666% - var(--stk-column-gap,0px) * 1 \/ 2 ) !important}}<\/style><div class=\"stk-column-wrapper stk-block-column__content stk-container stk-ef63229-container stk--no-background stk--no-padding\"><div class=\"has-text-align-left stk-block-content stk-inner-blocks stk-ef63229-inner-blocks\">\n<p class=\"has-medium-font-size\">La Convention nationale de l&rsquo;Union Nationale des Fermiers se tient chaque ann\u00e9e, comme le pr\u00e9voient nos statuts. Les d\u00e9cisions politiques sont prises dans le cadre d&rsquo;un processus d\u00e9mocratique clairement d\u00e9fini lors de la convention, et l&rsquo;ex\u00e9cutif, le conseil d&rsquo;administration et les sections locales sont tous tenus de les respecter. Les membres du bureau national sont \u00e9lus lors de la convention. Certaines ann\u00e9es, des amendements constitutionnels peuvent \u00e9galement \u00eatre envisag\u00e9s. La convention permet aux membres de l&rsquo;UNF de se rencontrer et d&rsquo;entendre des orateurs sur des questions importantes pour notre organisation. Elle ressemble \u00e0 bien des \u00e9gards \u00e0 une conf\u00e9rence ordinaire, mais si vous \u00eates nouveau \u00e0 l&rsquo;UNF, vous ne connaissez peut-\u00eatre pas l&rsquo;aspect de la gouvernance.<\/p>\n<\/div><\/div><\/div>\n\n\n\n<div class=\"wp-block-stackable-column stk-block-column stk-column stk-block stk-5eb44eb\" data-v=\"4\" data-block-id=\"5eb44eb\"><style>@media screen and (min-width:768px){.stk-5eb44eb{flex:var(--stk-flex-grow,1) 1 calc(33.334% - var(--stk-column-gap,0px) * 1 \/ 2 ) !important}}<\/style><div class=\"stk-column-wrapper stk-block-column__content stk-container stk-5eb44eb-container stk--no-background stk--no-padding\"><div class=\"stk-block-content stk-inner-blocks stk-5eb44eb-inner-blocks\"><nav class=\"is-vertical no-wrap wp-block-navigation is-nowrap is-layout-flex wp-container-core-navigation-is-layout-947ac36b wp-block-navigation-is-layout-flex\" aria-label=\"Convention Area Sidebar Menu\"><ul class=\"wp-block-navigation__container  is-vertical no-wrap wp-block-navigation\"><li class=\" wp-block-navigation-item wp-block-navigation-link\"><a class=\"wp-block-navigation-item__content\"  href=\"https:\/\/www.nfu.ca\/convention\/\"><span class=\"wp-block-navigation-item__label\">NFU Annual Conventions<\/span><\/a><\/li><li class=\" wp-block-navigation-item wp-block-navigation-link\"><a class=\"wp-block-navigation-item__content\"  href=\"https:\/\/www.nfu.ca\/convention\/quick-guide-nfu-conventions\/\"><span class=\"wp-block-navigation-item__label\">A Quick Guide to NFU Conventions<\/span><\/a><\/li><li class=\" wp-block-navigation-item wp-block-navigation-link\"><a class=\"wp-block-navigation-item__content\"  href=\"https:\/\/www.nfu.ca\/convention\/points-order\/\"><span class=\"wp-block-navigation-item__label\">Points of Order<\/span><\/a><\/li><li class=\" wp-block-navigation-item wp-block-navigation-link\"><a class=\"wp-block-navigation-item__content\"  href=\"\/events\"><span class=\"wp-block-navigation-item__label\">Upcoming Events<\/span><\/a><\/li><\/ul><\/nav><\/div><\/div><\/div>\n<\/div><\/div>\n\n<section class=\"wp-block-stackable-columns alignfull stk-block-columns stk-block stk-8dec9a4 stk-block-background\" data-block-id=\"8dec9a4\"><style>.stk-8dec9a4{background-color:#faf9f000 !important;margin-bottom:0px !important}.stk-8dec9a4:before{background-color:#faf9f000 !important}<\/style><div class=\"stk-row stk-inner-blocks stk-block-content stk-content-align stk-8dec9a4-column\">\n<div class=\"wp-block-stackable-column stk-block-column stk-column stk-block stk-6aac889\" data-v=\"4\" data-block-id=\"6aac889\"><div class=\"stk-column-wrapper stk-block-column__content stk-container stk-6aac889-container stk--no-background stk--no-padding\"><div class=\"stk-block-content stk-inner-blocks stk-6aac889-inner-blocks\">\n<p>L&rsquo;Union Nationale des Fermiers a \u00e9t\u00e9 fond\u00e9e apr\u00e8s que les syndicats d&rsquo;agriculteurs de la Colombie-Britannique, de la Saskatchewan, du Manitoba, de l&rsquo;Ontario, de la Nouvelle-\u00c9cosse, du Nouveau-Brunswick et de l&rsquo;\u00cele-du-Prince-\u00c9douard eurent d\u00e9cid\u00e9 qu&rsquo;il \u00e9tait n\u00e9cessaire d&rsquo;avoir une organisation nationale pour d\u00e9fendre les int\u00e9r\u00eats de tous les fermiers du Canada, en solidarit\u00e9 les uns avec les autres, afin de contrer efficacement le pouvoir des soci\u00e9t\u00e9s agro-industrielles et d&rsquo;influencer les politiques f\u00e9d\u00e9rales et provinciales de mani\u00e8re constructive. Comme indiqu\u00e9 \u00e0 l&rsquo;\u00e9poque :<\/p>\n\n\n\n<blockquote class=\"wp-block-quote is-layout-flow wp-block-quote-is-layout-flow\">\n<p>\u00ab\u00a0L&rsquo;histoire du mouvement syndical agricole remonte \u00e0 1901. Depuis cette date, de nombreux changements sont intervenus dans l&rsquo;organisation des entreprises et dans l&rsquo;agriculture. Les principaux probl\u00e8mes auxquels sont confront\u00e9s les fermiers dans notre soci\u00e9t\u00e9 industrielle moderne sont de nature nationale et internationale. Pour r\u00e9ussir \u00e0 contrecarrer le pouvoir des grandes entreprises qui les exploitent \u00e9conomiquement, les fermi\u00e8res doivent entreprendre une action collective sur une base nationale pour renforcer leur pouvoir de n\u00e9gociation afin de r\u00e9soudre certains de leurs probl\u00e8mes.\u00a0\u00bb  <\/p>\n<cite>Union Fermi\u00e8re, octobre 1969.<\/cite><\/blockquote>\n\n\n\n<p>Le congr\u00e8s fondateur s&rsquo;est tenu en juillet 1969 et, plus tard dans l&rsquo;ann\u00e9e, une loi a \u00e9t\u00e9 adopt\u00e9e par le Parlement, cr\u00e9ant ainsi la base juridique de l&rsquo;UNF. Les statuts de l&rsquo;UNF ont \u00e9t\u00e9 \u00e9labor\u00e9s apr\u00e8s avoir \u00e9t\u00e9 longuement \u00e9tudi\u00e9s et examin\u00e9s par les membres et les conseils d&rsquo;administration respectifs des syndicats provinciaux, dans le cadre d&rsquo;un processus qui a fait appel \u00e0 leurs structures et traditions d\u00e9mocratiques.<\/p>\n\n\n\n<div class=\"wp-block-stackable-heading stk-block-heading stk-block-heading--v2 stk-block stk-0138c66\" id=\"resolutions\" data-block-id=\"0138c66\"><h2 class=\"stk-block-heading__text\">R\u00e9solutions<\/h2><\/div>\n\n\n\n<p>La d\u00e9claration de politique g\u00e9n\u00e9rale de l&rsquo;UNF rassemble toutes les politiques &#8211; y compris les d\u00e9clarations de position, les recommandations de politique g\u00e9n\u00e9rale au gouvernement, les directives d&rsquo;action, etc. &#8211; qui ont \u00e9t\u00e9 adopt\u00e9es par un vote majoritaire des d\u00e9l\u00e9gu\u00e9s lors des conventions nationales pr\u00e9c\u00e9dentes.<\/p>\n\n\n\n<p>Chaque ann\u00e9e, les membres pr\u00e9sentent de nouvelles propositions politiques sous la forme de r\u00e9solutions qui sont d\u00e9battues au sein de la Convention. Les r\u00e9solutions adopt\u00e9es sont ajout\u00e9es \u00e0 la d\u00e9claration de politique g\u00e9n\u00e9rale de l&rsquo;UNF.<\/p>\n\n\n\n<div class=\"wp-block-media-text is-stacked-on-mobile\"><figure class=\"wp-block-media-text__media\"><img loading=\"lazy\" decoding=\"async\" width=\"494\" height=\"698\" src=\"https:\/\/www.nfu.ca\/wp-content\/uploads\/2018\/09\/nfu-quick-guide-to-nfu-conventions.jpg\" alt=\"Guide rapide des conventions de l&#039;UNF\" class=\"wp-image-6355 size-full\" srcset=\"https:\/\/www.nfu.ca\/wp-content\/uploads\/2018\/09\/nfu-quick-guide-to-nfu-conventions.jpg 494w, https:\/\/www.nfu.ca\/wp-content\/uploads\/2018\/09\/nfu-quick-guide-to-nfu-conventions-212x300.jpg 212w\" sizes=\"auto, (max-width: 494px) 100vw, 494px\" \/><\/figure><div class=\"wp-block-media-text__content\">\n<p>Les r\u00e9solutions peuvent \u00eatre pr\u00e9sent\u00e9es \u00e0 la Convention de deux mani\u00e8res. Chaque r\u00e9gion de l&rsquo;UNF organise une convention r\u00e9gionale annuelle au cours de laquelle les r\u00e9solutions sont d\u00e9battues et vot\u00e9es. Les r\u00e9solutions adopt\u00e9es au niveau r\u00e9gional sont pr\u00e9sent\u00e9es \u00e0 la convention nationale. Des r\u00e9solutions de l&rsquo;assembl\u00e9e de la Convention peuvent \u00e9galement \u00eatre pr\u00e9sent\u00e9es \u00e0 condition que 2\/3 des d\u00e9l\u00e9gu\u00e9s les approuvent. La Convention \u00e9lit un Comit\u00e9 des r\u00e9solutions, qui est charg\u00e9 de coordonner les r\u00e9solutions et de d\u00e9cider de l&rsquo;ordre dans lequel elles seront examin\u00e9es.<\/p>\n\n\n\n<p>Seuls les d\u00e9l\u00e9gu\u00e9s et les \u00e9lus peuvent voter \u00e0 la convention. Un membre peut devenir d\u00e9l\u00e9gu\u00e9 en \u00e9tant \u00e9lu par sa section locale. Les sections locales ont le droit d&rsquo;\u00e9lire un d\u00e9l\u00e9gu\u00e9 par tranche de 20 unit\u00e9s de membres ou fraction majeure de cette tranche. Un membre qui vit dans une r\u00e9gion o\u00f9 il n&rsquo;y a pas de section locale active peut demander des pouvoirs de d\u00e9l\u00e9gu\u00e9 au bureau national au moins 60 jours avant le congr\u00e8s, sous r\u00e9serve de l&rsquo;approbation du coordonnateur r\u00e9gional.<\/p>\n<\/div><\/div>\n\n\n\n<p><em>T\u00e9l\u00e9chargez : <a href=\"https:\/\/www.nfu.ca\/wp-content\/uploads\/2018\/09\/2011-Quick-Guide-to-NFU-Conventions.pdf\" target=\"_blank\" rel=\"noreferrer noopener\">Guide rapide des conventions de l&rsquo;UNF (2011)<\/a><\/em><\/p>\n\n\n\n<p>Les d\u00e9bats \u00e0 la Convention se d\u00e9roulent selon les r\u00e8gles de proc\u00e9dure publi\u00e9es dans <em>Parliamentary Procedure at a Glance, New Edition<\/em> par O. Garfield Jones. Le comit\u00e9 directeur de la Convention recommande des r\u00e8gles suppl\u00e9mentaires sp\u00e9cifiques pour traiter des questions propres \u00e0 notre Convention, qui sont adopt\u00e9es par un vote au d\u00e9but de la Convention. Ces r\u00e8gles sont ensuite imprim\u00e9es et distribu\u00e9es pour r\u00e9f\u00e9rence. L&rsquo;objectif est de faire en sorte que le plus grand nombre possible de r\u00e9solutions politiques soient entendues et fassent l&rsquo;objet d&rsquo;un d\u00e9bat approfondi en perdant le moins de temps possible.<\/p>\n\n\n\n<h3 class=\"wp-block-heading\">\u00c9lections<\/h3>\n\n\n\n<p>La convention annuelle \u00e9lit \u00e9galement le pr\u00e9sident, les premier et deuxi\u00e8me vice-pr\u00e9sidents, la pr\u00e9sidente des femmes, la vice-pr\u00e9sidente des femmes, le pr\u00e9sident des jeunes et la vice-pr\u00e9sidente des jeunes, le tout \u00e0 bulletin secret. L&rsquo;un des derniers points \u00e0 l&rsquo;ordre du jour de la convention est l&rsquo;installation des membres du bureau &#8211; les pr\u00e9sidents et vice-pr\u00e9sidents ainsi que les membres du conseil d&rsquo;administration, les membres du comit\u00e9 consultatif des femmes et les membres du comit\u00e9 consultatif des jeunes qui ont \u00e9t\u00e9 \u00e9lus lors de leurs propres conventions r\u00e9gionales.<\/p>\n<\/div><\/div><\/div>\n<\/div><\/section>\n","protected":false},"excerpt":{"rendered":"<p>La convention nationale de l&rsquo;Union Nationale des Fermiers (UNF) se tient chaque ann\u00e9e, comme le pr\u00e9voient nos statuts. Les d\u00e9cisions politiques sont prises dans le cadre d&rsquo;un processus d\u00e9mocratique clairement d\u00e9fini lors de la convention, et l&rsquo;ex\u00e9cutif, le conseil d&rsquo;administration et les sections locales sont tous tenus de les respecter. Les membres du bureau national sont \u00e9lus lors de la convention.  <\/p>\n","protected":false},"author":2,"featured_media":24149,"parent":26356,"menu_order":0,"comment_status":"closed","ping_status":"closed","template":"tmpl-blocks-contained.php","meta":{"_acf_changed":false,"_tec_requires_first_save":true,"_EventAllDay":false,"_EventTimezone":"","_EventStartDate":"","_EventEndDate":"","_EventStartDateUTC":"","_EventEndDateUTC":"","_EventShowMap":false,"_EventShowMapLink":false,"_EventURL":"","_EventCost":"","_EventCostDescription":"","_EventCurrencySymbol":"","_EventCurrencyCode":"","_EventCurrencyPosition":"","_EventDateTimeSeparator":"","_EventTimeRangeSeparator":"","_EventOrganizerID":[],"_EventVenueID":[],"_OrganizerEmail":"","_OrganizerPhone":"","_OrganizerWebsite":"","_VenueAddress":"","_VenueCity":"","_VenueCountry":"","_VenueProvince":"","_VenueState":"","_VenueZip":"","_VenuePhone":"","_VenueURL":"","_VenueStateProvince":"","_VenueLat":"","_VenueLng":"","_VenueShowMap":false,"_VenueShowMapLink":false,"_tribe_blocks_recurrence_rules":"","_tribe_blocks_recurrence_description":"","_tribe_blocks_recurrence_exclusions":"","_ecp_custom_4":"","_ecp_custom_7":"","_ecp_custom_9":"","_ecp_custom_10":"","_ecp_custom_12":"","_ecp_custom_13":"","footnotes":""},"post_region":[],"post_campaign":[],"class_list":["post-26323","page","type-page","status-publish","has-post-thumbnail","hentry"],"acf":[],"_links":{"self":[{"href":"https:\/\/www.nfu.ca\/fr\/wp-json\/wp\/v2\/pages\/26323","targetHints":{"allow":["GET"]}}],"collection":[{"href":"https:\/\/www.nfu.ca\/fr\/wp-json\/wp\/v2\/pages"}],"about":[{"href":"https:\/\/www.nfu.ca\/fr\/wp-json\/wp\/v2\/types\/page"}],"author":[{"embeddable":true,"href":"https:\/\/www.nfu.ca\/fr\/wp-json\/wp\/v2\/users\/2"}],"replies":[{"embeddable":true,"href":"https:\/\/www.nfu.ca\/fr\/wp-json\/wp\/v2\/comments?post=26323"}],"version-history":[{"count":0,"href":"https:\/\/www.nfu.ca\/fr\/wp-json\/wp\/v2\/pages\/26323\/revisions"}],"up":[{"embeddable":true,"href":"https:\/\/www.nfu.ca\/fr\/wp-json\/wp\/v2\/pages\/26356"}],"wp:featuredmedia":[{"embeddable":true,"href":"https:\/\/www.nfu.ca\/fr\/wp-json\/wp\/v2\/media\/24149"}],"wp:attachment":[{"href":"https:\/\/www.nfu.ca\/fr\/wp-json\/wp\/v2\/media?parent=26323"}],"wp:term":[{"taxonomy":"post_region","embeddable":true,"href":"https:\/\/www.nfu.ca\/fr\/wp-json\/wp\/v2\/post_region?post=26323"},{"taxonomy":"post_campaign","embeddable":true,"href":"https:\/\/www.nfu.ca\/fr\/wp-json\/wp\/v2\/post_campaign?post=26323"}],"curies":[{"name":"wp","href":"https:\/\/api.w.org\/{rel}","templated":true}]}}