
{"id":26320,"date":"2020-11-18T16:01:32","date_gmt":"2020-11-18T22:01:32","guid":{"rendered":"https:\/\/www.nfu.ca\/convention-2023-lavenir-de-lagriculture-entre-nos-mains\/informations-pour-les-membres\/"},"modified":"2025-11-19T13:58:56","modified_gmt":"2025-11-19T19:58:56","slug":"informations-pour-les-membres","status":"publish","type":"page","link":"https:\/\/www.nfu.ca\/fr\/informations-pour-les-membres\/","title":{"rendered":"Informations pour les participants \u00e0 la convention"},"content":{"rendered":"\n<div class=\"wp-block-cover alignfull is-light has-custom-content-position is-position-bottom-center banner-top has-background-bblue has-nfu-primary-color has-text-color has-link-color wp-elements-4a506fefc82c65ee9a69d9f6828c2374\"><span aria-hidden=\"true\" class=\"wp-block-cover__background has-background-dim-40 has-background-dim has-background-gradient\" style=\"background:linear-gradient(180deg,rgb(0,162,255) 0%,rgba(255,255,255,0) 40%)\"><\/span><div class=\"wp-block-cover__inner-container is-layout-constrained wp-container-core-cover-is-layout-c5279553 wp-block-cover-is-layout-constrained\">\n<div class=\"wp-block-stackable-columns alignfull stk-block-columns stk-block stk-eded1c5\" data-block-id=\"eded1c5\"><style>.stk-eded1c5 .stk--block-align-eded1c5{align-items:flex-end !important;}.stk-eded1c5-column{--stk-columns-spacing:0px !important;--stk-column-gap:0px !important;row-gap:0px !important;}@media screen and (max-width: 767px){.stk-eded1c5 {--stk-col-order-1:2 !important;--stk-col-order-2:1 !important;}}<\/style><style class=\"stk-custom-css\">.stk-eded1c5.stk-block-columns{width:auto !important}<\/style><div class=\"stk-row stk-inner-blocks stk--block-align-eded1c5 stk-block-content stk-content-align stk-eded1c5-column alignwide\">\n<div class=\"wp-block-stackable-column stk-block-column stk-column stk-block stk-8c1a789\" data-v=\"4\" data-block-id=\"8c1a789\"><style>@media screen and (min-width: 768px){.stk-8c1a789 {flex:var(--stk-flex-grow, 1) 1 calc(65% - var(--stk-column-gap, 0px) * 1 \/ 2 ) !important;}}<\/style><div class=\"stk-column-wrapper stk-block-column__content stk-container stk-8c1a789-container stk--no-background stk--no-padding\"><div class=\"stk-block-content stk-inner-blocks stk-8c1a789-inner-blocks\">\n<div class=\"wp-block-stackable-heading stk-block-heading stk-block-heading--v2 stk-block stk-213ccfd banner-slug\" id=\"november-19-21-2025\" data-block-id=\"213ccfd\"><style>.stk-213ccfd .stk-block-heading__text{color:#178CCD !important;font-family:\"Raleway\", Sans-serif !important;}<\/style><h6 class=\"stk-block-heading__text has-text-color has-text-align-left has-text-align-center-mobile\">19-21 novembre 2025<\/h6><\/div>\n\n\n\n<div class=\"wp-block-stackable-heading stk-block-heading stk-block-heading--v2 stk-block stk-77d07d0 banner-headline\" id=\"nfu-convention-2025\" data-block-id=\"77d07d0\"><style>.stk-77d07d0 .stk-block-heading__text{font-size:3.2em !important;color:#178CCD !important;font-family:\"Raleway\", Sans-serif !important;}@media screen and (max-width: 1023px){.stk-77d07d0 .stk-block-heading__text{font-size:2.8em !important;}}<\/style><h1 class=\"stk-block-heading__text has-text-color has-text-align-left has-text-align-center-mobile\">UNF Convention 2025  <\/h1><\/div>\n\n\n\n<div class=\"wp-block-stackable-heading stk-block-heading stk-block-heading--v2 stk-block stk-c47ccd6 banner-headline\" id=\"val\" data-block-id=\"c47ccd6\"><style>.stk-c47ccd6 .stk-block-heading__text{color:#178CCD !important;font-family:\"Raleway\", Sans-serif !important;}<\/style><h3 class=\"stk-block-heading__text has-text-color has-text-align-left has-text-align-center-mobile\"><strong>L&rsquo;alimentation. Souverainet\u00e9. Justice.<\/strong> <br>D\u00e9velopper des strat\u00e9gies collectives.<\/h3><\/div>\n<\/div><\/div><\/div>\n\n\n\n<div class=\"wp-block-stackable-column stk-block-column stk-column stk-block stk-afdcc4e\" data-v=\"4\" data-block-id=\"afdcc4e\"><style>@media screen and (min-width: 768px){.stk-afdcc4e {flex:var(--stk-flex-grow, 1) 1 calc(35% - var(--stk-column-gap, 0px) * 1 \/ 2 ) !important;}}<\/style><div class=\"stk-column-wrapper stk-block-column__content stk-container stk-afdcc4e-container stk--no-background stk--no-padding\"><div class=\"stk-block-content stk-inner-blocks stk-afdcc4e-inner-blocks\">\n<div class=\"wp-block-stackable-image stk-block-image has-text-align-center-mobile stk-block stk-a208e70\" data-block-id=\"a208e70\"><style>.stk-a208e70 {max-width:360px !important;min-width:auto !important;}@media screen and (max-width: 767px){.stk-a208e70 {max-width:360px !important;min-width:auto !important;padding-top:24px !important;padding-right:24px !important;padding-bottom:0px !important;padding-left:24px !important;margin-right:auto !important;margin-left:auto !important;}}<\/style><figure><span class=\"stk-img-wrapper stk-image--shape-stretch\"><img loading=\"lazy\" decoding=\"async\" class=\"stk-img wp-image-42432\" src=\"https:\/\/www.nfu.ca\/wp-content\/uploads\/2025\/09\/nfu-2025-convention-graphic.webp\" width=\"867\" height=\"788\" srcset=\"https:\/\/www.nfu.ca\/wp-content\/uploads\/2025\/09\/nfu-2025-convention-graphic.webp 867w, https:\/\/www.nfu.ca\/wp-content\/uploads\/2025\/09\/nfu-2025-convention-graphic-300x273.webp 300w, https:\/\/www.nfu.ca\/wp-content\/uploads\/2025\/09\/nfu-2025-convention-graphic-768x698.webp 768w\" sizes=\"auto, (max-width: 867px) 100vw, 867px\" \/><\/span><\/figure><\/div>\n<\/div><\/div><\/div>\n<\/div><\/div>\n<\/div><\/div>\n\n<div class=\"wp-block-stackable-columns stk-block-columns stk-block stk-5453cb2\" data-block-id=\"5453cb2\"><div class=\"stk-row stk-inner-blocks stk-block-content stk-content-align stk-5453cb2-column\">\n<div class=\"wp-block-stackable-column stk-block-column stk-column stk-block stk-c860533\" data-v=\"4\" data-block-id=\"c860533\"><div class=\"stk-column-wrapper stk-block-column__content stk-container stk-c860533-container stk--no-background stk--no-padding\"><div class=\"stk-block-content stk-inner-blocks stk-c860533-inner-blocks\">\n<div class=\"wp-block-stackable-heading stk-block-heading stk-block-heading--v2 stk-block stk-051725e\" id=\"information-for-convention-attendees\" data-block-id=\"051725e\"><h2 class=\"stk-block-heading__text\">Informations pour les participants \u00e0 la convention<\/h2><\/div>\n<\/div><\/div><\/div>\n<\/div><\/div>\n\n<div class=\"wp-block-stackable-columns stk-block-columns stk-block stk-4641c29\" id=\"virt-conv-kit\" data-block-id=\"4641c29\"><div class=\"stk-row stk-inner-blocks stk-block-content stk-content-align stk-4641c29-column\">\n<div class=\"wp-block-stackable-column stk-block-column stk-column stk-block stk-9bc4272\" data-v=\"4\" data-block-id=\"9bc4272\"><div class=\"stk-column-wrapper stk-block-column__content stk-container stk-9bc4272-container stk--no-background stk--no-padding\"><div class=\"stk-block-content stk-inner-blocks stk-9bc4272-inner-blocks\">\n<p>Merci d&rsquo;avoir particip\u00e9 \u00e0 la 56e convention nationale annuelle de l&rsquo;UNF ! Voici votre \u00ab\u00a0kit de convention virtuelle\u00a0\u00bb avec les informations dont vous aurez besoin ou qui vous seront utiles pour participer \u00e0 notre convention hybride !<\/p>\n\n\n\n<p>Si vous avez de la difficult\u00e9 \u00e0 vous joindre \u00e0 la r\u00e9union Zoom, veuillez communiquer avec <a href=\"mailto:communications@nfu.ca\">communications@nfu.ca<\/a> ou composer le 506-405-0022.<\/p>\n<\/div><\/div><\/div>\n<\/div><\/div>\n\n<div class=\"wp-block-stackable-columns stk-block-columns stk-block stk-543c71a\" id=\"con-handbook\" data-block-id=\"543c71a\"><div class=\"stk-row stk-inner-blocks stk-block-content stk-content-align stk-543c71a-column\">\n<div class=\"wp-block-stackable-column stk-block-column stk-column stk-block stk-af81280\" data-v=\"4\" data-block-id=\"af81280\"><div class=\"stk-column-wrapper stk-block-column__content stk-container stk-af81280-container stk--no-background stk--no-padding\"><div class=\"stk-block-content stk-inner-blocks stk-af81280-inner-blocks\">\n<h3 class=\"wp-block-heading\">Manuel de la Convention<\/h3>\n\n\n\n<p>Cliquez ici pour obtenir votre <a href=\"https:\/\/www.nfu.ca\/wp-content\/uploads\/2025\/11\/Convention-Handbook.pdf\" data-type=\"link\" data-id=\"https:\/\/www.nfu.ca\/wp-content\/uploads\/2025\/11\/Convention-Handbook.pdf\">manuel de la Convention<\/a> en anglais et en fran\u00e7ais. Il comprend<\/p>\n\n\n\n<ul class=\"wp-block-list\">\n<li>Welcome \/ Bienvenue<\/li>\n\n\n\n<li>National President&rsquo;s Message \/ Message de la pr\u00e9sidente nationale<\/li>\n\n\n\n<li>Convention Agenda\/ Agenda de la convention<\/li>\n\n\n\n<li>Convention Speakers \/ Conf\u00e9renciers  <\/li>\n\n\n\n<li>Benefits and Insurance \/ Les avantages et l&rsquo;assurance<\/li>\n\n\n\n<li>Guidelines for Positive Behaviour\/ Lignes directrices pour une conduite respectueuse<\/li>\n\n\n\n<li>Comment s&rsquo;impliquer\/comment participer<\/li>\n\n\n\n<li>Solidarity Forever\/ Solidarit\u00e9 mes fr\u00e8res et mes soeurs<\/li>\n\n\n\n<li>Parrains<\/li>\n<\/ul>\n<\/div><\/div><\/div>\n<\/div><\/div>\n\n<div class=\"wp-block-stackable-columns stk-block-columns stk-block stk-0023d31\" id=\"other-info\" data-block-id=\"0023d31\"><div class=\"stk-row stk-inner-blocks stk-block-content stk-content-align stk-0023d31-column\">\n<div class=\"wp-block-stackable-column stk-block-column stk-column stk-block stk-cabc215\" data-v=\"4\" data-block-id=\"cabc215\"><div class=\"stk-column-wrapper stk-block-column__content stk-container stk-cabc215-container stk--no-background stk--no-padding\"><div class=\"stk-block-content stk-inner-blocks stk-cabc215-inner-blocks\">\n<h3 class=\"wp-block-heading\">Autres informations sur la convention<\/h3>\n\n\n\n<p><strong><a rel=\"noopener\" target=\"_blank\" href=\"https:\/\/docs.google.com\/document\/d\/1Syg-4jWk-JNMVT9dYFRuXa2e2r084mas\/edit?usp=sharing&amp;ouid=105962086197179037714&amp;rtpof=true&amp;sd=true\">Rapport du Comit\u00e9 directeur<\/a><\/strong>&#8211; un r\u00e8glement int\u00e9rieur sp\u00e9cifique \u00e0 notre convention qui sera ratifi\u00e9 par les d\u00e9l\u00e9gu\u00e9s au d\u00e9but de la convention.<\/p>\n<\/div><\/div><\/div>\n<\/div><\/div>\n\n<div class=\"wp-block-stackable-columns stk-block-columns stk-block stk-4380529\" id=\"resolutions\" data-block-id=\"4380529\"><div class=\"stk-row stk-inner-blocks stk-block-content stk-content-align stk-4380529-column\">\n<div class=\"wp-block-stackable-column stk-block-column stk-column stk-block stk-821b3c7\" data-v=\"4\" data-block-id=\"821b3c7\"><div class=\"stk-column-wrapper stk-block-column__content stk-container stk-821b3c7-container stk--no-background stk--no-padding\"><div class=\"stk-block-content stk-inner-blocks stk-821b3c7-inner-blocks\">\n<h3 class=\"wp-block-heading\">R\u00e9solutions<\/h3>\n\n\n\n<p>Seuls les d\u00e9l\u00e9gu\u00e9s ont le droit de proposer, d&rsquo;appuyer et de voter des r\u00e9solutions pendant la convention, mais tout le monde est invit\u00e9 \u00e0 participer au d\u00e9bat et \u00e0 la discussion. Les r\u00e9solutions \u00e9manant de l&rsquo;assembl\u00e9e peuvent \u00eatre envoy\u00e9es par courriel \u00e0 Phil Mount \u00e0 l&rsquo;adresse <a href=\"mailto:vp-policy@nfu.ca\">vp-policy@nfu.ca<\/a>. Lorsque les r\u00e9solutions sont discut\u00e9es, chacune d&rsquo;entre elles, ainsi que les amendements \u00e9ventuels, s&rsquo;affichent sur l&rsquo;\u00e9cran de votre ordinateur. Cliquez ici pour le document imprimable <strong><a href=\"https:\/\/www.nfu.ca\/wp-content\/uploads\/2025\/11\/RESOLUTIONS-FOR-2025-CONVENTION-BILINGUAL-UPDATED-NOV-19.docx.pdf\" data-type=\"link\" data-id=\"https:\/\/www.nfu.ca\/wp-content\/uploads\/2025\/11\/RESOLUTIONS-FOR-2025-CONVENTION-BILINGUAL-UPDATED-NOV-19.docx.pdf\">R\u00e9solutions de la Convention 2025<\/a><\/strong> qui contient les r\u00e9solutions qui ont \u00e9t\u00e9 adopt\u00e9es lors d&rsquo;une convention r\u00e9gionale.<\/p>\n\n\n\n<p>Au cours de la convention, les membres de l&rsquo;UNF peuvent soumettre des r\u00e9solutions au comit\u00e9 des r\u00e9solutions. Ces r\u00e9solutions doivent toutes \u00eatre \u00ab\u00a0renvoy\u00e9es\u00a0\u00bb par un vote des deux tiers des d\u00e9l\u00e9gu\u00e9s avant de pouvoir \u00eatre d\u00e9battues pendant la convention. <strong>Notez que le jeudi \u00e0 15 heures (heure de l&rsquo;Atlantique) est la date limite pour les r\u00e9solutions non urgentes<\/strong>. Les r\u00e9solutions ne seront pas n\u00e9cessairement d\u00e9battues dans l&rsquo;ordre num\u00e9rique &#8211; le comit\u00e9 des r\u00e9solutions d\u00e9cidera de l&rsquo;ordre pendant la convention.<\/p>\n\n\n\n<p>Vous trouverez peut-\u00eatre pratique d&rsquo;imprimer le document des r\u00e9solutions afin de pouvoir vous y r\u00e9f\u00e9rer facilement au cours du d\u00e9bat.<\/p>\n\n\n\n<p>Pour savoir comment r\u00e9diger une r\u00e9solution, consultez ce guide pratique <em>\n  <strong><a rel=\"noopener\" target=\"_blank\" href=\"https:\/\/docs.google.com\/document\/d\/1Ps_aCkYkRFJ4nKrFSPYAfX3szfAKlHOQ70VNcAZn0v8\/edit?usp=sharing\">\u00ab\u00a0Rappels au r\u00e8glement<\/a>\u00a0\u00bb (en anglais)<\/strong>\n<\/em><\/p>\n<\/div><\/div><\/div>\n<\/div><\/div>\n\n<div class=\"wp-block-stackable-columns stk-block-columns stk-block stk-2e00961\" id=\"how-to-vote\" data-block-id=\"2e00961\"><div class=\"stk-row stk-inner-blocks stk-block-content stk-content-align stk-2e00961-column\">\n<div class=\"wp-block-stackable-column stk-block-column stk-column stk-block stk-050736e\" data-v=\"4\" data-block-id=\"050736e\"><div class=\"stk-column-wrapper stk-block-column__content stk-container stk-050736e-container stk--no-background stk--no-padding\"><div class=\"stk-block-content stk-inner-blocks stk-050736e-inner-blocks\">\n<h3 class=\"wp-block-heading\">Comment voter &#8211; si vous \u00eates un d\u00e9l\u00e9gu\u00e9 accr\u00e9dit\u00e9<\/h3>\n\n\n\n<p>Si vous \u00eates un d\u00e9l\u00e9gu\u00e9 accr\u00e9dit\u00e9, vous avez le droit de proposer, d&rsquo;appuyer et de voter les r\u00e9solutions et les \u00e9lections des fonctionnaires nationaux. Si vous participez \u00e0 la convention par Zoom, un membre du personnel de l&rsquo;UNF ajoutera un D devant votre nom sur la liste des participants \u00e0 Zoom pour indiquer que vous \u00eates un d\u00e9l\u00e9gu\u00e9. Si vous vous pr\u00e9sentez en personne, vous recevrez une carte de vote orange vif \u00e0 votre arriv\u00e9e. Lorsqu&rsquo;il y a un vote pendant la convention, la pr\u00e9sidence donne des instructions et seuls les votes des d\u00e9l\u00e9gu\u00e9s sont pris en compte.<\/p>\n<\/div><\/div><\/div>\n<\/div><\/div>\n\n<div class=\"wp-block-stackable-columns stk-block-columns stk-block stk-6834de1\" id=\"policy-book\" data-block-id=\"6834de1\"><div class=\"stk-row stk-inner-blocks stk-block-content stk-content-align stk-6834de1-column\">\n<div class=\"wp-block-stackable-column stk-block-column stk-column stk-block stk-f788fb4\" data-v=\"4\" data-block-id=\"f788fb4\"><div class=\"stk-column-wrapper stk-block-column__content stk-container stk-f788fb4-container stk--no-background stk--no-padding\"><div class=\"stk-block-content stk-inner-blocks stk-f788fb4-inner-blocks\">\n<h3 class=\"wp-block-heading\">Livre de politique g\u00e9n\u00e9rale de l&rsquo;UNF<\/h3>\n\n\n\n<p>Le livre de politique<strong> <a href=\"https:\/\/www.nfu.ca\/wp-content\/uploads\/2025\/09\/NFU-Policy-Book-2025-Final.pdf\">UNF est disponible ici<\/a><\/strong>. Il comprend toutes les politiques approuv\u00e9es lors des conventions pr\u00e9c\u00e9dentes de l&rsquo;UNF. Vous pourrez peut-\u00eatre vous y r\u00e9f\u00e9rer lorsque vous envisagerez de prendre des r\u00e9solutions pour cette ann\u00e9e.<\/p>\n<\/div><\/div><\/div>\n<\/div><\/div>\n\n<div class=\"wp-block-stackable-columns stk-block-columns stk-block stk-f181dd4\" id=\"constitution-bylaws\" data-block-id=\"f181dd4\"><div class=\"stk-row stk-inner-blocks stk-block-content stk-content-align stk-f181dd4-column\">\n<div class=\"wp-block-stackable-column stk-block-column stk-column stk-block stk-e088ac2\" data-v=\"4\" data-block-id=\"e088ac2\"><div class=\"stk-column-wrapper stk-block-column__content stk-container stk-e088ac2-container stk--no-background stk--no-padding\"><div class=\"stk-block-content stk-inner-blocks stk-e088ac2-inner-blocks\">\n<h3 class=\"wp-block-heading\">Constitution et r\u00e8glement int\u00e9rieur<\/h3>\n\n\n\n<p>Cliquez ici pour consulter les <a href=\"https:\/\/www.nfu.ca\/wp-content\/uploads\/2025\/09\/NFU-Constitution-and-Bylaws-as-amended-November-2024-FINAL.pdf\" data-type=\"link\" data-id=\"https:\/\/www.nfu.ca\/wp-content\/uploads\/2025\/09\/NFU-Constitution-and-Bylaws-as-amended-November-2024-FINAL.pdf\">statuts et r\u00e8glements de l&rsquo;UNF<\/a>.<\/p>\n\n\n\n<p>\u00c9tats financiers<\/p>\n\n\n\n<p>Comme les \u00e9tats financiers seront pr\u00e9sent\u00e9s \u00e0 huis clos (une session ferm\u00e9e o\u00f9 seuls les membres de l&rsquo;UNF sont pr\u00e9sents), ils seront affich\u00e9s \u00e0 l&rsquo;\u00e9cran pendant la session en ligne. Si vous \u00eates membre et que vous souhaitez recevoir une copie papier des \u00e9tats financiers, vous pouvez en faire la demande en envoyant un courriel \u00e0 <a href=\"nfu@nfu.ca\">nfu@nfu.ca .<\/a>  Indiquez votre nom et votre adresse postale dans votre courriel.<\/p>\n<\/div><\/div><\/div>\n<\/div><\/div>\n\n<div class=\"wp-block-stackable-columns stk-block-columns stk-block stk-6f13c13\" id=\"evaluation\" data-block-id=\"6f13c13\"><div class=\"stk-row stk-inner-blocks stk-block-content stk-content-align stk-6f13c13-column\">\n<div class=\"wp-block-stackable-column stk-block-column stk-column stk-block stk-169b4ca\" data-v=\"4\" data-block-id=\"169b4ca\"><div class=\"stk-column-wrapper stk-block-column__content stk-container stk-169b4ca-container stk--no-background stk--no-padding\"><div class=\"stk-block-content stk-inner-blocks stk-169b4ca-inner-blocks\">\n<h3 class=\"wp-block-heading\">L&rsquo;\u00e9valuation<\/h3>\n\n\n\n<p>Veuillez cliquer ici pour remplir le formulaire d&rsquo;\u00e9valuation de la convention. <strong>\n  <a rel=\"noopener\" target=\"_blank\" href=\"https:\/\/www.surveymonkey.com\/r\/NFU-2025\">\u00c9valuation de la convention<\/a>\n<\/strong> pour nous dire ce que nous avons fait, nous faire part de vos id\u00e9es et r\u00e9flexions et nous fournir le retour d&rsquo;information dont nous avons besoin pour continuer \u00e0 am\u00e9liorer les conventions. Merci pour votre contribution !<\/p>\n<\/div><\/div><\/div>\n<\/div><\/div>\n","protected":false},"excerpt":{"rendered":"<p>Informations pour les participants \u00e0 la convention Merci d&rsquo;avoir particip\u00e9 \u00e0 la 56e convention nationale annuelle de l&rsquo;UNF ! Voici votre \u00ab\u00a0kit de convention virtuelle\u00a0\u00bb avec les informations dont vous<\/p>\n","protected":false},"author":2,"featured_media":42416,"parent":0,"menu_order":0,"comment_status":"closed","ping_status":"closed","template":"tmpl-blocks-contained.php","meta":{"_acf_changed":false,"_tec_requires_first_save":true,"_EventAllDay":false,"_EventTimezone":"","_EventStartDate":"","_EventEndDate":"","_EventStartDateUTC":"","_EventEndDateUTC":"","_EventShowMap":false,"_EventShowMapLink":false,"_EventURL":"","_EventCost":"","_EventCostDescription":"","_EventCurrencySymbol":"","_EventCurrencyCode":"","_EventCurrencyPosition":"","_EventDateTimeSeparator":"","_EventTimeRangeSeparator":"","_EventOrganizerID":[],"_EventVenueID":[],"_OrganizerEmail":"","_OrganizerPhone":"","_OrganizerWebsite":"","_VenueAddress":"","_VenueCity":"","_VenueCountry":"","_VenueProvince":"","_VenueState":"","_VenueZip":"","_VenuePhone":"","_VenueURL":"","_VenueStateProvince":"","_VenueLat":"","_VenueLng":"","_VenueShowMap":false,"_VenueShowMapLink":false,"_tribe_blocks_recurrence_rules":"","_tribe_blocks_recurrence_description":"","_tribe_blocks_recurrence_exclusions":"","_ecp_custom_4":"","_ecp_custom_7":"","_ecp_custom_9":"","_ecp_custom_10":"","_ecp_custom_12":"","_ecp_custom_13":"","footnotes":""},"post_region":[],"post_campaign":[],"class_list":["post-26320","page","type-page","status-publish","has-post-thumbnail","hentry","page_categories-convention-2023-fr"],"acf":[],"_links":{"self":[{"href":"https:\/\/www.nfu.ca\/fr\/wp-json\/wp\/v2\/pages\/26320","targetHints":{"allow":["GET"]}}],"collection":[{"href":"https:\/\/www.nfu.ca\/fr\/wp-json\/wp\/v2\/pages"}],"about":[{"href":"https:\/\/www.nfu.ca\/fr\/wp-json\/wp\/v2\/types\/page"}],"author":[{"embeddable":true,"href":"https:\/\/www.nfu.ca\/fr\/wp-json\/wp\/v2\/users\/2"}],"replies":[{"embeddable":true,"href":"https:\/\/www.nfu.ca\/fr\/wp-json\/wp\/v2\/comments?post=26320"}],"version-history":[{"count":21,"href":"https:\/\/www.nfu.ca\/fr\/wp-json\/wp\/v2\/pages\/26320\/revisions"}],"predecessor-version":[{"id":46564,"href":"https:\/\/www.nfu.ca\/fr\/wp-json\/wp\/v2\/pages\/26320\/revisions\/46564"}],"wp:featuredmedia":[{"embeddable":true,"href":"https:\/\/www.nfu.ca\/fr\/wp-json\/wp\/v2\/media\/42416"}],"wp:attachment":[{"href":"https:\/\/www.nfu.ca\/fr\/wp-json\/wp\/v2\/media?parent=26320"}],"wp:term":[{"taxonomy":"post_region","embeddable":true,"href":"https:\/\/www.nfu.ca\/fr\/wp-json\/wp\/v2\/post_region?post=26320"},{"taxonomy":"post_campaign","embeddable":true,"href":"https:\/\/www.nfu.ca\/fr\/wp-json\/wp\/v2\/post_campaign?post=26320"}],"curies":[{"name":"wp","href":"https:\/\/api.w.org\/{rel}","templated":true}]}}