
{"id":26304,"date":"2020-10-06T15:30:07","date_gmt":"2020-10-06T21:30:07","guid":{"rendered":"https:\/\/www.nfu.ca\/solidarity-forever-slash-solidarite-mes-freres-et-mes-soeurs\/"},"modified":"2024-07-11T13:34:12","modified_gmt":"2024-07-11T19:34:12","slug":"solidarity-forever-slash-solidarite-mes-freres-et-mes-soeurs","status":"publish","type":"page","link":"https:\/\/www.nfu.ca\/fr\/solidarity-forever-slash-solidarite-mes-freres-et-mes-soeurs\/","title":{"rendered":"Solidarity Forever\/Solidarit\u00e9 mes fr\u00e8res et mes s\u0153urs"},"content":{"rendered":"\n<header class=\"wp-block-cover alignfull is-light has-custom-content-position is-position-bottom-left banner-upper\" id=\"banner-upper\"><span aria-hidden=\"true\" class=\"wp-block-cover__background has-background-dim wp-block-cover__gradient-background has-background-gradient\" style=\"background-color:#9f8b82;background:linear-gradient(180deg,rgb(109,7,227) 0%,rgba(109,7,227,0) 58%)\"><\/span><img loading=\"lazy\" decoding=\"async\" width=\"1800\" height=\"600\" class=\"wp-block-cover__image-background wp-image-4451\" alt=\"Sunset Under Blue Skies on the Farm\" src=\"https:\/\/nfu.ca\/wp-content\/uploads\/2018\/04\/beautiful-sunset-under-blue-skies-on-the-farm-frank-kohntopp-banner-nfu-default.jpg\" data-object-fit=\"cover\" srcset=\"https:\/\/www.nfu.ca\/wp-content\/uploads\/2018\/04\/beautiful-sunset-under-blue-skies-on-the-farm-frank-kohntopp-banner-nfu-default.jpg 1800w, https:\/\/www.nfu.ca\/wp-content\/uploads\/2018\/04\/beautiful-sunset-under-blue-skies-on-the-farm-frank-kohntopp-banner-nfu-default-300x100.jpg 300w, https:\/\/www.nfu.ca\/wp-content\/uploads\/2018\/04\/beautiful-sunset-under-blue-skies-on-the-farm-frank-kohntopp-banner-nfu-default-768x256.jpg 768w, https:\/\/www.nfu.ca\/wp-content\/uploads\/2018\/04\/beautiful-sunset-under-blue-skies-on-the-farm-frank-kohntopp-banner-nfu-default-1024x341.jpg 1024w, https:\/\/www.nfu.ca\/wp-content\/uploads\/2018\/04\/beautiful-sunset-under-blue-skies-on-the-farm-frank-kohntopp-banner-nfu-default-1600x533.jpg 1600w\" sizes=\"auto, (max-width: 1800px) 100vw, 1800px\" \/><div class=\"wp-block-cover__inner-container is-layout-flow wp-block-cover-is-layout-flow\">\n<p class=\"has-text-align-center has-large-font-size\"><\/p>\n<\/div><\/header>\n\n<div class=\"wp-block-stackable-heading stk-block-heading stk-block-heading--v2 stk-block stk-a7bc965\" id=\"solidarity-forever-solidarite-mes-freres-et-mes-soeurs\" data-block-id=\"a7bc965\"><h1 class=\"stk-block-heading__text\">Solidarity Forever\/Solidarit\u00e9 mes fr\u00e8res et mes s\u0153urs<\/h1><\/div>\n\n<p><strong>Solidarit\u00e9 pour toujours<\/strong><\/p>\n\n<p>Quand l&rsquo;inspiration de l&rsquo;Union Fermi\u00e8re coulera dans le sang des fermi\u00e8res,<br\/>Il ne peut y avoir de puissance sup\u00e9rieure nulle part sous le soleil.<br\/>Car quelle force sur terre est plus faible que la faible force d&rsquo;un seul,<br\/>Mais l&rsquo;Union nous rend forts.<\/p>\n\n<p><strong><em>CHORUS :<\/em><\/strong><br\/><em>Solidarit\u00e9 pour toujours, solidarit\u00e9 pour toujours,<\/em><br\/><em>Solidarit\u00e9 pour toujours, car l&rsquo;Union nous rend forts.<\/em><\/p>\n\n<p>Ils se sont empar\u00e9s d&rsquo;un nombre incalculable de millions qu&rsquo;ils n&rsquo;ont jamais travaill\u00e9 pour gagner,<br\/>Mais sans notre cerveau et nos muscles, aucune roue ne tournerait.<br\/>Nous pouvons briser leur pouvoir hautain et gagner notre libert\u00e9 en apprenant,<br\/>L&rsquo;Union nous rend forts.<\/p>\n\n<p><strong><em>CHORUS<\/em><\/strong><\/p>\n\n<p>C&rsquo;est nous qui avons labour\u00e9 les prairies, construit les villes o\u00f9 ils font du commerce,<br\/>Ils ont creus\u00e9 les mines et construit les ateliers, ils ont pos\u00e9 d&rsquo;innombrables kilom\u00e8tres de voies ferr\u00e9es.<br\/>Aujourd&rsquo;hui, nous sommes exclus et affam\u00e9s au milieu des merveilles que nous avons cr\u00e9\u00e9es,<br\/>Mais l&rsquo;Union nous rend forts.<\/p>\n\n<p><strong><em>CHORUS<\/em><\/strong><\/p>\n\n<p>Y a-t-il quelque chose que nous ayons en commun avec le parasite avide ?<br\/>qui nous r\u00e9duirait au servage et nous \u00e9craserait de sa puissance.<br\/>Il ne nous reste plus qu&rsquo;\u00e0 nous organiser et \u00e0 nous battre,<br\/>Car l&rsquo;Union fait notre force.<\/p>\n\n<p><strong><em>CHORUS<\/em><\/strong><\/p>\n\n<p>Dans notre main est plac\u00e9 un pouvoir plus grand que leur or th\u00e9sauris\u00e9,<br\/>Plus grande que la puissance des arm\u00e9es multipli\u00e9e par mille.<br\/>Nous pouvons faire na\u00eetre un monde nouveau des cendres de l&rsquo;ancien,<br\/>Car l&rsquo;Union fait notre force.<\/p>\n\n<p><strong><em>CHORUS<\/em><\/strong><\/p>\n\n<p><strong>Solidarit\u00e9 mes fr\u00e8res et mes s\u0153urs<\/strong><br\/>Nous gravons le capital et ses usines<br\/>Encha\u00een\u00e9s du matin au soir \u00e0 la machine<br\/>Pour notre peine, des salaires de famine<br\/>Mais l&rsquo;union nous rendra forts<\/p>\n\n<p><strong><em>REFRAIN  <\/em><\/strong><br\/><em>  Solidarit\u00e9 mes fr\u00e8res et mes s\u0153urs<\/em><br\/><em>  Solidarit\u00e9 mes fr\u00e8res et mes s\u0153urs<\/em><br\/><em>  Solidarit\u00e9 mes fr\u00e8res et mes s\u0153urs<\/em><br\/><em>  Ensemble nous vaincrons<\/em><\/p>\n\n<p>Mais si un jour nous arr\u00eatons tous nos machines<br\/>Mais si un jour nous occupons tous nos usines<br\/>Puissants patrons vous ferez alors tristes mines<br\/>Car l&rsquo;union nous rendra forts.<\/p>\n\n<p><strong><em>REFRAIN<\/em><\/strong><\/p>\n\n<p>En combattant pour elle, la classe ouvri\u00e8re<br\/>Apporter un ordre nouveau sur la terre<br\/>Au coude \u00e0 coude restons unis, prol\u00e9taires<br\/>C&rsquo;est l&rsquo;union qui nous rend forts.<\/p>\n\n<p><strong><em>REFRAIN<\/em><\/strong><\/p>\n","protected":false},"excerpt":{"rendered":"<p>Solidarity Forever\/Solidarit\u00e9 mes fr\u00e8res et mes s\u0153urs Solidarit\u00e9 pour toujours Quand l&rsquo;inspiration de l&rsquo;Union Fermi\u00e8re coulera dans le sang des fermi\u00e8res,Il ne peut y avoir de puissance sup\u00e9rieure nulle part<\/p>\n","protected":false},"author":146,"featured_media":0,"parent":0,"menu_order":0,"comment_status":"closed","ping_status":"closed","template":"tmpl-blocks-contained.php","meta":{"_acf_changed":false,"_tec_requires_first_save":true,"_EventAllDay":false,"_EventTimezone":"","_EventStartDate":"","_EventEndDate":"","_EventStartDateUTC":"","_EventEndDateUTC":"","_EventShowMap":false,"_EventShowMapLink":false,"_EventURL":"","_EventCost":"","_EventCostDescription":"","_EventCurrencySymbol":"","_EventCurrencyCode":"","_EventCurrencyPosition":"","_EventDateTimeSeparator":"","_EventTimeRangeSeparator":"","_EventOrganizerID":[],"_EventVenueID":[],"_OrganizerEmail":"","_OrganizerPhone":"","_OrganizerWebsite":"","_VenueAddress":"","_VenueCity":"","_VenueCountry":"","_VenueProvince":"","_VenueState":"","_VenueZip":"","_VenuePhone":"","_VenueURL":"","_VenueStateProvince":"","_VenueLat":"","_VenueLng":"","_VenueShowMap":false,"_VenueShowMapLink":false,"_tribe_blocks_recurrence_rules":"","_tribe_blocks_recurrence_description":"","_tribe_blocks_recurrence_exclusions":"","_ecp_custom_4":"","_ecp_custom_7":"","_ecp_custom_9":"","_ecp_custom_10":"","_ecp_custom_12":"","_ecp_custom_13":"","footnotes":""},"post_region":[],"post_campaign":[],"class_list":["post-26304","page","type-page","status-publish","hentry"],"acf":[],"_links":{"self":[{"href":"https:\/\/www.nfu.ca\/fr\/wp-json\/wp\/v2\/pages\/26304","targetHints":{"allow":["GET"]}}],"collection":[{"href":"https:\/\/www.nfu.ca\/fr\/wp-json\/wp\/v2\/pages"}],"about":[{"href":"https:\/\/www.nfu.ca\/fr\/wp-json\/wp\/v2\/types\/page"}],"author":[{"embeddable":true,"href":"https:\/\/www.nfu.ca\/fr\/wp-json\/wp\/v2\/users\/146"}],"replies":[{"embeddable":true,"href":"https:\/\/www.nfu.ca\/fr\/wp-json\/wp\/v2\/comments?post=26304"}],"version-history":[{"count":0,"href":"https:\/\/www.nfu.ca\/fr\/wp-json\/wp\/v2\/pages\/26304\/revisions"}],"wp:attachment":[{"href":"https:\/\/www.nfu.ca\/fr\/wp-json\/wp\/v2\/media?parent=26304"}],"wp:term":[{"taxonomy":"post_region","embeddable":true,"href":"https:\/\/www.nfu.ca\/fr\/wp-json\/wp\/v2\/post_region?post=26304"},{"taxonomy":"post_campaign","embeddable":true,"href":"https:\/\/www.nfu.ca\/fr\/wp-json\/wp\/v2\/post_campaign?post=26304"}],"curies":[{"name":"wp","href":"https:\/\/api.w.org\/{rel}","templated":true}]}}