
{"id":26302,"date":"2020-09-08T14:08:03","date_gmt":"2020-09-08T20:08:03","guid":{"rendered":"https:\/\/www.nfu.ca\/ressources\/"},"modified":"2024-07-11T14:05:32","modified_gmt":"2024-07-11T20:05:32","slug":"ressources","status":"publish","type":"page","link":"https:\/\/www.nfu.ca\/fr\/apprendre\/changement-climatique\/ressources\/","title":{"rendered":"Changement climatique &#8211; Ressources"},"content":{"rendered":"\n<header class=\"wp-block-cover alignfull is-light has-custom-content-position is-position-bottom-left banner-upper\" id=\"banner-upper\"><span aria-hidden=\"true\" class=\"wp-block-cover__background has-background-dim wp-block-cover__gradient-background has-background-gradient\" style=\"background-color:#9f8b82;background:linear-gradient(180deg,rgb(109,7,227) 0%,rgba(109,7,227,0) 58%)\"><\/span><img loading=\"lazy\" decoding=\"async\" width=\"1800\" height=\"600\" class=\"wp-block-cover__image-background wp-image-4451\" alt=\"Sunset Under Blue Skies on the Farm\" src=\"https:\/\/nfu.ca\/wp-content\/uploads\/2018\/04\/beautiful-sunset-under-blue-skies-on-the-farm-frank-kohntopp-banner-nfu-default.jpg\" data-object-fit=\"cover\" srcset=\"https:\/\/www.nfu.ca\/wp-content\/uploads\/2018\/04\/beautiful-sunset-under-blue-skies-on-the-farm-frank-kohntopp-banner-nfu-default.jpg 1800w, https:\/\/www.nfu.ca\/wp-content\/uploads\/2018\/04\/beautiful-sunset-under-blue-skies-on-the-farm-frank-kohntopp-banner-nfu-default-300x100.jpg 300w, https:\/\/www.nfu.ca\/wp-content\/uploads\/2018\/04\/beautiful-sunset-under-blue-skies-on-the-farm-frank-kohntopp-banner-nfu-default-768x256.jpg 768w, https:\/\/www.nfu.ca\/wp-content\/uploads\/2018\/04\/beautiful-sunset-under-blue-skies-on-the-farm-frank-kohntopp-banner-nfu-default-1024x341.jpg 1024w, https:\/\/www.nfu.ca\/wp-content\/uploads\/2018\/04\/beautiful-sunset-under-blue-skies-on-the-farm-frank-kohntopp-banner-nfu-default-1600x533.jpg 1600w\" sizes=\"auto, (max-width: 1800px) 100vw, 1800px\" \/><div class=\"wp-block-cover__inner-container is-layout-flow wp-block-cover-is-layout-flow\">\n<p class=\"has-text-align-center has-large-font-size\"><\/p>\n<\/div><\/header>\n<ol class=\"breadcrumb\"><li><a href=\"https:\/\/www.nfu.ca\/fr\/\">National Farmers Union<\/a><\/li><\/ol>\n\n<div class=\"wp-block-stackable-heading stk-block-heading stk-block-heading--v2 stk-block stk-35b1992\" id=\"climate-change-resources\" data-block-id=\"35b1992\"><h1 class=\"stk-block-heading__text\">Changement climatique &#8211; Ressources<\/h1><\/div>\n\n<div class=\"wp-block-stackable-columns stk-block-columns stk-block stk-54b76e7 content-upper\" id=\"content-upper\" data-block-id=\"54b76e7\"><div class=\"stk-row stk-inner-blocks has-text-align-left stk-block-content stk-content-align stk-54b76e7-column\">\n<div class=\"wp-block-stackable-column stk-block-column stk-column stk-block stk-ef63229\" data-v=\"4\" data-block-id=\"ef63229\"><style>@media screen and (min-width:768px){.stk-ef63229{flex:var(--stk-flex-grow,1) 1 calc(66.666% - var(--stk-column-gap,0px) * 1 \/ 2 ) !important}}<\/style><div class=\"stk-column-wrapper stk-block-column__content stk-container stk-ef63229-container stk--no-background stk--no-padding\"><div class=\"has-text-align-left stk-block-content stk-inner-blocks stk-ef63229-inner-blocks\">\n<div class=\"wp-block-stackable-heading stk-block-heading stk-block-heading--v2 stk-block stk-8d761a3\" id=\"climate-action-two-page-flyers-english\" data-block-id=\"8d761a3\"><h3 class=\"stk-block-heading__text\">Flyers de deux pages sur l&rsquo;action climatique &#8211; anglais<\/h3><\/div>\n\n\n\n<div class=\"wp-block-stackable-feature-grid stk-block-feature-grid stk-block-columns stk-block stk-84a6d98 is-style-default\" data-block-id=\"84a6d98\"><style>.stk-84a6d98-column{flex-wrap:wrap !important;--stk-flex-grow:0 !important}<\/style><div class=\"stk-row stk-inner-blocks has-text-align-center stk-block-content stk-content-align stk-84a6d98-column\">\n<div class=\"wp-block-stackable-column stk-block-column stk-column stk-block stk-b90dde8\" data-v=\"4\" data-block-id=\"b90dde8\"><style>.stk-b90dde8-container{margin-top:12px !important;margin-right:12px !important;margin-bottom:12px !important;margin-left:12px !important;border-top-left-radius:12px !important;border-top-right-radius:12px !important;border-bottom-right-radius:12px !important;border-bottom-left-radius:12px !important;overflow:hidden !important;padding-top:12px !important;padding-right:12px !important;padding-bottom:12px !important;padding-left:12px !important}@media screen and (min-width:768px){.stk-b90dde8{flex:var(--stk-flex-grow,1) 1 calc(33% - var(--stk-column-gap,0px) * 2 \/ 3 ) !important}}<\/style><div class=\"stk-column-wrapper stk-block-column__content stk-container stk-b90dde8-container stk-hover-parent\"><div class=\"has-text-align-left stk-block-content stk-inner-blocks stk-b90dde8-inner-blocks\">\n<div class=\"wp-block-stackable-image stk-block-image stk-block stk-d8836a4\" data-block-id=\"d8836a4\"><style>.stk-d8836a4 .stk-img-wrapper img{border-radius:12px !important}<\/style><figure><a class=\"stk-link\" href=\"https:\/\/www.nfu.ca\/wp-content\/uploads\/2020\/09\/1.-Emissions-Policies-Three-Short-Pieces-1.pdf\" target=\"_blank\" rel=\"noreferrer noopener\"><span class=\"stk-img-wrapper stk-image--shape-stretch\"><img loading=\"lazy\" decoding=\"async\" class=\"stk-img wp-image-9946\" src=\"https:\/\/www.nfu.ca\/wp-content\/uploads\/2020\/09\/Ag-Emission-ENG.png\" width=\"280\" height=\"400\" alt=\"S'attaquer &#xE0; la crise agricole et &#xE0; la crise climatique\" srcset=\"https:\/\/www.nfu.ca\/wp-content\/uploads\/2020\/09\/Ag-Emission-ENG.png 280w, https:\/\/www.nfu.ca\/wp-content\/uploads\/2020\/09\/Ag-Emission-ENG-210x300.png 210w\" sizes=\"auto, (max-width: 280px) 100vw, 280px\" \/><\/span><\/a><\/figure><\/div>\n\n\n\n<p class=\"has-small-font-size\"><strong><a href=\"https:\/\/www.nfu.ca\/wp-content\/uploads\/2020\/09\/1.-Emissions-Policies-Three-Short-Pieces-1.pdf\" target=\"_blank\" rel=\"noreferrer noopener\">\u00c9missions agricoles :<\/a><\/strong><br\/>L&rsquo;agriculture est une source majeure d&rsquo;\u00e9missions de gaz \u00e0 effet de serre. Voici 8 choses \u00e0 savoir et 8 politiques \u00e0 mettre en \u0153uvre pour r\u00e9duire les \u00e9missions de gaz \u00e0 effet de serre de l&rsquo;agriculture.<\/p>\n<\/div><\/div><\/div>\n\n\n\n<div class=\"wp-block-stackable-column stk-block-column stk-column stk-block stk-172c13f\" data-v=\"4\" data-block-id=\"172c13f\"><style>.stk-172c13f-container{border-top-left-radius:12px !important;border-top-right-radius:12px !important;border-bottom-right-radius:12px !important;border-bottom-left-radius:12px !important;overflow:hidden !important;padding-top:12px !important;padding-right:12px !important;padding-bottom:12px !important;padding-left:12px !important}@media screen and (min-width:768px){.stk-172c13f{flex:var(--stk-flex-grow,1) 1 calc(33% - var(--stk-column-gap,0px) * 2 \/ 3 ) !important}}<\/style><div class=\"stk-column-wrapper stk-block-column__content stk-container stk-172c13f-container stk-hover-parent\"><div class=\"has-text-align-left stk-block-content stk-inner-blocks stk-172c13f-inner-blocks\">\n<div class=\"wp-block-stackable-image stk-block-image stk-block stk-4e58a42\" data-block-id=\"4e58a42\"><style>.stk-4e58a42 .stk-img-wrapper img{border-radius:12px !important}<\/style><figure><a class=\"stk-link\" href=\"https:\/\/www.nfu.ca\/wp-content\/uploads\/2020\/09\/2.-How-members-can-help-Three-Short-Pieces.pdf\" target=\"_blank\" rel=\"noreferrer noopener\"><span class=\"stk-img-wrapper stk-image--shape-stretch\"><img loading=\"lazy\" decoding=\"async\" class=\"stk-img wp-image-9947\" src=\"https:\/\/www.nfu.ca\/wp-content\/uploads\/2020\/09\/Climate-Policy-ENG.png\" width=\"280\" height=\"400\" alt=\"&#xC9;missions agricoles de gaz &#xE0; effet de serre au Canada : Deuxi&#xE8;me &#xE9;dition\" srcset=\"https:\/\/www.nfu.ca\/wp-content\/uploads\/2020\/09\/Climate-Policy-ENG.png 280w, https:\/\/www.nfu.ca\/wp-content\/uploads\/2020\/09\/Climate-Policy-ENG-210x300.png 210w\" sizes=\"auto, (max-width: 280px) 100vw, 280px\" \/><\/span><\/a><\/figure><\/div>\n\n\n\n<p class=\"has-small-font-size\"><strong><a href=\"https:\/\/www.nfu.ca\/wp-content\/uploads\/2020\/09\/2.-How-members-can-help-Three-Short-Pieces.pdf\" target=\"_blank\" rel=\"noreferrer noopener\">Politique climatique :<\/a><\/strong><br\/>L&rsquo;UNF s&rsquo;est engag\u00e9e \u00e0 prendre des mesures s\u00e9rieuses en faveur du climat, mais nous ne pouvons pas le faire seuls. D\u00e9couvrez ce que les membres de l&rsquo;UNF peuvent faire pour contribuer \u00e0 la mise en \u0153uvre de notre politique climatique.<\/p>\n<\/div><\/div><\/div>\n\n\n\n<div class=\"wp-block-stackable-column stk-block-column stk-column stk-block stk-1b899f7\" data-v=\"4\" data-block-id=\"1b899f7\"><style>.stk-1b899f7-container{border-top-left-radius:12px !important;border-top-right-radius:12px !important;border-bottom-right-radius:12px !important;border-bottom-left-radius:12px !important;overflow:hidden !important;padding-top:12px !important;padding-right:12px !important;padding-bottom:12px !important;padding-left:12px !important}@media screen and (min-width:768px){.stk-1b899f7{flex:var(--stk-flex-grow,1) 1 calc(33% - var(--stk-column-gap,0px) * 2 \/ 3 ) !important}}<\/style><div class=\"stk-column-wrapper stk-block-column__content stk-container stk-1b899f7-container stk-hover-parent\"><div class=\"has-text-align-left stk-block-content stk-inner-blocks stk-1b899f7-inner-blocks\">\n<div class=\"wp-block-stackable-image stk-block-image stk-block stk-74dbcf3\" data-block-id=\"74dbcf3\"><style>.stk-74dbcf3 .stk-img-wrapper img{border-radius:12px !important}<\/style><figure><a class=\"stk-link\" href=\"https:\/\/www.nfu.ca\/wp-content\/uploads\/2020\/09\/3.-On-farm-emissn-reducn-Three-Short-Pieces-2.pdf\" target=\"_blank\" rel=\"noreferrer noopener\"><span class=\"stk-img-wrapper stk-image--shape-stretch\"><img loading=\"lazy\" decoding=\"async\" class=\"stk-img wp-image-9948\" src=\"https:\/\/www.nfu.ca\/wp-content\/uploads\/2020\/09\/Farm-Emissions-ENG.png\" width=\"280\" height=\"400\" alt=\"Engrais azot&#xE9;s : Un &#xE9;l&#xE9;ment nutritif essentiel, un intrant agricole cl&#xE9; et un probl&#xE8;me environnemental majeur\" srcset=\"https:\/\/www.nfu.ca\/wp-content\/uploads\/2020\/09\/Farm-Emissions-ENG.png 280w, https:\/\/www.nfu.ca\/wp-content\/uploads\/2020\/09\/Farm-Emissions-ENG-210x300.png 210w\" sizes=\"auto, (max-width: 280px) 100vw, 280px\" \/><\/span><\/a><\/figure><\/div>\n\n\n\n<p class=\"has-small-font-size\"><strong><a href=\"https:\/\/www.nfu.ca\/wp-content\/uploads\/2020\/09\/3.-On-farm-emissn-reducn-Three-Short-Pieces-2.pdf\">R\u00e9ductions d&rsquo;\u00e9missions dans les exploitations agricoles :<\/a><\/strong><br\/>D\u00e9couvrez des solutions pratiques pour r\u00e9duire les \u00e9missions et renforcer la r\u00e9silience de votre exploitation, et ce \u00e0 quoi pourrait ressembler un syst\u00e8me agricole \u00e0 faibles \u00e9missions.<\/p>\n<\/div><\/div><\/div>\n<\/div><\/div>\n\n\n\n<div class=\"wp-block-stackable-heading stk-block-heading stk-block-heading--v2 stk-block stk-531a0ae\" id=\"climate-action-two-page-flyers-french\" data-block-id=\"531a0ae\"><h3 class=\"stk-block-heading__text\">Flyers de deux pages sur l&rsquo;action climatique &#8211; fran\u00e7ais<\/h3><\/div>\n\n\n\n<div class=\"wp-block-stackable-feature-grid stk-block-feature-grid stk-block-columns stk-block stk-7d10a9d is-style-default\" data-block-id=\"7d10a9d\"><style>.stk-7d10a9d-column{flex-wrap:wrap !important;--stk-flex-grow:0 !important}<\/style><div class=\"stk-row stk-inner-blocks has-text-align-center stk-block-content stk-content-align stk-7d10a9d-column\">\n<div class=\"wp-block-stackable-column stk-block-column stk-column stk-block stk-e5a1c00\" data-v=\"4\" data-block-id=\"e5a1c00\"><style>.stk-e5a1c00-container{margin-top:12px !important;margin-right:12px !important;margin-bottom:12px !important;margin-left:12px !important;border-top-left-radius:12px !important;border-top-right-radius:12px !important;border-bottom-right-radius:12px !important;border-bottom-left-radius:12px !important;overflow:hidden !important;padding-top:12px !important;padding-right:12px !important;padding-bottom:12px !important;padding-left:12px !important}@media screen and (min-width:768px){.stk-e5a1c00{flex:var(--stk-flex-grow,1) 1 calc(33% - var(--stk-column-gap,0px) * 2 \/ 3 ) !important}}<\/style><div class=\"stk-column-wrapper stk-block-column__content stk-container stk-e5a1c00-container stk-hover-parent\"><div class=\"has-text-align-left stk-block-content stk-inner-blocks stk-e5a1c00-inner-blocks\">\n<div class=\"wp-block-stackable-image stk-block-image stk-block stk-5a94125\" data-block-id=\"5a94125\"><style>.stk-5a94125 .stk-img-wrapper img{border-radius:12px !important}<\/style><figure><a class=\"stk-link\" href=\"https:\/\/www.nfu.ca\/wp-content\/uploads\/2020\/09\/1.-Eimissions-agricoles-FR.pdf\" target=\"_blank\" rel=\"noreferrer noopener\"><span class=\"stk-img-wrapper stk-image--shape-stretch\"><img loading=\"lazy\" decoding=\"async\" class=\"stk-img wp-image-10011\" src=\"https:\/\/www.nfu.ca\/wp-content\/uploads\/2020\/09\/Emissions-agricoles.png\" width=\"280\" height=\"400\" alt=\"S'attaquer &#xE0; la crise agricole et &#xE0; la crise climatique\" srcset=\"https:\/\/www.nfu.ca\/wp-content\/uploads\/2020\/09\/Emissions-agricoles.png 280w, https:\/\/www.nfu.ca\/wp-content\/uploads\/2020\/09\/Emissions-agricoles-210x300.png 210w\" sizes=\"auto, (max-width: 280px) 100vw, 280px\" \/><\/span><\/a><\/figure><\/div>\n\n\n\n<p class=\"has-small-font-size\"><strong><a href=\"https:\/\/www.nfu.ca\/wp-content\/uploads\/2020\/09\/1.-Eimissions-agricoles-FR.pdf\">\u00c9missions agricoles<\/a><\/strong><\/p>\n<\/div><\/div><\/div>\n\n\n\n<div class=\"wp-block-stackable-column stk-block-column stk-column stk-block stk-feb4324\" data-v=\"4\" data-block-id=\"feb4324\"><style>.stk-feb4324-container{border-top-left-radius:12px !important;border-top-right-radius:12px !important;border-bottom-right-radius:12px !important;border-bottom-left-radius:12px !important;overflow:hidden !important;padding-top:12px !important;padding-right:12px !important;padding-bottom:12px !important;padding-left:12px !important}@media screen and (min-width:768px){.stk-feb4324{flex:var(--stk-flex-grow,1) 1 calc(33% - var(--stk-column-gap,0px) * 2 \/ 3 ) !important}}<\/style><div class=\"stk-column-wrapper stk-block-column__content stk-container stk-feb4324-container stk-hover-parent\"><div class=\"has-text-align-left stk-block-content stk-inner-blocks stk-feb4324-inner-blocks\">\n<div class=\"wp-block-stackable-image stk-block-image stk-block stk-347727a\" data-block-id=\"347727a\"><style>.stk-347727a .stk-img-wrapper img{border-radius:12px !important}<\/style><figure><a class=\"stk-link\" href=\"https:\/\/www.nfu.ca\/wp-content\/uploads\/2020\/09\/2.-Avancer-politiques-climat-UNF-FR.pdf\" target=\"_blank\" rel=\"noreferrer noopener\"><span class=\"stk-img-wrapper stk-image--shape-stretch\"><img loading=\"lazy\" decoding=\"async\" class=\"stk-img wp-image-10013\" src=\"https:\/\/www.nfu.ca\/wp-content\/uploads\/2020\/09\/Avancer-politiques-climat.png\" width=\"280\" height=\"400\" alt=\"&#xC9;missions agricoles de gaz &#xE0; effet de serre au Canada : Deuxi&#xE8;me &#xE9;dition\" srcset=\"https:\/\/www.nfu.ca\/wp-content\/uploads\/2020\/09\/Avancer-politiques-climat.png 280w, https:\/\/www.nfu.ca\/wp-content\/uploads\/2020\/09\/Avancer-politiques-climat-210x300.png 210w\" sizes=\"auto, (max-width: 280px) 100vw, 280px\" \/><\/span><\/a><\/figure><\/div>\n\n\n\n<p class=\"has-small-font-size\"><strong><a href=\"https:\/\/www.nfu.ca\/wp-content\/uploads\/2020\/09\/2.-Avancer-politiques-climat-UNF-FR.pdf\" target=\"_blank\" rel=\"noreferrer noopener\">Faire avancer les politiques de l&rsquo;UNF sur le climat et la r\u00e9duction des \u00e9missions<\/a><\/strong><\/p>\n<\/div><\/div><\/div>\n\n\n\n<div class=\"wp-block-stackable-column stk-block-column stk-column stk-block stk-9329eef\" data-v=\"4\" data-block-id=\"9329eef\"><style>.stk-9329eef-container{border-top-left-radius:12px !important;border-top-right-radius:12px !important;border-bottom-right-radius:12px !important;border-bottom-left-radius:12px !important;overflow:hidden !important;padding-top:12px !important;padding-right:12px !important;padding-bottom:12px !important;padding-left:12px !important}@media screen and (min-width:768px){.stk-9329eef{flex:var(--stk-flex-grow,1) 1 calc(33% - var(--stk-column-gap,0px) * 2 \/ 3 ) !important}}<\/style><div class=\"stk-column-wrapper stk-block-column__content stk-container stk-9329eef-container stk-hover-parent\"><div class=\"has-text-align-left stk-block-content stk-inner-blocks stk-9329eef-inner-blocks\">\n<div class=\"wp-block-stackable-image stk-block-image stk-block stk-8b3d478\" data-block-id=\"8b3d478\"><style>.stk-8b3d478 .stk-img-wrapper img{border-radius:12px !important}<\/style><figure><a class=\"stk-link\" href=\"https:\/\/www.nfu.ca\/wp-content\/uploads\/2020\/09\/3.-Reeductions-eemissions-fermes-FR.pdf\" target=\"_blank\" rel=\"noreferrer noopener\"><span class=\"stk-img-wrapper stk-image--shape-stretch\"><img loading=\"lazy\" decoding=\"async\" class=\"stk-img wp-image-10015\" src=\"https:\/\/www.nfu.ca\/wp-content\/uploads\/2020\/09\/Reduction-emissions-1.png\" width=\"280\" height=\"400\" alt=\"Engrais azot&#xE9;s : Un &#xE9;l&#xE9;ment nutritif essentiel, un intrant agricole cl&#xE9; et un probl&#xE8;me environnemental majeur\" srcset=\"https:\/\/www.nfu.ca\/wp-content\/uploads\/2020\/09\/Reduction-emissions-1.png 280w, https:\/\/www.nfu.ca\/wp-content\/uploads\/2020\/09\/Reduction-emissions-1-210x300.png 210w\" sizes=\"auto, (max-width: 280px) 100vw, 280px\" \/><\/span><\/a><\/figure><\/div>\n\n\n\n<p class=\"has-small-font-size\"><strong><a href=\"https:\/\/www.nfu.ca\/wp-content\/uploads\/2020\/09\/3.-Reeductions-eemissions-fermes-FR.pdf\">R\u00e9ductions des \u00e9missions \u00e0 la ferme<\/a><\/strong><\/p>\n<\/div><\/div><\/div>\n<\/div><\/div>\n<\/div><\/div><\/div>\n\n\n\n<div class=\"wp-block-stackable-column stk-block-column stk-column stk-block stk-5eb44eb\" data-v=\"4\" data-block-id=\"5eb44eb\"><style>@media screen and (min-width:768px){.stk-5eb44eb{flex:var(--stk-flex-grow,1) 1 calc(33.334% - var(--stk-column-gap,0px) * 1 \/ 2 ) !important}}<\/style><div class=\"stk-column-wrapper stk-block-column__content stk-container stk-5eb44eb-container stk--no-background stk--no-padding\"><div class=\"stk-block-content stk-inner-blocks stk-5eb44eb-inner-blocks\"><nav class=\"is-vertical no-wrap wp-block-navigation is-nowrap is-layout-flex wp-container-core-navigation-is-layout-947ac36b wp-block-navigation-is-layout-flex\" aria-label=\"Campaign Nav - Climate Change\"><ul class=\"wp-block-navigation__container  is-vertical no-wrap wp-block-navigation\"><li class=\" wp-block-navigation-item wp-block-navigation-link\"><a class=\"wp-block-navigation-item__content\"  href=\"https:\/\/www.nfu.ca\/learn\/climate-change\/\"><span class=\"wp-block-navigation-item__label\">Overview<\/span><\/a><\/li><li class=\" wp-block-navigation-item wp-block-navigation-link\"><a class=\"wp-block-navigation-item__content\"  href=\"https:\/\/www.nfu.ca\/learn\/climate-change\/greenhouse-gas-act-constitutional-case\/\"><span class=\"wp-block-navigation-item__label\">Greenhouse Gas Act Constitutional Case<\/span><\/a><\/li><li class=\" wp-block-navigation-item wp-block-navigation-link\"><a class=\"wp-block-navigation-item__content\"  href=\"https:\/\/www.nfu.ca\/learn\/climate-change\/resources\/\"><span class=\"wp-block-navigation-item__label\">Climate Change \u2013 Resources<\/span><\/a><\/li><\/ul><\/nav><\/div><\/div><\/div>\n<\/div><\/div>\n","protected":false},"excerpt":{"rendered":"<p>Changement climatique &#8211; Ressources Flyers de deux pages sur l&rsquo;action climatique &#8211; anglais \u00c9missions agricoles :L&rsquo;agriculture est une source majeure d&rsquo;\u00e9missions de gaz \u00e0 effet de serre. Voici 8 choses<\/p>\n","protected":false},"author":167,"featured_media":0,"parent":26385,"menu_order":0,"comment_status":"closed","ping_status":"closed","template":"tmpl-blocks-contained.php","meta":{"_acf_changed":false,"_tec_requires_first_save":true,"_EventAllDay":false,"_EventTimezone":"","_EventStartDate":"","_EventEndDate":"","_EventStartDateUTC":"","_EventEndDateUTC":"","_EventShowMap":false,"_EventShowMapLink":false,"_EventURL":"","_EventCost":"","_EventCostDescription":"","_EventCurrencySymbol":"","_EventCurrencyCode":"","_EventCurrencyPosition":"","_EventDateTimeSeparator":"","_EventTimeRangeSeparator":"","_EventOrganizerID":[],"_EventVenueID":[],"_OrganizerEmail":"","_OrganizerPhone":"","_OrganizerWebsite":"","_VenueAddress":"","_VenueCity":"","_VenueCountry":"","_VenueProvince":"","_VenueState":"","_VenueZip":"","_VenuePhone":"","_VenueURL":"","_VenueStateProvince":"","_VenueLat":"","_VenueLng":"","_VenueShowMap":false,"_VenueShowMapLink":false,"_tribe_blocks_recurrence_rules":"","_tribe_blocks_recurrence_description":"","_tribe_blocks_recurrence_exclusions":"","_ecp_custom_4":"","_ecp_custom_7":"","_ecp_custom_9":"","_ecp_custom_10":"","_ecp_custom_12":"","_ecp_custom_13":"","footnotes":""},"post_region":[],"post_campaign":[],"class_list":["post-26302","page","type-page","status-publish","hentry"],"acf":[],"_links":{"self":[{"href":"https:\/\/www.nfu.ca\/fr\/wp-json\/wp\/v2\/pages\/26302","targetHints":{"allow":["GET"]}}],"collection":[{"href":"https:\/\/www.nfu.ca\/fr\/wp-json\/wp\/v2\/pages"}],"about":[{"href":"https:\/\/www.nfu.ca\/fr\/wp-json\/wp\/v2\/types\/page"}],"author":[{"embeddable":true,"href":"https:\/\/www.nfu.ca\/fr\/wp-json\/wp\/v2\/users\/167"}],"replies":[{"embeddable":true,"href":"https:\/\/www.nfu.ca\/fr\/wp-json\/wp\/v2\/comments?post=26302"}],"version-history":[{"count":0,"href":"https:\/\/www.nfu.ca\/fr\/wp-json\/wp\/v2\/pages\/26302\/revisions"}],"up":[{"embeddable":true,"href":"https:\/\/www.nfu.ca\/fr\/wp-json\/wp\/v2\/pages\/26385"}],"wp:attachment":[{"href":"https:\/\/www.nfu.ca\/fr\/wp-json\/wp\/v2\/media?parent=26302"}],"wp:term":[{"taxonomy":"post_region","embeddable":true,"href":"https:\/\/www.nfu.ca\/fr\/wp-json\/wp\/v2\/post_region?post=26302"},{"taxonomy":"post_campaign","embeddable":true,"href":"https:\/\/www.nfu.ca\/fr\/wp-json\/wp\/v2\/post_campaign?post=26302"}],"curies":[{"name":"wp","href":"https:\/\/api.w.org\/{rel}","templated":true}]}}