
{"id":26297,"date":"2018-09-10T05:07:06","date_gmt":"2018-09-10T11:07:06","guid":{"rendered":"https:\/\/www.nfu.ca\/coalition-nationale-des-nouveaux-fermiers\/"},"modified":"2024-07-11T14:05:20","modified_gmt":"2024-07-11T20:05:20","slug":"coalition-nationale-des-nouveaux-fermiers","status":"publish","type":"page","link":"https:\/\/www.nfu.ca\/fr\/a-propos\/unf-jeunesse\/coalition-nationale-des-nouveaux-fermiers\/","title":{"rendered":"Coalition nationale des nouveaux fermiers"},"content":{"rendered":"\n<header class=\"wp-block-cover alignfull has-custom-content-position is-position-bottom-center banner-top is-layout-flow wp-block-cover-is-layout-flow\" id=\"banner-top\"><span aria-hidden=\"true\" class=\"wp-block-cover__background has-background-dim wp-block-cover__gradient-background has-background-gradient\" style=\"background:linear-gradient(180deg,rgba(0,0,0,0.97) 0%,rgba(0,0,0,0.05) 69%)\"><\/span><img loading=\"lazy\" decoding=\"async\" width=\"1800\" height=\"595\" class=\"wp-block-cover__image-background wp-image-6374\" alt=\"2015-NFU-youth-planning-banner\" src=\"https:\/\/www.nfu.ca\/wp-content\/uploads\/2018\/09\/2015-NFU-youth-planning-banner.jpg\" data-object-fit=\"cover\" srcset=\"https:\/\/www.nfu.ca\/wp-content\/uploads\/2018\/09\/2015-NFU-youth-planning-banner.jpg 1800w, https:\/\/www.nfu.ca\/wp-content\/uploads\/2018\/09\/2015-NFU-youth-planning-banner-300x99.jpg 300w, https:\/\/www.nfu.ca\/wp-content\/uploads\/2018\/09\/2015-NFU-youth-planning-banner-768x254.jpg 768w, https:\/\/www.nfu.ca\/wp-content\/uploads\/2018\/09\/2015-NFU-youth-planning-banner-1024x338.jpg 1024w, https:\/\/www.nfu.ca\/wp-content\/uploads\/2018\/09\/2015-NFU-youth-planning-banner-1600x529.jpg 1600w\" sizes=\"auto, (max-width: 1800px) 100vw, 1800px\" \/><div class=\"wp-block-cover__inner-container\"><\/div><\/header>\n<ol class=\"breadcrumb\"><li><a href=\"https:\/\/www.nfu.ca\/fr\/\">National Farmers Union<\/a><\/li><\/ol>\n\n<div class=\"wp-block-stackable-heading stk-block-heading stk-block-heading--v2 stk-block stk-2878399\" id=\"national-new-farmer-coalition\" data-block-id=\"2878399\"><h1 class=\"stk-block-heading__text\">Coalition nationale des nouveaux fermiers<\/h1><\/div>\n\n<div class=\"wp-block-stackable-columns stk-block-columns stk-block stk-54b76e7 content-upper\" id=\"content-upper\" data-block-id=\"54b76e7\"><div class=\"stk-row stk-inner-blocks has-text-align-left stk-block-content stk-content-align stk-54b76e7-column\">\n<div class=\"wp-block-stackable-column stk-block-column stk-column stk-block stk-ef63229\" data-v=\"4\" data-block-id=\"ef63229\"><style>@media screen and (min-width:768px){.stk-ef63229{flex:var(--stk-flex-grow,1) 1 calc(66.666% - var(--stk-column-gap,0px) * 1 \/ 2 ) !important}}<\/style><div class=\"stk-column-wrapper stk-block-column__content stk-container stk-ef63229-container stk--no-background stk--no-padding\"><div class=\"has-text-align-left stk-block-content stk-inner-blocks stk-ef63229-inner-blocks\">\n<p>La Coalition nationale des nouveaux agriculteurs est compos\u00e9e de nouveaux fermiers ainsi que d&rsquo;organisations, d&rsquo;initiatives et de sympathisants des nouveaux agriculteurs travaillant aux niveaux national, provincial et r\u00e9gional. La coalition existe pour :<\/p>\n\n\n\n<ul class=\"wp-block-list\">\n<li>Encourager et soutenir une nouvelle g\u00e9n\u00e9ration de fermi\u00e8res au Canada ; et,<\/li>\n\n\n\n<li>Faire progresser la <a href=\"https:\/\/foodsecurecanada.org\/who-we-are\/what-food-sovereignty\" target=\"_blank\" rel=\"noopener\">souverainet\u00e9 alimentaire<\/a> au Canada.<\/li>\n<\/ul>\n\n\n\n<h3 class=\"wp-block-heading\">Fiche d&rsquo;information<\/h3>\n\n\n\n<p>La Coalition nationale des nouveaux fermiers a \u00e9volu\u00e9 \u00e0 partir des discussions qui ont eu lieu lors d&rsquo;une retraite des jeunes de l&rsquo;UNF au printemps 2014. Inspir\u00e9s par le succ\u00e8s de la <a href=\"http:\/\/www.youngfarmers.org\/\" target=\"_blank\" rel=\"noopener\">National Young Farmers Coalition<\/a> aux \u00c9tats-Unis et conscients de la n\u00e9cessit\u00e9 d&rsquo;am\u00e9liorer les politiques et les programmes destin\u00e9s aux nouveaux agriculteurs au Canada, nous avons entrepris de mettre en place une initiative de base collaborative et pilot\u00e9e par les agriculteurs afin d&rsquo;encourager et de soutenir une nouvelle g\u00e9n\u00e9ration de fermi\u00e8res et de fermiers au Canada.<\/p>\n\n\n\n<figure class=\"wp-block-image aligncenter size-full wp-image-6375\"><img loading=\"lazy\" decoding=\"async\" width=\"700\" height=\"393\" src=\"https:\/\/www.nfu.ca\/wp-content\/uploads\/2018\/09\/2015-NFU-youth-planning-thumb.jpg\" alt=\"R&#xE9;union de planification de la jeunesse de l'UNF 2015\" class=\"wp-image-6375\" srcset=\"https:\/\/www.nfu.ca\/wp-content\/uploads\/2018\/09\/2015-NFU-youth-planning-thumb.jpg 700w, https:\/\/www.nfu.ca\/wp-content\/uploads\/2018\/09\/2015-NFU-youth-planning-thumb-300x168.jpg 300w\" sizes=\"auto, (max-width: 700px) 100vw, 700px\" \/><figcaption class=\"wp-element-caption\">Les jeunes membres de l&rsquo;UNF discutent de la strat\u00e9gie de la New Farmer Coalition. Cr\u00e9dit photo : Dean Harder<\/figcaption><\/figure>\n\n\n\n<h3 class=\"wp-block-heading\">Structure<\/h3>\n\n\n\n<p>La coalition n&rsquo;est pas une organisation enregistr\u00e9e ; il s&rsquo;agit plut\u00f4t d&rsquo;un projet de collaboration entre des individus et des organisations, notamment  <a href=\"https:\/\/www.nfu.ca\/fr\/\"><span class=\"nfu-name-inline\">The <\/span><\/a>, <a href=\"http:\/\/foodsecurecanada.org\/\" target=\"_blank\" rel=\"noopener\">Food Secure Canada<\/a> and <a href=\"http:\/\/youngagrarians.org\/\" target=\"_blank\" rel=\"noopener\">Young Agrarians<\/a>, that are involved in various food and farming issues. La coalition est dirig\u00e9e par un comit\u00e9 directeur dont les membres sont compos\u00e9s d&rsquo;une majorit\u00e9 de nouveaux fermiers (50 % + 1) ainsi que d&rsquo;individus et de repr\u00e9sentant(s) d&rsquo;organisations partenaires.<\/p>\n\n\n\n<h3 class=\"wp-block-heading\">Objectifs<\/h3>\n\n\n\n<p>La Coalition nationale des nouveaux fermiers vise \u00e0 :<\/p>\n\n\n\n<ol class=\"wp-block-list\">\n<li><em>Mettre en r\u00e9seau, exploiter les forces et catalyser le travail des fermi\u00e8res, des organisations de nouveaux agriculteurs, des initiatives et des sympathisants<\/em>. Nous r\u00e9unissons les membres de la coalition par le biais de technologies de communication et d&rsquo;\u00e9v\u00e9nements en personne qui offrent des possibilit\u00e9s de planification strat\u00e9gique et cibl\u00e9e.<\/li>\n\n\n\n<li><em>Rechercher de nouveaux d\u00e9fis et opportunit\u00e9s pour les fermi\u00e8res.<\/em>  Nous avons mis au point une nouvelle enqu\u00eate aupr\u00e8s des fermi\u00e8res qui a \u00e9t\u00e9 r\u00e9cemment diffus\u00e9e dans tout le Canada. L&rsquo;enqu\u00eate s&rsquo;est appuy\u00e9e sur les organisations agricoles, les communaut\u00e9s et la soci\u00e9t\u00e9 civile pour prendre contact avec les fermi\u00e8res et fermiers d\u00e9butants et exp\u00e9riment\u00e9s, ainsi qu&rsquo;avec celles et ceux qui ont quitt\u00e9 la profession. Nous avons re\u00e7u plus de 1 300 r\u00e9ponses \u00e0 cette enqu\u00eate et nous commen\u00e7ons \u00e0 analyser les r\u00e9sultats, qui nous fourniront un nouvel ensemble de donn\u00e9es d\u00e9taill\u00e9es et tr\u00e8s pr\u00e9cieuses sur les d\u00e9fis et les opportunit\u00e9s auxquels sont confront\u00e9s les nouveaux fermiers dans tout le pays.<\/li>\n\n\n\n<li><em>\u00c9laborer une plate-forme nationale de politique en faveur des nouveaux fermiers.<\/em>  Nous utiliserons l&rsquo;ensemble des donn\u00e9es de notre enqu\u00eate, ainsi que les recherches et les ressources existantes sur les nouvelles fermi\u00e8res, pour identifier et d\u00e9velopper des recommandations en mati\u00e8re de politiques et de programmes pour les gouvernements nationaux et infranationaux.<\/li>\n\n\n\n<li><em>Connecter, engager et mobiliser les nouveaux fermiers et la soci\u00e9t\u00e9 civile.  <\/em>Nous d\u00e9velopperons une strat\u00e9gie de plaidoyer, de communication et d&rsquo;engagement pour construire une campagne autour de la plateforme nationale de politique des nouveaux fermiers. Nous nous efforcerons de traduire la plateforme politique en changements l\u00e9gislatifs et programmatiques concrets au niveau des gouvernements nationaux, provinciaux et r\u00e9gionaux.<\/li>\n<\/ol>\n\n\n\n<h3 class=\"wp-block-heading\">Contact<\/h3>\n\n\n\n<p><a href=\"mailto:nfuyouth@nfu.ca\">nfuyouth@nfu.ca<\/a> pour plus d&rsquo;informations ou pour vous impliquer.<\/p>\n<\/div><\/div><\/div>\n\n\n\n<div class=\"wp-block-stackable-column stk-block-column stk-column stk-block stk-5eb44eb\" data-v=\"4\" data-block-id=\"5eb44eb\"><style>@media screen and (min-width:768px){.stk-5eb44eb{flex:var(--stk-flex-grow,1) 1 calc(33.333% - var(--stk-column-gap,0px) * 1 \/ 2 ) !important}}<\/style><div class=\"stk-column-wrapper stk-block-column__content stk-container stk-5eb44eb-container stk--no-background stk--no-padding\"><div class=\"stk-block-content stk-inner-blocks stk-5eb44eb-inner-blocks\"><nav class=\"is-vertical no-wrap wp-block-navigation is-nowrap is-layout-flex wp-container-core-navigation-is-layout-947ac36b wp-block-navigation-is-layout-flex\" aria-label=\"About Sidebar Menu\"><ul class=\"wp-block-navigation__container  is-vertical no-wrap wp-block-navigation\"><li class=\" wp-block-navigation-item wp-block-navigation-link\"><a class=\"wp-block-navigation-item__content\"  href=\"https:\/\/www.nfu.ca\/about\/\"><span class=\"wp-block-navigation-item__label\">About the NFU<\/span><\/a><\/li><li class=\" wp-block-navigation-item wp-block-navigation-link\"><a class=\"wp-block-navigation-item__content\"  href=\"https:\/\/www.nfu.ca\/about\/board-of-directors\/\"><span class=\"wp-block-navigation-item__label\">Board of Directors<\/span><\/a><\/li><li class=\" wp-block-navigation-item wp-block-navigation-link\"><a class=\"wp-block-navigation-item__content\"  href=\"https:\/\/www.nfu.ca\/about\/nfu-staff\/\"><span class=\"wp-block-navigation-item__label\">NFU Staff<\/span><\/a><\/li><li class=\" wp-block-navigation-item wp-block-navigation-link\"><a class=\"wp-block-navigation-item__content\"  href=\"https:\/\/www.nfu.ca\/job-opportunities\/\"><span class=\"wp-block-navigation-item__label\">Join our Staff Team<\/span><\/a><\/li><li class=\" wp-block-navigation-item wp-block-navigation-link\"><a class=\"wp-block-navigation-item__content\"  href=\"https:\/\/www.nfu.ca\/about\/nfu-women\/\"><span class=\"wp-block-navigation-item__label\">Women\u2019s Caucus<\/span><\/a><\/li><li class=\" wp-block-navigation-item wp-block-navigation-link\"><a class=\"wp-block-navigation-item__content\"  href=\"https:\/\/www.nfu.ca\/about\/nfu-youth\/\"><span class=\"wp-block-navigation-item__label\">Youth Caucus<\/span><\/a><\/li><li class=\" wp-block-navigation-item wp-block-navigation-link\"><a class=\"wp-block-navigation-item__content\"  href=\"https:\/\/www.nfu.ca\/about\/bipoc-caucus\/\"><span class=\"wp-block-navigation-item__label\">BIPOC Caucus<\/span><\/a><\/li><li class=\" wp-block-navigation-item wp-block-navigation-link\"><a class=\"wp-block-navigation-item__content\"  href=\"https:\/\/www.nfu.ca\/about\/international\/\"><span class=\"wp-block-navigation-item__label\">International Program Committee<\/span><\/a><\/li><li class=\" wp-block-navigation-item wp-block-navigation-link\"><a class=\"wp-block-navigation-item__content\"  href=\"https:\/\/www.nfu.ca\/about\/policy-working-groups\/\"><span class=\"wp-block-navigation-item__label\">Policy Working Groups<\/span><\/a><\/li><li class=\" wp-block-navigation-item wp-block-navigation-link\"><a class=\"wp-block-navigation-item__content\"  href=\"https:\/\/www.nfu.ca\/about\/national-farmers-foundation\/\"><span class=\"wp-block-navigation-item__label\">National Farmers Foundation<\/span><\/a><\/li><li class=\" wp-block-navigation-item wp-block-navigation-link\"><a class=\"wp-block-navigation-item__content\"  href=\"https:\/\/www.nfu.ca\/about\/nfu-constitution-and-bylaws\/\"><span class=\"wp-block-navigation-item__label\">Constitution and Bylaws<\/span><\/a><\/li><li class=\" wp-block-navigation-item wp-block-navigation-link\"><a class=\"wp-block-navigation-item__content\"  href=\"https:\/\/www.nfu.ca\/about\/contact\/\"><span class=\"wp-block-navigation-item__label\">Contact NFU<\/span><\/a><\/li><\/ul><\/nav><\/div><\/div><\/div>\n<\/div><\/div>\n\n<p><\/p>\n","protected":false},"excerpt":{"rendered":"<p>La Coalition nationale des nouveaux agriculteurs est compos\u00e9e de nouveaux fermiers ainsi que d&rsquo;organisations, d&rsquo;initiatives et de sympathisants des nouveaux agriculteurs travaillant aux niveaux national, provincial et r\u00e9gional. La Coalition existe pour encourager et soutenir une nouvelle g\u00e9n\u00e9ration de fermiers au Canada, et faire progresser la souverainet\u00e9 alimentaire au Canada.  <\/p>\n","protected":false},"author":2,"featured_media":24155,"parent":26372,"menu_order":0,"comment_status":"closed","ping_status":"closed","template":"tmpl-blocks-contained.php","meta":{"_acf_changed":false,"_tec_requires_first_save":true,"_EventAllDay":false,"_EventTimezone":"","_EventStartDate":"","_EventEndDate":"","_EventStartDateUTC":"","_EventEndDateUTC":"","_EventShowMap":false,"_EventShowMapLink":false,"_EventURL":"","_EventCost":"","_EventCostDescription":"","_EventCurrencySymbol":"","_EventCurrencyCode":"","_EventCurrencyPosition":"","_EventDateTimeSeparator":"","_EventTimeRangeSeparator":"","_EventOrganizerID":[],"_EventVenueID":[],"_OrganizerEmail":"","_OrganizerPhone":"","_OrganizerWebsite":"","_VenueAddress":"","_VenueCity":"","_VenueCountry":"","_VenueProvince":"","_VenueState":"","_VenueZip":"","_VenuePhone":"","_VenueURL":"","_VenueStateProvince":"","_VenueLat":"","_VenueLng":"","_VenueShowMap":false,"_VenueShowMapLink":false,"_tribe_blocks_recurrence_rules":"","_tribe_blocks_recurrence_description":"","_tribe_blocks_recurrence_exclusions":"","_ecp_custom_4":"","_ecp_custom_7":"","_ecp_custom_9":"","_ecp_custom_10":"","_ecp_custom_12":"","_ecp_custom_13":"","footnotes":""},"post_region":[],"post_campaign":[],"class_list":["post-26297","page","type-page","status-publish","has-post-thumbnail","hentry"],"acf":[],"_links":{"self":[{"href":"https:\/\/www.nfu.ca\/fr\/wp-json\/wp\/v2\/pages\/26297","targetHints":{"allow":["GET"]}}],"collection":[{"href":"https:\/\/www.nfu.ca\/fr\/wp-json\/wp\/v2\/pages"}],"about":[{"href":"https:\/\/www.nfu.ca\/fr\/wp-json\/wp\/v2\/types\/page"}],"author":[{"embeddable":true,"href":"https:\/\/www.nfu.ca\/fr\/wp-json\/wp\/v2\/users\/2"}],"replies":[{"embeddable":true,"href":"https:\/\/www.nfu.ca\/fr\/wp-json\/wp\/v2\/comments?post=26297"}],"version-history":[{"count":0,"href":"https:\/\/www.nfu.ca\/fr\/wp-json\/wp\/v2\/pages\/26297\/revisions"}],"up":[{"embeddable":true,"href":"https:\/\/www.nfu.ca\/fr\/wp-json\/wp\/v2\/pages\/26372"}],"wp:featuredmedia":[{"embeddable":true,"href":"https:\/\/www.nfu.ca\/fr\/wp-json\/wp\/v2\/media\/24155"}],"wp:attachment":[{"href":"https:\/\/www.nfu.ca\/fr\/wp-json\/wp\/v2\/media?parent=26297"}],"wp:term":[{"taxonomy":"post_region","embeddable":true,"href":"https:\/\/www.nfu.ca\/fr\/wp-json\/wp\/v2\/post_region?post=26297"},{"taxonomy":"post_campaign","embeddable":true,"href":"https:\/\/www.nfu.ca\/fr\/wp-json\/wp\/v2\/post_campaign?post=26297"}],"curies":[{"name":"wp","href":"https:\/\/api.w.org\/{rel}","templated":true}]}}