
{"id":26293,"date":"2019-09-12T14:07:50","date_gmt":"2019-09-12T20:07:50","guid":{"rendered":"https:\/\/www.nfu.ca\/sous-comite-des-travailleurs-migrants\/"},"modified":"2025-02-16T02:32:21","modified_gmt":"2025-02-16T08:32:21","slug":"sous-comite-des-travailleurs-migrants","status":"publish","type":"page","link":"https:\/\/www.nfu.ca\/fr\/a-propos\/comite-des-programmes-internationaux\/sous-comite-des-travailleurs-migrants\/","title":{"rendered":"Groupe de travail sur la solidarit\u00e9 avec les travailleurs migrants (MWSWG)"},"content":{"rendered":"\n<header class=\"wp-block-cover alignfull is-light has-custom-content-position is-position-bottom-left banner-upper\" id=\"banner-upper\"><span aria-hidden=\"true\" class=\"wp-block-cover__background has-background-dim wp-block-cover__gradient-background has-background-gradient\" style=\"background-color:#9f8b82;background:linear-gradient(180deg,rgb(109,7,227) 0%,rgba(109,7,227,0) 58%)\"><\/span><img loading=\"lazy\" decoding=\"async\" width=\"1800\" height=\"600\" class=\"wp-block-cover__image-background wp-image-4451\" alt=\"Sunset Under Blue Skies on the Farm\" src=\"https:\/\/nfu.ca\/wp-content\/uploads\/2018\/04\/beautiful-sunset-under-blue-skies-on-the-farm-frank-kohntopp-banner-nfu-default.jpg\" data-object-fit=\"cover\" srcset=\"https:\/\/www.nfu.ca\/wp-content\/uploads\/2018\/04\/beautiful-sunset-under-blue-skies-on-the-farm-frank-kohntopp-banner-nfu-default.jpg 1800w, https:\/\/www.nfu.ca\/wp-content\/uploads\/2018\/04\/beautiful-sunset-under-blue-skies-on-the-farm-frank-kohntopp-banner-nfu-default-300x100.jpg 300w, https:\/\/www.nfu.ca\/wp-content\/uploads\/2018\/04\/beautiful-sunset-under-blue-skies-on-the-farm-frank-kohntopp-banner-nfu-default-768x256.jpg 768w, https:\/\/www.nfu.ca\/wp-content\/uploads\/2018\/04\/beautiful-sunset-under-blue-skies-on-the-farm-frank-kohntopp-banner-nfu-default-1024x341.jpg 1024w, https:\/\/www.nfu.ca\/wp-content\/uploads\/2018\/04\/beautiful-sunset-under-blue-skies-on-the-farm-frank-kohntopp-banner-nfu-default-1600x533.jpg 1600w\" sizes=\"auto, (max-width: 1800px) 100vw, 1800px\" \/><div class=\"wp-block-cover__inner-container is-layout-flow wp-block-cover-is-layout-flow\">\n<p class=\"has-text-align-center has-large-font-size\"><\/p>\n<\/div><\/header>\n\n<div class=\"wp-block-stackable-hero alignfull stk-block-hero stk-block stk-08fda9e is-style-default\" data-v=\"2\" id=\"content-first\" data-block-id=\"08fda9e\"><style>.stk-08fda9e .stk-block-hero__content{min-height:5px !important;align-items:center !important;display:flex !important;}<\/style><div class=\"stk-block-hero__content stk-content-align stk-08fda9e-column alignwide stk-container stk-08fda9e-container stk--no-background stk--no-padding\"><div class=\"stk-block-content stk-inner-blocks has-text-align-left stk-08fda9e-inner-blocks\"><ol class=\"breadcrumb\"><li><a href=\"https:\/\/www.nfu.ca\/fr\/\">National Farmers Union<\/a><\/li><\/ol>\n\n\n\n<div class=\"wp-block-stackable-heading stk-block-heading stk-block-heading--v2 stk-block stk-1766adc\" id=\"migrant-worker-solidarity-working-group-mwswg\" data-block-id=\"1766adc\"><h2 class=\"stk-block-heading__text\">Groupe de travail sur la solidarit\u00e9 avec les travailleurs migrants (MWSWG)<\/h2><\/div>\n\n\n\n<div class=\"wp-block-stackable-columns stk-block-columns stk-block stk-1786798\" data-block-id=\"1786798\"><div class=\"stk-row stk-inner-blocks stk-block-content stk-content-align stk-1786798-column\">\n<div class=\"wp-block-stackable-column stk-block-column stk-column stk-block stk-cdf62d9\" data-v=\"4\" data-block-id=\"cdf62d9\"><style>@media screen and (min-width: 768px){.stk-cdf62d9 {flex:var(--stk-flex-grow, 1) 1 calc(66.666% - var(--stk-column-gap, 0px) * 1 \/ 2 ) !important;}}<\/style><div class=\"stk-column-wrapper stk-block-column__content stk-container stk-cdf62d9-container stk--no-background stk--no-padding\"><div class=\"has-text-align-left stk-block-content stk-inner-blocks stk-cdf62d9-inner-blocks\">\n<div class=\"wp-block-stackable-text stk-block-text stk-block stk-8d6ebcc\" data-block-id=\"8d6ebcc\"><p class=\"stk-block-text__text\">Le groupe de travail sur la solidarit\u00e9 avec les travailleurs migrants rassemble les fermi\u00e8res qui cherchent \u00e0 \u00e9tendre et \u00e0 approfondir la solidarit\u00e9 avec les travailleurs migrants au Canada et \u00e0 l&rsquo;\u00e9tranger. Nous fournissons des informations aux membres de UNF, proposons des recommandations au conseil national de UNF et cr\u00e9ons un forum permettant aux membres de partager des ressources, d&rsquo;apprendre ensemble et d&rsquo;\u00e9tablir des relations. <\/p><\/div>\n\n\n\n<div class=\"wp-block-stackable-text stk-block-text stk-block stk-1d0e60d\" data-block-id=\"1d0e60d\"><p class=\"stk-block-text__text\">Le site UNF s&rsquo;est engag\u00e9 \u00e0 faire preuve de solidarit\u00e9 avec les travailleurs migrants, tant au Canada qu&rsquo;\u00e0 l&rsquo;\u00e9tranger. Nous travaillons dans le cadre du mouvement mondial La Via Campesina pour soutenir les luttes des travailleurs agricoles migrants. Nous reconnaissons que de nombreux travailleurs migrants sont des fermiers qui ont \u00e9t\u00e9 chass\u00e9s de leurs terres dans leur pays d&rsquo;origine en raison des accords commerciaux mondiaux, de l&rsquo;extraction des ressources, de la crise climatique et d&rsquo;autres injustices.  <\/p><\/div>\n\n\n\n<div class=\"wp-block-stackable-text stk-block-text stk-block stk-c4e25c3\" data-block-id=\"c4e25c3\"><p class=\"stk-block-text__text\">Au Canada, nous reconnaissons les vuln\u00e9rabilit\u00e9s structurelles que le programme des travailleurs \u00e9trangers temporaires cr\u00e9e pour les personnes qui viennent dans ce pays pour remplir des fonctions vitales dans les exploitations agricoles.  <\/p><\/div>\n\n\n\n<div class=\"wp-block-stackable-text stk-block-text stk-block stk-ea0646b\" data-block-id=\"ea0646b\"><p class=\"stk-block-text__text\">En solidarit\u00e9 avec des dizaines d&rsquo;organisations de travailleurs migrants, nous nous sommes joints aux appels demandant le statut de r\u00e9sident permanent pour tous. Nous nous joignons \u00e9galement \u00e0 l&rsquo;appel en faveur de changements r\u00e9glementaires qui responsabilisent les travailleurs, augmentent leur capacit\u00e9 d&rsquo;action et permettent \u00e0 tous les travailleurs de faire valoir leurs droits.Pour toute question ou pour vous impliquer dans ce travail, contactez <a href=\"mailto:ipccoordinator@nfu.ca\">ipccoordinator@nfu.ca.<\/a>  <\/p><\/div>\n\n\n\n<div class=\"wp-block-stackable-heading stk-block-heading stk-block-heading--v2 stk-block stk-ae81640\" id=\"nfu-statements-and-actions-in-solidarity-with-migrant-workers\" data-block-id=\"ae81640\"><h2 class=\"stk-block-heading__text\">UNF D\u00e9clarations et actions de solidarit\u00e9 avec les travailleurs migrants<\/h2><\/div>\n\n\n\n<div class=\"wp-block-stackable-text stk-block-text stk-block stk-655367c\" data-block-id=\"655367c\"><p class=\"stk-block-text__text\">Statut permanent pour tous les <a href=\"https:\/\/www.nfu.ca\/nfu-calls-for-full-and-permanent-status-for-all-migrants\/\">2022<\/a>,  <\/p><\/div>\n\n\n\n<div class=\"wp-block-stackable-text stk-block-text stk-block stk-94343c9\" data-block-id=\"94343c9\"><p class=\"stk-block-text__text\">Journ\u00e9e internationale des travailleurs (1er mai) 2022, <a href=\"https:\/\/www.nfu.ca\/on-may-day-the-nfu-calls-for-action-on-migrant-rights-and-undrop\/\">2023<\/a><\/p><\/div>\n\n\n\n<div class=\"wp-block-stackable-text stk-block-text stk-block stk-9693a83\" data-block-id=\"9693a83\"><p class=\"stk-block-text__text\">17 d\u00e9cembre Journ\u00e9e internationale des migrants <a href=\"https:\/\/www.nfu.ca\/statement-on-united-nations-international-migrants-day\/\">2022<\/a>, <a href=\"https:\/\/www.nfu.ca\/nfu-calls-for-govt-action-to-address-systemic-injustice-of-cad-temp-foreign-worker-program\/\">2023<\/a><\/p><\/div>\n\n\n\n<div class=\"wp-block-stackable-text stk-block-text stk-block stk-3f4b395\" data-block-id=\"3f4b395\"><p class=\"stk-block-text__text\">Solidarit\u00e9 avec les travailleurs jama\u00efcains <a href=\"https:\/\/www.nfu.ca\/jamaican-farmworker-calls-for-justice\/\">2022<\/a><\/p><\/div>\n\n\n\n<div class=\"wp-block-stackable-heading stk-block-heading stk-block-heading--v2 stk-block stk-d73cd2c\" id=\"strong-nfu-statements-and-actions-in-solidarity-with-migrant-workers-strong\" data-block-id=\"d73cd2c\"><h3 class=\"stk-block-heading__text\">Dossiers politiques<\/h3><\/div>\n\n\n\n<div class=\"wp-block-stackable-feature-grid stk-block-feature-grid stk-block-columns stk--column-wrap-desktop stk-block stk-f8dda91 is-style-horizontal\" id=\"strong-nfu-statements-and-actions-in-solidarity-with-migrant-workers-strong\" data-block-id=\"f8dda91\"><style>.stk-f8dda91-column{flex-wrap:wrap !important;--stk-flex-grow:0 !important;}<\/style><div class=\"stk-row stk-inner-blocks stk-block-content stk-content-align stk-f8dda91-column\">\n<div class=\"wp-block-stackable-column stk-block-column stk-column stk-block stk-89701e9\" data-v=\"4\" data-block-id=\"89701e9\"><style>.stk-89701e9-container{margin-top:12px !important;margin-right:12px !important;margin-bottom:12px !important;margin-left:12px !important;border-top-left-radius:12px !important;border-top-right-radius:12px !important;border-bottom-right-radius:12px !important;border-bottom-left-radius:12px !important;overflow:hidden !important;padding-top:0px !important;padding-right:0px !important;padding-bottom:0px !important;padding-left:0px !important;}<\/style><div class=\"stk-column-wrapper stk-block-column__content stk-container stk-89701e9-container stk-hover-parent\"><div class=\"stk-block-content stk-inner-blocks stk-89701e9-inner-blocks\">\n<div class=\"wp-block-stackable-columns stk-block-columns stk-block stk-ca9efe1\" data-block-id=\"ca9efe1\"><div class=\"stk-row stk-inner-blocks stk-block-content stk-content-align stk-ca9efe1-column\">\n<div class=\"wp-block-stackable-column stk-block-column stk-column stk-block stk-1ffb116\" data-v=\"4\" data-block-id=\"1ffb116\"><style>@media screen and (min-width: 768px){.stk-1ffb116 {flex:var(--stk-flex-grow, 1) 1 25% !important;}}<\/style><div class=\"stk-column-wrapper stk-block-column__content stk-container stk-1ffb116-container stk--no-background stk--no-padding\"><div class=\"stk-block-content stk-inner-blocks stk-1ffb116-inner-blocks\">\n<div class=\"wp-block-stackable-image stk-block-image stk-block stk-0d87125\" data-block-id=\"0d87125\"><style>.stk-0d87125 .stk-img-wrapper img{border-radius:12px !important;}<\/style><figure><a class=\"stk-link\" href=\"https:\/\/www.nfu.ca\/publications\/reasons-why-offsets-wrong-approach\/\"><span class=\"stk-img-wrapper stk-image--shape-stretch\"><img loading=\"lazy\" decoding=\"async\" class=\"stk-img wp-image-20908\" src=\"https:\/\/www.nfu.ca\/wp-content\/uploads\/2024\/04\/policy-nfu-bookshelf-maarten-van-den-huevel-vertical-264x300.jpg\" width=\"264\" height=\"300\" alt=\"Banni&#xE8;re repr&#xE9;sentant des vaches dans une ferme\" srcset=\"https:\/\/www.nfu.ca\/wp-content\/uploads\/2024\/04\/policy-nfu-bookshelf-maarten-van-den-huevel-vertical-264x300.jpg 264w, https:\/\/www.nfu.ca\/wp-content\/uploads\/2024\/04\/policy-nfu-bookshelf-maarten-van-den-huevel-vertical-901x1024.jpg 901w, https:\/\/www.nfu.ca\/wp-content\/uploads\/2024\/04\/policy-nfu-bookshelf-maarten-van-den-huevel-vertical-768x873.jpg 768w, https:\/\/www.nfu.ca\/wp-content\/uploads\/2024\/04\/policy-nfu-bookshelf-maarten-van-den-huevel-vertical.jpg 1200w\" sizes=\"auto, (max-width: 264px) 100vw, 264px\" \/><\/span><\/a><\/figure><\/div>\n<\/div><\/div><\/div>\n\n\n\n<div class=\"wp-block-stackable-column stk-block-column stk-column stk-block stk-deb4aef\" data-v=\"4\" data-block-id=\"deb4aef\"><style>@media screen and (min-width: 768px){.stk-deb4aef {flex:var(--stk-flex-grow, 1) 1 75% !important;}}<\/style><div class=\"stk-column-wrapper stk-block-column__content stk-container stk-deb4aef-container stk--no-background stk--no-padding\"><div class=\"stk-block-content stk-inner-blocks stk-deb4aef-inner-blocks\">\n<div class=\"wp-block-stackable-heading stk-block-heading stk-block-heading--v2 stk-block stk-8431129\" id=\"a-href-https-www-nfu-ca-publications-ag-ghg-emissions-in-cad-3rd-edition-a-a-href-https-www-nfu-ca-publications-ag-ghg-emissions-in-cad-3rd-edition-gricultural-greenhouse-gas-emissions-in-canada-a-a\" data-block-id=\"8431129\"><h5 class=\"stk-block-heading__text\"><a href=\"https:\/\/www.nfu.ca\/policy\/supporting-the-rights-of-temporary-and-migrant-workers\/\"><\/a><a href=\"https:\/\/www.nfu.ca\/policy\/supporting-the-rights-of-temporary-and-migrant-workers\/\">Soutenir les droits des travailleurs temporaires et migrants : UNF Soumission \u00e0 la commission s\u00e9natoriale permanente des affaires sociales, de la science et de la technologie<\/a><\/h5><\/div>\n\n\n\n<p>Nous appelons le gouvernement f\u00e9d\u00e9ral \u00e0 r\u00e9soudre la crise de la main-d&rsquo;\u0153uvre agricole de mani\u00e8re \u00e0 renforcer la s\u00e9curit\u00e9 alimentaire du pays tout en \u00e9vitant de continuer \u00e0 d\u00e9pendre d&rsquo;une cat\u00e9gorie de travailleurs \u00e0 qui l&rsquo;on refuse et\/ou emp\u00eache d&rsquo;exercer leurs droits humains fondamentaux.  <\/p>\n<\/div><\/div><\/div>\n<\/div><\/div>\n<\/div><\/div><\/div>\n<\/div><\/div>\n\n\n\n<div class=\"wp-block-stackable-heading stk-block-heading stk-block-heading--v2 stk-block stk-8b785d9\" id=\"strong-nfu-statements-and-actions-in-solidarity-with-migrant-workers-strong\" data-block-id=\"8b785d9\"><h3 class=\"stk-block-heading__text\">Ressources sur les droits des migrants et la justice<\/h3><\/div>\n\n\n\n<div class=\"wp-block-stackable-text stk-block-text stk-block stk-201bae9\" data-block-id=\"201bae9\"><p class=\"stk-block-text__text\"><a rel=\"noopener\" target=\"_blank\" href=\"https:\/\/viacampesina.org\/en\/tag\/migration-collective\/\">La Via Campesina Collectif Migration<\/a><\/p><\/div>\n\n\n\n<div class=\"wp-block-stackable-text stk-block-text stk-block stk-c981bd0\" data-block-id=\"c981bd0\"><p class=\"stk-block-text__text\"><a rel=\"noopener\" target=\"_blank\" href=\"https:\/\/harvestingfreedom.org\/\">Justicia<\/a><\/p><\/div>\n\n\n\n<div class=\"wp-block-stackable-text stk-block-text stk-block stk-ed4258c\" data-block-id=\"ed4258c\"><p class=\"stk-block-text__text\"><a rel=\"noopener\" target=\"_blank\" href=\"https:\/\/www.migrante.ca\/\">Migrante<\/a><\/p><\/div>\n\n\n\n<div class=\"wp-block-stackable-text stk-block-text stk-block stk-59105f4\" data-block-id=\"59105f4\"><p class=\"stk-block-text__text\"><a rel=\"noopener\" target=\"_blank\" href=\"https:\/\/migrantrights.ca\/\">R\u00e9seau des droits des migrants (MRN)<\/a><\/p><\/div>\n\n\n\n<div class=\"wp-block-stackable-text stk-block-text stk-block stk-b805cc7\" data-block-id=\"b805cc7\"><p class=\"stk-block-text__text\"><a rel=\"noopener\" target=\"_blank\" href=\"https:\/\/migrantworkersalliance.org\/\">Alliance des travailleurs migrants pour le changement (MWAC)<\/a><\/p><\/div>\n<\/div><\/div><\/div>\n\n\n\n<div class=\"wp-block-stackable-column stk-block-column stk-column stk-block stk-41b4f8b\" data-v=\"4\" data-block-id=\"41b4f8b\"><style>@media screen and (min-width: 768px){.stk-41b4f8b {flex:var(--stk-flex-grow, 1) 1 calc(33.334% - var(--stk-column-gap, 0px) * 1 \/ 2 ) !important;}}<\/style><div class=\"stk-column-wrapper stk-block-column__content stk-container stk-41b4f8b-container stk--no-background stk--no-padding\"><div class=\"stk-block-content stk-inner-blocks stk-41b4f8b-inner-blocks\"><nav class=\"is-vertical no-wrap wp-block-navigation is-nowrap is-layout-flex wp-container-core-navigation-is-layout-947ac36b wp-block-navigation-is-layout-flex\" aria-label=\"About Sidebar Menu\"><ul class=\"wp-block-navigation__container  is-vertical no-wrap wp-block-navigation\"><li class=\" wp-block-navigation-item wp-block-navigation-link\"><a class=\"wp-block-navigation-item__content\"  href=\"https:\/\/www.nfu.ca\/about\/\"><span class=\"wp-block-navigation-item__label\">About the NFU<\/span><\/a><\/li><li class=\" wp-block-navigation-item wp-block-navigation-link\"><a class=\"wp-block-navigation-item__content\"  href=\"https:\/\/www.nfu.ca\/about\/board-of-directors\/\"><span class=\"wp-block-navigation-item__label\">Board of Directors<\/span><\/a><\/li><li class=\" wp-block-navigation-item wp-block-navigation-link\"><a class=\"wp-block-navigation-item__content\"  href=\"https:\/\/www.nfu.ca\/about\/nfu-staff\/\"><span class=\"wp-block-navigation-item__label\">NFU Staff<\/span><\/a><\/li><li class=\" wp-block-navigation-item wp-block-navigation-link\"><a class=\"wp-block-navigation-item__content\"  href=\"https:\/\/www.nfu.ca\/job-opportunities\/\"><span class=\"wp-block-navigation-item__label\">Join our Staff Team<\/span><\/a><\/li><li class=\" wp-block-navigation-item wp-block-navigation-link\"><a class=\"wp-block-navigation-item__content\"  href=\"https:\/\/www.nfu.ca\/about\/nfu-women\/\"><span class=\"wp-block-navigation-item__label\">Women\u2019s Caucus<\/span><\/a><\/li><li class=\" wp-block-navigation-item wp-block-navigation-link\"><a class=\"wp-block-navigation-item__content\"  href=\"https:\/\/www.nfu.ca\/about\/nfu-youth\/\"><span class=\"wp-block-navigation-item__label\">Youth Caucus<\/span><\/a><\/li><li class=\" wp-block-navigation-item wp-block-navigation-link\"><a class=\"wp-block-navigation-item__content\"  href=\"https:\/\/www.nfu.ca\/about\/bipoc-caucus\/\"><span class=\"wp-block-navigation-item__label\">BIPOC Caucus<\/span><\/a><\/li><li class=\" wp-block-navigation-item wp-block-navigation-link\"><a class=\"wp-block-navigation-item__content\"  href=\"https:\/\/www.nfu.ca\/about\/international\/\"><span class=\"wp-block-navigation-item__label\">International Program Committee<\/span><\/a><\/li><li class=\" wp-block-navigation-item wp-block-navigation-link\"><a class=\"wp-block-navigation-item__content\"  href=\"https:\/\/www.nfu.ca\/about\/policy-working-groups\/\"><span class=\"wp-block-navigation-item__label\">Policy Working Groups<\/span><\/a><\/li><li class=\" wp-block-navigation-item wp-block-navigation-link\"><a class=\"wp-block-navigation-item__content\"  href=\"https:\/\/www.nfu.ca\/about\/national-farmers-foundation\/\"><span class=\"wp-block-navigation-item__label\">National Farmers Foundation<\/span><\/a><\/li><li class=\" wp-block-navigation-item wp-block-navigation-link\"><a class=\"wp-block-navigation-item__content\"  href=\"https:\/\/www.nfu.ca\/about\/nfu-constitution-and-bylaws\/\"><span class=\"wp-block-navigation-item__label\">Constitution and Bylaws<\/span><\/a><\/li><li class=\" wp-block-navigation-item wp-block-navigation-link\"><a class=\"wp-block-navigation-item__content\"  href=\"https:\/\/www.nfu.ca\/about\/contact\/\"><span class=\"wp-block-navigation-item__label\">Contact NFU<\/span><\/a><\/li><\/ul><\/nav><\/div><\/div><\/div>\n<\/div><\/div>\n<\/div><\/div><\/div>\n","protected":false},"excerpt":{"rendered":"<p>Ce sous-comit\u00e9 cherche \u00e0 \u00e9tendre et \u00e0 approfondir la compr\u00e9hension de l&rsquo;UNF des questions relatives aux travailleurs agricoles migrants en fournissant des informations aux membres, en proposant des recommandations au conseil national de l&rsquo;UNF et en fournissant un forum permettant aux membres de partager des ressources et d&rsquo;apprendre ensemble.<\/p>\n","protected":false},"author":2,"featured_media":23565,"parent":26360,"menu_order":0,"comment_status":"closed","ping_status":"closed","template":"tmpl-blocks-contained.php","meta":{"_acf_changed":false,"_tec_requires_first_save":true,"_EventAllDay":false,"_EventTimezone":"","_EventStartDate":"","_EventEndDate":"","_EventStartDateUTC":"","_EventEndDateUTC":"","_EventShowMap":false,"_EventShowMapLink":false,"_EventURL":"","_EventCost":"","_EventCostDescription":"","_EventCurrencySymbol":"","_EventCurrencyCode":"","_EventCurrencyPosition":"","_EventDateTimeSeparator":"","_EventTimeRangeSeparator":"","_EventOrganizerID":[],"_EventVenueID":[],"_OrganizerEmail":"","_OrganizerPhone":"","_OrganizerWebsite":"","_VenueAddress":"","_VenueCity":"","_VenueCountry":"","_VenueProvince":"","_VenueState":"","_VenueZip":"","_VenuePhone":"","_VenueURL":"","_VenueStateProvince":"","_VenueLat":"","_VenueLng":"","_VenueShowMap":false,"_VenueShowMapLink":false,"_tribe_blocks_recurrence_rules":"","_tribe_blocks_recurrence_description":"","_tribe_blocks_recurrence_exclusions":"","_ecp_custom_4":"","_ecp_custom_7":"","_ecp_custom_9":"","_ecp_custom_10":"","_ecp_custom_12":"","_ecp_custom_13":"","footnotes":""},"post_region":[],"post_campaign":[],"class_list":["post-26293","page","type-page","status-publish","has-post-thumbnail","hentry"],"acf":[],"_links":{"self":[{"href":"https:\/\/www.nfu.ca\/fr\/wp-json\/wp\/v2\/pages\/26293","targetHints":{"allow":["GET"]}}],"collection":[{"href":"https:\/\/www.nfu.ca\/fr\/wp-json\/wp\/v2\/pages"}],"about":[{"href":"https:\/\/www.nfu.ca\/fr\/wp-json\/wp\/v2\/types\/page"}],"author":[{"embeddable":true,"href":"https:\/\/www.nfu.ca\/fr\/wp-json\/wp\/v2\/users\/2"}],"replies":[{"embeddable":true,"href":"https:\/\/www.nfu.ca\/fr\/wp-json\/wp\/v2\/comments?post=26293"}],"version-history":[{"count":3,"href":"https:\/\/www.nfu.ca\/fr\/wp-json\/wp\/v2\/pages\/26293\/revisions"}],"predecessor-version":[{"id":33336,"href":"https:\/\/www.nfu.ca\/fr\/wp-json\/wp\/v2\/pages\/26293\/revisions\/33336"}],"up":[{"embeddable":true,"href":"https:\/\/www.nfu.ca\/fr\/wp-json\/wp\/v2\/pages\/26360"}],"wp:featuredmedia":[{"embeddable":true,"href":"https:\/\/www.nfu.ca\/fr\/wp-json\/wp\/v2\/media\/23565"}],"wp:attachment":[{"href":"https:\/\/www.nfu.ca\/fr\/wp-json\/wp\/v2\/media?parent=26293"}],"wp:term":[{"taxonomy":"post_region","embeddable":true,"href":"https:\/\/www.nfu.ca\/fr\/wp-json\/wp\/v2\/post_region?post=26293"},{"taxonomy":"post_campaign","embeddable":true,"href":"https:\/\/www.nfu.ca\/fr\/wp-json\/wp\/v2\/post_campaign?post=26293"}],"curies":[{"name":"wp","href":"https:\/\/api.w.org\/{rel}","templated":true}]}}