
{"id":26287,"date":"2018-08-31T07:15:09","date_gmt":"2018-08-31T13:15:09","guid":{"rendered":"https:\/\/www.nfu.ca\/sol\/"},"modified":"2024-07-11T13:53:19","modified_gmt":"2024-07-11T19:53:19","slug":"sol","status":"publish","type":"page","link":"https:\/\/www.nfu.ca\/fr\/apprendre\/proteger-les-biens-communs\/sol\/","title":{"rendered":"Sol"},"content":{"rendered":"\n<header class=\"wp-block-cover alignfull has-custom-content-position is-position-bottom-center banner-top\" id=\"banner-top\"><span aria-hidden=\"true\" class=\"wp-block-cover__background has-background-dim has-background-gradient\" style=\"background-color:#4e5047;background:linear-gradient(180deg,rgba(0,0,0,0.97) 0%,rgba(0,0,0,0.05) 69%)\"><\/span><img loading=\"lazy\" decoding=\"async\" width=\"800\" height=\"404\" src=\"https:\/\/www.nfu.ca\/wp-content\/uploads\/2018\/09\/nfu-soil-campaign-lukas-langrock-thumb.jpg\" class=\"wp-block-cover__image-background wp-post-image\" alt=\"\" data-object-fit=\"cover\" srcset=\"https:\/\/www.nfu.ca\/wp-content\/uploads\/2018\/09\/nfu-soil-campaign-lukas-langrock-thumb.jpg 800w, https:\/\/www.nfu.ca\/wp-content\/uploads\/2018\/09\/nfu-soil-campaign-lukas-langrock-thumb-300x152.jpg 300w, https:\/\/www.nfu.ca\/wp-content\/uploads\/2018\/09\/nfu-soil-campaign-lukas-langrock-thumb-768x388.jpg 768w\" sizes=\"auto, (max-width: 800px) 100vw, 800px\" \/><div class=\"wp-block-cover__inner-container is-layout-flow wp-block-cover-is-layout-flow\">\n<p class=\"has-text-align-left has-large-font-size\"><\/p>\n<\/div><\/header>\n<ol class=\"breadcrumb\"><li><a href=\"https:\/\/www.nfu.ca\/fr\/\">National Farmers Union<\/a><\/li><\/ol>\n\n<div class=\"wp-block-stackable-heading stk-block-heading stk-block-heading--v2 stk-block stk-35b1992\" id=\"soil\" data-block-id=\"35b1992\"><h1 class=\"stk-block-heading__text\">Sol<\/h1><\/div>\n\n<div class=\"wp-block-stackable-columns stk-block-columns stk-block stk-54b76e7 content-upper\" id=\"content-upper\" data-block-id=\"54b76e7\"><div class=\"stk-row stk-inner-blocks has-text-align-left stk-block-content stk-content-align stk-54b76e7-column\">\n<div class=\"wp-block-stackable-column stk-block-column stk-column stk-block stk-ef63229\" data-v=\"4\" data-block-id=\"ef63229\"><style>@media screen and (min-width:768px){.stk-ef63229{flex:var(--stk-flex-grow,1) 1 calc(66.666% - var(--stk-column-gap,0px) * 1 \/ 2 ) !important}}<\/style><div class=\"stk-column-wrapper stk-block-column__content stk-container stk-ef63229-container stk--no-background stk--no-padding\"><div class=\"has-text-align-left stk-block-content stk-inner-blocks stk-ef63229-inner-blocks\">\n<p class=\"has-medium-font-size\">Le sol est le fondement de l&rsquo;agriculture, la source de notre alimentation et donc notre ressource la plus pr\u00e9cieuse.  <\/p>\n\n\n\n<p>L&rsquo;UNF demande des politiques et des programmes qui prot\u00e8gent, conservent et am\u00e9liorent les sols. Il s&rsquo;agit notamment d&rsquo;\u00e9duquer les fermi\u00e8res et de les inciter \u00e0 pratiquer une bonne conservation des sols. L&rsquo;UNF s&rsquo;inqui\u00e8te des effets du lessivage, de la salinisation et des r\u00e9sidus de pesticides sur les sols, ainsi que de l&rsquo;impact sur les terres agricoles de la modification des nappes phr\u00e9atiques et de l&rsquo;effet de l&rsquo;utilisation de plusieurs produits chimiques. Les sols sujets \u00e0 l&rsquo;\u00e9rosion ne doivent pas \u00eatre cultiv\u00e9s. Ces sols pourraient \u00eatre utilis\u00e9s comme bois\u00e9s, fourrages ou p\u00e2turages.  <\/p>\n\n\n\n<p>L&rsquo;\u00e9levage en p\u00e2turage et en fourrage doit \u00eatre encourag\u00e9 pour la conservation des sols et pour l&rsquo;augmentation et\/ou le maintien du carbone dans les p\u00e2turages, les terres de fauche et les terres foresti\u00e8res. Les fermiers, les gouvernements et les consommateurs doivent coop\u00e9rer pour cr\u00e9er des m\u00e9thodes et des technologies agricoles viables et durables qui am\u00e9liorent la qualit\u00e9 du sol, de l&rsquo;eau et de l&rsquo;air.<\/p>\n<\/div><\/div><\/div>\n\n\n\n<div class=\"wp-block-stackable-column stk-block-column stk-column stk-block stk-5eb44eb\" data-v=\"4\" data-block-id=\"5eb44eb\"><style>@media screen and (min-width:768px){.stk-5eb44eb{flex:var(--stk-flex-grow,1) 1 calc(33.334% - var(--stk-column-gap,0px) * 1 \/ 2 ) !important}}<\/style><div class=\"stk-column-wrapper stk-block-column__content stk-container stk-5eb44eb-container stk--no-background stk--no-padding\"><div class=\"stk-block-content stk-inner-blocks stk-5eb44eb-inner-blocks\"><nav class=\"is-vertical no-wrap wp-block-navigation is-nowrap is-layout-flex wp-container-core-navigation-is-layout-947ac36b wp-block-navigation-is-layout-flex\" aria-label=\"Campaign Nav - Protecting the Commons\"><ul class=\"wp-block-navigation__container  is-vertical no-wrap wp-block-navigation\"><li class=\" wp-block-navigation-item wp-block-navigation-link\"><a class=\"wp-block-navigation-item__content\"  href=\"https:\/\/www.nfu.ca\/learn\/protecting-the-commons\/\"><span class=\"wp-block-navigation-item__label\">Overview<\/span><\/a><\/li><li class=\" wp-block-navigation-item wp-block-navigation-link\"><a class=\"wp-block-navigation-item__content\"  href=\"https:\/\/www.nfu.ca\/learn\/protecting-the-commons\/pesticides\/\"><span class=\"wp-block-navigation-item__label\">Pesticides<\/span><\/a><\/li><li class=\" wp-block-navigation-item wp-block-navigation-link\"><a class=\"wp-block-navigation-item__content\"  href=\"https:\/\/www.nfu.ca\/learn\/protecting-the-commons\/soil\/\"><span class=\"wp-block-navigation-item__label\">Soil<\/span><\/a><\/li><li class=\" wp-block-navigation-item wp-block-navigation-link\"><a class=\"wp-block-navigation-item__content\"  href=\"https:\/\/www.nfu.ca\/learn\/protecting-the-commons\/water\/\"><span class=\"wp-block-navigation-item__label\">Water<\/span><\/a><\/li><\/ul><\/nav><\/div><\/div><\/div>\n<\/div><\/div>\n","protected":false},"excerpt":{"rendered":"<p>Le sol est le fondement de l&rsquo;agriculture, la source de notre alimentation et donc notre ressource la plus pr\u00e9cieuse. L&rsquo;UNF demande des politiques et des programmes qui prot\u00e8gent, conservent et am\u00e9liorent les sols.<\/p>\n","protected":false},"author":2,"featured_media":24127,"parent":26338,"menu_order":0,"comment_status":"closed","ping_status":"closed","template":"tmpl-blocks-contained.php","meta":{"_acf_changed":false,"_tec_requires_first_save":true,"_EventAllDay":false,"_EventTimezone":"","_EventStartDate":"","_EventEndDate":"","_EventStartDateUTC":"","_EventEndDateUTC":"","_EventShowMap":false,"_EventShowMapLink":false,"_EventURL":"","_EventCost":"","_EventCostDescription":"","_EventCurrencySymbol":"","_EventCurrencyCode":"","_EventCurrencyPosition":"","_EventDateTimeSeparator":"","_EventTimeRangeSeparator":"","_EventOrganizerID":[],"_EventVenueID":[],"_OrganizerEmail":"","_OrganizerPhone":"","_OrganizerWebsite":"","_VenueAddress":"","_VenueCity":"","_VenueCountry":"","_VenueProvince":"","_VenueState":"","_VenueZip":"","_VenuePhone":"","_VenueURL":"","_VenueStateProvince":"","_VenueLat":"","_VenueLng":"","_VenueShowMap":false,"_VenueShowMapLink":false,"_tribe_blocks_recurrence_rules":"","_tribe_blocks_recurrence_description":"","_tribe_blocks_recurrence_exclusions":"","_ecp_custom_4":"","_ecp_custom_7":"","_ecp_custom_9":"","_ecp_custom_10":"","_ecp_custom_12":"","_ecp_custom_13":"","footnotes":""},"post_region":[],"post_campaign":[],"class_list":["post-26287","page","type-page","status-publish","has-post-thumbnail","hentry"],"acf":[],"_links":{"self":[{"href":"https:\/\/www.nfu.ca\/fr\/wp-json\/wp\/v2\/pages\/26287","targetHints":{"allow":["GET"]}}],"collection":[{"href":"https:\/\/www.nfu.ca\/fr\/wp-json\/wp\/v2\/pages"}],"about":[{"href":"https:\/\/www.nfu.ca\/fr\/wp-json\/wp\/v2\/types\/page"}],"author":[{"embeddable":true,"href":"https:\/\/www.nfu.ca\/fr\/wp-json\/wp\/v2\/users\/2"}],"replies":[{"embeddable":true,"href":"https:\/\/www.nfu.ca\/fr\/wp-json\/wp\/v2\/comments?post=26287"}],"version-history":[{"count":0,"href":"https:\/\/www.nfu.ca\/fr\/wp-json\/wp\/v2\/pages\/26287\/revisions"}],"up":[{"embeddable":true,"href":"https:\/\/www.nfu.ca\/fr\/wp-json\/wp\/v2\/pages\/26338"}],"wp:featuredmedia":[{"embeddable":true,"href":"https:\/\/www.nfu.ca\/fr\/wp-json\/wp\/v2\/media\/24127"}],"wp:attachment":[{"href":"https:\/\/www.nfu.ca\/fr\/wp-json\/wp\/v2\/media?parent=26287"}],"wp:term":[{"taxonomy":"post_region","embeddable":true,"href":"https:\/\/www.nfu.ca\/fr\/wp-json\/wp\/v2\/post_region?post=26287"},{"taxonomy":"post_campaign","embeddable":true,"href":"https:\/\/www.nfu.ca\/fr\/wp-json\/wp\/v2\/post_campaign?post=26287"}],"curies":[{"name":"wp","href":"https:\/\/api.w.org\/{rel}","templated":true}]}}