
{"id":26270,"date":"2022-02-25T12:10:01","date_gmt":"2022-02-25T18:10:01","guid":{"rendered":"https:\/\/www.nfu.ca\/groupes-de-travail-sur-les-politiques\/"},"modified":"2025-12-16T12:24:15","modified_gmt":"2025-12-16T18:24:15","slug":"groupes-de-travail-sur-les-politiques","status":"publish","type":"page","link":"https:\/\/www.nfu.ca\/fr\/a-propos\/groupes-de-travail-sur-les-politiques\/","title":{"rendered":"Groupes de travail politiques"},"content":{"rendered":"\n<header class=\"wp-block-cover alignfull is-light has-custom-content-position is-position-bottom-left banner-upper\" id=\"banner-upper\"><span aria-hidden=\"true\" class=\"wp-block-cover__background has-background-dim wp-block-cover__gradient-background has-background-gradient\" style=\"background-color:#9f8b82;background:linear-gradient(180deg,rgb(109,7,227) 0%,rgba(109,7,227,0) 58%)\"><\/span><img loading=\"lazy\" decoding=\"async\" width=\"1800\" height=\"600\" class=\"wp-block-cover__image-background wp-image-4451\" alt=\"Sunset Under Blue Skies on the Farm\" src=\"https:\/\/nfu.ca\/wp-content\/uploads\/2018\/04\/beautiful-sunset-under-blue-skies-on-the-farm-frank-kohntopp-banner-nfu-default.jpg\" data-object-fit=\"cover\" srcset=\"https:\/\/www.nfu.ca\/wp-content\/uploads\/2018\/04\/beautiful-sunset-under-blue-skies-on-the-farm-frank-kohntopp-banner-nfu-default.jpg 1800w, https:\/\/www.nfu.ca\/wp-content\/uploads\/2018\/04\/beautiful-sunset-under-blue-skies-on-the-farm-frank-kohntopp-banner-nfu-default-300x100.jpg 300w, https:\/\/www.nfu.ca\/wp-content\/uploads\/2018\/04\/beautiful-sunset-under-blue-skies-on-the-farm-frank-kohntopp-banner-nfu-default-768x256.jpg 768w, https:\/\/www.nfu.ca\/wp-content\/uploads\/2018\/04\/beautiful-sunset-under-blue-skies-on-the-farm-frank-kohntopp-banner-nfu-default-1024x341.jpg 1024w, https:\/\/www.nfu.ca\/wp-content\/uploads\/2018\/04\/beautiful-sunset-under-blue-skies-on-the-farm-frank-kohntopp-banner-nfu-default-1600x533.jpg 1600w\" sizes=\"auto, (max-width: 1800px) 100vw, 1800px\" \/><div class=\"wp-block-cover__inner-container is-layout-flow wp-block-cover-is-layout-flow\">\n<p class=\"has-text-align-center has-large-font-size\"><\/p>\n<\/div><\/header>\n\n<div class=\"wp-block-stackable-hero alignfull stk-block-hero stk-block stk-08fda9e is-style-default\" data-v=\"2\" id=\"content-first\" data-block-id=\"08fda9e\"><style>.stk-08fda9e .stk-block-hero__content{min-height:500px !important;align-items:center !important;display:flex !important;}<\/style><div class=\"stk-block-hero__content stk-content-align stk-08fda9e-column alignwide stk-container stk-08fda9e-container stk--no-background stk--no-padding\"><div class=\"stk-block-content stk-inner-blocks has-text-align-left stk-08fda9e-inner-blocks\"><ol class=\"breadcrumb\"><li><a href=\"https:\/\/www.nfu.ca\/fr\/\">National Farmers Union<\/a><\/li><\/ol>\n\n\n\n<div class=\"wp-block-stackable-heading stk-block-heading stk-block-heading--v2 stk-block stk-6c2c9d1 page-title\" id=\"policy-working-groups\" data-block-id=\"6c2c9d1\"><h1 class=\"stk-block-heading__text\">Groupes de travail politiques<\/h1><\/div>\n\n\n\n<div class=\"wp-block-stackable-columns stk-block-columns stk-block stk-1786798\" data-block-id=\"1786798\"><div class=\"stk-row stk-inner-blocks stk-block-content stk-content-align stk-1786798-column\">\n<div class=\"wp-block-stackable-column stk-block-column stk-column stk-block stk-cdf62d9\" data-v=\"4\" data-block-id=\"cdf62d9\"><style>@media screen and (min-width: 768px){.stk-cdf62d9 {flex:var(--stk-flex-grow, 1) 1 calc(66.666% - var(--stk-column-gap, 0px) * 1 \/ 2 ) !important;}}<\/style><div class=\"stk-column-wrapper stk-block-column__content stk-container stk-cdf62d9-container stk--no-background stk--no-padding\"><div class=\"has-text-align-left stk-block-content stk-inner-blocks stk-cdf62d9-inner-blocks\">\n<div class=\"wp-block-group is-layout-constrained wp-block-group-is-layout-constrained\">\n<h4 class=\"wp-block-heading\">Connectez-vous !<\/h4>\n\n\n\n<p>L&rsquo;UNF dispose de comit\u00e9s politiques et de groupes de travail au sein desquels les membres int\u00e9ress\u00e9s travaillent sur des questions qui leur tiennent \u00e0 c\u0153ur. Ce sont des espaces o\u00f9 nous pouvons discuter, analyser et proposer des actions pour d\u00e9velopper et faire avancer des questions de politique publique, pour promouvoir nos positions aupr\u00e8s d&rsquo;autres organisations et gouvernements ; et pour \u00e9duquer, organiser et mobiliser d&rsquo;autres fermi\u00e8res sur le domaine de chaque comit\u00e9.<\/p>\n\n\n\n<p>Les comit\u00e9s sont \u00e9galement le lieu o\u00f9 les membres peuvent fournir des informations et des recommandations au conseil d&rsquo;administration et au personnel en ce qui concerne les positions politiques de l&rsquo;UNF en rapport avec leur sujet. Ils \u00e9laborent souvent des r\u00e9solutions sur le th\u00e8me de leur comit\u00e9 qui peuvent \u00eatre d\u00e9battues lors des conventions de l&rsquo;UNF et qui, si elles sont adopt\u00e9es, deviennent la position officielle de l&rsquo;UNF.<\/p>\n\n\n\n<p>Les comit\u00e9s politiques comprennent des membres de diff\u00e9rentes r\u00e9gions et caucus de l&rsquo;UNF, ce qui permet \u00e0 des membres ayant des perspectives diff\u00e9rentes d&rsquo;apporter leur exp\u00e9rience et leurs connaissances aux discussions. La plupart des comit\u00e9s se r\u00e9unissent r\u00e9guli\u00e8rement en ligne et \u00e9changent des informations et des id\u00e9es par courrier \u00e9lectronique entre les r\u00e9unions. Tous les comit\u00e9s politiques travaillent avec des professionnels de la politique et de la recherche qui fournissent des d\u00e9cennies de recherches approfondies sur toutes les questions de politique agricole.<\/p>\n\n\n\n<p>Si vous souhaitez en savoir plus ou vous impliquer dans un comit\u00e9 politique de l&rsquo;UNF, vous pouvez contacter le bureau national de l&rsquo;UNF et nous vous mettrons en contact avec le pr\u00e9sident du comit\u00e9 qui vous int\u00e9resse.<\/p>\n\n\n\n<p>Vous souhaitez vous impliquer ? Appelez, envoyez un courriel ou \u00e9crivez au bureau de l&rsquo;UNF et nous vous mettrons en contact. Contact :<\/p>\n\n\n\n<p><strong>Union Nationale des Fermiers &#8211; <\/strong><strong><em>Union Nationale des Fermiers<\/em><\/strong><br\/>2717 Wentz Ave<br\/>Saskatoon, SK<br\/>S7K 4B6<br\/> <a href=\"tel :(306)%20652-9465\">(306) 652-9465<\/a> (t\u00e9l\u00e9phone)<br\/> nfu@nfu.ca<\/p>\n\n\n\n<h2 class=\"wp-block-heading\">Groupe de travail sur les travailleurs agricoles<\/h2>\n\n\n\n<p>Le groupe de travail des travailleurs agricoles (Farmer Worker Working Group &#8211; FWWG) associe le soutien des pairs \u00e0 une vision politique afin de cr\u00e9er une communaut\u00e9 durable, d&rsquo;aborder avec compassion les probl\u00e8mes li\u00e9s au lieu de travail et d&rsquo;am\u00e9liorer les normes de travail agricole dans l&rsquo;ensemble du secteur. Les travailleurs agricoles actuels et futurs* sont invit\u00e9s \u00e0 se connecter \u00e0 un r\u00e9seau national de leurs pairs pour faire preuve de solidarit\u00e9 autour d&rsquo;un large \u00e9ventail de questions, notamment la sant\u00e9 mentale, les n\u00e9gociations contractuelles, la recherche d&#8217;emploi, les accidents du travail et la demande d&rsquo;assurance-emploi. Le FWWG \u00e9labore des contenus \u00e9ducatifs pour les fermi\u00e8res, les consommateurs et les programmes de formation des nouveaux agriculteurs afin de les sensibiliser aux questions de travail dans le secteur ; de fournir aux travailleurs agricoles des informations sur leurs droits et responsabilit\u00e9s juridiques au travail et sur la mani\u00e8re de demander r\u00e9paration en cas de violation des contrats, de la sant\u00e9 et de la s\u00e9curit\u00e9 ou des droits de l&rsquo;homme ; et de donner aux travailleurs les moyens de remettre en question les normes de travail. Venez au FWWG pour l&rsquo;amiti\u00e9, le soutien, les ateliers et la d\u00e9fense des int\u00e9r\u00eats politiques. Le FWWG collabore avec les organisations syndicales et les organisations de d\u00e9fense des droits des migrants.  <em>Le FWWG n&rsquo;est pas une aide juridique. Nous ne connaissons pas toujours les r\u00e9ponses, mais nous pouvons vous orienter vers quelqu&rsquo;un qui les conna\u00eetra. Contactez l&rsquo;UNF \u00e0 l&rsquo;adresse suivante : thompson@nfu.ca<\/em><em>  si vous avez besoin d&rsquo;aide.<\/em><\/p>\n\n\n\n<p><a rel=\"noopener\" target=\"_blank\" href=\"https:\/\/us02web.zoom.us\/j\/81913838872\"><strong>CLIQUEZ ICI POUR PARTICIPER \u00c0 UNE R\u00c9UNION LE DEUXI\u00c8ME MERCREDI DE CHAQUE MOIS, \u00c0 16H PST \/ 17H MST \/ 18H CST \/ 19H EST \/ 20H AST  <\/strong><\/a><\/p>\n\n\n\n<p>*<strong>Nous<\/strong>d\u00e9finissons un \u00ab\u00a0travailleur agricole\u00a0\u00bb comme toute personne employ\u00e9e dans l&rsquo;agriculture, travaillant pour une entreprise ou sur une propri\u00e9t\u00e9 dont elle n&rsquo;est pas propri\u00e9taire. Les chefs d&rsquo;exploitation, les travailleurs saisonniers, les travailleurs \u00e0 temps plein, les travailleurs \u00e0 temps partiel, les r\u00e9coltants, les travailleurs de l&rsquo;\u00e9levage ou des abattoirs, les cueilleurs, les transformateurs et les distributeurs sont tous les bienvenus. D&rsquo;autres personnes sont les bienvenues sur invitation ou avec l&rsquo;accord du quorum du groupe. <\/p>\n\n\n\n<h2 class=\"wp-block-heading\">Commission Climat<\/h2>\n\n\n\n<p>La commission Climat d\u00e9veloppe une analyse des questions de politique publique relatives \u00e0 la crise climatique. Le Comit\u00e9 Climat plaide pour de v\u00e9ritables solutions climatiques dans l&rsquo;agriculture aupr\u00e8s des gouvernements f\u00e9d\u00e9ral et provinciaux, du secteur agricole et du grand public. Le Comit\u00e9 Climat est \u00e9galement charg\u00e9 d&rsquo;examiner les rapports de recherche sur le climat de l&rsquo;UNF, qui sont \u00e0 la pointe du secteur.<\/p>\n\n\n\n<p>Les membres du comit\u00e9 sur le climat et d&rsquo;autres membres de l&rsquo;UNF sont des leaders actifs au sein de la coalition Farmers for Climate Solutions, dont l&rsquo;UNF est l&rsquo;un des membres fondateurs.<\/p>\n\n\n\n<p>Pr\u00e9sidence : James Hannay (hannay@nfu.ca), Sarah Marquis (marquis@nfu.ca)<\/p>\n\n\n\n<h2 class=\"wp-block-heading\">Comit\u00e9 d&rsquo;acc\u00e8s et d&rsquo;action pour les terres agricoles<\/h2>\n\n\n\n<p>Le comit\u00e9 d&rsquo;action et d&rsquo;acc\u00e8s \u00e0 la terre de l&rsquo;UNF (comit\u00e9 sur les terres agricoles) a pour mission d&rsquo;\u00e9tendre et d&rsquo;approfondir la compr\u00e9hension qu&rsquo;a l&rsquo;UNF des mod\u00e8les alternatifs de propri\u00e9t\u00e9 fonci\u00e8re en vue d&rsquo;\u00e9tendre la souverainet\u00e9 alimentaire, de fournir un acc\u00e8s \u00e0 la terre aux producteurs de denr\u00e9es alimentaires en devenir et de donner la priorit\u00e9 \u00e0 l&rsquo;\u00e9quit\u00e9 en mati\u00e8re d&rsquo;acc\u00e8s \u00e0 la terre.<\/p>\n\n\n\n<p>Le comit\u00e9 des terres agricoles \u00e9met des recommandations concernant les positions politiques, la strat\u00e9gie et les actions de l&rsquo;UNF relatives \u00e0 l&rsquo;acc\u00e8s et au contr\u00f4le des terres agricoles. Le comit\u00e9 joue un r\u00f4le de chef de file aux niveaux local, r\u00e9gional et national dans le cadre d&rsquo;une action politique de base visant \u00e0 promouvoir une action collective en faveur de solutions et d&rsquo;alternatives en mati\u00e8re d&rsquo;acc\u00e8s et de contr\u00f4le des terres agricoles. Il favorise \u00e9galement le dialogue afin d&rsquo;am\u00e9liorer la compr\u00e9hension entre les membres de l&rsquo;UNF, entre les membres de l&rsquo;UNF et d&rsquo;autres fermiers et avec le grand public sur les questions d&rsquo;acc\u00e8s et de contr\u00f4le des terres agricoles.<\/p>\n\n\n\n<p>Pr\u00e9sident : James Hannay (UNF) (hannay@nfu.ca)<\/p>\n\n\n\n<h2 class=\"wp-block-heading\">Groupe de travail sur la solidarit\u00e9 autochtone (IPC)<\/h2>\n\n\n\n<p>Le groupe de travail sur la solidarit\u00e9 autochtone (ISWG) a pour mission d&rsquo;\u00e9largir et d&rsquo;approfondir la compr\u00e9hension qu&rsquo;a l&rsquo;UNF de la souverainet\u00e9 alimentaire autochtone et du colonialisme de peuplement au Canada, afin de mieux agir en solidarit\u00e9 avec les luttes pour les terres et les trait\u00e9s autochtones. L&rsquo;ISWG est organis\u00e9 sous l&rsquo;\u00e9gide du Comit\u00e9 des Programmes Internationaux (IPC). Pour en <a href=\"https:\/\/www.nfu.ca\/fr\/a-propos\/comite-des-programmes-internationaux\/groupe-de-travail-sur-la-solidarite-autochtone\/\">savoir plus, cliquez ici<\/a>.<\/p>\n\n\n\n<p>Copr\u00e9sidentes : Maddie Marmor, Ayla Fenton, Jessie MacInnis et Celeste Smith<\/p>\n\n\n\n<h2 class=\"wp-block-heading\">Comit\u00e9 d&rsquo;action pour le b\u00e9tail<\/h2>\n\n\n\n<p>Le comit\u00e9 d&rsquo;action pour l&rsquo;\u00e9levage s&rsquo;attaque aux questions qui pr\u00e9occupent les \u00e9leveurs de b\u00e9tail dans tout le pays. Elle travaille sur la politique, les actions et les campagnes pour \u00e9duquer, organiser et mobiliser d&rsquo;autres fermiers et le grand public sur les questions li\u00e9es \u00e0 l&rsquo;\u00e9levage. Elle plaide en faveur de politiques favorables aux \u00e9leveurs, \u00e0 leur b\u00e9tail et aux cha\u00eenes d&rsquo;approvisionnement plus courtes, du producteur au consommateur.<\/p>\n\n\n\n<p>Pr\u00e9sident : OUVERT<\/p>\n\n\n\n<h2 class=\"wp-block-heading\">Sous-groupe de travail sur les travailleurs migrants (IPC)<\/h2>\n\n\n\n<p>Le sous-groupe de travail sur les travailleurs migrants (MWSWG) \u00e9duque et d\u00e9fend les travailleurs agricoles migrants. Le MWSWG expose les d\u00e9fis actuels li\u00e9s aux travailleurs agricoles et mobilise des actions dans la mesure de ses possibilit\u00e9s. Le MWSWG informe ses membres, l&rsquo;UNF et le grand public sur les questions \u00e9mergentes concernant les travailleurs agricoles migrants et plaide pour que le statut d&rsquo;immigrant des travailleurs agricoles migrants devienne permanent et ne soit pas li\u00e9 \u00e0 un seul employeur. Le groupe de travail collabore avec d&rsquo;autres organisations travaillant sur les questions relatives aux travailleurs migrants. Le MWSWG est organis\u00e9 sous le Comit\u00e9 des Programmes Internationaux (IPC). Pour en <a href=\"https:\/\/www.nfu.ca\/fr\/a-propos\/comite-des-programmes-internationaux\/\">savoir plus, cliquez ici<\/a>.<\/p>\n\n\n\n<p>Pr\u00e9sident : Jenn Pfenning<\/p>\n\n\n\n<h2 class=\"wp-block-heading\">Groupe de travail sur la sant\u00e9 mentale des fermiers<\/h2>\n\n\n\n<p>Le groupe de travail sur la sant\u00e9 mentale de l&rsquo;UNF a \u00e9t\u00e9 form\u00e9 en r\u00e9ponse \u00e0 une r\u00e9solution de 2021 demandant \u00e0 l&rsquo;UNF de d\u00e9velopper des moyens de soutenir la sant\u00e9 mentale et le lien social des fermi\u00e8res. Les membres de l&rsquo;UNF et d&rsquo;autres ont cr\u00e9\u00e9 le groupe de travail afin d&rsquo;\u00e9tudier les services de sant\u00e9 mentale existants pour les fermiers et d&rsquo;explorer la mani\u00e8re dont ils pourraient \u00eatre am\u00e9lior\u00e9s, en allant au-del\u00e0 des lignes d&rsquo;\u00e9coute t\u00e9l\u00e9phonique vers des soutiens et des interventions plus individualis\u00e9s et sp\u00e9cifiques aux fermiers, tout en se concentrant sur les valeurs de l&rsquo;UNF et sur son approche syst\u00e9mique.<\/p>\n\n\n\n<p>La mission du groupe de travail est de promouvoir la cr\u00e9ation d&rsquo;un syst\u00e8me alimentaire \u00e9quitable dans lequel la sant\u00e9 mentale des fermi\u00e8res est une priorit\u00e9 et o\u00f9 les fermi\u00e8res ont acc\u00e8s aux services de sant\u00e9 mentale dont elles ont besoin.<\/p>\n\n\n\n<p>Pr\u00e9sident : OUVERT<\/p>\n\n\n\n<h2 class=\"wp-block-heading\">Comit\u00e9 de souverainet\u00e9 des semences<\/h2>\n\n\n\n<p>Le comit\u00e9 sur la souverainet\u00e9 des semences se concentre sur le fonctionnement du syst\u00e8me semencier canadien dans l&rsquo;int\u00e9r\u00eat du public et sur la d\u00e9fense du droit des fermi\u00e8res \u00e0 conserver leurs semences. Les membres organisent des campagnes de sensibilisation et influencent les d\u00e9cisions gouvernementales concernant les semences. C&rsquo;est \u00e9galement au sein de ce comit\u00e9 que l&rsquo;UNF aborde les questions relatives aux semences g\u00e9n\u00e9tiquement modifi\u00e9es, y compris l&rsquo;\u00e9dition de g\u00e8nes. Il encourage \u00e9galement la s\u00e9lection v\u00e9g\u00e9tale \u00e0 la ferme et l&rsquo;utilisation continue des semences patrimoniales.<\/p>\n\n\n\n<p>Pr\u00e9sident : Cathy Holtslander<\/p>\n\n\n\n<h2 class=\"wp-block-heading\">Comit\u00e9 du commerce<\/h2>\n\n\n\n<p>La commission du commerce analyse l&rsquo;impact des accords commerciaux sur les fermi\u00e8res et collabore avec des alli\u00e9s au Canada et \u00e0 l&rsquo;\u00e9tranger pour faire entendre la voix des fermi\u00e8res lors de la n\u00e9gociation de nouveaux accords et en cas de litiges ou d&rsquo;impacts.<\/p>\n\n\n\n<p>Pr\u00e9sident : OUVERT<\/p>\n\n\n\n<h2 class=\"wp-block-heading\">Comit\u00e9 des trains et des c\u00e9r\u00e9ales<\/h2>\n\n\n\n<p>Le comit\u00e9 \u00ab\u00a0Trains et c\u00e9r\u00e9ales\u00a0\u00bb fournit une expertise sur les questions relatives au transport des c\u00e9r\u00e9ales de l&rsquo;Ouest et sur les r\u00e9percussions que les d\u00e9cisions en mati\u00e8re de manutention et de transport des c\u00e9r\u00e9ales ont sur les fermi\u00e8res. Les membres du comit\u00e9 r\u00e9digent et examinent des articles d&rsquo;opinion et des prises de position politiques sur ces sujets et fournissent des porte-parole pour les relations avec les m\u00e9dias et le gouvernement.<\/p>\n\n\n\n<p>Pr\u00e9sident : OUVERT<\/p>\n<\/div>\n<\/div><\/div><\/div>\n\n\n\n<div class=\"wp-block-stackable-column stk-block-column stk-column stk-block stk-8206824\" data-v=\"4\" data-block-id=\"8206824\"><style>@media screen and (min-width: 768px){.stk-8206824 {flex:var(--stk-flex-grow, 1) 1 calc(33.334% - var(--stk-column-gap, 0px) * 1 \/ 2 ) !important;}}<\/style><div class=\"stk-column-wrapper stk-block-column__content stk-container stk-8206824-container stk--no-background stk--no-padding\"><div class=\"stk-block-content stk-inner-blocks stk-8206824-inner-blocks\"><nav class=\"is-vertical no-wrap wp-block-navigation is-nowrap is-layout-flex wp-container-core-navigation-is-layout-947ac36b wp-block-navigation-is-layout-flex\" aria-label=\"About Sidebar Menu\"><ul class=\"wp-block-navigation__container  is-vertical no-wrap wp-block-navigation\"><li class=\" wp-block-navigation-item wp-block-navigation-link\"><a class=\"wp-block-navigation-item__content\"  href=\"https:\/\/www.nfu.ca\/about\/\"><span class=\"wp-block-navigation-item__label\">About the NFU<\/span><\/a><\/li><li class=\" wp-block-navigation-item wp-block-navigation-link\"><a class=\"wp-block-navigation-item__content\"  href=\"https:\/\/www.nfu.ca\/about\/board-of-directors\/\"><span class=\"wp-block-navigation-item__label\">Board of Directors<\/span><\/a><\/li><li class=\" wp-block-navigation-item wp-block-navigation-link\"><a class=\"wp-block-navigation-item__content\"  href=\"https:\/\/www.nfu.ca\/about\/nfu-staff\/\"><span class=\"wp-block-navigation-item__label\">NFU Staff<\/span><\/a><\/li><li class=\" wp-block-navigation-item wp-block-navigation-link\"><a class=\"wp-block-navigation-item__content\"  href=\"https:\/\/www.nfu.ca\/job-opportunities\/\"><span class=\"wp-block-navigation-item__label\">Join our Staff Team<\/span><\/a><\/li><li class=\" wp-block-navigation-item wp-block-navigation-link\"><a class=\"wp-block-navigation-item__content\"  href=\"https:\/\/www.nfu.ca\/about\/nfu-women\/\"><span class=\"wp-block-navigation-item__label\">Women\u2019s Caucus<\/span><\/a><\/li><li class=\" wp-block-navigation-item wp-block-navigation-link\"><a class=\"wp-block-navigation-item__content\"  href=\"https:\/\/www.nfu.ca\/about\/nfu-youth\/\"><span class=\"wp-block-navigation-item__label\">Youth Caucus<\/span><\/a><\/li><li class=\" wp-block-navigation-item wp-block-navigation-link\"><a class=\"wp-block-navigation-item__content\"  href=\"https:\/\/www.nfu.ca\/about\/bipoc-caucus\/\"><span class=\"wp-block-navigation-item__label\">BIPOC Caucus<\/span><\/a><\/li><li class=\" wp-block-navigation-item wp-block-navigation-link\"><a class=\"wp-block-navigation-item__content\"  href=\"https:\/\/www.nfu.ca\/about\/international\/\"><span class=\"wp-block-navigation-item__label\">International Program Committee<\/span><\/a><\/li><li class=\" wp-block-navigation-item wp-block-navigation-link\"><a class=\"wp-block-navigation-item__content\"  href=\"https:\/\/www.nfu.ca\/about\/policy-working-groups\/\"><span class=\"wp-block-navigation-item__label\">Policy Working Groups<\/span><\/a><\/li><li class=\" wp-block-navigation-item wp-block-navigation-link\"><a class=\"wp-block-navigation-item__content\"  href=\"https:\/\/www.nfu.ca\/about\/national-farmers-foundation\/\"><span class=\"wp-block-navigation-item__label\">National Farmers Foundation<\/span><\/a><\/li><li class=\" wp-block-navigation-item wp-block-navigation-link\"><a class=\"wp-block-navigation-item__content\"  href=\"https:\/\/www.nfu.ca\/about\/nfu-constitution-and-bylaws\/\"><span class=\"wp-block-navigation-item__label\">Constitution and Bylaws<\/span><\/a><\/li><li class=\" wp-block-navigation-item wp-block-navigation-link\"><a class=\"wp-block-navigation-item__content\"  href=\"https:\/\/www.nfu.ca\/about\/contact\/\"><span class=\"wp-block-navigation-item__label\">Contact NFU<\/span><\/a><\/li><\/ul><\/nav><\/div><\/div><\/div>\n<\/div><\/div>\n<\/div><\/div><\/div>\n","protected":false},"excerpt":{"rendered":"<p>Groupes de travail politiques Connectez-vous ! L&rsquo;UNF dispose de comit\u00e9s politiques et de groupes de travail au sein desquels les membres int\u00e9ress\u00e9s travaillent sur des questions qui leur tiennent \u00e0<\/p>\n","protected":false},"author":3,"featured_media":0,"parent":26418,"menu_order":0,"comment_status":"closed","ping_status":"closed","template":"tmpl-blocks-contained.php","meta":{"_acf_changed":false,"_tec_requires_first_save":true,"_EventAllDay":false,"_EventTimezone":"","_EventStartDate":"","_EventEndDate":"","_EventStartDateUTC":"","_EventEndDateUTC":"","_EventShowMap":false,"_EventShowMapLink":false,"_EventURL":"","_EventCost":"","_EventCostDescription":"","_EventCurrencySymbol":"","_EventCurrencyCode":"","_EventCurrencyPosition":"","_EventDateTimeSeparator":"","_EventTimeRangeSeparator":"","_EventOrganizerID":[],"_EventVenueID":[],"_OrganizerEmail":"","_OrganizerPhone":"","_OrganizerWebsite":"","_VenueAddress":"","_VenueCity":"","_VenueCountry":"","_VenueProvince":"","_VenueState":"","_VenueZip":"","_VenuePhone":"","_VenueURL":"","_VenueStateProvince":"","_VenueLat":"","_VenueLng":"","_VenueShowMap":false,"_VenueShowMapLink":false,"_tribe_blocks_recurrence_rules":"","_tribe_blocks_recurrence_description":"","_tribe_blocks_recurrence_exclusions":"","_ecp_custom_4":"","_ecp_custom_7":"","_ecp_custom_9":"","_ecp_custom_10":"","_ecp_custom_12":"","_ecp_custom_13":"","footnotes":""},"post_region":[],"post_campaign":[],"class_list":["post-26270","page","type-page","status-publish","hentry"],"acf":[],"_links":{"self":[{"href":"https:\/\/www.nfu.ca\/fr\/wp-json\/wp\/v2\/pages\/26270","targetHints":{"allow":["GET"]}}],"collection":[{"href":"https:\/\/www.nfu.ca\/fr\/wp-json\/wp\/v2\/pages"}],"about":[{"href":"https:\/\/www.nfu.ca\/fr\/wp-json\/wp\/v2\/types\/page"}],"author":[{"embeddable":true,"href":"https:\/\/www.nfu.ca\/fr\/wp-json\/wp\/v2\/users\/3"}],"replies":[{"embeddable":true,"href":"https:\/\/www.nfu.ca\/fr\/wp-json\/wp\/v2\/comments?post=26270"}],"version-history":[{"count":4,"href":"https:\/\/www.nfu.ca\/fr\/wp-json\/wp\/v2\/pages\/26270\/revisions"}],"predecessor-version":[{"id":49272,"href":"https:\/\/www.nfu.ca\/fr\/wp-json\/wp\/v2\/pages\/26270\/revisions\/49272"}],"up":[{"embeddable":true,"href":"https:\/\/www.nfu.ca\/fr\/wp-json\/wp\/v2\/pages\/26418"}],"wp:attachment":[{"href":"https:\/\/www.nfu.ca\/fr\/wp-json\/wp\/v2\/media?parent=26270"}],"wp:term":[{"taxonomy":"post_region","embeddable":true,"href":"https:\/\/www.nfu.ca\/fr\/wp-json\/wp\/v2\/post_region?post=26270"},{"taxonomy":"post_campaign","embeddable":true,"href":"https:\/\/www.nfu.ca\/fr\/wp-json\/wp\/v2\/post_campaign?post=26270"}],"curies":[{"name":"wp","href":"https:\/\/api.w.org\/{rel}","templated":true}]}}