
{"id":26264,"date":"2022-10-13T07:03:28","date_gmt":"2022-10-13T13:03:28","guid":{"rendered":"https:\/\/www.nfu.ca\/prix-commemoratif-stuart-thiesson-champion-de-lequite-entre-les-sexes\/"},"modified":"2024-07-11T14:05:22","modified_gmt":"2024-07-11T20:05:22","slug":"prix-commemoratif-stuart-thiesson-champion-de-lequite-entre-les-sexes","status":"publish","type":"page","link":"https:\/\/www.nfu.ca\/fr\/a-propos\/unf-femmes\/prix-commemoratif-stuart-thiesson-champion-de-lequite-entre-les-sexes\/","title":{"rendered":"Prix comm\u00e9moratif Stuart Thiesson : Champion de l&rsquo;\u00e9quit\u00e9 entre les sexes"},"content":{"rendered":"\n<header class=\"wp-block-cover alignfull has-custom-content-position is-position-bottom-center is-layout-flow wp-block-cover-is-layout-flow\" id=\"banner-upper\"><span aria-hidden=\"true\" class=\"wp-block-cover__background has-background-dim has-background-gradient\" style=\"background:linear-gradient(180deg,rgb(192,106,30) 0%,rgba(0,0,0,0.07) 73%)\"><\/span><img loading=\"lazy\" decoding=\"async\" width=\"1800\" height=\"2208\" src=\"https:\/\/www.nfu.ca\/wp-content\/uploads\/2022\/03\/Scan10048-scaled.jpg\" class=\"wp-block-cover__image-background wp-post-image\" alt=\"Comit\u00e9 consultatif des femmes de l&#039;UNF\" data-object-fit=\"cover\" srcset=\"https:\/\/www.nfu.ca\/wp-content\/uploads\/2022\/03\/Scan10048-scaled.jpg 1800w, https:\/\/www.nfu.ca\/wp-content\/uploads\/2022\/03\/Scan10048-245x300.jpg 245w, https:\/\/www.nfu.ca\/wp-content\/uploads\/2022\/03\/Scan10048-835x1024.jpg 835w, https:\/\/www.nfu.ca\/wp-content\/uploads\/2022\/03\/Scan10048-768x942.jpg 768w, https:\/\/www.nfu.ca\/wp-content\/uploads\/2022\/03\/Scan10048-1252x1536.jpg 1252w, https:\/\/www.nfu.ca\/wp-content\/uploads\/2022\/03\/Scan10048-1670x2048.jpg 1670w, https:\/\/www.nfu.ca\/wp-content\/uploads\/2022\/03\/Scan10048-1600x1962.jpg 1600w\" sizes=\"auto, (max-width: 1800px) 100vw, 1800px\" \/><div class=\"wp-block-cover__inner-container\"><\/div><\/header>\n<ol class=\"breadcrumb\"><li><a href=\"https:\/\/www.nfu.ca\/fr\/\">National Farmers Union<\/a><\/li><\/ol>\n\n<h2 class=\"wp-block-heading\">Prix comm\u00e9moratif Stuart Thiesson : Champion de l&rsquo;\u00e9quit\u00e9 entre les sexes<\/h2>\n\n<div class=\"wp-block-stackable-columns stk-block-columns stk-block stk-54b76e7 content-upper\" id=\"content-upper\" data-block-id=\"54b76e7\"><div class=\"stk-row stk-inner-blocks has-text-align-left stk-block-content stk-content-align stk-54b76e7-column\">\n<div class=\"wp-block-stackable-column stk-block-column stk-column stk-block stk-ef63229\" data-v=\"4\" data-block-id=\"ef63229\"><style>@media screen and (min-width:768px){.stk-ef63229{flex:var(--stk-flex-grow,1) 1 calc(66.666% - var(--stk-column-gap,0px) * 1 \/ 2 ) !important}}<\/style><div class=\"stk-column-wrapper stk-block-column__content stk-container stk-ef63229-container stk--no-background stk--no-padding\"><div class=\"has-text-align-left stk-block-content stk-inner-blocks stk-ef63229-inner-blocks\">\n<p>Ce prix comm\u00e9moratif vise \u00e0 c\u00e9l\u00e9brer la vie de Stuart Thiesson, membre de longue date de la Nationale des Fermiers et ardent d\u00e9fenseur des droits des agriculteurs. Son h\u00e9ritage se perp\u00e9tuera au sein de l&rsquo;UNF au nom de ceux qui continuent \u00e0 faire des progr\u00e8s pour rendre les syst\u00e8mes agricoles plus \u00e9quitables.<\/p>\n\n\n\n<p>Stuart a grandi dans la communaut\u00e9 de McMahon, Sk. avant de se rendre \u00e0 Moose Jaw pour suivre une formation d&rsquo;enseignant. Apr\u00e8s une ann\u00e9e d&rsquo;enseignement, il se rend \u00e0 Saskatoon en 1951. Pendant les 41 ann\u00e9es suivantes, il a travaill\u00e9 pour l&rsquo;Union Fermi\u00e8re de la Saskatchewan, puis pour la Nationale des Fermiers. Stuart \u00e9tait un fervent d\u00e9fenseur des fermi\u00e8res et des communaut\u00e9s rurales. Stuart a \u00e9galement si\u00e9g\u00e9 au Saskatchewan Labour Relations Board de 1961 \u00e0 1964, au comit\u00e9 consultatif sur l&rsquo;agriculture de Statistique Canada de 1985 \u00e0 1998, et il a \u00e9t\u00e9 membre fondateur du Saskatchewan Agricultural Hall of Fame en 1971 et y a si\u00e9g\u00e9 jusqu&rsquo;en 1981.<\/p>\n\n\n\n<p>Stuart a \u00e9galement \u00e9t\u00e9 secr\u00e9taire-tr\u00e9sorier de la National Farmers Foundation pendant de nombreuses ann\u00e9es. Outre son travail dans le domaine de l&rsquo;agriculture, Stuart \u00e9tait \u00e9galement un fervent partisan de soins de sant\u00e9 abordables et accessibles \u00e0 tous et a \u00e9t\u00e9 l&rsquo;un des directeurs fondateurs de la Saskatoon Community Clinic (clinique communautaire de Saskatoon) de 1962 \u00e0 1968. En 2000, Stuart a re\u00e7u un doctorat honorifique en droit de l&rsquo;universit\u00e9 de la Saskatchewan et, en 2007, il a \u00e9t\u00e9 intronis\u00e9 au Saskatchewan Agricultural Hall of Fame.<\/p>\n\n\n\n<p>Ce prix annuel est d\u00e9cern\u00e9 au nom de Stuart Thiesson, d\u00e9c\u00e9d\u00e9 le 14 janvier 2021.<\/p>\n<\/div><\/div><\/div>\n\n\n\n<div class=\"wp-block-stackable-column stk-block-column stk-column stk-block stk-5eb44eb\" data-v=\"4\" data-block-id=\"5eb44eb\"><style>@media screen and (min-width:768px){.stk-5eb44eb{flex:var(--stk-flex-grow,1) 1 calc(33.333% - var(--stk-column-gap,0px) * 1 \/ 2 ) !important}}<\/style><div class=\"stk-column-wrapper stk-block-column__content stk-container stk-5eb44eb-container stk--no-background stk--no-padding\"><div class=\"stk-block-content stk-inner-blocks stk-5eb44eb-inner-blocks\"><nav class=\"is-vertical no-wrap wp-block-navigation is-nowrap is-layout-flex wp-container-core-navigation-is-layout-947ac36b wp-block-navigation-is-layout-flex\" aria-label=\"About Sidebar Menu\"><ul class=\"wp-block-navigation__container  is-vertical no-wrap wp-block-navigation\"><li class=\" wp-block-navigation-item wp-block-navigation-link\"><a class=\"wp-block-navigation-item__content\"  href=\"https:\/\/www.nfu.ca\/about\/\"><span class=\"wp-block-navigation-item__label\">About the NFU<\/span><\/a><\/li><li class=\" wp-block-navigation-item wp-block-navigation-link\"><a class=\"wp-block-navigation-item__content\"  href=\"https:\/\/www.nfu.ca\/about\/board-of-directors\/\"><span class=\"wp-block-navigation-item__label\">Board of Directors<\/span><\/a><\/li><li class=\" wp-block-navigation-item wp-block-navigation-link\"><a class=\"wp-block-navigation-item__content\"  href=\"https:\/\/www.nfu.ca\/about\/nfu-staff\/\"><span class=\"wp-block-navigation-item__label\">NFU Staff<\/span><\/a><\/li><li class=\" wp-block-navigation-item wp-block-navigation-link\"><a class=\"wp-block-navigation-item__content\"  href=\"https:\/\/www.nfu.ca\/job-opportunities\/\"><span class=\"wp-block-navigation-item__label\">Join our Staff Team<\/span><\/a><\/li><li class=\" wp-block-navigation-item wp-block-navigation-link\"><a class=\"wp-block-navigation-item__content\"  href=\"https:\/\/www.nfu.ca\/about\/nfu-women\/\"><span class=\"wp-block-navigation-item__label\">Women\u2019s Caucus<\/span><\/a><\/li><li class=\" wp-block-navigation-item wp-block-navigation-link\"><a class=\"wp-block-navigation-item__content\"  href=\"https:\/\/www.nfu.ca\/about\/nfu-youth\/\"><span class=\"wp-block-navigation-item__label\">Youth Caucus<\/span><\/a><\/li><li class=\" wp-block-navigation-item wp-block-navigation-link\"><a class=\"wp-block-navigation-item__content\"  href=\"https:\/\/www.nfu.ca\/about\/bipoc-caucus\/\"><span class=\"wp-block-navigation-item__label\">BIPOC Caucus<\/span><\/a><\/li><li class=\" wp-block-navigation-item wp-block-navigation-link\"><a class=\"wp-block-navigation-item__content\"  href=\"https:\/\/www.nfu.ca\/about\/international\/\"><span class=\"wp-block-navigation-item__label\">International Program Committee<\/span><\/a><\/li><li class=\" wp-block-navigation-item wp-block-navigation-link\"><a class=\"wp-block-navigation-item__content\"  href=\"https:\/\/www.nfu.ca\/about\/policy-working-groups\/\"><span class=\"wp-block-navigation-item__label\">Policy Working Groups<\/span><\/a><\/li><li class=\" wp-block-navigation-item wp-block-navigation-link\"><a class=\"wp-block-navigation-item__content\"  href=\"https:\/\/www.nfu.ca\/about\/national-farmers-foundation\/\"><span class=\"wp-block-navigation-item__label\">National Farmers Foundation<\/span><\/a><\/li><li class=\" wp-block-navigation-item wp-block-navigation-link\"><a class=\"wp-block-navigation-item__content\"  href=\"https:\/\/www.nfu.ca\/about\/nfu-constitution-and-bylaws\/\"><span class=\"wp-block-navigation-item__label\">Constitution and Bylaws<\/span><\/a><\/li><li class=\" wp-block-navigation-item wp-block-navigation-link\"><a class=\"wp-block-navigation-item__content\"  href=\"https:\/\/www.nfu.ca\/about\/contact\/\"><span class=\"wp-block-navigation-item__label\">Contact NFU<\/span><\/a><\/li><\/ul><\/nav><\/div><\/div><\/div>\n<\/div><\/div>\n\n<div class=\"wp-block-stackable-image stk-block-image stk-block stk-b117e17\" data-block-id=\"b117e17\"><figure><span class=\"stk-img-wrapper stk-image--shape-stretch\"><img loading=\"lazy\" decoding=\"async\" class=\"stk-img wp-image-16091\" src=\"https:\/\/www.nfu.ca\/wp-content\/uploads\/2022\/10\/Stuart-Thiesson-Award-Call-for-nominations-1-1.png\" width=\"2048\" height=\"1024\" alt=\"Prix Stuart Thiesson Appel &#xE0; candidatures\" srcset=\"https:\/\/www.nfu.ca\/wp-content\/uploads\/2022\/10\/Stuart-Thiesson-Award-Call-for-nominations-1-1.png 2048w, https:\/\/www.nfu.ca\/wp-content\/uploads\/2022\/10\/Stuart-Thiesson-Award-Call-for-nominations-1-1-300x150.png 300w, https:\/\/www.nfu.ca\/wp-content\/uploads\/2022\/10\/Stuart-Thiesson-Award-Call-for-nominations-1-1-1024x512.png 1024w, https:\/\/www.nfu.ca\/wp-content\/uploads\/2022\/10\/Stuart-Thiesson-Award-Call-for-nominations-1-1-768x384.png 768w, https:\/\/www.nfu.ca\/wp-content\/uploads\/2022\/10\/Stuart-Thiesson-Award-Call-for-nominations-1-1-1536x768.png 1536w, https:\/\/www.nfu.ca\/wp-content\/uploads\/2022\/10\/Stuart-Thiesson-Award-Call-for-nominations-1-1-1600x800.png 1600w\" sizes=\"auto, (max-width: 2048px) 100vw, 2048px\" \/><\/span><\/figure><\/div>\n\n<p><strong>Crit\u00e8res d&rsquo;attribution et d\u00e9tails<\/strong>:<br\/>Ce prix est ouvert \u00e0 tout membre de l&rsquo;UNF qui fait preuve d&rsquo;un travail et d&rsquo;un leadership exemplaires dans la promotion de l&rsquo;\u00e9galit\u00e9 des sexes dans l&rsquo;agriculture. Un prix sera d\u00e9cern\u00e9 chaque ann\u00e9e lors de la convention nationale pendant les dix prochaines ann\u00e9es. Les laur\u00e9ats du Stuart Thiesson Memorial Award verront leur nom grav\u00e9 sur le socle d&rsquo;une statue en bronze repr\u00e9sentant une femme forte et d\u00e9termin\u00e9e, qui sera fi\u00e8rement expos\u00e9e au bureau national de l&rsquo;UNF. Le gagnant recevra \u00e9galement 250 dollars.<\/p>\n\n<p>Les nominations pour ce prix seront accept\u00e9es chaque ann\u00e9e jusqu&rsquo;au 1er novembre. Le nom du laur\u00e9at sera annonc\u00e9 lors de la convention annuelle.<\/p>\n\n<p>Pour proposer une candidature, envoyez-la \u00e0 l&rsquo;Union Nationale des Fermiers par courriel \u00e0 : nfu@nfu.ca ou par la poste \u00e0 : Nationale des Fermiers, 2717 Wentz Ave, Saskatoon, SK, S7K4B6. Toutes les candidatures seront transmises \u00e0 la pr\u00e9sidente en exercice du caucus des femmes. Les candidatures seront examin\u00e9es par un comit\u00e9 de pilotage constitu\u00e9 au sein du caucus des femmes.<\/p>\n\n<p>Les nominations comprennent<\/p>\n\n<ul class=\"wp-block-list\">\n<li>Nom, pronoms et r\u00e9gion du candidat<\/li>\n\n\n\n<li>Une description en 250 mots de la contribution des candidats \u00e0 la promotion de l&rsquo;\u00e9galit\u00e9 des sexes dans l&rsquo;agriculture.<\/li>\n<\/ul>\n","protected":false},"excerpt":{"rendered":"<p>Prix comm\u00e9moratif Stuart Thiesson : Champion de l&rsquo;\u00e9quit\u00e9 entre les sexes Ce prix comm\u00e9moratif vise \u00e0 c\u00e9l\u00e9brer la vie de Stuart Thiesson, membre de longue date de la Nationale des<\/p>\n","protected":false},"author":239,"featured_media":25093,"parent":26376,"menu_order":0,"comment_status":"closed","ping_status":"closed","template":"tmpl-blocks-contained.php","meta":{"_acf_changed":false,"_tec_requires_first_save":true,"_EventAllDay":false,"_EventTimezone":"","_EventStartDate":"","_EventEndDate":"","_EventStartDateUTC":"","_EventEndDateUTC":"","_EventShowMap":false,"_EventShowMapLink":false,"_EventURL":"","_EventCost":"","_EventCostDescription":"","_EventCurrencySymbol":"","_EventCurrencyCode":"","_EventCurrencyPosition":"","_EventDateTimeSeparator":"","_EventTimeRangeSeparator":"","_EventOrganizerID":[],"_EventVenueID":[],"_OrganizerEmail":"","_OrganizerPhone":"","_OrganizerWebsite":"","_VenueAddress":"","_VenueCity":"","_VenueCountry":"","_VenueProvince":"","_VenueState":"","_VenueZip":"","_VenuePhone":"","_VenueURL":"","_VenueStateProvince":"","_VenueLat":"","_VenueLng":"","_VenueShowMap":false,"_VenueShowMapLink":false,"_tribe_blocks_recurrence_rules":"","_tribe_blocks_recurrence_description":"","_tribe_blocks_recurrence_exclusions":"","_ecp_custom_4":"","_ecp_custom_7":"","_ecp_custom_9":"","_ecp_custom_10":"","_ecp_custom_12":"","_ecp_custom_13":"","footnotes":""},"post_region":[],"post_campaign":[],"class_list":["post-26264","page","type-page","status-publish","has-post-thumbnail","hentry"],"acf":[],"_links":{"self":[{"href":"https:\/\/www.nfu.ca\/fr\/wp-json\/wp\/v2\/pages\/26264","targetHints":{"allow":["GET"]}}],"collection":[{"href":"https:\/\/www.nfu.ca\/fr\/wp-json\/wp\/v2\/pages"}],"about":[{"href":"https:\/\/www.nfu.ca\/fr\/wp-json\/wp\/v2\/types\/page"}],"author":[{"embeddable":true,"href":"https:\/\/www.nfu.ca\/fr\/wp-json\/wp\/v2\/users\/239"}],"replies":[{"embeddable":true,"href":"https:\/\/www.nfu.ca\/fr\/wp-json\/wp\/v2\/comments?post=26264"}],"version-history":[{"count":0,"href":"https:\/\/www.nfu.ca\/fr\/wp-json\/wp\/v2\/pages\/26264\/revisions"}],"up":[{"embeddable":true,"href":"https:\/\/www.nfu.ca\/fr\/wp-json\/wp\/v2\/pages\/26376"}],"wp:featuredmedia":[{"embeddable":true,"href":"https:\/\/www.nfu.ca\/fr\/wp-json\/wp\/v2\/media\/25093"}],"wp:attachment":[{"href":"https:\/\/www.nfu.ca\/fr\/wp-json\/wp\/v2\/media?parent=26264"}],"wp:term":[{"taxonomy":"post_region","embeddable":true,"href":"https:\/\/www.nfu.ca\/fr\/wp-json\/wp\/v2\/post_region?post=26264"},{"taxonomy":"post_campaign","embeddable":true,"href":"https:\/\/www.nfu.ca\/fr\/wp-json\/wp\/v2\/post_campaign?post=26264"}],"curies":[{"name":"wp","href":"https:\/\/api.w.org\/{rel}","templated":true}]}}