
{"id":26260,"date":"2022-09-08T08:15:46","date_gmt":"2022-09-08T14:15:46","guid":{"rendered":"https:\/\/www.nfu.ca\/offres-demploi\/"},"modified":"2025-01-28T15:04:36","modified_gmt":"2025-01-28T21:04:36","slug":"offres-demploi","status":"publish","type":"page","link":"https:\/\/www.nfu.ca\/fr\/a-propos\/offres-demploi\/","title":{"rendered":"Rejoignez notre \u00e9quipe"},"content":{"rendered":"\n<header class=\"wp-block-cover alignfull has-custom-content-position is-position-bottom-center banner-top\" id=\"banner-top\"><span aria-hidden=\"true\" class=\"wp-block-cover__background has-background-dim wp-block-cover__gradient-background has-background-gradient\" style=\"background:linear-gradient(180deg,rgba(0,0,0,0.97) 0%,rgba(0,0,0,0.05) 69%)\"><\/span><img loading=\"lazy\" decoding=\"async\" width=\"1015\" height=\"304\" class=\"wp-block-cover__image-background wp-image-19109\" alt=\"Career Opportunities\" src=\"https:\/\/www.nfu.ca\/wp-content\/uploads\/2023\/12\/Image-from-iOS-1024x576-1.jpg\" data-object-fit=\"cover\" srcset=\"https:\/\/www.nfu.ca\/wp-content\/uploads\/2023\/12\/Image-from-iOS-1024x576-1.jpg 1015w, https:\/\/www.nfu.ca\/wp-content\/uploads\/2023\/12\/Image-from-iOS-1024x576-1-300x90.jpg 300w, https:\/\/www.nfu.ca\/wp-content\/uploads\/2023\/12\/Image-from-iOS-1024x576-1-768x230.jpg 768w\" sizes=\"auto, (max-width: 1015px) 100vw, 1015px\" \/><div class=\"wp-block-cover__inner-container is-layout-flow wp-block-cover-is-layout-flow\">\n<p class=\"has-text-align-left has-large-font-size\"><\/p>\n<\/div><\/header>\n\n\n\n<div class=\"wp-block-stackable-hero alignfull stk-block-hero stk-block stk-42e006f is-style-default\" data-v=\"2\" id=\"content-first\" data-block-id=\"42e006f\"><style>.stk-42e006f .stk-block-hero__content{min-height:5px !important;align-items:center !important;display:flex !important;}<\/style><div class=\"stk-block-hero__content stk-content-align stk-42e006f-column alignwide stk-container stk-42e006f-container stk--no-background stk--no-padding\"><div class=\"stk-block-content stk-inner-blocks has-text-align-left stk-42e006f-inner-blocks\"><ol class=\"breadcrumb\"><li><a href=\"https:\/\/www.nfu.ca\/fr\/\">National Farmers Union<\/a><\/li><\/ol>\n\n\n\n<div class=\"wp-block-stackable-heading stk-block-heading stk-block-heading--v2 stk-block stk-6c2c9d1 page-title\" id=\"join-our-staff-team\" data-block-id=\"6c2c9d1\"><h1 class=\"stk-block-heading__text\">Rejoignez notre \u00e9quipe<\/h1><\/div>\n\n\n\n<div class=\"wp-block-stackable-columns stk-block-columns stk-block stk-513d168\" data-block-id=\"513d168\"><div class=\"stk-row stk-inner-blocks stk-block-content stk-content-align stk-513d168-column\">\n<div class=\"wp-block-stackable-column stk-block-column stk-column stk-block stk-0faa4c8\" data-v=\"4\" data-block-id=\"0faa4c8\"><style>@media screen and (min-width: 768px){.stk-0faa4c8 {flex:var(--stk-flex-grow, 1) 1 calc(66.666% - var(--stk-column-gap, 0px) * 1 \/ 2 ) !important;}}<\/style><div class=\"stk-column-wrapper stk-block-column__content stk-container stk-0faa4c8-container stk--no-background stk--no-padding\"><div class=\"has-text-align-left stk-block-content stk-inner-blocks stk-0faa4c8-inner-blocks\">\n<div class=\"wp-block-stackable-heading stk-block-heading stk-block-heading--v2 stk-block stk-4949d05 lead\" id=\"why-work-with-us\" data-block-id=\"4949d05\"><h3 class=\"stk-block-heading__text\">Pourquoi travailler avec nous ?<\/h3><\/div>\n\n\n\n<div class=\"wp-block-stackable-text stk-block-text stk-block stk-93586fa\" id=\"join-our-staff-team\" data-block-id=\"93586fa\"><p class=\"stk-block-text__text\">L&rsquo;UNF milite pour des <strong>communaut\u00e9s fortes, des politiques saines et des exploitations agricoles durables<\/strong>. Travailler pour l&rsquo;UNF, c&rsquo;est soutenir des mouvements de base, dont l&rsquo;histoire remonte \u00e0 plus de 50 ans. Il s&rsquo;agit de faire progresser, de renforcer et d&rsquo;amplifier la voix des fermi\u00e8res d&rsquo;un oc\u00e9an \u00e0 l&rsquo;autre. Il s&rsquo;agit de participer \u00e0 un collectif, pour le collectif.<\/p><\/div>\n\n\n\n<div class=\"wp-block-stackable-text stk-block-text stk-block stk-b7191de\" id=\"join-our-staff-team\" data-block-id=\"b7191de\"><p class=\"stk-block-text__text\">Souhaitez-vous participer \u00e0 des travaux de recherche et de sensibilisation ind\u00e9pendants, fiables et pr\u00e9cis sur des sujets li\u00e9s au changement climatique dans l&rsquo;agriculture, aux semences, aux terres agricoles, \u00e0 l&rsquo;\u00e9levage, aux programmes internationaux, aux travailleurs migrants, \u00e0 la solidarit\u00e9 autochtone et \u00e0 bien d&rsquo;autres choses encore ?  <strong>Consultez les offres d&#8217;emploi ci-dessous !  <\/strong><\/p><\/div>\n\n\n\n<div class=\"wp-block-stackable-text stk-block-text stk-block stk-0d00ec3\" id=\"join-our-staff-team\" data-block-id=\"0d00ec3\"><p class=\"stk-block-text__text\">Cette page sera mise \u00e0 jour d\u00e8s que de nouvelles opportunit\u00e9s d&#8217;emploi se pr\u00e9senteront.<\/p><\/div>\n\n\n\n<div class=\"wp-block-stackable-heading stk-block-heading stk-block-heading--v2 stk-block stk-d216723\" id=\"join-our-staff-team\" data-block-id=\"d216723\"><h3 class=\"stk-block-heading__text\">Offres d&#8217;emploi<\/h3><\/div>\n\n\n\n<div class=\"wp-block-stackable-text stk-block-text stk-block stk-c16f12a\" id=\"join-our-staff-team\" data-block-id=\"c16f12a\"><p class=\"stk-block-text__text\">Il n&rsquo;y a pas d&rsquo;offres d&#8217;emploi actuellement \u00e0 l&rsquo;UNF.<\/p><\/div>\n<\/div><\/div><\/div>\n\n\n\n<div class=\"wp-block-stackable-column stk-block-column stk-column stk-block stk-5eb44eb\" data-v=\"4\" data-block-id=\"5eb44eb\"><style>@media screen and (min-width: 768px){.stk-5eb44eb {flex:var(--stk-flex-grow, 1) 1 calc(33.334% - var(--stk-column-gap, 0px) * 1 \/ 2 ) !important;}}<\/style><div class=\"stk-column-wrapper stk-block-column__content stk-container stk-5eb44eb-container stk--no-background stk--no-padding\"><div class=\"stk-block-content stk-inner-blocks stk-5eb44eb-inner-blocks\"><nav class=\"is-responsive wp-block-navigation is-layout-flex wp-block-navigation-is-layout-flex\" aria-label=\"About Sidebar Menu - French\" \n\t\t data-wp-interactive=\"core\/navigation\" data-wp-context='{\"overlayOpenedBy\":{\"click\":false,\"hover\":false,\"focus\":false},\"type\":\"overlay\",\"roleAttribute\":\"\",\"ariaLabel\":\"Menu\"}'><button aria-haspopup=\"dialog\" aria-label=\"Ouvrir le menu\" class=\"wp-block-navigation__responsive-container-open always-shown\" \n\t\t\t\tdata-wp-on--click=\"actions.openMenuOnClick\"\n\t\t\t\tdata-wp-on--keydown=\"actions.handleMenuKeydown\"\n\t\t\t><svg width=\"24\" height=\"24\" xmlns=\"http:\/\/www.w3.org\/2000\/svg\" viewBox=\"0 0 24 24\" aria-hidden=\"true\" focusable=\"false\"><path d=\"M4 7.5h16v1.5H4z\"><\/path><path d=\"M4 15h16v1.5H4z\"><\/path><\/svg><\/button>\n\t\t\t\t<div class=\"wp-block-navigation__responsive-container hidden-by-default\"  id=\"modal-1\" \n\t\t\t\tdata-wp-class--has-modal-open=\"state.isMenuOpen\"\n\t\t\t\tdata-wp-class--is-menu-open=\"state.isMenuOpen\"\n\t\t\t\tdata-wp-watch=\"callbacks.initMenu\"\n\t\t\t\tdata-wp-on--keydown=\"actions.handleMenuKeydown\"\n\t\t\t\tdata-wp-on--focusout=\"actions.handleMenuFocusout\"\n\t\t\t\ttabindex=\"-1\"\n\t\t\t>\n\t\t\t\t\t<div class=\"wp-block-navigation__responsive-close\" tabindex=\"-1\">\n\t\t\t\t\t\t<div class=\"wp-block-navigation__responsive-dialog\" \n\t\t\t\tdata-wp-bind--aria-modal=\"state.ariaModal\"\n\t\t\t\tdata-wp-bind--aria-label=\"state.ariaLabel\"\n\t\t\t\tdata-wp-bind--role=\"state.roleAttribute\"\n\t\t\t>\n\t\t\t\t\t\t\t<button aria-label=\"Fermer le menu\" class=\"wp-block-navigation__responsive-container-close\" \n\t\t\t\tdata-wp-on--click=\"actions.closeMenuOnClick\"\n\t\t\t><svg xmlns=\"http:\/\/www.w3.org\/2000\/svg\" viewBox=\"0 0 24 24\" width=\"24\" height=\"24\" aria-hidden=\"true\" focusable=\"false\"><path d=\"m13.06 12 6.47-6.47-1.06-1.06L12 10.94 5.53 4.47 4.47 5.53 10.94 12l-6.47 6.47 1.06 1.06L12 13.06l6.47 6.47 1.06-1.06L13.06 12Z\"><\/path><\/svg><\/button>\n\t\t\t\t\t\t\t<div class=\"wp-block-navigation__responsive-container-content\" \n\t\t\t\tdata-wp-watch=\"callbacks.focusFirstElement\"\n\t\t\t id=\"modal-1-content\">\n\t\t\t\t\t\t\t\t<ul class=\"wp-block-navigation__container is-responsive wp-block-navigation\"><li class=\" wp-block-navigation-item wp-block-navigation-link\"><a class=\"wp-block-navigation-item__content\"  href=\"https:\/\/www.nfu.ca\/fr\/a-propos\/\"><span class=\"wp-block-navigation-item__label\">\u00c0 propos de l\u2019Union Nationale des Fermiers<\/span><\/a><\/li><li class=\" wp-block-navigation-item wp-block-navigation-link\"><a class=\"wp-block-navigation-item__content\"  href=\"https:\/\/www.nfu.ca\/fr\/a-propos\/conseil-dadministration\/\"><span class=\"wp-block-navigation-item__label\">Conseil d\u2019administration<\/span><\/a><\/li><li class=\" wp-block-navigation-item wp-block-navigation-link\"><a class=\"wp-block-navigation-item__content\"  href=\"https:\/\/www.nfu.ca\/fr\/a-propos\/personnel-de-lunf\/\"><span class=\"wp-block-navigation-item__label\">Personnel de l\u2019UNF<\/span><\/a><\/li><li class=\" wp-block-navigation-item wp-block-navigation-link\"><a class=\"wp-block-navigation-item__content\"  href=\"https:\/\/www.nfu.ca\/fr\/a-propos\/offres-demploi\/\"><span class=\"wp-block-navigation-item__label\">Rejoignez notre \u00e9quipe<\/span><\/a><\/li><li class=\" wp-block-navigation-item wp-block-navigation-link\"><a class=\"wp-block-navigation-item__content\"  href=\"https:\/\/www.nfu.ca\/fr\/a-propos\/unf-femmes\/\"><span class=\"wp-block-navigation-item__label\">Caucus des femmes<\/span><\/a><\/li><li class=\" wp-block-navigation-item wp-block-navigation-link\"><a class=\"wp-block-navigation-item__content\"  href=\"https:\/\/www.nfu.ca\/fr\/a-propos\/unf-jeunesse\/\"><span class=\"wp-block-navigation-item__label\">Comit\u00e9 consultatif de la jeunesse<\/span><\/a><\/li><li class=\" wp-block-navigation-item wp-block-navigation-link\"><a class=\"wp-block-navigation-item__content\"  href=\"https:\/\/www.nfu.ca\/fr\/a-propos\/pandc\/\"><span class=\"wp-block-navigation-item__label\">Caucus PANDC<\/span><\/a><\/li><li class=\" wp-block-navigation-item wp-block-navigation-link\"><a class=\"wp-block-navigation-item__content\"  href=\"https:\/\/www.nfu.ca\/fr\/a-propos\/comite-des-programmes-internationaux\/\"><span class=\"wp-block-navigation-item__label\">Comit\u00e9 des Programmes Internationaux<\/span><\/a><\/li><li class=\" wp-block-navigation-item wp-block-navigation-link\"><a class=\"wp-block-navigation-item__content\"  href=\"https:\/\/www.nfu.ca\/fr\/a-propos\/groupes-de-travail-sur-les-politiques\/\"><span class=\"wp-block-navigation-item__label\">Groupes de travail politiques<\/span><\/a><\/li><li class=\" wp-block-navigation-item wp-block-navigation-link\"><a class=\"wp-block-navigation-item__content\"  href=\"https:\/\/www.nfu.ca\/fr\/a-propos\/fondation-nationale-des-fermiers\/\"><span class=\"wp-block-navigation-item__label\">Fondation nationale des fermi\u00e8res<\/span><\/a><\/li><li class=\" wp-block-navigation-item wp-block-navigation-link\"><a class=\"wp-block-navigation-item__content\"  href=\"https:\/\/www.nfu.ca\/fr\/a-propos\/unf-constitution-et-statuts\/\"><span class=\"wp-block-navigation-item__label\">Statuts et r\u00e8glement int\u00e9rieur de l\u2019Union Nationale des Fermiers<\/span><\/a><\/li><li class=\" wp-block-navigation-item wp-block-navigation-link\"><a class=\"wp-block-navigation-item__content\"  href=\"https:\/\/www.nfu.ca\/fr\/a-propos\/contactez\/\"><span class=\"wp-block-navigation-item__label\">Contacter l\u2019UNF<\/span><\/a><\/li><\/ul>\n\t\t\t\t\t\t\t<\/div>\n\t\t\t\t\t\t<\/div>\n\t\t\t\t\t<\/div>\n\t\t\t\t<\/div><\/nav><\/div><\/div><\/div>\n<\/div><\/div>\n<\/div><\/div><\/div>\n","protected":false},"excerpt":{"rendered":"<p>Rejoignez notre \u00e9quipe Pourquoi travailler avec nous ? L&rsquo;UNF milite pour des communaut\u00e9s fortes, des politiques saines et des exploitations agricoles durables. Travailler pour l&rsquo;UNF, c&rsquo;est soutenir des mouvements de<\/p>\n","protected":false},"author":239,"featured_media":24605,"parent":26418,"menu_order":0,"comment_status":"closed","ping_status":"closed","template":"tmpl-blocks-contained.php","meta":{"_acf_changed":false,"_tec_requires_first_save":true,"_EventAllDay":false,"_EventTimezone":"","_EventStartDate":"","_EventEndDate":"","_EventStartDateUTC":"","_EventEndDateUTC":"","_EventShowMap":false,"_EventShowMapLink":false,"_EventURL":"","_EventCost":"","_EventCostDescription":"","_EventCurrencySymbol":"","_EventCurrencyCode":"","_EventCurrencyPosition":"","_EventDateTimeSeparator":"","_EventTimeRangeSeparator":"","_EventOrganizerID":[],"_EventVenueID":[],"_OrganizerEmail":"","_OrganizerPhone":"","_OrganizerWebsite":"","_VenueAddress":"","_VenueCity":"","_VenueCountry":"","_VenueProvince":"","_VenueState":"","_VenueZip":"","_VenuePhone":"","_VenueURL":"","_VenueStateProvince":"","_VenueLat":"","_VenueLng":"","_VenueShowMap":false,"_VenueShowMapLink":false,"_tribe_blocks_recurrence_rules":"","_tribe_blocks_recurrence_description":"","_tribe_blocks_recurrence_exclusions":"","_ecp_custom_4":"","_ecp_custom_7":"","_ecp_custom_9":"","_ecp_custom_10":"","_ecp_custom_12":"","_ecp_custom_13":"","footnotes":""},"post_region":[],"post_campaign":[],"class_list":["post-26260","page","type-page","status-publish","has-post-thumbnail","hentry"],"acf":[],"_links":{"self":[{"href":"https:\/\/www.nfu.ca\/fr\/wp-json\/wp\/v2\/pages\/26260","targetHints":{"allow":["GET"]}}],"collection":[{"href":"https:\/\/www.nfu.ca\/fr\/wp-json\/wp\/v2\/pages"}],"about":[{"href":"https:\/\/www.nfu.ca\/fr\/wp-json\/wp\/v2\/types\/page"}],"author":[{"embeddable":true,"href":"https:\/\/www.nfu.ca\/fr\/wp-json\/wp\/v2\/users\/239"}],"replies":[{"embeddable":true,"href":"https:\/\/www.nfu.ca\/fr\/wp-json\/wp\/v2\/comments?post=26260"}],"version-history":[{"count":8,"href":"https:\/\/www.nfu.ca\/fr\/wp-json\/wp\/v2\/pages\/26260\/revisions"}],"predecessor-version":[{"id":32868,"href":"https:\/\/www.nfu.ca\/fr\/wp-json\/wp\/v2\/pages\/26260\/revisions\/32868"}],"up":[{"embeddable":true,"href":"https:\/\/www.nfu.ca\/fr\/wp-json\/wp\/v2\/pages\/26418"}],"wp:featuredmedia":[{"embeddable":true,"href":"https:\/\/www.nfu.ca\/fr\/wp-json\/wp\/v2\/media\/24605"}],"wp:attachment":[{"href":"https:\/\/www.nfu.ca\/fr\/wp-json\/wp\/v2\/media?parent=26260"}],"wp:term":[{"taxonomy":"post_region","embeddable":true,"href":"https:\/\/www.nfu.ca\/fr\/wp-json\/wp\/v2\/post_region?post=26260"},{"taxonomy":"post_campaign","embeddable":true,"href":"https:\/\/www.nfu.ca\/fr\/wp-json\/wp\/v2\/post_campaign?post=26260"}],"curies":[{"name":"wp","href":"https:\/\/api.w.org\/{rel}","templated":true}]}}