
{"id":26234,"date":"2023-04-18T10:10:16","date_gmt":"2023-04-18T16:10:16","guid":{"rendered":"https:\/\/www.nfu.ca\/convention-2023-lavenir-de-lagriculture-entre-nos-mains\/journee-pre-convention-lobby-2023\/"},"modified":"2024-07-11T13:03:04","modified_gmt":"2024-07-11T19:03:04","slug":"journee-pre-convention-lobby-2023","status":"publish","type":"page","link":"https:\/\/www.nfu.ca\/fr\/archives-de-la-convention\/54eme-convention-lavenir-de-lagriculture-entre-nos-mains-2023\/journee-pre-convention-lobby-2023\/","title":{"rendered":"Rejoignez-nous pour la journ\u00e9e de lobbying 2023"},"content":{"rendered":"\n<p>Rejoignez les membres de l&rsquo;UNF de tout le pays le 22 novembre en convergeant vers la Colline du Parlement ! Gr\u00e2ce \u00e0 une formation gratuite et au soutien du personnel, les membres de l&rsquo;UNF porteront les questions essentielles \u00e0 l&rsquo;attention des d\u00e9put\u00e9s et des s\u00e9nateurs. Chaque participant choisira l&rsquo;un des quatre th\u00e8mes propos\u00e9s :<\/p>\n\n<h4 class=\"wp-block-heading\"><strong>Terres agricoles<\/strong><\/h4>\n\n<p><em>s&rsquo;opposer \u00e0 la propri\u00e9t\u00e9 de terres canadiennes par des soci\u00e9t\u00e9s d&rsquo;investissement dans les terres agricoles<\/em><\/p>\n\n<h4 class=\"wp-block-heading\"><strong>Libert\u00e9 d&rsquo;association des travailleurs agricoles<\/strong><\/h4>\n\n<p><em>le droit d&rsquo;adh\u00e9rer \u00e0 un syndicat et de b\u00e9n\u00e9ficier de droits de n\u00e9gociation collective pour tous les travailleurs agricoles<\/em><\/p>\n\n<h4 class=\"wp-block-heading\"><strong>Semences <\/strong><\/h4>\n\n<p><em>prot\u00e9ger le syst\u00e8me de r\u00e9glementation des semences d&rsquo;int\u00e9r\u00eat public du Canada<\/em><\/p>\n\n<h4 class=\"wp-block-heading\"><strong>Changement climatique<\/strong><\/h4>\n\n<p><em>en cr\u00e9ant l&rsquo;Administration canadienne de la r\u00e9silience agricole, un organisme f\u00e9d\u00e9ral \u00e0 multiples facettes charg\u00e9 d&rsquo;aider les fermiers \u00e0 s&rsquo;adapter au changement climatique et \u00e0 en att\u00e9nuer les effets.<\/em><\/p>\n\n<p>Nos \u00ab\u00a0demandes\u00a0\u00bb politiques pour chacun de ces quatre sujets sont actuellement en cours d&rsquo;ajustement et soutiendront nos conversations avec les politiciens.  <\/p>\n\n<p><strong>Formation :<\/strong> Une formation en ligne gratuite sur la mani\u00e8re de r\u00e9ussir les r\u00e9unions et des fiches d&rsquo;information sur chaque sujet seront propos\u00e9es en octobre et en novembre. Cette \u00e9tape est obligatoire et vous sera utile pour <em>toutes vos<\/em> futures actions de plaidoyer.<\/p>\n\n<p><a href=\"https:\/\/docs.google.com\/forms\/d\/e\/1FAIpQLSfU6sO96VCnEl0yUcK1JA7mpPF1ufztHUh-DbRMs38zhFiGbA\/viewform\" target=\"_blank\" rel=\"noopener\">Inscrivez-vous \u00e0 la journ\u00e9e de lobbying<\/a><\/p>\n\n<p><strong>Action sur la colline : <\/strong>Nos efforts de lobbying seront amplifi\u00e9s par une manifestation sur la Colline du Parlement le m\u00eame jour, le 22 novembre. Organis\u00e9e par les travailleurs agricoles et les jeunes de l&rsquo;UNF, cette action permettra au public et aux m\u00e9dias de se familiariser avec les politiques que nous pr\u00e9senterons aux l\u00e9gislateurs. Tout le monde est le bienvenu lorsqu&rsquo;il ne s&rsquo;agit pas de faire du lobbying. Plus de d\u00e9tails \u00e0 venir.  <\/p>\n\n<p>Vous ne voudrez pas manquer cette journ\u00e9e historique !<\/p>\n\n<h3 class=\"wp-block-heading\"><strong>En savoir plus<\/strong><\/h3>\n\n<p><strong>Qu&rsquo;est-ce que le lobbying ?<\/strong>  Le lobbying, dans son essence telle que nous la recherchons ici, est un moyen organis\u00e9 pour nous d&rsquo;exercer nos droits et responsabilit\u00e9s d\u00e9mocratiques en engageant des conversations avec des repr\u00e9sentants \u00e9lus et en cherchant \u00e0 obtenir une repr\u00e9sentation et des changements politiques sp\u00e9cifiques au nom de nombreuses autres personnes \u00e0 travers le pays. Le travail de nos \u00e9lus est d&rsquo;\u00e9couter. Le lobbying consiste \u00e0 amplifier nos histoires, \u00e0 faire de la place \u00e0 des voix diverses dans les discussions politiques et \u00e0 d\u00e9fendre un avenir juste et r\u00e9silient.  <\/p>\n\n<p>Lors de la Journ\u00e9e du lobbying 2023, nous organiserons une s\u00e9rie de courtes r\u00e9unions avec des ministres, des d\u00e9put\u00e9s et des s\u00e9nateurs tout au long de la journ\u00e9e, pour parler des questions qui importent \u00e0 l&rsquo;UNF, et du bien-\u00eatre de notre peuple, de nos communaut\u00e9s, de nos syst\u00e8mes alimentaires et de nos terres.<\/p>\n\n<p><strong>Que dois-je savoir ? <\/strong><em>Connaissez votre v\u00e9rit\u00e9 :<\/em> vos histoires, vos observations, vos sentiments ! Aucune politique \u00e9crite et aucun travail pour un monde meilleur ne peut \u00eatre d\u00e9connect\u00e9 de nos r\u00e9alit\u00e9s v\u00e9cues, et ancrer les demandes de politiques dans des histoires personnelles est un moyen cl\u00e9 d&rsquo;influencer le changement.<em>Connaissez vos centres d&rsquo;int\u00e9r\u00eat : <\/em>l&rsquo;un des quatre sujets \u00e9num\u00e9r\u00e9s ci-dessus.<\/p>\n\n<p><strong>Participez !  <\/strong>Il est si important de dire la v\u00e9rit\u00e9 au pouvoir de mani\u00e8re organis\u00e9e, r\u00e9fl\u00e9chie, convaincante et inspirante ! Nous esp\u00e9rons que vous serez inspir\u00e9 pour rejoindre les membres de l&rsquo;UNF \u00e0 travers le pays en novembre, la veille de la convention nationale ! L&rsquo;\u00e9nergie de la journ\u00e9e sera passionnante, avec d&rsquo;autres membres de l&rsquo;UNF travaillant ensemble et une grande action sur l&rsquo;acc\u00e8s aux terres agricoles, organis\u00e9e par le caucus des jeunes et le groupe de travail des travailleurs agricoles, qui se d\u00e9roulera \u00e9galement \u00e0 l&rsquo;ext\u00e9rieur, sur la colline !<\/p>\n\n<p><strong>Vous avez des questions ?<\/strong> N&rsquo;h\u00e9sitez pas \u00e0 contacter Caroline \u00e0 l&rsquo;adresse <a href=\"mailto:lobby@nfu.ca\">lobby@nfu.ca<\/a>.<\/p>\n","protected":false},"excerpt":{"rendered":"<p>Rejoignez les membres de l&rsquo;UNF de tout le pays le 22 novembre en convergeant vers la Colline du Parlement ! Gr\u00e2ce \u00e0 une formation gratuite et au soutien du personnel,<\/p>\n","protected":false},"author":2,"featured_media":25083,"parent":26138,"menu_order":0,"comment_status":"closed","ping_status":"closed","template":"tmpl-blocks-contained.php","meta":{"_acf_changed":false,"_tec_requires_first_save":true,"_EventAllDay":false,"_EventTimezone":"","_EventStartDate":"","_EventEndDate":"","_EventStartDateUTC":"","_EventEndDateUTC":"","_EventShowMap":false,"_EventShowMapLink":false,"_EventURL":"","_EventCost":"","_EventCostDescription":"","_EventCurrencySymbol":"","_EventCurrencyCode":"","_EventCurrencyPosition":"","_EventDateTimeSeparator":"","_EventTimeRangeSeparator":"","_EventOrganizerID":[],"_EventVenueID":[],"_OrganizerEmail":"","_OrganizerPhone":"","_OrganizerWebsite":"","_VenueAddress":"","_VenueCity":"","_VenueCountry":"","_VenueProvince":"","_VenueState":"","_VenueZip":"","_VenuePhone":"","_VenueURL":"","_VenueStateProvince":"","_VenueLat":"","_VenueLng":"","_VenueShowMap":false,"_VenueShowMapLink":false,"_tribe_blocks_recurrence_rules":"","_tribe_blocks_recurrence_description":"","_tribe_blocks_recurrence_exclusions":"","_ecp_custom_4":"","_ecp_custom_7":"","_ecp_custom_9":"","_ecp_custom_10":"","_ecp_custom_12":"","_ecp_custom_13":"","footnotes":""},"post_region":[],"post_campaign":[],"class_list":["post-26234","page","type-page","status-publish","has-post-thumbnail","hentry","page_categories-convention-2023-fr"],"acf":[],"_links":{"self":[{"href":"https:\/\/www.nfu.ca\/fr\/wp-json\/wp\/v2\/pages\/26234","targetHints":{"allow":["GET"]}}],"collection":[{"href":"https:\/\/www.nfu.ca\/fr\/wp-json\/wp\/v2\/pages"}],"about":[{"href":"https:\/\/www.nfu.ca\/fr\/wp-json\/wp\/v2\/types\/page"}],"author":[{"embeddable":true,"href":"https:\/\/www.nfu.ca\/fr\/wp-json\/wp\/v2\/users\/2"}],"replies":[{"embeddable":true,"href":"https:\/\/www.nfu.ca\/fr\/wp-json\/wp\/v2\/comments?post=26234"}],"version-history":[{"count":0,"href":"https:\/\/www.nfu.ca\/fr\/wp-json\/wp\/v2\/pages\/26234\/revisions"}],"up":[{"embeddable":true,"href":"https:\/\/www.nfu.ca\/fr\/wp-json\/wp\/v2\/pages\/26138"}],"wp:featuredmedia":[{"embeddable":true,"href":"https:\/\/www.nfu.ca\/fr\/wp-json\/wp\/v2\/media\/25083"}],"wp:attachment":[{"href":"https:\/\/www.nfu.ca\/fr\/wp-json\/wp\/v2\/media?parent=26234"}],"wp:term":[{"taxonomy":"post_region","embeddable":true,"href":"https:\/\/www.nfu.ca\/fr\/wp-json\/wp\/v2\/post_region?post=26234"},{"taxonomy":"post_campaign","embeddable":true,"href":"https:\/\/www.nfu.ca\/fr\/wp-json\/wp\/v2\/post_campaign?post=26234"}],"curies":[{"name":"wp","href":"https:\/\/api.w.org\/{rel}","templated":true}]}}