
{"id":26229,"date":"2023-03-28T09:57:02","date_gmt":"2023-03-28T15:57:02","guid":{"rendered":"https:\/\/www.nfu.ca\/sommaire-modernisation-de-la-reglementation-des-semences\/"},"modified":"2024-07-11T13:03:03","modified_gmt":"2024-07-11T19:03:03","slug":"sommaire-modernisation-de-la-reglementation-des-semences","status":"publish","type":"page","link":"https:\/\/www.nfu.ca\/fr\/sommaire-modernisation-de-la-reglementation-des-semences\/","title":{"rendered":"Sommaire : Modernisation de la r\u00e9glementation des semences"},"content":{"rendered":"\n<header class=\"wp-block-cover alignfull has-custom-content-position is-position-bottom-center banner-top\" id=\"banner-top\"><span aria-hidden=\"true\" class=\"wp-block-cover__background has-background-dim has-background-gradient\" style=\"background-color:#736c6f;background:linear-gradient(180deg,rgba(0,0,0,0.97) 0%,rgba(0,0,0,0.05) 69%)\"><\/span><img loading=\"lazy\" decoding=\"async\" width=\"1800\" height=\"800\" src=\"https:\/\/www.nfu.ca\/wp-content\/uploads\/2018\/06\/nfu-campaign-seed-wikipedia-banner.jpg\" class=\"wp-block-cover__image-background wp-post-image\" alt=\"\" data-object-fit=\"cover\" srcset=\"https:\/\/www.nfu.ca\/wp-content\/uploads\/2018\/06\/nfu-campaign-seed-wikipedia-banner.jpg 1800w, https:\/\/www.nfu.ca\/wp-content\/uploads\/2018\/06\/nfu-campaign-seed-wikipedia-banner-300x133.jpg 300w, https:\/\/www.nfu.ca\/wp-content\/uploads\/2018\/06\/nfu-campaign-seed-wikipedia-banner-768x341.jpg 768w, https:\/\/www.nfu.ca\/wp-content\/uploads\/2018\/06\/nfu-campaign-seed-wikipedia-banner-1024x455.jpg 1024w, https:\/\/www.nfu.ca\/wp-content\/uploads\/2018\/06\/nfu-campaign-seed-wikipedia-banner-1600x711.jpg 1600w\" sizes=\"auto, (max-width: 1800px) 100vw, 1800px\" \/><div class=\"wp-block-cover__inner-container is-layout-flow wp-block-cover-is-layout-flow\">\n<p class=\"has-text-align-left has-large-font-size\"><\/p>\n<\/div><\/header>\n<ol class=\"breadcrumb\"><li><a href=\"https:\/\/www.nfu.ca\/fr\/\">National Farmers Union<\/a><\/li><\/ol>\n\n<div class=\"wp-block-stackable-heading stk-block-heading stk-block-heading--v2 stk-block stk-35b1992\" id=\"sommaire-modernisation-de-la-reglementation-des-semences\" data-block-id=\"35b1992\"><h1 class=\"stk-block-heading__text\">Sommaire : Modernisation de la r\u00e9glementation des semences<\/h1><\/div>\n\n<div class=\"wp-block-stackable-columns stk-block-columns stk-block stk-54b76e7 content-upper\" id=\"content-upper\" data-block-id=\"54b76e7\"><div class=\"stk-row stk-inner-blocks has-text-align-left stk-block-content stk-content-align stk-54b76e7-column\">\n<div class=\"wp-block-stackable-column stk-block-column stk-column stk-block stk-ef63229\" data-v=\"4\" data-block-id=\"ef63229\"><style>@media screen and (min-width:768px){.stk-ef63229{flex:var(--stk-flex-grow,1) 1 calc(66.666% - var(--stk-column-gap,0px) * 1 \/ 2 ) !important}}<\/style><div class=\"stk-column-wrapper stk-block-column__content stk-container stk-ef63229-container stk--no-background stk--no-padding\"><div class=\"has-text-align-left stk-block-content stk-inner-blocks stk-ef63229-inner-blocks\">\n<p class=\"has-medium-font-size\">Ce r\u00e9sum\u00e9 vous donne un aper\u00e7u g\u00e9n\u00e9ral de l&rsquo;examen de <strong>la modernisation de la r\u00e9glementation sur les semences<\/strong>, de son importance et de ce que vous pouvez faire \u00e0 ce sujet.<\/p>\n\n\n\n<div class=\"wp-block-media-text is-stacked-on-mobile\" style=\"grid-template-columns:15% auto\"><figure class=\"wp-block-media-text__media\"><a href=\"https:\/\/www.nfu.ca\/wp-content\/uploads\/2023\/03\/946-Sommaire-semences_Formatted.pdf\"><img loading=\"lazy\" decoding=\"async\" width=\"545\" height=\"705\" src=\"https:\/\/www.nfu.ca\/wp-content\/uploads\/2023\/03\/donnez-une-voix-aux-semances.png\" alt=\"\" class=\"wp-image-17205 size-full\" srcset=\"https:\/\/www.nfu.ca\/wp-content\/uploads\/2023\/03\/donnez-une-voix-aux-semances.png 545w, https:\/\/www.nfu.ca\/wp-content\/uploads\/2023\/03\/donnez-une-voix-aux-semances-232x300.png 232w\" sizes=\"auto, (max-width: 545px) 100vw, 545px\" \/><\/a><\/figure><div class=\"wp-block-media-text__content\">\n<p><a href=\"https:\/\/www.nfu.ca\/wp-content\/uploads\/2023\/03\/946-Sommaire-semences_Formatted.pdf\">Cliquez ici pour t\u00e9l\u00e9charger la version PDF de cette fiche d&rsquo;information<\/a>.<\/p>\n<\/div><\/div>\n\n\n\n<p>Les r\u00e9glementations semenci\u00e8res du Canada ont cr\u00e9\u00e9 une base solide pour notre syst\u00e8me alimentaire dans l&rsquo;int\u00e9r\u00eat du public. Les r\u00e9glementations semenci\u00e8res furent con\u00e7ues de sorte \u00e0 prot\u00e9ger les fermiers contre les n\u00e9gociants en semences sans scrupules, contre la fraude et les fausses d\u00e9clarations au sein du syst\u00e8me semencier. Cela assure la valeur de nos produits agricoles pour les fermiers et les utilisateurs ultimes avec des processus factuels et transparents pour enregistrer de nouvelles vari\u00e9t\u00e9s, pour certifier des semences et pour la mise \u00e0 jour des r\u00e9glementations.<\/p>\n\n\n\n<p>L&rsquo;Agence canadienne d&rsquo;inspection des aliments (ACIA) m\u00e8ne actuellement un processus de Modernisation de la r\u00e9glementation des semences (MRS) afin de r\u00e9viser nos R\u00e9glementations sur les semences. Le processus pourrait apporter des changements majeurs &#8211; pas n\u00e9cessairement dans l&rsquo;int\u00e9r\u00eat des fermiers. Les compagnies mondiales en mati\u00e8re de semences, de biotechnologie et de produits chimiques font pression pour obtenir des modifications qui seraient dans leur int\u00e9r\u00eat et aux d\u00e9triment de l&rsquo;int\u00e9r\u00eat des fermiers et du public.<\/p>\n\n\n\n<p>L&rsquo;Union nationale des fermiers (UNF) veut s&rsquo;assurer que vous avez l&rsquo;information dont vous avez besoin pour vous engager dans ce processus. Nous avons pr\u00e9par\u00e9 ce bref sommaire du processus MRS, de quoi il s&rsquo;agit et sur comment vous pouvez agir pour garder les semences dans les mains des fermiers.<\/p>\n\n\n\n<p>En f\u00e9vrier 2019, un Groupe de travail sur la modernisation de la r\u00e9glementation des semences (GTMRS) fut nomm\u00e9 pour examiner et sugg\u00e9rer des modifications aux R\u00e9glementations des semences. Il s&rsquo;agit d&rsquo;un comit\u00e9 de 14 membres men\u00e9 par l&rsquo;ACIA, avec des repr\u00e9sentants de l&rsquo;industrie des semences, des groupes de producteurs, des associations de producteurs de denr\u00e9es, de s\u00e9lectionneurs publics de v\u00e9g\u00e9taux et de deux organisations non gouvernementales. Le processus MRS implique \u00e9galement plusieurs \u00c9quipes de travail qui vont approfondir les d\u00e9tails plus techniques et faire rapport au GTMRS avec des recommandations sur certains sujets. Ci-dessous, nous fournissons de l&rsquo;information de base sur certains de ces sujets : enregistrement des vari\u00e9t\u00e9s, tableaux de classement des semences et incorporation par renvoi.<\/p>\n\n\n\n<h5 class=\"wp-block-heading\"><strong>Enregistrement des vari\u00e9t\u00e9s<\/strong><\/h5>\n\n\n\n<p>Notre syst\u00e8me d&rsquo;enregistrement des vari\u00e9t\u00e9s exige que les nouvelles vari\u00e9t\u00e9s soient test\u00e9es pour s&rsquo;assurer qu&rsquo;elles respectent les normes sur lesquelles d\u00e9pendent les fermiers avant qu&rsquo;elles puissent \u00eatre vendues. Avec ce syst\u00e8me, les fermiers canadiens qui ach\u00e8tent des semences peuvent \u00eatre confiants que les vari\u00e9t\u00e9s enregistr\u00e9es performent bien dans nos conditions de croissance, qu&rsquo;elles n&rsquo;abritent pas de maladies v\u00e9g\u00e9tales s\u00e9rieuses et qu&rsquo;elles vont produire des r\u00e9coltes qui auront de la valeur pour nos clients, parce qu&rsquo;elles sont ind\u00e9pendamment \u00e9valu\u00e9es par des experts. Nous savons que les caract\u00e9ristiques de la vari\u00e9t\u00e9 &#8211; telles que les journ\u00e9es \u00e0 la maturit\u00e9, le rendement, la r\u00e9sistance \u00e0 la maladie, la hauteur et autres donn\u00e9es pertinentes \u00e0 la culture &#8211; sont v\u00e9rifi\u00e9es par des essais ind\u00e9pendants avec des r\u00e9sultats publi\u00e9s. En s\u00e9parant le processus des essais et de la documentation de celui des entreprises qui vendent des semences, cela prot\u00e8ge les fermiers et l&rsquo;ensemble du syst\u00e8me agricole contre les fausses d\u00e9clarations et la fraude.<\/p>\n\n\n\n<p>Les compagnies semenci\u00e8res dans le processus MRS font pression pour affaiblir ou m\u00eame enlever notre syst\u00e8me national d&rsquo;enregistrement des vari\u00e9t\u00e9s. Les fermiers perdraient acc\u00e8s \u00e0 des donn\u00e9es impartiales et ind\u00e9pendantes dont ils ont besoin pour prendre des d\u00e9cisions cruciales sur les achats de semences. Ils auraient besoin d&rsquo;obtenir leur information de la part des compagnies semenci\u00e8res dont l&rsquo;intention est de maximiser les profits, ce qui est un conflit d&rsquo;int\u00e9r\u00eat inadmissible.<\/p>\n\n\n\n<h5 class=\"wp-block-heading\"><strong>Tableaux des classements<\/strong><\/h5>\n\n\n\n<p>Les r\u00e9glementations des semences incluent une s\u00e9rie de tableaux de classement qui \u00e9tablissent des normes minimales quant \u00e0 la pr\u00e9sence de graines de mauvaises herbes, la pr\u00e9sence de semences de d&rsquo;autres cultures, la pr\u00e9sence de d&rsquo;autres contaminants pertinents \u00e0 la culture en question et les taux de germination pour toutes les principales grandes cultures et les m\u00e9langes de grandes cultures provenant de semences contr\u00f4l\u00e9es vendues au Canada.<\/p>\n\n\n\n<p>Les fermiers canadiens achetant de la semence contr\u00f4l\u00e9e peuvent \u00eatre confiants que le classement de la semence soit le r\u00e9sultat d&rsquo;un processus de v\u00e9rification officiel effectu\u00e9 par une tierce partie autoris\u00e9e par l&rsquo;ACIA. Le classement officiel d&rsquo;un lot de semence est imprim\u00e9 sur l&rsquo;\u00e9tiquette bleue attach\u00e9e \u00e0 chaque sac de semence et il garantit que la semence respecte les normes minimales en mati\u00e8re de puret\u00e9 et de germination.<\/p>\n\n\n\n<p>Les classements de semences sont faciles \u00e0 comprendre, simples \u00e0 comparer et contr\u00f4l\u00e9s par les institutions publiques qui ne sont pas impliqu\u00e9es dans la vente des semences. Les r\u00e8glements et les normes sur l&rsquo;utilisation des classements de semences sont mis en application par l&rsquo;ACIA, assurant une surveillance publique des normes de qualit\u00e9 des semences au Canada.<\/p>\n\n\n\n<h5 class=\"wp-block-heading\"><strong>Incorporation par renvoi<\/strong><\/h5>\n\n\n\n<p>L&rsquo;incorporation par renvoi (IPR) est une nouvelle strat\u00e9gie o\u00f9, au lieu de mettre le libell\u00e9 d&rsquo;un r\u00e8glement dans le texte de la r\u00e9glementation, la r\u00e9glementation fait tout simplement \u00ab\u00a0r\u00e9f\u00e9rence\u00a0\u00bb \u00e0 un autre document. Ces documents sont cr\u00e9\u00e9s \u00e0 l&rsquo;ext\u00e9rieur des processus habituels pour d\u00e9velopper des r\u00e9glementations. Ils peuvent \u00e9galement \u00eatre chang\u00e9s sans consulter avec ou m\u00eame informer les fermiers et le grand public. Donc, l&rsquo;IPR r\u00e9duit la transparence de notre syst\u00e8me r\u00e9glementaire et contient le risque que le secteur corporatif ait une influence indue sur la formulation des r\u00e8glements. Les compagnies mondiales en mati\u00e8re de semences, de biotechnologie et de produits chimiques veulent que les r\u00e9gulateurs utilisent l&rsquo;IPR pour toutes les exigences de certification des semences.<\/p>\n\n\n\n<p>La semence est un \u00e9l\u00e9ment fondamental de l&rsquo;agriculture et les changements sur comment la semence est gouvern\u00e9e ont des impacts vastes et de longue dur\u00e9e. Il nous faut continuer \u00e0 utiliser le processus de modification des r\u00e8glements de la Gazette du Canada, qui priorise la transparence et l&rsquo;imputabilit\u00e9 pour les fermiers au lieu de la vitesse et de la convenance pour les corporations.<\/p>\n\n\n\n<h5 class=\"wp-block-heading\"><strong>Pourquoi cela est important<\/strong><\/h5>\n\n\n\n<p>L&rsquo;examen de la Modernisation de la r\u00e9glementation des semences met sur la table tous les piliers de notre syst\u00e8me semencier &#8211; et le r\u00e9sultat pourrait apporter des changements majeurs qui nuisent \u00e0 l&rsquo;int\u00e9r\u00eat public, qui affaiblissent l&rsquo;agriculture au Canada et qui rendent les semences moins fiables et plus dispendieuses pour les fermiers. Le processus MRS devrait plut\u00f4t servir \u00e0 mieux soutenir les fermiers et \u00e0 renforcer notre syst\u00e8me semencier.<\/p>\n\n\n\n<p>L&rsquo;ACIA recherche la contribution des fermiers et des autres dans le secteur semencier afin d&rsquo;\u00e9clairer leurs recommandations pour l&rsquo;avenir de notre syst\u00e8me semencier. L&rsquo;UNF a soigneusement analys\u00e9 les questions de l&rsquo;ACIA et elle vous offre un Guide des fermiers pour vous permettre de compl\u00e9ter facilement le sondage avec des r\u00e9ponses qui vont appuyer les int\u00e9r\u00eats des fermiers<a href=\"https:\/\/www.nfu.ca\/wp-content\/uploads\/2023\/03\/Guide-UNF-sondage-ACIA-Hiver-2023.pdf\">(cliquez ici pour une version PDF du Guide<\/a> des fermiers ou <a href=\"https:\/\/www.nfu.ca\/farmers-guide-cfia-winter-2023-seed-regulations-survey\/\">ici pour une version<\/a> HTML). Vous pouvez ajouter votre voix <a rel=\"noopener\" target=\"_blank\" href=\"https:\/\/ca1se.voxco.com\/SE\/93\/SRM_MRS\/?&amp;lang=fr\">en cliquant ici pour compl\u00e9ter le sondage de l&rsquo;ACIA <\/a>avant la fin d&rsquo;avril, puisque le sondage se termine le<sup>1er<\/sup> mai.<\/p>\n\n\n\n<p>L&rsquo;UNF a produit une s\u00e9rie de feuillets de renseignements qui fournissent plus de d\u00e9tails sur les piliers essentiels de notre syst\u00e8me semencier. Pour les trouver, ainsi que d&rsquo;autres informations, <a href=\"https:\/\/www.nfu.ca\/fr\/campaigns\/save-our-seed\/seed-regulatory-modernization\/\">consultez notre site web<\/a> et cliquez sur les liens vers les versions HTML auto-traduites.<\/p>\n\n\n\n<p><a href=\"https:\/\/www.nfu.ca\/wp-content\/uploads\/2023\/03\/946-Sommaire-semences_Formatted.pdf\">Cliquez ici pour t\u00e9l\u00e9charger la version PDF de cette fiche d&rsquo;information<\/a>.<\/p>\n<\/div><\/div><\/div>\n\n\n\n<div class=\"wp-block-stackable-column stk-block-column stk-column stk-block stk-5eb44eb\" data-v=\"4\" data-block-id=\"5eb44eb\"><style>@media screen and (min-width:768px){.stk-5eb44eb{flex:var(--stk-flex-grow,1) 1 calc(33.334% - var(--stk-column-gap,0px) * 1 \/ 2 ) !important}}<\/style><div class=\"stk-column-wrapper stk-block-column__content stk-container stk-5eb44eb-container stk--no-background stk--no-padding\"><div class=\"stk-block-content stk-inner-blocks stk-5eb44eb-inner-blocks\"><nav class=\"is-vertical no-wrap wp-block-navigation is-nowrap is-layout-flex wp-container-core-navigation-is-layout-947ac36b wp-block-navigation-is-layout-flex\" aria-label=\"Campaign Nav - Save Our Seed\"><ul class=\"wp-block-navigation__container  is-vertical no-wrap wp-block-navigation\"><li class=\" wp-block-navigation-item wp-block-navigation-link\"><a class=\"wp-block-navigation-item__content\"  href=\"https:\/\/www.nfu.ca\/learn\/save-our-seed\/\"><span class=\"wp-block-navigation-item__label\">Overview<\/span><\/a><\/li><li class=\" wp-block-navigation-item wp-block-navigation-link\"><a class=\"wp-block-navigation-item__content\"  href=\"https:\/\/www.nfu.ca\/learn\/save-our-seed\/fundamental-principles-of-a-farmers-seed-act\/\"><span class=\"wp-block-navigation-item__label\">Fundamental Principles of a Farmers Seed Act<\/span><\/a><\/li><li class=\" wp-block-navigation-item wp-block-navigation-link\"><a class=\"wp-block-navigation-item__content\"  href=\"https:\/\/www.nfu.ca\/learn\/save-our-seed\/seed-regulatory-modernization\/\"><span class=\"wp-block-navigation-item__label\">Seed Regulatory Modernization<\/span><\/a><\/li><li class=\" wp-block-navigation-item wp-block-navigation-link\"><a class=\"wp-block-navigation-item__content\"  href=\"https:\/\/www.nfu.ca\/learn\/save-our-seed\/gene-edited-seed\/\"><span class=\"wp-block-navigation-item__label\">Gene Edited Seed<\/span><\/a><\/li><li class=\" wp-block-navigation-item wp-block-navigation-link\"><a class=\"wp-block-navigation-item__content\"  href=\"https:\/\/www.nfu.ca\/learn\/save-our-seed\/upov\/\"><span class=\"wp-block-navigation-item__label\">UPOV<\/span><\/a><\/li><li class=\" wp-block-navigation-item wp-block-navigation-link\"><a class=\"wp-block-navigation-item__content\"  href=\"https:\/\/www.nfu.ca\/learn\/save-our-seed\/plant-breeders-rights-in-canada-under-upov-91\/\"><span class=\"wp-block-navigation-item__label\">Plant Breeders Rights in Canada<\/span><\/a><\/li><li class=\" wp-block-navigation-item wp-block-navigation-link\"><a class=\"wp-block-navigation-item__content\"  href=\"https:\/\/www.nfu.ca\/learn\/save-our-seed\/right-to-farm-saved-seed\/\"><span class=\"wp-block-navigation-item__label\">Farm Saved Seed Rights<\/span><\/a><\/li><li class=\" wp-block-navigation-item wp-block-navigation-link\"><a class=\"wp-block-navigation-item__content\"  href=\"https:\/\/www.nfu.ca\/learn\/save-our-seed\/stop-genetically-modified-alfalfa\/\"><span class=\"wp-block-navigation-item__label\">GM Alfalfa<\/span><\/a><\/li><li class=\" wp-block-navigation-item wp-block-navigation-link\"><a class=\"wp-block-navigation-item__content\"  href=\"https:\/\/www.nfu.ca\/learn\/save-our-seed\/bill-c-18-archive\/\"><span class=\"wp-block-navigation-item__label\">Bill C-18 Campaign Archive<\/span><\/a><\/li><li class=\" wp-block-navigation-item wp-block-navigation-link\"><a class=\"wp-block-navigation-item__content\"  href=\"https:\/\/www.nfu.ca\/learn\/save-our-seed\/seed-industry-lobby\/\"><span class=\"wp-block-navigation-item__label\">The Seed Industry Lobby<\/span><\/a><\/li><li class=\" wp-block-navigation-item wp-block-navigation-link\"><a class=\"wp-block-navigation-item__content\"  href=\"https:\/\/www.nfu.ca\/learn\/save-our-seed\/video-series-save-our-seeds\/\"><span class=\"wp-block-navigation-item__label\">Seed Videos<\/span><\/a><\/li><li class=\" wp-block-navigation-item wp-block-navigation-link\"><a class=\"wp-block-navigation-item__content\"  href=\"https:\/\/www.nfu.ca\/learn\/save-our-seed\/campaign-resources\/\"><span class=\"wp-block-navigation-item__label\">Campaign Resources<\/span><\/a><\/li><\/ul><\/nav><\/div><\/div><\/div>\n<\/div><\/div>\n","protected":false},"excerpt":{"rendered":"<p>Le r\u00e8glement canadien sur les semences comprend une s\u00e9rie de tableaux de classement qui fixent des normes pour toutes les grandes cultures et tous les m\u00e9langes de grandes cultures de semences s\u00e9lectionn\u00e9es vendus au Canada. Toutes les semences s\u00e9lectionn\u00e9es doivent \u00eatre class\u00e9es avant d&rsquo;\u00eatre vendues. Les semences s\u00e9lectionn\u00e9es peuvent \u00eatre retrac\u00e9es jusqu&rsquo;\u00e0 l&rsquo;obtenteur d&rsquo;origine au moyen d&rsquo;un document officiel supervis\u00e9 par l&rsquo;ACIA. Les semences de ma\u00efs ne sont pas incluses dans le syst\u00e8me canadien de semences s\u00e9lectionn\u00e9es, mais pour obtenir une note officielle, elles doivent \u00eatre test\u00e9es par un laboratoire de semences agr\u00e9\u00e9 par le gouvernement.<\/p>\n","protected":false},"author":239,"featured_media":23821,"parent":0,"menu_order":0,"comment_status":"closed","ping_status":"closed","template":"tmpl-blocks-contained.php","meta":{"_acf_changed":false,"_tec_requires_first_save":true,"_EventAllDay":false,"_EventTimezone":"","_EventStartDate":"","_EventEndDate":"","_EventStartDateUTC":"","_EventEndDateUTC":"","_EventShowMap":false,"_EventShowMapLink":false,"_EventURL":"","_EventCost":"","_EventCostDescription":"","_EventCurrencySymbol":"","_EventCurrencyCode":"","_EventCurrencyPosition":"","_EventDateTimeSeparator":"","_EventTimeRangeSeparator":"","_EventOrganizerID":[],"_EventVenueID":[],"_OrganizerEmail":"","_OrganizerPhone":"","_OrganizerWebsite":"","_VenueAddress":"","_VenueCity":"","_VenueCountry":"","_VenueProvince":"","_VenueState":"","_VenueZip":"","_VenuePhone":"","_VenueURL":"","_VenueStateProvince":"","_VenueLat":"","_VenueLng":"","_VenueShowMap":false,"_VenueShowMapLink":false,"_tribe_blocks_recurrence_rules":"","_tribe_blocks_recurrence_description":"","_tribe_blocks_recurrence_exclusions":"","_ecp_custom_4":"","_ecp_custom_7":"","_ecp_custom_9":"","_ecp_custom_10":"","_ecp_custom_12":"","_ecp_custom_13":"","footnotes":""},"post_region":[],"post_campaign":[347],"class_list":["post-26229","page","type-page","status-publish","has-post-thumbnail","hentry","post_campaign-semences"],"acf":[],"_links":{"self":[{"href":"https:\/\/www.nfu.ca\/fr\/wp-json\/wp\/v2\/pages\/26229","targetHints":{"allow":["GET"]}}],"collection":[{"href":"https:\/\/www.nfu.ca\/fr\/wp-json\/wp\/v2\/pages"}],"about":[{"href":"https:\/\/www.nfu.ca\/fr\/wp-json\/wp\/v2\/types\/page"}],"author":[{"embeddable":true,"href":"https:\/\/www.nfu.ca\/fr\/wp-json\/wp\/v2\/users\/239"}],"replies":[{"embeddable":true,"href":"https:\/\/www.nfu.ca\/fr\/wp-json\/wp\/v2\/comments?post=26229"}],"version-history":[{"count":0,"href":"https:\/\/www.nfu.ca\/fr\/wp-json\/wp\/v2\/pages\/26229\/revisions"}],"wp:featuredmedia":[{"embeddable":true,"href":"https:\/\/www.nfu.ca\/fr\/wp-json\/wp\/v2\/media\/23821"}],"wp:attachment":[{"href":"https:\/\/www.nfu.ca\/fr\/wp-json\/wp\/v2\/media?parent=26229"}],"wp:term":[{"taxonomy":"post_region","embeddable":true,"href":"https:\/\/www.nfu.ca\/fr\/wp-json\/wp\/v2\/post_region?post=26229"},{"taxonomy":"post_campaign","embeddable":true,"href":"https:\/\/www.nfu.ca\/fr\/wp-json\/wp\/v2\/post_campaign?post=26229"}],"curies":[{"name":"wp","href":"https:\/\/api.w.org\/{rel}","templated":true}]}}