
{"id":26226,"date":"2023-03-28T09:35:16","date_gmt":"2023-03-28T15:35:16","guid":{"rendered":"https:\/\/www.nfu.ca\/resume-semences-reglementation-modernisation-revue\/"},"modified":"2024-07-11T13:03:03","modified_gmt":"2024-07-11T19:03:03","slug":"resume-semences-reglementation-modernisation-revue","status":"publish","type":"page","link":"https:\/\/www.nfu.ca\/fr\/resume-semences-reglementation-modernisation-revue\/","title":{"rendered":"R\u00e9sum\u00e9 : Examen de la modernisation de la r\u00e9glementation sur les semences"},"content":{"rendered":"\n<header class=\"wp-block-cover alignfull has-custom-content-position is-position-bottom-center banner-top\" id=\"banner-top\"><span aria-hidden=\"true\" class=\"wp-block-cover__background has-background-dim has-background-gradient\" style=\"background:linear-gradient(180deg,rgba(0,0,0,0.97) 0%,rgba(0,0,0,0.05) 69%)\"><\/span><img loading=\"lazy\" decoding=\"async\" width=\"1800\" height=\"800\" src=\"https:\/\/www.nfu.ca\/wp-content\/uploads\/2018\/06\/nfu-campaign-seed-wikipedia-banner.jpg\" class=\"wp-block-cover__image-background wp-post-image\" alt=\"\" data-object-fit=\"cover\" srcset=\"https:\/\/www.nfu.ca\/wp-content\/uploads\/2018\/06\/nfu-campaign-seed-wikipedia-banner.jpg 1800w, https:\/\/www.nfu.ca\/wp-content\/uploads\/2018\/06\/nfu-campaign-seed-wikipedia-banner-300x133.jpg 300w, https:\/\/www.nfu.ca\/wp-content\/uploads\/2018\/06\/nfu-campaign-seed-wikipedia-banner-768x341.jpg 768w, https:\/\/www.nfu.ca\/wp-content\/uploads\/2018\/06\/nfu-campaign-seed-wikipedia-banner-1024x455.jpg 1024w, https:\/\/www.nfu.ca\/wp-content\/uploads\/2018\/06\/nfu-campaign-seed-wikipedia-banner-1600x711.jpg 1600w\" sizes=\"auto, (max-width: 1800px) 100vw, 1800px\" \/><div class=\"wp-block-cover__inner-container is-layout-flow wp-block-cover-is-layout-flow\">\n<p class=\"has-text-align-left has-large-font-size\"><\/p>\n<\/div><\/header>\n<ol class=\"breadcrumb\"><li><a href=\"https:\/\/www.nfu.ca\/fr\/\">National Farmers Union<\/a><\/li><\/ol>\n\n<div class=\"wp-block-stackable-heading stk-block-heading stk-block-heading--v2 stk-block stk-35b1992\" id=\"summary-seed-regulatory-modernization-review\" data-block-id=\"35b1992\"><h1 class=\"stk-block-heading__text\">R\u00e9sum\u00e9 : Examen de la modernisation de la r\u00e9glementation sur les semences<\/h1><\/div>\n\n<div class=\"wp-block-stackable-columns stk-block-columns stk-block stk-54b76e7 content-upper\" id=\"content-upper\" data-block-id=\"54b76e7\"><div class=\"stk-row stk-inner-blocks has-text-align-left stk-block-content stk-content-align stk-54b76e7-column\">\n<div class=\"wp-block-stackable-column stk-block-column stk-column stk-block stk-ef63229\" data-v=\"4\" data-block-id=\"ef63229\"><style>@media screen and (min-width:768px){.stk-ef63229{flex:var(--stk-flex-grow,1) 1 calc(66.666% - var(--stk-column-gap,0px) * 1 \/ 2 ) !important}}<\/style><div class=\"stk-column-wrapper stk-block-column__content stk-container stk-ef63229-container stk--no-background stk--no-padding\"><div class=\"has-text-align-left stk-block-content stk-inner-blocks stk-ef63229-inner-blocks\">\n<p class=\"has-medium-font-size\">Ce r\u00e9sum\u00e9 vous donne un <strong>aper\u00e7u<\/strong> g\u00e9n\u00e9ral <strong>de l&rsquo;examen de la modernisation de la r\u00e9glementation sur les semences<\/strong>, de son importance et de ce que <em>vous<\/em> pouvez faire \u00e0 ce sujet.<\/p>\n\n\n\n<div class=\"wp-block-media-text is-stacked-on-mobile\" style=\"grid-template-columns:15% auto\"><figure class=\"wp-block-media-text__media\"><img loading=\"lazy\" decoding=\"async\" width=\"791\" height=\"1024\" src=\"https:\/\/www.nfu.ca\/wp-content\/uploads\/2024\/03\/2024-SRM_Summary-cover-791x1024.jpg\" alt=\"R\u00e9sum\u00e9 du MRS 2024\" class=\"wp-image-19907 size-full\" srcset=\"https:\/\/www.nfu.ca\/wp-content\/uploads\/2024\/03\/2024-SRM_Summary-cover-791x1024.jpg 791w, https:\/\/www.nfu.ca\/wp-content\/uploads\/2024\/03\/2024-SRM_Summary-cover-232x300.jpg 232w, https:\/\/www.nfu.ca\/wp-content\/uploads\/2024\/03\/2024-SRM_Summary-cover-768x994.jpg 768w, https:\/\/www.nfu.ca\/wp-content\/uploads\/2024\/03\/2024-SRM_Summary-cover-1187x1536.jpg 1187w, https:\/\/www.nfu.ca\/wp-content\/uploads\/2024\/03\/2024-SRM_Summary-cover-1583x2048.jpg 1583w, https:\/\/www.nfu.ca\/wp-content\/uploads\/2024\/03\/2024-SRM_Summary-cover-1600x2071.jpg 1600w, https:\/\/www.nfu.ca\/wp-content\/uploads\/2024\/03\/2024-SRM_Summary-cover.jpg 1800w\" sizes=\"auto, (max-width: 791px) 100vw, 791px\" \/><\/figure><div class=\"wp-block-media-text__content\">\n<p><a href=\"https:\/\/www.nfu.ca\/wp-content\/uploads\/2023\/03\/SRM_SummaryForTranslation_GC_Formatted.pdf\"><\/a><a href=\"https:\/\/www.nfu.ca\/wp-content\/uploads\/2023\/03\/SRM_SummaryForTranslation_GC_Formatted.pdf\">Cliquez ici pour t\u00e9l\u00e9charger la version PDF de ce r\u00e9sum\u00e9<\/a><\/p>\n<\/div><\/div>\n\n\n\n<p>La r\u00e9glementation canadienne sur les semences a cr\u00e9\u00e9 une base solide pour notre syst\u00e8me alimentaire dans l&rsquo;int\u00e9r\u00eat du public. Le r\u00e8glement sur les semences a \u00e9t\u00e9 con\u00e7u pour prot\u00e9ger les fermi\u00e8res contre les vendeurs de semences peu scrupuleux, ainsi que contre la fraude et les fausses d\u00e9clarations au sein du syst\u00e8me des semences. Ils garantissent la valeur de nos produits agricoles pour les fermi\u00e8res et les utilisateurs finaux gr\u00e2ce \u00e0 des processus fond\u00e9s sur des preuves et transparents pour l&rsquo;enregistrement de nouvelles vari\u00e9t\u00e9s, la certification des semences et la mise \u00e0 jour des r\u00e9glementations.<\/p>\n\n\n\n<p>L&rsquo;Agence canadienne d&rsquo;inspection des aliments (ACIA) m\u00e8ne actuellement un processus de modernisation de la r\u00e9glementation sur les semences (MRS) afin de revoir notre r\u00e9glementation sur les semences. Ce processus pourrait entra\u00eener des changements majeurs, et pas n\u00e9cessairement au b\u00e9n\u00e9fice des fermi\u00e8res. Les entreprises mondiales de semences, de biotechnologies et de produits chimiques font pression pour obtenir des amendements qui leur seraient favorables au d\u00e9triment des fermi\u00e8res et de l&rsquo;int\u00e9r\u00eat public.<\/p>\n\n\n\n<p>La Nationale des Fermiers (UNF) veut s&rsquo;assurer que vous disposez des informations n\u00e9cessaires pour vous engager dans ce processus. Nous avons pr\u00e9par\u00e9 ce bref r\u00e9sum\u00e9 du processus de MRS, des enjeux et de la mani\u00e8re dont vous pouvez agir pour que les semences restent entre les mains des fermi\u00e8res.<\/p>\n\n\n\n<p>En f\u00e9vrier 2019, un groupe de travail sur la modernisation de la r\u00e9glementation des semences (SRMWG) a \u00e9t\u00e9 nomm\u00e9 pour examiner et proposer des modifications au r\u00e8glement sur les semences. Il s&rsquo;agit d&rsquo;un comit\u00e9 de 14 membres, dirig\u00e9 par l&rsquo;ACIA, compos\u00e9 de repr\u00e9sentants du secteur des semences, de groupes de producteurs, d&rsquo;associations de produits, d&rsquo;obtenteurs publics et de deux organisations non gouvernementales. Le processus SRM implique \u00e9galement plusieurs \u00e9quipes sp\u00e9ciales qui se penchent sur des d\u00e9tails plus techniques et font rapport au SRMWG en formulant des recommandations sur certains sujets. Vous trouverez ci-dessous une fiche information sur certains de ces sujets : l&rsquo;enregistrement des vari\u00e9t\u00e9s, les tableaux de classification des semences et l&rsquo;incorporation par r\u00e9f\u00e9rence.<\/p>\n\n\n\n<h5 class=\"wp-block-heading\"><strong>Enregistrement des vari\u00e9t\u00e9s<\/strong><\/h5>\n\n\n\n<p>Notre syst\u00e8me d&rsquo;enregistrement des vari\u00e9t\u00e9s exige que les nouvelles vari\u00e9t\u00e9s soient test\u00e9es pour s&rsquo;assurer qu&rsquo;elles r\u00e9pondent toujours aux normes dont d\u00e9pendent les fermi\u00e8res avant de pouvoir \u00eatre vendues. Gr\u00e2ce \u00e0 ce syst\u00e8me, les fermiers canadiens qui ach\u00e8tent des semences peuvent \u00eatre s\u00fbrs que les vari\u00e9t\u00e9s enregistr\u00e9es fonctionnent bien dans nos conditions de culture, qu&rsquo;elles n&rsquo;h\u00e9bergent pas de maladies v\u00e9g\u00e9tales graves et qu&rsquo;elles produiront des cultures appr\u00e9ci\u00e9es par nos clients, tout cela parce qu&rsquo;elles sont \u00e9valu\u00e9es de mani\u00e8re ind\u00e9pendante par des experts. Nous savons que les caract\u00e9ristiques de la vari\u00e9t\u00e9 &#8211; telles que le nombre de jours avant maturit\u00e9, le rendement, la r\u00e9sistance aux maladies, la hauteur et d&rsquo;autres donn\u00e9es relatives \u00e0 la culture &#8211; sont v\u00e9rifi\u00e9es par des tests ind\u00e9pendants dont les r\u00e9sultats sont publi\u00e9s. En s\u00e9parant le processus d&rsquo;essai et de documentation de l&rsquo;activit\u00e9 de vente de semences, on prot\u00e8ge les fermi\u00e8res et l&rsquo;ensemble du syst\u00e8me agricole contre les fausses d\u00e9clarations et les fraudes.<\/p>\n\n\n\n<p>Les entreprises de semences qui participent au processus de MRS font pression pour affaiblir, voire supprimer, notre syst\u00e8me national d&rsquo;enregistrement des vari\u00e9t\u00e9s. Les fermi\u00e8res n&rsquo;auraient plus acc\u00e8s aux donn\u00e9es impartiales et ind\u00e9pendantes dont elles ont besoin pour prendre des d\u00e9cisions cruciales en mati\u00e8re d&rsquo;achat de semences. Ils devraient obtenir leurs informations aupr\u00e8s de soci\u00e9t\u00e9s de semences soucieuses de maximiser leurs profits, ce qui constitue un conflit d&rsquo;int\u00e9r\u00eats inacceptable.<\/p>\n\n\n\n<h5 class=\"wp-block-heading\"><strong>Tableaux des grades<\/strong><\/h5>\n\n\n\n<p>Le r\u00e8glement sur les semences comprend une s\u00e9rie de tableaux de classement qui fixent des normes minimales pour la pr\u00e9sence de graines de mauvaises herbes, la pr\u00e9sence de semences d&rsquo;autres cultures, la pr\u00e9sence d&rsquo;autres contaminants pertinents pour la culture et les taux de germination pour toutes les grandes cultures et les m\u00e9langes de grandes cultures de semences s\u00e9lectionn\u00e9es vendues au Canada.<\/p>\n\n\n\n<p>Les fermiers canadiens qui ach\u00e8tent des semences s\u00e9lectionn\u00e9es peuvent \u00eatre s\u00fbrs que la qualit\u00e9 des semences est le r\u00e9sultat d&rsquo;un processus de v\u00e9rification officiel par une tierce partie autoris\u00e9e par l&rsquo;ACIA. La cat\u00e9gorie officielle du lot de semences est imprim\u00e9e sur l&rsquo;\u00e9tiquette bleue attach\u00e9e \u00e0 chaque sac de semences et garantit que les semences r\u00e9pondent \u00e0 des normes minimales de puret\u00e9 et de germination.<\/p>\n\n\n\n<p>Les cat\u00e9gories de semences sont faciles \u00e0 comprendre, simples \u00e0 comparer et contr\u00f4l\u00e9es par des institutions publiques qui ne sont pas impliqu\u00e9es dans la vente de semences. Les r\u00e8gles et les normes relatives \u00e0 l&rsquo;utilisation des cat\u00e9gories de semences sont appliqu\u00e9es par l&rsquo;ACIA, qui assure la surveillance publique des normes de qualit\u00e9 des semences au Canada.<\/p>\n\n\n\n<h5 class=\"wp-block-heading\"><strong>Incorporation par r\u00e9f\u00e9rence<\/strong><\/h5>\n\n\n\n<p>Incorporation par r\u00e9f\u00e9rence [IBR] est une nouvelle strat\u00e9gie r\u00e9glementaire qui consiste, au lieu d&rsquo;ins\u00e9rer le libell\u00e9 d&rsquo;une r\u00e8gle dans le texte d&rsquo;un r\u00e8glement, \u00e0 \u00ab\u00a0renvoyer\u00a0\u00bb simplement \u00e0 un autre document. Ces documents sont cr\u00e9\u00e9s en dehors des processus habituels d&rsquo;\u00e9laboration des r\u00e8glements au Canada. Elles peuvent \u00e9galement \u00eatre modifi\u00e9es sans consulter ni m\u00eame informer les fermiers et le grand public. L&rsquo;IBR r\u00e9duit donc la transparence de notre syst\u00e8me r\u00e9glementaire et accro\u00eet le risque que le secteur des semences d&rsquo;entreprise exerce une influence indue sur l&rsquo;\u00e9laboration des r\u00e8gles. Les entreprises mondiales de semences, de biotechnologie et de produits chimiques souhaitent que les r\u00e9gulateurs utilisent l&rsquo;IBR pour toutes les exigences de certification des semences.<\/p>\n\n\n\n<p>Les semences sont un \u00e9l\u00e9ment fondamental de l&rsquo;agriculture, et les changements dans la mani\u00e8re dont elles sont r\u00e9gies ont des r\u00e9percussions \u00e9tendues et durables. Nous devons continuer \u00e0 utiliser la proc\u00e9dure de modification r\u00e9glementaire de la Gazette du Canada. qui privil\u00e9gie la transparence et la responsabilit\u00e9 pour les fermi\u00e8res plut\u00f4t que la rapidit\u00e9 et la commodit\u00e9 pour les entreprises.<\/p>\n\n\n\n<h5 class=\"wp-block-heading\"><strong>Pourquoi c&rsquo;est important<\/strong><\/h5>\n\n\n\n<p>L&rsquo;examen de la modernisation de la r\u00e9glementation des semences met sur la table tous les piliers de notre syst\u00e8me de semences &#8211; et le r\u00e9sultat pourrait apporter des changements majeurs qui nuisent \u00e0 l&rsquo;int\u00e9r\u00eat public, affaiblissent l&rsquo;agriculture au Canada et rendent les semences moins fiables et plus co\u00fbteuses pour les fermi\u00e8res. Le processus de MRS devrait plut\u00f4t servir \u00e0 soutenir davantage les fermi\u00e8res et \u00e0 renforcer notre syst\u00e8me de semences.<\/p>\n\n\n\n<p>L&rsquo;ACIA sollicite l&rsquo;avis des fermi\u00e8res et d&rsquo;autres acteurs du secteur des semences afin de formuler des recommandations pour l&rsquo;avenir de notre syst\u00e8me de semences. L&rsquo;UNF a soigneusement analys\u00e9 les questions de l&rsquo;ACIA et vous propose un Guide de l&rsquo;agriculteur pour vous permettre de r\u00e9pondre facilement \u00e0 l&rsquo;enqu\u00eate avec des r\u00e9ponses qui soutiendront les int\u00e9r\u00eats des fermi\u00e8res<a href=\"https:\/\/www.nfu.ca\/wp-content\/uploads\/2023\/03\/NFU-Farmers-Guide-to-CFIA-Winter-2023-SRM-Consultation.pdf\">(cliquez ici pour un PDF du Guide de l&rsquo;agriculteur<\/a> ou <a href=\"https:\/\/www.nfu.ca\/farmers-guide-cfia-winter-2023-seed-regulations-survey\/\">ici pour une version HTML<\/a>). Vous pouvez faire entendre votre voix en <a rel=\"noopener\" target=\"_blank\" href=\"https:\/\/ca1se.voxco.com\/SE\/93\/SRM_MRS\/?&amp;lang=en\">cliquant ici pour r\u00e9pondre \u00e0 l&rsquo;enqu\u00eate de l&rsquo;ACIA<\/a> avant la fin du mois d&rsquo;avril, car l&rsquo;enqu\u00eate se termine le 1er mai.<\/p>\n\n\n\n<p>L&rsquo;UNF a produit une s\u00e9rie de fiches d&rsquo;information qui fournissent plus de d\u00e9tails sur les piliers cl\u00e9s de notre syst\u00e8me de semences. Pour trouver ces informations et d&rsquo;autres, <a href=\"https:\/\/www.nfu.ca\/campaigns\/save-our-seed\/seed-regulatory-modernization\/\">visitez notre site web<\/a>. Si vous avez des questions, vous pouvez envoyer un courriel \u00e0 l&rsquo;<a href=\"mailto:nfu@nfu.ca\">UNF<\/a> en indiquant \u00ab\u00a0R\u00e8glement sur les semences\u00a0\u00bb dans l&rsquo;objet du message.<\/p>\n<\/div><\/div><\/div>\n\n\n\n<div class=\"wp-block-stackable-column stk-block-column stk-column stk-block stk-5eb44eb\" data-v=\"4\" data-block-id=\"5eb44eb\"><style>@media screen and (min-width:768px){.stk-5eb44eb{flex:var(--stk-flex-grow,1) 1 calc(33.334% - var(--stk-column-gap,0px) * 1 \/ 2 ) !important}}<\/style><div class=\"stk-column-wrapper stk-block-column__content stk-container stk-5eb44eb-container stk--no-background stk--no-padding\"><div class=\"stk-block-content stk-inner-blocks stk-5eb44eb-inner-blocks\"><nav class=\"is-vertical no-wrap wp-block-navigation is-nowrap is-layout-flex wp-container-core-navigation-is-layout-947ac36b wp-block-navigation-is-layout-flex\" aria-label=\"Campaign Nav - Save Our Seed\"><ul class=\"wp-block-navigation__container  is-vertical no-wrap wp-block-navigation\"><li class=\" wp-block-navigation-item wp-block-navigation-link\"><a class=\"wp-block-navigation-item__content\"  href=\"https:\/\/www.nfu.ca\/learn\/save-our-seed\/\"><span class=\"wp-block-navigation-item__label\">Overview<\/span><\/a><\/li><li class=\" wp-block-navigation-item wp-block-navigation-link\"><a class=\"wp-block-navigation-item__content\"  href=\"https:\/\/www.nfu.ca\/learn\/save-our-seed\/fundamental-principles-of-a-farmers-seed-act\/\"><span class=\"wp-block-navigation-item__label\">Fundamental Principles of a Farmers Seed Act<\/span><\/a><\/li><li class=\" wp-block-navigation-item wp-block-navigation-link\"><a class=\"wp-block-navigation-item__content\"  href=\"https:\/\/www.nfu.ca\/learn\/save-our-seed\/seed-regulatory-modernization\/\"><span class=\"wp-block-navigation-item__label\">Seed Regulatory Modernization<\/span><\/a><\/li><li class=\" wp-block-navigation-item wp-block-navigation-link\"><a class=\"wp-block-navigation-item__content\"  href=\"https:\/\/www.nfu.ca\/learn\/save-our-seed\/gene-edited-seed\/\"><span class=\"wp-block-navigation-item__label\">Gene Edited Seed<\/span><\/a><\/li><li class=\" wp-block-navigation-item wp-block-navigation-link\"><a class=\"wp-block-navigation-item__content\"  href=\"https:\/\/www.nfu.ca\/learn\/save-our-seed\/upov\/\"><span class=\"wp-block-navigation-item__label\">UPOV<\/span><\/a><\/li><li class=\" wp-block-navigation-item wp-block-navigation-link\"><a class=\"wp-block-navigation-item__content\"  href=\"https:\/\/www.nfu.ca\/learn\/save-our-seed\/plant-breeders-rights-in-canada-under-upov-91\/\"><span class=\"wp-block-navigation-item__label\">Plant Breeders Rights in Canada<\/span><\/a><\/li><li class=\" wp-block-navigation-item wp-block-navigation-link\"><a class=\"wp-block-navigation-item__content\"  href=\"https:\/\/www.nfu.ca\/learn\/save-our-seed\/right-to-farm-saved-seed\/\"><span class=\"wp-block-navigation-item__label\">Farm Saved Seed Rights<\/span><\/a><\/li><li class=\" wp-block-navigation-item wp-block-navigation-link\"><a class=\"wp-block-navigation-item__content\"  href=\"https:\/\/www.nfu.ca\/learn\/save-our-seed\/stop-genetically-modified-alfalfa\/\"><span class=\"wp-block-navigation-item__label\">GM Alfalfa<\/span><\/a><\/li><li class=\" wp-block-navigation-item wp-block-navigation-link\"><a class=\"wp-block-navigation-item__content\"  href=\"https:\/\/www.nfu.ca\/learn\/save-our-seed\/bill-c-18-archive\/\"><span class=\"wp-block-navigation-item__label\">Bill C-18 Campaign Archive<\/span><\/a><\/li><li class=\" wp-block-navigation-item wp-block-navigation-link\"><a class=\"wp-block-navigation-item__content\"  href=\"https:\/\/www.nfu.ca\/learn\/save-our-seed\/seed-industry-lobby\/\"><span class=\"wp-block-navigation-item__label\">The Seed Industry Lobby<\/span><\/a><\/li><li class=\" wp-block-navigation-item wp-block-navigation-link\"><a class=\"wp-block-navigation-item__content\"  href=\"https:\/\/www.nfu.ca\/learn\/save-our-seed\/video-series-save-our-seeds\/\"><span class=\"wp-block-navigation-item__label\">Seed Videos<\/span><\/a><\/li><li class=\" wp-block-navigation-item wp-block-navigation-link\"><a class=\"wp-block-navigation-item__content\"  href=\"https:\/\/www.nfu.ca\/learn\/save-our-seed\/campaign-resources\/\"><span class=\"wp-block-navigation-item__label\">Campaign Resources<\/span><\/a><\/li><\/ul><\/nav><\/div><\/div><\/div>\n<\/div><\/div>\n","protected":false},"excerpt":{"rendered":"<p>Le r\u00e8glement canadien sur les semences comprend une s\u00e9rie de tableaux de classement qui fixent des normes pour toutes les grandes cultures et tous les m\u00e9langes de grandes cultures de semences s\u00e9lectionn\u00e9es vendus au Canada. Toutes les semences s\u00e9lectionn\u00e9es doivent \u00eatre class\u00e9es avant d&rsquo;\u00eatre vendues. Les semences s\u00e9lectionn\u00e9es peuvent \u00eatre retrac\u00e9es jusqu&rsquo;\u00e0 l&rsquo;obtenteur d&rsquo;origine au moyen d&rsquo;un document officiel supervis\u00e9 par l&rsquo;ACIA. Les semences de ma\u00efs ne sont pas incluses dans le syst\u00e8me canadien de semences s\u00e9lectionn\u00e9es, mais pour obtenir une note officielle, elles doivent \u00eatre test\u00e9es par un laboratoire de semences agr\u00e9\u00e9 par le gouvernement.<\/p>\n","protected":false},"author":239,"featured_media":23821,"parent":0,"menu_order":0,"comment_status":"closed","ping_status":"closed","template":"tmpl-blocks-contained.php","meta":{"_acf_changed":false,"_tec_requires_first_save":true,"_EventAllDay":false,"_EventTimezone":"","_EventStartDate":"","_EventEndDate":"","_EventStartDateUTC":"","_EventEndDateUTC":"","_EventShowMap":false,"_EventShowMapLink":false,"_EventURL":"","_EventCost":"","_EventCostDescription":"","_EventCurrencySymbol":"","_EventCurrencyCode":"","_EventCurrencyPosition":"","_EventDateTimeSeparator":"","_EventTimeRangeSeparator":"","_EventOrganizerID":[],"_EventVenueID":[],"_OrganizerEmail":"","_OrganizerPhone":"","_OrganizerWebsite":"","_VenueAddress":"","_VenueCity":"","_VenueCountry":"","_VenueProvince":"","_VenueState":"","_VenueZip":"","_VenuePhone":"","_VenueURL":"","_VenueStateProvince":"","_VenueLat":"","_VenueLng":"","_VenueShowMap":false,"_VenueShowMapLink":false,"_tribe_blocks_recurrence_rules":"","_tribe_blocks_recurrence_description":"","_tribe_blocks_recurrence_exclusions":"","_ecp_custom_4":"","_ecp_custom_7":"","_ecp_custom_9":"","_ecp_custom_10":"","_ecp_custom_12":"","_ecp_custom_13":"","footnotes":""},"post_region":[],"post_campaign":[347],"class_list":["post-26226","page","type-page","status-publish","has-post-thumbnail","hentry","post_campaign-semences"],"acf":[],"_links":{"self":[{"href":"https:\/\/www.nfu.ca\/fr\/wp-json\/wp\/v2\/pages\/26226","targetHints":{"allow":["GET"]}}],"collection":[{"href":"https:\/\/www.nfu.ca\/fr\/wp-json\/wp\/v2\/pages"}],"about":[{"href":"https:\/\/www.nfu.ca\/fr\/wp-json\/wp\/v2\/types\/page"}],"author":[{"embeddable":true,"href":"https:\/\/www.nfu.ca\/fr\/wp-json\/wp\/v2\/users\/239"}],"replies":[{"embeddable":true,"href":"https:\/\/www.nfu.ca\/fr\/wp-json\/wp\/v2\/comments?post=26226"}],"version-history":[{"count":0,"href":"https:\/\/www.nfu.ca\/fr\/wp-json\/wp\/v2\/pages\/26226\/revisions"}],"wp:featuredmedia":[{"embeddable":true,"href":"https:\/\/www.nfu.ca\/fr\/wp-json\/wp\/v2\/media\/23821"}],"wp:attachment":[{"href":"https:\/\/www.nfu.ca\/fr\/wp-json\/wp\/v2\/media?parent=26226"}],"wp:term":[{"taxonomy":"post_region","embeddable":true,"href":"https:\/\/www.nfu.ca\/fr\/wp-json\/wp\/v2\/post_region?post=26226"},{"taxonomy":"post_campaign","embeddable":true,"href":"https:\/\/www.nfu.ca\/fr\/wp-json\/wp\/v2\/post_campaign?post=26226"}],"curies":[{"name":"wp","href":"https:\/\/api.w.org\/{rel}","templated":true}]}}