
{"id":26218,"date":"2022-12-13T14:35:48","date_gmt":"2022-12-13T20:35:48","guid":{"rendered":"https:\/\/www.nfu.ca\/apprendre\/sauver-nos-semences\/ressources-pour-la-campagne\/"},"modified":"2024-07-11T13:02:51","modified_gmt":"2024-07-11T19:02:51","slug":"ressources-pour-la-campagne","status":"publish","type":"page","link":"https:\/\/www.nfu.ca\/fr\/apprendre\/sauver-nos-semences\/ressources-pour-la-campagne\/","title":{"rendered":"Save Our Seed &#8211; Ressources pour la campagne"},"content":{"rendered":"\n<header class=\"wp-block-cover alignfull is-light has-custom-content-position is-position-bottom-left banner-upper\" id=\"banner-upper\"><span aria-hidden=\"true\" class=\"wp-block-cover__background has-background-dim wp-block-cover__gradient-background has-background-gradient\" style=\"background-color:#9f8b82;background:linear-gradient(180deg,rgb(109,7,227) 0%,rgba(109,7,227,0) 58%)\"><\/span><img loading=\"lazy\" decoding=\"async\" width=\"1800\" height=\"600\" class=\"wp-block-cover__image-background wp-image-4451\" alt=\"Sunset Under Blue Skies on the Farm\" src=\"https:\/\/nfu.ca\/wp-content\/uploads\/2018\/04\/beautiful-sunset-under-blue-skies-on-the-farm-frank-kohntopp-banner-nfu-default.jpg\" data-object-fit=\"cover\" srcset=\"https:\/\/www.nfu.ca\/wp-content\/uploads\/2018\/04\/beautiful-sunset-under-blue-skies-on-the-farm-frank-kohntopp-banner-nfu-default.jpg 1800w, https:\/\/www.nfu.ca\/wp-content\/uploads\/2018\/04\/beautiful-sunset-under-blue-skies-on-the-farm-frank-kohntopp-banner-nfu-default-300x100.jpg 300w, https:\/\/www.nfu.ca\/wp-content\/uploads\/2018\/04\/beautiful-sunset-under-blue-skies-on-the-farm-frank-kohntopp-banner-nfu-default-768x256.jpg 768w, https:\/\/www.nfu.ca\/wp-content\/uploads\/2018\/04\/beautiful-sunset-under-blue-skies-on-the-farm-frank-kohntopp-banner-nfu-default-1024x341.jpg 1024w, https:\/\/www.nfu.ca\/wp-content\/uploads\/2018\/04\/beautiful-sunset-under-blue-skies-on-the-farm-frank-kohntopp-banner-nfu-default-1600x533.jpg 1600w\" sizes=\"auto, (max-width: 1800px) 100vw, 1800px\" \/><div class=\"wp-block-cover__inner-container is-layout-flow wp-block-cover-is-layout-flow\">\n<p class=\"has-text-align-center has-large-font-size\"><\/p>\n<\/div><\/header>\n<ol class=\"breadcrumb\"><li><a href=\"https:\/\/www.nfu.ca\/fr\/\">National Farmers Union<\/a><\/li><\/ol>\n\n<div class=\"wp-block-stackable-heading stk-block-heading stk-block-heading--v2 stk-block stk-c6c7b54\" id=\"campaign-resources\" data-block-id=\"c6c7b54\"><h1 class=\"stk-block-heading__text\">Ressources pour la campagne<\/h1><\/div>\n\n<div class=\"wp-block-stackable-columns stk-block-columns stk-block stk-54b76e7 content-upper\" id=\"content-upper\" data-block-id=\"54b76e7\"><div class=\"stk-row stk-inner-blocks has-text-align-left stk-block-content stk-content-align stk-54b76e7-column\">\n<div class=\"wp-block-stackable-column stk-block-column stk-column stk-block stk-ef63229\" data-v=\"4\" data-block-id=\"ef63229\"><style>@media screen and (min-width:768px){.stk-ef63229{flex:var(--stk-flex-grow,1) 1 calc(66.666% - var(--stk-column-gap,0px) * 1 \/ 2 ) !important}}<\/style><div class=\"stk-column-wrapper stk-block-column__content stk-container stk-ef63229-container stk--no-background stk--no-padding\"><div class=\"has-text-align-left stk-block-content stk-inner-blocks stk-ef63229-inner-blocks\">\n<p><a href=\"https:\/\/www.nfu.ca\/wp-content\/uploads\/2019\/02\/2019-Right-to-Save-Seeds-Petition-1.pdf\"><strong>P\u00e9tition \u00ab\u00a0Sauvez nos semences<\/strong><\/a><\/p>\n\n\n\n<p>T\u00e9l\u00e9chargez et imprimez <a href=\"https:\/\/www.nfu.ca\/wp-content\/uploads\/2019\/02\/2019-Right-to-Save-Seeds-Petition-1.pdf\">cette p\u00e9tition<\/a> et recueillez des signatures. T\u00e9l\u00e9chargez la <a href=\"https:\/\/www.nfu.ca\/wp-content\/uploads\/2019\/04\/P%C3%A9tition-semences-parlement.pdf\">p\u00e9tition fran\u00e7aise<\/a> ici. Chaque fois que vous avez des p\u00e9titions comportant 25 signatures ou plus, <a rel=\"noopener\" target=\"_blank\" href=\"http:\/\/www.ourcommons.ca\/Parliamentarians\/en\/members\">envoyez l&rsquo;original des p\u00e9titions remplies \u00e0 votre d\u00e9put\u00e9<\/a> pour qu&rsquo;il les pr\u00e9sente au Parlement. Aucun affranchissement n&rsquo;est n\u00e9cessaire lorsque vous envoyez votre courrier \u00e0 votre d\u00e9put\u00e9 \u00e0 la Chambre des communes, Ottawa, ON, K1A 0A6. Vous pouvez \u00e9galement remettre les p\u00e9titions \u00e0 votre d\u00e9put\u00e9 en personne dans son bureau de circonscription. Nous vous encourageons \u00e9galement \u00e0 envoyer une copie des p\u00e9titions remplies (photocopie, scan ou fax) <a href=\"https:\/\/www.nfu.ca\/about\/contact\/\">au bureau national de l&rsquo;UNF<\/a>, ainsi que le nom du d\u00e9put\u00e9 auquel vous les avez soumises. Vous pouvez \u00e9galement <a href=\"https:\/\/www.nfu.ca\/wp-content\/uploads\/2019\/03\/SOS-Petition-instructions.pdf\">t\u00e9l\u00e9charger les instructions<\/a> ici.<\/p>\n\n\n\n<p><strong>\n  <a href=\"https:\/\/www.nfu.ca\/wp-content\/uploads\/2019\/02\/Save-Our-Seed-Postcard-2019.pdf\" target=\"_blank\" rel=\"noreferrer noopener\">Carte postale \u00ab\u00a0Sauvez nos semences<\/a>\n<\/strong> &#8211; <a href=\"https:\/\/www.nfu.ca\/wp-content\/uploads\/2019\/02\/Save-Our-Seed-Postcard-2019.pdf\" target=\"_blank\" rel=\"noreferrer noopener\">T\u00e9l\u00e9chargez cette carte postale<\/a> et envoyez le fichier \u00e0 votre imprimerie locale pour qu&rsquo;elle l&rsquo;imprime sur du papier cartonn\u00e9, puis distribuez-la \u00e0 des personnes qui l&rsquo;enverront \u00e0 leur d\u00e9put\u00e9. Il suffit d&rsquo;inscrire le nom du d\u00e9put\u00e9 &#8211; la carte postale est pr\u00e9-imprim\u00e9e avec l&rsquo;adresse postale de la Chambre des communes.<\/p>\n\n\n\n<p><strong><a href=\"https:\/\/www.nfu.ca\/wp-content\/uploads\/2019\/02\/NFU-Guide-to-MP-Meetings.pdf\">Rencontrez votre d\u00e9put\u00e9 &#8211; Un guide de l&rsquo;UNF<\/a> <\/strong>&#8211; Consultez ce guide, puis contactez votre d\u00e9put\u00e9 pour organiser une r\u00e9union afin de discuter de la question des semences.<\/p>\n<\/div><\/div><\/div>\n\n\n\n<div class=\"wp-block-stackable-column stk-block-column stk-column stk-block stk-5eb44eb\" data-v=\"4\" data-block-id=\"5eb44eb\"><style>@media screen and (min-width:768px){.stk-5eb44eb{flex:var(--stk-flex-grow,1) 1 calc(33.333% - var(--stk-column-gap,0px) * 1 \/ 2 ) !important}}<\/style><div class=\"stk-column-wrapper stk-block-column__content stk-container stk-5eb44eb-container stk--no-background stk--no-padding\"><div class=\"stk-block-content stk-inner-blocks stk-5eb44eb-inner-blocks\"><nav class=\"is-vertical no-wrap wp-block-navigation is-nowrap is-layout-flex wp-container-core-navigation-is-layout-947ac36b wp-block-navigation-is-layout-flex\" aria-label=\"Campaign Nav - Save Our Seed\"><ul class=\"wp-block-navigation__container  is-vertical no-wrap wp-block-navigation\"><li class=\" wp-block-navigation-item wp-block-navigation-link\"><a class=\"wp-block-navigation-item__content\"  href=\"https:\/\/www.nfu.ca\/learn\/save-our-seed\/\"><span class=\"wp-block-navigation-item__label\">Overview<\/span><\/a><\/li><li class=\" wp-block-navigation-item wp-block-navigation-link\"><a class=\"wp-block-navigation-item__content\"  href=\"https:\/\/www.nfu.ca\/learn\/save-our-seed\/fundamental-principles-of-a-farmers-seed-act\/\"><span class=\"wp-block-navigation-item__label\">Fundamental Principles of a Farmers Seed Act<\/span><\/a><\/li><li class=\" wp-block-navigation-item wp-block-navigation-link\"><a class=\"wp-block-navigation-item__content\"  href=\"https:\/\/www.nfu.ca\/learn\/save-our-seed\/seed-regulatory-modernization\/\"><span class=\"wp-block-navigation-item__label\">Seed Regulatory Modernization<\/span><\/a><\/li><li class=\" wp-block-navigation-item wp-block-navigation-link\"><a class=\"wp-block-navigation-item__content\"  href=\"https:\/\/www.nfu.ca\/learn\/save-our-seed\/gene-edited-seed\/\"><span class=\"wp-block-navigation-item__label\">Gene Edited Seed<\/span><\/a><\/li><li class=\" wp-block-navigation-item wp-block-navigation-link\"><a class=\"wp-block-navigation-item__content\"  href=\"https:\/\/www.nfu.ca\/learn\/save-our-seed\/upov\/\"><span class=\"wp-block-navigation-item__label\">UPOV<\/span><\/a><\/li><li class=\" wp-block-navigation-item wp-block-navigation-link\"><a class=\"wp-block-navigation-item__content\"  href=\"https:\/\/www.nfu.ca\/learn\/save-our-seed\/plant-breeders-rights-in-canada-under-upov-91\/\"><span class=\"wp-block-navigation-item__label\">Plant Breeders Rights in Canada<\/span><\/a><\/li><li class=\" wp-block-navigation-item wp-block-navigation-link\"><a class=\"wp-block-navigation-item__content\"  href=\"https:\/\/www.nfu.ca\/learn\/save-our-seed\/right-to-farm-saved-seed\/\"><span class=\"wp-block-navigation-item__label\">Farm Saved Seed Rights<\/span><\/a><\/li><li class=\" wp-block-navigation-item wp-block-navigation-link\"><a class=\"wp-block-navigation-item__content\"  href=\"https:\/\/www.nfu.ca\/learn\/save-our-seed\/stop-genetically-modified-alfalfa\/\"><span class=\"wp-block-navigation-item__label\">GM Alfalfa<\/span><\/a><\/li><li class=\" wp-block-navigation-item wp-block-navigation-link\"><a class=\"wp-block-navigation-item__content\"  href=\"https:\/\/www.nfu.ca\/learn\/save-our-seed\/bill-c-18-archive\/\"><span class=\"wp-block-navigation-item__label\">Bill C-18 Campaign Archive<\/span><\/a><\/li><li class=\" wp-block-navigation-item wp-block-navigation-link\"><a class=\"wp-block-navigation-item__content\"  href=\"https:\/\/www.nfu.ca\/learn\/save-our-seed\/seed-industry-lobby\/\"><span class=\"wp-block-navigation-item__label\">The Seed Industry Lobby<\/span><\/a><\/li><li class=\" wp-block-navigation-item wp-block-navigation-link\"><a class=\"wp-block-navigation-item__content\"  href=\"https:\/\/www.nfu.ca\/learn\/save-our-seed\/video-series-save-our-seeds\/\"><span class=\"wp-block-navigation-item__label\">Seed Videos<\/span><\/a><\/li><li class=\" wp-block-navigation-item wp-block-navigation-link\"><a class=\"wp-block-navigation-item__content\"  href=\"https:\/\/www.nfu.ca\/learn\/save-our-seed\/campaign-resources\/\"><span class=\"wp-block-navigation-item__label\">Campaign Resources<\/span><\/a><\/li><\/ul><\/nav><\/div><\/div><\/div>\n<\/div><\/div>\n","protected":false},"excerpt":{"rendered":"<p>T\u00e9l\u00e9chargez une p\u00e9tition et une carte postale<\/p>\n","protected":false},"author":3,"featured_media":22930,"parent":26212,"menu_order":0,"comment_status":"closed","ping_status":"closed","template":"tmpl-blocks-contained.php","meta":{"_acf_changed":false,"_tec_requires_first_save":true,"_EventAllDay":false,"_EventTimezone":"","_EventStartDate":"","_EventEndDate":"","_EventStartDateUTC":"","_EventEndDateUTC":"","_EventShowMap":false,"_EventShowMapLink":false,"_EventURL":"","_EventCost":"","_EventCostDescription":"","_EventCurrencySymbol":"","_EventCurrencyCode":"","_EventCurrencyPosition":"","_EventDateTimeSeparator":"","_EventTimeRangeSeparator":"","_EventOrganizerID":[],"_EventVenueID":[],"_OrganizerEmail":"","_OrganizerPhone":"","_OrganizerWebsite":"","_VenueAddress":"","_VenueCity":"","_VenueCountry":"","_VenueProvince":"","_VenueState":"","_VenueZip":"","_VenuePhone":"","_VenueURL":"","_VenueStateProvince":"","_VenueLat":"","_VenueLng":"","_VenueShowMap":false,"_VenueShowMapLink":false,"_tribe_blocks_recurrence_rules":"","_tribe_blocks_recurrence_description":"","_tribe_blocks_recurrence_exclusions":"","_ecp_custom_4":"","_ecp_custom_7":"","_ecp_custom_9":"","_ecp_custom_10":"","_ecp_custom_12":"","_ecp_custom_13":"","footnotes":""},"post_region":[],"post_campaign":[347],"class_list":["post-26218","page","type-page","status-publish","has-post-thumbnail","hentry","page_categories-learning-page-fr","post_campaign-semences"],"acf":[],"_links":{"self":[{"href":"https:\/\/www.nfu.ca\/fr\/wp-json\/wp\/v2\/pages\/26218","targetHints":{"allow":["GET"]}}],"collection":[{"href":"https:\/\/www.nfu.ca\/fr\/wp-json\/wp\/v2\/pages"}],"about":[{"href":"https:\/\/www.nfu.ca\/fr\/wp-json\/wp\/v2\/types\/page"}],"author":[{"embeddable":true,"href":"https:\/\/www.nfu.ca\/fr\/wp-json\/wp\/v2\/users\/3"}],"replies":[{"embeddable":true,"href":"https:\/\/www.nfu.ca\/fr\/wp-json\/wp\/v2\/comments?post=26218"}],"version-history":[{"count":0,"href":"https:\/\/www.nfu.ca\/fr\/wp-json\/wp\/v2\/pages\/26218\/revisions"}],"up":[{"embeddable":true,"href":"https:\/\/www.nfu.ca\/fr\/wp-json\/wp\/v2\/pages\/26212"}],"wp:featuredmedia":[{"embeddable":true,"href":"https:\/\/www.nfu.ca\/fr\/wp-json\/wp\/v2\/media\/22930"}],"wp:attachment":[{"href":"https:\/\/www.nfu.ca\/fr\/wp-json\/wp\/v2\/media?parent=26218"}],"wp:term":[{"taxonomy":"post_region","embeddable":true,"href":"https:\/\/www.nfu.ca\/fr\/wp-json\/wp\/v2\/post_region?post=26218"},{"taxonomy":"post_campaign","embeddable":true,"href":"https:\/\/www.nfu.ca\/fr\/wp-json\/wp\/v2\/post_campaign?post=26218"}],"curies":[{"name":"wp","href":"https:\/\/api.w.org\/{rel}","templated":true}]}}