
{"id":26214,"date":"2023-02-23T11:06:10","date_gmt":"2023-02-23T17:06:10","guid":{"rendered":"https:\/\/www.nfu.ca\/fiche-dinformation-comprendre-les-semences-controlees-et-les-semences-communes\/"},"modified":"2024-07-11T13:02:47","modified_gmt":"2024-07-11T19:02:47","slug":"fiche-dinformation-comprendre-les-semences-controlees-et-les-semences-communes","status":"publish","type":"page","link":"https:\/\/www.nfu.ca\/fr\/fiche-dinformation-comprendre-les-semences-controlees-et-les-semences-communes\/","title":{"rendered":"Fiche d&rsquo;information &#8211; Comprendre les semences s\u00e9lectionn\u00e9es et les semences communes"},"content":{"rendered":"\n<div class=\"wp-block-cover alignfull has-custom-content-position is-position-bottom-center\"><span aria-hidden=\"true\" class=\"wp-block-cover__background has-background-dim-0 has-background-dim\"><\/span><img loading=\"lazy\" decoding=\"async\" width=\"1800\" height=\"800\" class=\"wp-block-cover__image-background wp-image-5065\" alt=\"NFU Campaign: Save Our Seed\" src=\"https:\/\/www.nfu.ca\/wp-content\/uploads\/2018\/06\/nfu-campaign-seed-wikipedia-banner.jpg\" data-object-fit=\"cover\" srcset=\"https:\/\/www.nfu.ca\/wp-content\/uploads\/2018\/06\/nfu-campaign-seed-wikipedia-banner.jpg 1800w, https:\/\/www.nfu.ca\/wp-content\/uploads\/2018\/06\/nfu-campaign-seed-wikipedia-banner-300x133.jpg 300w, https:\/\/www.nfu.ca\/wp-content\/uploads\/2018\/06\/nfu-campaign-seed-wikipedia-banner-768x341.jpg 768w, https:\/\/www.nfu.ca\/wp-content\/uploads\/2018\/06\/nfu-campaign-seed-wikipedia-banner-1024x455.jpg 1024w, https:\/\/www.nfu.ca\/wp-content\/uploads\/2018\/06\/nfu-campaign-seed-wikipedia-banner-1600x711.jpg 1600w\" sizes=\"auto, (max-width: 1800px) 100vw, 1800px\" \/><div class=\"wp-block-cover__inner-container is-layout-constrained wp-block-cover-is-layout-constrained\">\n<h1 class=\"wp-block-heading has-text-align-left has-white-color has-text-color has-link-color has-large-font-size wp-elements-7430ae1561e1a99d2177f3c448c6b524\"><\/h1>\n<\/div><\/div>\n\n<div class=\"wp-block-group is-layout-constrained wp-block-group-is-layout-constrained\"><ol class=\"breadcrumb\"><li><a href=\"https:\/\/www.nfu.ca\/fr\/\">National Farmers Union<\/a><\/li><\/ol>\n\n\n\n<h2 class=\"wp-block-heading\">Fiche d&rsquo;information &#8211; Comprendre les semences s\u00e9lectionn\u00e9es et les semences communes<\/h2>\n\n\n\n<div class=\"wp-block-stackable-columns stk-block-columns stk-block stk-54b76e7\" data-block-id=\"54b76e7\"><div class=\"stk-row stk-inner-blocks has-text-align-left stk-block-content stk-content-align stk-54b76e7-column\">\n<div class=\"wp-block-stackable-column stk-block-column stk-column stk-block stk-2a7189d\" data-v=\"4\" data-block-id=\"2a7189d\"><style>@media screen and (min-width:768px){.stk-2a7189d{flex:var(--stk-flex-grow,1) 1 calc(10% - var(--stk-column-gap,0px) * 1 \/ 2 ) !important}}<\/style><div class=\"stk-column-wrapper stk-block-column__content stk-container stk-2a7189d-container stk--no-background stk--no-padding\"><div class=\"stk-block-content stk-inner-blocks stk-2a7189d-inner-blocks\">\n<\/div><\/div><\/div>\n\n\n\n<div class=\"wp-block-stackable-column stk-block-column stk-column stk-block stk-ef63229\" data-v=\"4\" data-block-id=\"ef63229\"><style>@media screen and (min-width:768px){.stk-ef63229{flex:var(--stk-flex-grow,1) 1 calc(90% - var(--stk-column-gap,0px) * 1 \/ 2 ) !important}}<\/style><div class=\"stk-column-wrapper stk-block-column__content stk-container stk-ef63229-container stk--no-background stk--no-padding\"><div class=\"has-text-align-left stk-block-content stk-inner-blocks stk-ef63229-inner-blocks\">\n<figure class=\"wp-block-image alignright\"><a href=\"https:\/\/www.nfu.ca\/wp-content\/uploads\/2022\/12\/2022-11-10-OC-version-Info-Sheet-3-Pedigreed-and-Common-Seed.pdf\"><img loading=\"lazy\" decoding=\"async\" width=\"232\" height=\"300\" src=\"https:\/\/www.nfu.ca\/wp-content\/uploads\/2022\/12\/2022-11-10-Cover-Pedigreed-and-Common-Seed-232x300.jpg\" alt=\"\" class=\"wp-image-16391\" srcset=\"https:\/\/www.nfu.ca\/wp-content\/uploads\/2022\/12\/2022-11-10-Cover-Pedigreed-and-Common-Seed-232x300.jpg 232w, https:\/\/www.nfu.ca\/wp-content\/uploads\/2022\/12\/2022-11-10-Cover-Pedigreed-and-Common-Seed-791x1024.jpg 791w, https:\/\/www.nfu.ca\/wp-content\/uploads\/2022\/12\/2022-11-10-Cover-Pedigreed-and-Common-Seed-768x994.jpg 768w, https:\/\/www.nfu.ca\/wp-content\/uploads\/2022\/12\/2022-11-10-Cover-Pedigreed-and-Common-Seed-1187x1536.jpg 1187w, https:\/\/www.nfu.ca\/wp-content\/uploads\/2022\/12\/2022-11-10-Cover-Pedigreed-and-Common-Seed-1583x2048.jpg 1583w, https:\/\/www.nfu.ca\/wp-content\/uploads\/2022\/12\/2022-11-10-Cover-Pedigreed-and-Common-Seed-1600x2071.jpg 1600w, https:\/\/www.nfu.ca\/wp-content\/uploads\/2022\/12\/2022-11-10-Cover-Pedigreed-and-Common-Seed.jpg 1700w\" sizes=\"auto, (max-width: 232px) 100vw, 232px\" \/><\/a><\/figure>\n\n\n\n<p>Cette fiche d&rsquo;information vous aidera \u00e0 comprendre les diff\u00e9rences et les similitudes entre les semences s\u00e9lectionn\u00e9es et les semences ordinaires, ainsi que leur importance dans notre syst\u00e8me de semences.<\/p>\n\n\n\n<p>Les semences g\u00e9n\u00e9alogiques et les semences ordinaires sont soutenues par la r\u00e9glementation canadienne sur les semences, qui prot\u00e8ge les fermi\u00e8res depuis pr\u00e8s de 100 ans. Mais cela pourrait bient\u00f4t changer, et pas n\u00e9cessairement au b\u00e9n\u00e9fice des fermi\u00e8res. L&rsquo;Agence canadienne d&rsquo;inspection des aliments (ACIA) m\u00e8ne actuellement un processus de modernisation de la r\u00e9glementation sur les semences qui pourrait apporter des changements majeurs \u00e0 notre syst\u00e8me.<\/p>\n\n\n\n<h5 class=\"wp-block-heading\">Qu&rsquo;est-ce que les semences s\u00e9lectionn\u00e9es ?<\/h5>\n\n\n\n<p>Lorsque les semences ont un pedigree, leur parent\u00e9 a \u00e9t\u00e9 document\u00e9e et peut \u00eatre retrac\u00e9e sur plusieurs g\u00e9n\u00e9rations. Les semences s\u00e9lectionn\u00e9es sont produites selon des r\u00e8gles pr\u00e9cises, par des fermi\u00e8res membres de l&rsquo;Association canadienne des producteurs de semences (ACPS). Ils sont sp\u00e9cialis\u00e9s dans la culture de semences et suivent des pratiques strictes. L&rsquo;inspection par un tiers garantit que les semences r\u00e9pondent \u00e0 des normes \u00e9lev\u00e9es en mati\u00e8re de puret\u00e9 vari\u00e9tale.<\/p>\n\n\n\n<p>Certains fermiers ach\u00e8tent des semences s\u00e9lectionn\u00e9es chaque ann\u00e9e, d&rsquo;autres utilisent des semences de ferme et n&rsquo;ach\u00e8tent des semences s\u00e9lectionn\u00e9es que lorsqu&rsquo;ils changent de vari\u00e9t\u00e9 ou ach\u00e8tent des semences s\u00e9lectionn\u00e9es tous les trois \u00e0 cinq ans afin de maintenir les caract\u00e9ristiques de la vari\u00e9t\u00e9 dans leurs cultures. Certains fermiers pr\u00e9f\u00e8rent utiliser des semences communes afin de r\u00e9aliser des \u00e9conomies et de b\u00e9n\u00e9ficier des caract\u00e9ristiques pr\u00e9sentes dans des vari\u00e9t\u00e9s plus anciennes qui ne sont plus soumises aux droits d&rsquo;obtenteur et qui ont bien fonctionn\u00e9 pour d&rsquo;autres fermiers au fil des ans. Certaines vari\u00e9t\u00e9s plus anciennes, bien que toujours enregistr\u00e9es, peuvent ne plus \u00eatre produites par les producteurs de semences s\u00e9lectionn\u00e9es et ne sont disponibles que sous forme de semences communes aupr\u00e8s d&rsquo;autres fermiers.<\/p>\n\n\n\n<p>\u00c9tant donn\u00e9 que toutes les grandes cultures canadiennes, \u00e0 l&rsquo;exception du ma\u00efs, doivent \u00eatre des vari\u00e9t\u00e9s enregistr\u00e9es, les semences s\u00e9lectionn\u00e9es et les semences ordinaires ont \u00e9t\u00e9 soumises au syst\u00e8me de contr\u00f4le de la qualit\u00e9 qui garantit que les nouvelles vari\u00e9t\u00e9s donnent de bons r\u00e9sultats dans les conditions de culture canadiennes.<\/p>\n\n\n\n<h5 class=\"wp-block-heading\">Qu&rsquo;est-ce que la certification des semences ?<\/h5>\n\n\n\n<p>Les r\u00e8gles canadiennes de certification des semences garantissent aux fermi\u00e8res que le pedigree des semences est connu et qu&rsquo;elles ont \u00e9t\u00e9 cultiv\u00e9es conform\u00e9ment \u00e0 des exigences strictes visant \u00e0 pr\u00e9server la puret\u00e9 vari\u00e9tale. Les semences certifi\u00e9es constituent un niveau de statut de semences s\u00e9lectionn\u00e9es et sont identifi\u00e9es par leur \u00e9tiquette bleue officielle d\u00e9livr\u00e9e par l&rsquo;Agence canadienne d&rsquo;inspection des aliments (ACIA). Les informations figurant sur l&rsquo;\u00e9tiquette officielle des semences comprennent le nom de la vari\u00e9t\u00e9, le num\u00e9ro de lot et la qualit\u00e9 des semences. Le statut de pedigree garantit que la semence est fid\u00e8le au type, c&rsquo;est-\u00e0-dire qu&rsquo;elle poss\u00e8de toutes les caract\u00e9ristiques qui ont \u00e9t\u00e9 d\u00e9montr\u00e9es lorsque la vari\u00e9t\u00e9 a \u00e9t\u00e9 approuv\u00e9e pour l&rsquo;enregistrement. Le grade garantit que le lot de semences r\u00e9pond aux normes r\u00e9glement\u00e9es en mati\u00e8re de taux de germination et de puret\u00e9 en ce qui concerne les semences de mauvaises herbes et les autres semences de cultures.<\/p>\n\n\n\n<p>Les fermi\u00e8res connaissent surtout les semences certifi\u00e9es, mais il existe cinq niveaux de pedigree qui peuvent \u00eatre accord\u00e9s : Breeder, Select, Foundation, Registered et Certified. Ces niveaux indiquent le nombre de g\u00e9n\u00e9rations qui s&rsquo;\u00e9loignent des semences produites \u00e0 l&rsquo;origine par un obtenteur reconnu. \u00c0 chaque niveau, il existe des normes de production, d&rsquo;inspection, de documentation et de qualit\u00e9 finale qui doivent \u00eatre respect\u00e9es pour que le statut soit officiellement reconnu. Les normes sont d\u00e9taill\u00e9es dans les R\u00e8glements et proc\u00e9dures canadiens pour la production de cultures de semences contr\u00f4l\u00e9es, qui sont administr\u00e9s par l&rsquo;ACPS. Toutes les semences certifi\u00e9es achet\u00e9es par les fermi\u00e8res pour produire des cultures de plein champ sont produites \u00e0 partir de semences dont l&rsquo;origine peut \u00eatre retrac\u00e9e jusqu&rsquo;\u00e0 l&rsquo;obtenteur initial de la vari\u00e9t\u00e9.<\/p>\n\n\n\n<h5 class=\"wp-block-heading\">Qu&rsquo;est-ce qu&rsquo;une semence commune ?<\/h5>\n\n\n\n<p>Le terme \u00ab\u00a0semences communes\u00a0\u00bb est utilis\u00e9 de deux mani\u00e8res : en tant que description (semences communes) et en tant que cat\u00e9gorie (semences communes).<\/p>\n\n\n\n<p>L&rsquo;expression \u00ab\u00a0semences communes\u00a0\u00bb peut \u00eatre utilis\u00e9e simplement comme un terme descriptif qui signifie que les semences ne sont pas identifi\u00e9es par un nom de vari\u00e9t\u00e9 &#8211; il peut s&rsquo;agir de n&rsquo;importe quelle vari\u00e9t\u00e9. Les fermiers qui ne sont pas des producteurs de semences sp\u00e9cialis\u00e9s peuvent vendre une partie de leurs r\u00e9coltes en tant que semences ordinaires, \u00e0 condition qu&rsquo;elles ne soient pas vendues sous leur nom, qu&rsquo;elles ne proviennent pas d&rsquo;une vari\u00e9t\u00e9 couverte par le droit d&rsquo;obtenteur et qu&rsquo;elles ne fassent pas l&rsquo;objet d&rsquo;une publicit\u00e9 pour la vente. Bien que la puret\u00e9 vari\u00e9tale des semences ordinaires ne soit pas r\u00e9glement\u00e9e, elles sont issues de vari\u00e9t\u00e9s enregistr\u00e9es dont les qualit\u00e9s de performance ont \u00e9t\u00e9 prouv\u00e9es. Les variations g\u00e9n\u00e9tiques qui se d\u00e9veloppent au sein des semences communes peuvent \u00eatre le r\u00e9sultat d&rsquo;une adaptation aux conditions locales sur plusieurs ann\u00e9es. La diversit\u00e9 g\u00e9n\u00e9tique qui en r\u00e9sulte peut favoriser la r\u00e9sistance des cultures face au changement climatique pour les exploitations utilisant des semences communes.<\/p>\n\n\n\n<p>Les semences communes ne n\u00e9cessitent pas de tra\u00e7abilit\u00e9 de leur origine ni de m\u00e9thodes de production strictes pour garantir la puret\u00e9 vari\u00e9tale. Les semences communes peuvent \u00eatre des semences conserv\u00e9es \u00e0 partir d&rsquo;une culture commerciale issue d&rsquo;une vari\u00e9t\u00e9 appartenant au domaine public. Pour les cultures n\u00e9cessitant l&rsquo;enregistrement des vari\u00e9t\u00e9s, les fermi\u00e8res peuvent se vendre des semences communes \u00e0 condition de ne pas nommer leur vari\u00e9t\u00e9 et de ne pas en faire la publicit\u00e9. Pour les cultures telles que le bl\u00e9, l&rsquo;orge et l&rsquo;avoine, pour lesquelles l&rsquo;enregistrement des vari\u00e9t\u00e9s est obligatoire, seules les semences s\u00e9lectionn\u00e9es peuvent \u00eatre vendues par nom de vari\u00e9t\u00e9. Les cultures qui ne n\u00e9cessitent pas d&rsquo;enregistrement de vari\u00e9t\u00e9 au Canada, telles que les semences de l\u00e9gumes de jardin, peuvent \u00eatre vendues en tant que semences ordinaires et peuvent \u00eatre vendues par nom de vari\u00e9t\u00e9.<\/p>\n\n\n\n<p>Le terme \u00ab\u00a0commun\u00a0\u00bb est \u00e9galement utilis\u00e9 dans le syst\u00e8me officiel de classement des semences. Pour la plupart des cultures, les tableaux des grades du r\u00e8glement sur les semences comprennent des grades officiels appel\u00e9s \u00ab\u00a0commun\u00a0\u00bb, \u00ab\u00a0commun n\u00b0 1\u00a0\u00bb et\/ou \u00ab\u00a0commun n\u00b0 2\u00a0\u00bb. Elles r\u00e9pondent \u00e0 des normes minimales de germination et de puret\u00e9 par rapport aux semences de mauvaises herbes et aux autres semences de cultures, mais elles ne sont pas certifi\u00e9es dans le cadre des semences s\u00e9lectionn\u00e9es. Les producteurs de semences g\u00e9n\u00e9alogiques peuvent se retrouver avec une r\u00e9colte de semences qui n&rsquo;a pas atteint l&rsquo;une des normes de certification, mais qui r\u00e9pond n\u00e9anmoins \u00e0 la norme de qualit\u00e9 commune. Pour obtenir un grade commun officiel, les semences doivent r\u00e9pondre aux normes du grade et, pour les cultures \u00e0 petites graines comme les semences fourrag\u00e8res, le grade doit \u00eatre d\u00e9termin\u00e9 par un laboratoire accr\u00e9dit\u00e9.<\/p>\n\n\n\n<h5 class=\"wp-block-heading\">Pourquoi la certification des semences et la d\u00e9signation des semences communes sont-elles importantes ?<\/h5>\n\n\n\n<p>Les semences s\u00e9lectionn\u00e9es et les semences ordinaires jouent toutes deux un r\u00f4le important dans notre syst\u00e8me de semences. Les semences g\u00e9n\u00e9alogiques offrent une solide protection aux fermi\u00e8res gr\u00e2ce \u00e0 des processus de production, de d\u00e9nomination et d&rsquo;inspection rigoureux, transparents et robustes. La possibilit\u00e9 d&rsquo;acheter et de vendre des semences communes permet aux fermi\u00e8res de maintenir en circulation des vari\u00e9t\u00e9s plus anciennes et d&rsquo;obtenir des semences \u00e0 des prix plus bas et avec moins de restrictions que les semences soumises \u00e0 des droits d&rsquo;obtenteur. La demande de vari\u00e9t\u00e9s plus anciennes peut ne pas \u00eatre suffisamment constante pour que les producteurs de semences s\u00e9lectionn\u00e9es justifient le travail suppl\u00e9mentaire n\u00e9cessaire \u00e0 la production de semences certifi\u00e9es. L&rsquo;acc\u00e8s aux semences communes est particuli\u00e8rement pr\u00e9cieux pour les fermi\u00e8res biologiques, car de nombreuses vari\u00e9t\u00e9s anciennes ont \u00e9t\u00e9 d\u00e9velopp\u00e9es \u00e0 l&rsquo;\u00e9poque o\u00f9 les cultures \u00e9taient produites avec moins d&rsquo;intrants. L&rsquo;acc\u00e8s aux semences communes est \u00e9galement essentiel pour garantir qu&rsquo;il y ait suffisamment de semences disponibles en cas de mauvaises r\u00e9coltes g\u00e9n\u00e9ralis\u00e9es qui limitent l&rsquo;approvisionnement en semences certifi\u00e9es.<\/p>\n\n\n\n<p>Les entreprises de semences font pression pour obtenir des modifications r\u00e9glementaires qui r\u00e9duiraient consid\u00e9rablement, voire supprimeraient, l&rsquo;acc\u00e8s aux semences communes. Leurs propositions visant \u00e0 exiger des inspections et des classements co\u00fbteux et on\u00e9reux d\u00e9courageraient les fermi\u00e8res de vendre des semences communes. Ces m\u00eames entreprises font pression pour \u00e9liminer notre syst\u00e8me d&rsquo;enregistrement des vari\u00e9t\u00e9s et nos tableaux de classement, qui sont des piliers essentiels de notre syst\u00e8me de pedigree. Les fermiers ont besoin d&rsquo;un syst\u00e8me de r\u00e9glementation des semences fort et ax\u00e9 sur l&rsquo;int\u00e9r\u00eat public afin de continuer \u00e0 avoir acc\u00e8s \u00e0 la qualit\u00e9 et \u00e0 la diversit\u00e9 des semences dont ils ont besoin pour mener \u00e0 bien leurs activit\u00e9s agricoles.<\/p>\n\n\n\n<p>Le processus de modernisation de la r\u00e9glementation des semences de l&rsquo;ACIA offrira aux fermi\u00e8res plusieurs occasions de faire conna\u00eetre leur point de vue. Veillons \u00e0 ce qu&rsquo;ils sachent que nous devons pr\u00e9server l&rsquo;int\u00e9grit\u00e9 de notre syst\u00e8me de semences s\u00e9lectionn\u00e9es et que les fermi\u00e8res doivent pouvoir continuer \u00e0 acheter et \u00e0 vendre librement des semences communes produites en dehors du syst\u00e8me de semences s\u00e9lectionn\u00e9es.<\/p>\n\n\n\n<h5 class=\"wp-block-heading\">Des questions ?<\/h5>\n\n\n\n<p>N&rsquo;h\u00e9sitez pas \u00e0 nous contacter pour obtenir de plus amples informations sur la r\u00e9glementation canadienne en mati\u00e8re de semences. Visitez le site <a href=\"http:\/\/www.nfu.ca\/seed-regs\">www.nfu.ca\/seed-regs<\/a> ou envoyez un courriel \u00e0 <a href=\"mailto:nfu@nfu.ca\">nfu@nfu.ca<\/a> en indiquant \u00ab\u00a0R\u00e8glement sur les semences\u00a0\u00bb dans l&rsquo;objet du message.<\/p>\n\n\n\n<p><a href=\"https:\/\/www.nfu.ca\/wp-content\/uploads\/2022\/12\/2022-11-10-OC-version-Info-Sheet-3-Pedigreed-and-Common-Seed.pdf\">Cliquez ici pour t\u00e9l\u00e9charger la version PDF de cette fiche d&rsquo;information<\/a>.<\/p>\n<\/div><\/div><\/div>\n<\/div><\/div>\n<\/div>\n","protected":false},"excerpt":{"rendered":"<p>Les semences s\u00e9lectionn\u00e9es et les semences ordinaires jouent toutes deux un r\u00f4le important dans notre syst\u00e8me de semences. Les semences g\u00e9n\u00e9alogiques prot\u00e8gent fortement les fermi\u00e8res gr\u00e2ce \u00e0 des processus de production, de d\u00e9nomination et d&rsquo;inspection rigoureux, transparents et robustes. La possibilit\u00e9 d&rsquo;acheter et de vendre des semences communes permet aux fermi\u00e8res de maintenir en circulation des vari\u00e9t\u00e9s plus anciennes et d&rsquo;obtenir des semences \u00e0 des prix plus bas et avec moins de restrictions que les semences soumises \u00e0 des droits d&rsquo;obtenteur.<\/p>\n","protected":false},"author":2,"featured_media":25280,"parent":0,"menu_order":0,"comment_status":"closed","ping_status":"closed","template":"tmpl-blocks-contained.php","meta":{"_acf_changed":false,"_tec_requires_first_save":true,"_EventAllDay":false,"_EventTimezone":"","_EventStartDate":"","_EventEndDate":"","_EventStartDateUTC":"","_EventEndDateUTC":"","_EventShowMap":false,"_EventShowMapLink":false,"_EventURL":"","_EventCost":"","_EventCostDescription":"","_EventCurrencySymbol":"","_EventCurrencyCode":"","_EventCurrencyPosition":"","_EventDateTimeSeparator":"","_EventTimeRangeSeparator":"","_EventOrganizerID":[],"_EventVenueID":[],"_OrganizerEmail":"","_OrganizerPhone":"","_OrganizerWebsite":"","_VenueAddress":"","_VenueCity":"","_VenueCountry":"","_VenueProvince":"","_VenueState":"","_VenueZip":"","_VenuePhone":"","_VenueURL":"","_VenueStateProvince":"","_VenueLat":"","_VenueLng":"","_VenueShowMap":false,"_VenueShowMapLink":false,"_tribe_blocks_recurrence_rules":"","_tribe_blocks_recurrence_description":"","_tribe_blocks_recurrence_exclusions":"","_ecp_custom_4":"","_ecp_custom_7":"","_ecp_custom_9":"","_ecp_custom_10":"","_ecp_custom_12":"","_ecp_custom_13":"","footnotes":""},"post_region":[],"post_campaign":[347],"class_list":["post-26214","page","type-page","status-publish","has-post-thumbnail","hentry","post_campaign-semences"],"acf":[],"_links":{"self":[{"href":"https:\/\/www.nfu.ca\/fr\/wp-json\/wp\/v2\/pages\/26214","targetHints":{"allow":["GET"]}}],"collection":[{"href":"https:\/\/www.nfu.ca\/fr\/wp-json\/wp\/v2\/pages"}],"about":[{"href":"https:\/\/www.nfu.ca\/fr\/wp-json\/wp\/v2\/types\/page"}],"author":[{"embeddable":true,"href":"https:\/\/www.nfu.ca\/fr\/wp-json\/wp\/v2\/users\/2"}],"replies":[{"embeddable":true,"href":"https:\/\/www.nfu.ca\/fr\/wp-json\/wp\/v2\/comments?post=26214"}],"version-history":[{"count":0,"href":"https:\/\/www.nfu.ca\/fr\/wp-json\/wp\/v2\/pages\/26214\/revisions"}],"wp:featuredmedia":[{"embeddable":true,"href":"https:\/\/www.nfu.ca\/fr\/wp-json\/wp\/v2\/media\/25280"}],"wp:attachment":[{"href":"https:\/\/www.nfu.ca\/fr\/wp-json\/wp\/v2\/media?parent=26214"}],"wp:term":[{"taxonomy":"post_region","embeddable":true,"href":"https:\/\/www.nfu.ca\/fr\/wp-json\/wp\/v2\/post_region?post=26214"},{"taxonomy":"post_campaign","embeddable":true,"href":"https:\/\/www.nfu.ca\/fr\/wp-json\/wp\/v2\/post_campaign?post=26214"}],"curies":[{"name":"wp","href":"https:\/\/api.w.org\/{rel}","templated":true}]}}