
{"id":26207,"date":"2023-02-23T10:39:20","date_gmt":"2023-02-23T16:39:20","guid":{"rendered":"https:\/\/www.nfu.ca\/fiche-dinformation-sur-lenregistrement-des-varietes-au-canada\/"},"modified":"2024-07-11T13:02:47","modified_gmt":"2024-07-11T19:02:47","slug":"fiche-dinformation-sur-lenregistrement-des-varietes-au-canada","status":"publish","type":"page","link":"https:\/\/www.nfu.ca\/fr\/fiche-dinformation-sur-lenregistrement-des-varietes-au-canada\/","title":{"rendered":"Fiche d&rsquo;information &#8211; L&rsquo;enregistrement des vari\u00e9t\u00e9s au Canada"},"content":{"rendered":"\n<header class=\"wp-block-cover alignfull has-custom-content-position is-position-bottom-center banner-top\" id=\"banner-top\"><span aria-hidden=\"true\" class=\"wp-block-cover__background has-background-dim wp-block-cover__gradient-background has-background-gradient\" style=\"background:linear-gradient(180deg,rgba(0,0,0,0.97) 0%,rgba(0,0,0,0.05) 69%)\"><\/span><img loading=\"lazy\" decoding=\"async\" width=\"1800\" height=\"800\" class=\"wp-block-cover__image-background wp-image-5065\" alt=\"NFU Campaign: Save Our Seed\" src=\"https:\/\/www.nfu.ca\/wp-content\/uploads\/2018\/06\/nfu-campaign-seed-wikipedia-banner.jpg\" data-object-fit=\"cover\" srcset=\"https:\/\/www.nfu.ca\/wp-content\/uploads\/2018\/06\/nfu-campaign-seed-wikipedia-banner.jpg 1800w, https:\/\/www.nfu.ca\/wp-content\/uploads\/2018\/06\/nfu-campaign-seed-wikipedia-banner-300x133.jpg 300w, https:\/\/www.nfu.ca\/wp-content\/uploads\/2018\/06\/nfu-campaign-seed-wikipedia-banner-768x341.jpg 768w, https:\/\/www.nfu.ca\/wp-content\/uploads\/2018\/06\/nfu-campaign-seed-wikipedia-banner-1024x455.jpg 1024w, https:\/\/www.nfu.ca\/wp-content\/uploads\/2018\/06\/nfu-campaign-seed-wikipedia-banner-1600x711.jpg 1600w\" sizes=\"auto, (max-width: 1800px) 100vw, 1800px\" \/><div class=\"wp-block-cover__inner-container is-layout-flow wp-block-cover-is-layout-flow\">\n<p class=\"has-text-align-left has-large-font-size\"><\/p>\n<\/div><\/header>\n<ol class=\"breadcrumb\"><li><a href=\"https:\/\/www.nfu.ca\/fr\/\">National Farmers Union<\/a><\/li><\/ol>\n\n<div class=\"wp-block-stackable-heading stk-block-heading stk-block-heading--v2 stk-block stk-35b1992\" id=\"fact-sheet-variety-registration-in-canada\" data-block-id=\"35b1992\"><h1 class=\"stk-block-heading__text\">Fiche d&rsquo;information : L&rsquo;enregistrement des vari\u00e9t\u00e9s au Canada<\/h1><\/div>\n\n<div class=\"wp-block-stackable-columns stk-block-columns stk-block stk-54b76e7 content-upper\" id=\"content-upper\" data-block-id=\"54b76e7\"><div class=\"stk-row stk-inner-blocks has-text-align-left stk-block-content stk-content-align stk-54b76e7-column\">\n<div class=\"wp-block-stackable-column stk-block-column stk-column stk-block stk-ef63229\" data-v=\"4\" data-block-id=\"ef63229\"><style>@media screen and (min-width:768px){.stk-ef63229{flex:var(--stk-flex-grow,1) 1 calc(66.666% - var(--stk-column-gap,0px) * 1 \/ 2 ) !important}}<\/style><div class=\"stk-column-wrapper stk-block-column__content stk-container stk-ef63229-container stk--no-background stk--no-padding\"><div class=\"has-text-align-left stk-block-content stk-inner-blocks stk-ef63229-inner-blocks\">\n<p class=\"has-medium-font-size\">L&rsquo;enregistrement des vari\u00e9t\u00e9s repose sur la r\u00e9glementation canadienne relative aux semences, qui prot\u00e8ge les fermi\u00e8res depuis pr\u00e8s de 100 ans. Mais cela pourrait bient\u00f4t changer, et pas n\u00e9cessairement au b\u00e9n\u00e9fice des fermi\u00e8res. L&rsquo;Agence canadienne d&rsquo;inspection des aliments m\u00e8ne actuellement un processus de modernisation de la r\u00e9glementation des semences qui pourrait apporter des changements majeurs \u00e0 notre syst\u00e8me.<\/p>\n\n\n\n<p>Cette fiche d&rsquo;information vous aidera \u00e0 comprendre un \u00e9l\u00e9ment cl\u00e9 de notre syst\u00e8me de semences : l&rsquo;<strong>enregistrement des vari\u00e9t\u00e9s<\/strong>.<\/p>\n\n\n\n<div class=\"wp-block-media-text is-stacked-on-mobile has-white-background-color has-background\"><figure class=\"wp-block-media-text__media\"><a href=\"https:\/\/www.nfu.ca\/wp-content\/uploads\/2022\/12\/2022-11-10-OC-version-Info-Sheet-1-Variety-Registration.pdf\"><img loading=\"lazy\" decoding=\"async\" width=\"795\" height=\"1024\" src=\"https:\/\/www.nfu.ca\/wp-content\/uploads\/2022\/12\/2022-11-10-Cover-Variety-Registration-795x1024.jpg\" alt=\"2022-11-10 Cover Variety Registration\" class=\"wp-image-16389 size-full\" srcset=\"https:\/\/www.nfu.ca\/wp-content\/uploads\/2022\/12\/2022-11-10-Cover-Variety-Registration-795x1024.jpg 795w, https:\/\/www.nfu.ca\/wp-content\/uploads\/2022\/12\/2022-11-10-Cover-Variety-Registration-233x300.jpg 233w, https:\/\/www.nfu.ca\/wp-content\/uploads\/2022\/12\/2022-11-10-Cover-Variety-Registration-768x989.jpg 768w, https:\/\/www.nfu.ca\/wp-content\/uploads\/2022\/12\/2022-11-10-Cover-Variety-Registration-1193x1536.jpg 1193w, https:\/\/www.nfu.ca\/wp-content\/uploads\/2022\/12\/2022-11-10-Cover-Variety-Registration-1590x2048.jpg 1590w, https:\/\/www.nfu.ca\/wp-content\/uploads\/2022\/12\/2022-11-10-Cover-Variety-Registration-1600x2061.jpg 1600w, https:\/\/www.nfu.ca\/wp-content\/uploads\/2022\/12\/2022-11-10-Cover-Variety-Registration.jpg 1800w\" sizes=\"auto, (max-width: 795px) 100vw, 795px\" \/><\/a><\/figure><div class=\"wp-block-media-text__content\">\n<p><a href=\"https:\/\/www.nfu.ca\/wp-content\/uploads\/2022\/12\/2022-11-10-OC-version-Info-Sheet-1-Variety-Registration.pdf\" target=\"_blank\" rel=\"noreferrer noopener\">Cliquez ici pour t\u00e9l\u00e9charger la version PDF de cette fiche d&rsquo;information<\/a><\/p>\n<\/div><\/div>\n\n\n\n<p>Les fermiers canadiens qui ach\u00e8tent des semences peuvent \u00eatre s\u00fbrs que les vari\u00e9t\u00e9s enregistr\u00e9es fonctionnent bien dans nos conditions de culture, qu&rsquo;elles n&rsquo;h\u00e9bergent pas de maladies v\u00e9g\u00e9tales graves et qu&rsquo;elles produiront des cultures appr\u00e9ci\u00e9es par nos clients, tout cela parce qu&rsquo;elles sont \u00e9valu\u00e9es de mani\u00e8re ind\u00e9pendante par des experts. Nous savons que les caract\u00e9ristiques de la vari\u00e9t\u00e9, telles que le nombre de jours avant maturit\u00e9, le rendement, la r\u00e9sistance aux maladies, la hauteur et d&rsquo;autres donn\u00e9es relatives \u00e0 la culture, sont v\u00e9rifi\u00e9es par des tests ind\u00e9pendants dont les r\u00e9sultats sont publi\u00e9s.<\/p>\n\n\n\n<h5 class=\"wp-block-heading\">Qu&rsquo;est-ce que l&rsquo;enregistrement des vari\u00e9t\u00e9s ?<\/h5>\n\n\n\n<p>Nos grandes cultures commerciales (c\u00e9r\u00e9ales, ol\u00e9agineux, l\u00e9gumineuses, fourrages) &#8211; \u00e0 l&rsquo;exception du ma\u00efs &#8211; doivent \u00eatre des vari\u00e9t\u00e9s enregistr\u00e9es. Les semences horticoles (l\u00e9gumes) doivent \u00eatre class\u00e9es afin de garantir qu&rsquo;elles r\u00e9pondent aux normes de germination, ou \u00eatre correctement \u00e9tiquet\u00e9es afin de fournir aux acheteurs des informations sur le vendeur et les semences.<\/p>\n\n\n\n<p>Le syst\u00e8me canadien d&rsquo;enregistrement des vari\u00e9t\u00e9s exige que les nouvelles vari\u00e9t\u00e9s soient test\u00e9es pour s&rsquo;assurer qu&rsquo;elles r\u00e9pondent toujours aux normes dont d\u00e9pendent les fermi\u00e8res avant de pouvoir \u00eatre vendues. Le r\u00e8glement sur les semences d\u00e9finit le cadre juridique de l&rsquo;enregistrement des vari\u00e9t\u00e9s, y compris les types de cultures pour lesquels les nouvelles vari\u00e9t\u00e9s doivent \u00eatre enregistr\u00e9es et les normes minimales pour obtenir l&rsquo;enregistrement. Le syst\u00e8me est bas\u00e9 sur des tests de m\u00e9rite impartiaux et \u00e9valu\u00e9s par des pairs pour les caract\u00e9ristiques agronomiques et de qualit\u00e9, comme l&rsquo;ont d\u00e9montr\u00e9 des tests de terrain pluriannuels dans toute la r\u00e9gion de production. L&rsquo;enregistrement des vari\u00e9t\u00e9s aide les fermi\u00e8res et nos clients, tant nationaux qu&rsquo;internationaux, \u00e0 avoir confiance dans le syst\u00e8me agricole canadien. Notre syst\u00e8me d&rsquo;enregistrement des vari\u00e9t\u00e9s garantit que les vari\u00e9t\u00e9s fonctionneront comme annonc\u00e9 tout au long de la cha\u00eene de valeur alimentaire.<\/p>\n\n\n\n<h5 class=\"wp-block-heading\">Pourquoi l&rsquo;enregistrement des vari\u00e9t\u00e9s est-il n\u00e9cessaire ?<\/h5>\n\n\n\n<p>En s\u00e9lectionnant et en conservant les semences au fil des g\u00e9n\u00e9rations, les fermiers et les peuples autochtones ont cr\u00e9\u00e9 d&rsquo;innombrables vari\u00e9t\u00e9s qui ont donn\u00e9 naissance \u00e0 la diversit\u00e9 agricole dont nous b\u00e9n\u00e9ficions aujourd&rsquo;hui. Historiquement, les fermi\u00e8res ont conserv\u00e9 la plupart des semences qu&rsquo;elles utilisent, achetant occasionnellement des semences pour maintenir une bonne qualit\u00e9 et profiter des nouvelles vari\u00e9t\u00e9s.<\/p>\n\n\n\n<p>De nombreuses qualit\u00e9s de semences ne sont pas facilement visibles, c&rsquo;est pourquoi il est n\u00e9cessaire de mettre en place un syst\u00e8me coordonn\u00e9 de documentation et d&rsquo;essais. En s\u00e9parant le processus d&rsquo;essai et de documentation de l&rsquo;activit\u00e9 de vente de semences, on prot\u00e8ge les fermi\u00e8res et l&rsquo;ensemble du syst\u00e8me agricole contre les fausses d\u00e9clarations et les fraudes. Les r\u00e9glementations gouvernementales en mati\u00e8re de semences et les institutions publiques assurent un contr\u00f4le public et fournissent des informations transparentes et facilement comparables sur les performances.<\/p>\n\n\n\n<p>La r\u00e9glementation canadienne en mati\u00e8re d&rsquo;enregistrement des vari\u00e9t\u00e9s implique une collaboration entre des comit\u00e9s de recommandation (CR) ind\u00e9pendants et \u00e9valu\u00e9s par des pairs, la Commission canadienne des grains (CCG) et l&rsquo;Agence canadienne d&rsquo;inspection des aliments (ACIA). Pour la plupart des cultures, les nouvelles vari\u00e9t\u00e9s doivent faire la preuve de leur \u00ab\u00a0m\u00e9rite\u00a0\u00bb, c&rsquo;est-\u00e0-dire qu&rsquo;elles doivent \u00eatre aussi bonnes ou meilleures que des vari\u00e9t\u00e9s similaires et ne pas nuire aux fermi\u00e8res ou au syst\u00e8me alimentaire, pour pouvoir \u00eatre enregistr\u00e9es.<br\/>Pour certaines cultures, le m\u00e9rite n&rsquo;est pas requis pour l&rsquo;enregistrement, mais des informations d\u00e9crivant en d\u00e9tail la nouvelle vari\u00e9t\u00e9 doivent \u00eatre fournies.<\/p>\n\n\n\n<p>Lorsque les fermiers ach\u00e8tent une vari\u00e9t\u00e9 enregistr\u00e9e, ils savent que la semence a franchi toutes ces \u00e9tapes :<\/p>\n\n\n\n<p>1. L&rsquo;obtenteur a demand\u00e9 l&rsquo;inscription de la vari\u00e9t\u00e9 propos\u00e9e aux essais d&rsquo;enregistrement en soumettant les donn\u00e9es canadiennes pertinentes.<br\/>2. Le CR a coordonn\u00e9 des essais en plein champ pr\u00e9alables \u00e0 l&rsquo;enregistrement dans une s\u00e9rie de conditions de culture sur un nombre d&rsquo;ann\u00e9es d\u00e9termin\u00e9 afin de produire des donn\u00e9es comparables sur les performances, les maladies et la qualit\u00e9.<br\/>3. Le CR a examin\u00e9 les donn\u00e9es afin de d\u00e9terminer si la vari\u00e9t\u00e9 propos\u00e9e pr\u00e9sentait des avantages en termes de performances agronomiques, de r\u00e9sistance aux maladies et de caract\u00e9ristiques de qualit\u00e9 finale (\u00e9galement examin\u00e9es par la CGC).<br\/>4. Les membres du CR ont vot\u00e9 pour recommander l&rsquo;enregistrement de la vari\u00e9t\u00e9 sur la base de ses consid\u00e9rations de m\u00e9rite.<br\/>5. Le bureau d&rsquo;enregistrement des vari\u00e9t\u00e9s de l&rsquo;ACIA a accept\u00e9 le CR et a enregistr\u00e9 la vari\u00e9t\u00e9.<\/p>\n\n\n\n<p>Les fermi\u00e8res inform\u00e9es comptent sur la s\u00e9curit\u00e9 et la coh\u00e9rence garanties par notre syst\u00e8me d&rsquo;enregistrement des vari\u00e9t\u00e9s et les appr\u00e9cient. L&rsquo;enregistrement des vari\u00e9t\u00e9s prot\u00e8ge nos champs et nos cultures des \u00e9pid\u00e9mies de maladies v\u00e9g\u00e9tales. Il contribue \u00e9galement \u00e0 la r\u00e9putation internationale du Canada, car le processus d&rsquo;enregistrement des vari\u00e9t\u00e9s est un facteur cl\u00e9 de notre capacit\u00e9 \u00e0 produire des cultures d&rsquo;exportation coh\u00e9rentes et de haute qualit\u00e9.<\/p>\n\n\n\n<p>L&rsquo;enregistrement des vari\u00e9t\u00e9s fournit des informations pr\u00e9cises, utiles et impartiales qui ne sont pas influenc\u00e9es par les objectifs commerciaux du vendeur de semences. Les semences sont une activit\u00e9 mondiale tr\u00e8s concentr\u00e9e. En 2022, les quatre plus grandes entreprises de semences contr\u00f4laient 58 % du march\u00e9 mondial des semences. Les deux premi\u00e8res entreprises, Bayer et Corteva, contr\u00f4lent 40 % du march\u00e9 des semences. Ce degr\u00e9 de concentration permet aux principales entreprises de semences d&rsquo;exercer un pouvoir consid\u00e9rable sur les march\u00e9s et de faire pression sur les gouvernements pour qu&rsquo;ils modifient les r\u00e9glementations en fonction de leurs activit\u00e9s. Comme toutes les entreprises, les semenciers cherchent \u00e0 maximiser les profits de leurs actionnaires &#8211; ce n&rsquo;est pas leur r\u00f4le de prot\u00e9ger les moyens de subsistance des fermi\u00e8res et de g\u00e9rer la biodiversit\u00e9 agricole.<\/p>\n\n\n\n<p>Les semenciers font pression pour affaiblir le syst\u00e8me d&rsquo;enregistrement des vari\u00e9t\u00e9s, voire le supprimer compl\u00e8tement ! Sans un syst\u00e8me d&rsquo;enregistrement des vari\u00e9t\u00e9s solide, transparent et ind\u00e9pendant, les fermi\u00e8res seraient confront\u00e9es \u00e0 une situation o\u00f9 l&rsquo;acheteur se m\u00e9fie. Les semenciers ne seraient plus tenus de respecter les normes de qualit\u00e9 et de performance, et les fermiers devraient choisir leurs semences sans b\u00e9n\u00e9ficier de donn\u00e9es comparables et impartiales sur les caract\u00e9ristiques des vari\u00e9t\u00e9s, leur performance dans les conditions de culture canadiennes ou les risques de maladie. Gr\u00e2ce \u00e0 notre syst\u00e8me transparent, digne de confiance et fiable, les fermi\u00e8res peuvent choisir en toute connaissance de cause les semences que nous achetons.<\/p>\n\n\n\n<p>Le processus de modernisation de la r\u00e9glementation des semences de l&rsquo;ACIA offrira aux fermi\u00e8res plusieurs occasions de faire conna\u00eetre leur point de vue. Veillons \u00e0 ce qu&rsquo;ils sachent que nous avons besoin d&rsquo;un syst\u00e8me d&rsquo;enregistrement des vari\u00e9t\u00e9s intact et fonctionnant pour les fermi\u00e8res.<\/p>\n\n\n\n<h5 class=\"wp-block-heading\">Des questions ?<\/h5>\n\n\n\n<p>N&rsquo;h\u00e9sitez pas \u00e0 nous contacter pour obtenir de plus amples informations sur la r\u00e9glementation canadienne en mati\u00e8re de semences. Visitez le site <a rel=\"noopener\" target=\"_blank\" href=\"http:\/\/nfu.ca\/seed-regs\">nfu.ca\/seed-regs<\/a> ou envoyez un courriel \u00e0 <a href=\"mailto:nfu@nfu.ca\">nfu@nfu.ca<\/a> en indiquant \u00ab\u00a0Seed Regulations\u00a0\u00bb dans la ligne d&rsquo;objet.<\/p>\n<\/div><\/div><\/div>\n\n\n\n<div class=\"wp-block-stackable-column stk-block-column stk-column stk-block stk-5eb44eb\" data-v=\"4\" data-block-id=\"5eb44eb\"><style>@media screen and (min-width:768px){.stk-5eb44eb{flex:var(--stk-flex-grow,1) 1 calc(33.334% - var(--stk-column-gap,0px) * 1 \/ 2 ) !important}}<\/style><div class=\"stk-column-wrapper stk-block-column__content stk-container stk-5eb44eb-container stk--no-background stk--no-padding\"><div class=\"stk-block-content stk-inner-blocks stk-5eb44eb-inner-blocks\"><nav class=\"is-vertical no-wrap wp-block-navigation is-nowrap is-layout-flex wp-container-core-navigation-is-layout-947ac36b wp-block-navigation-is-layout-flex\" aria-label=\"Campaign Nav - Save Our Seed\"><ul class=\"wp-block-navigation__container  is-vertical no-wrap wp-block-navigation\"><li class=\" wp-block-navigation-item wp-block-navigation-link\"><a class=\"wp-block-navigation-item__content\"  href=\"https:\/\/www.nfu.ca\/learn\/save-our-seed\/\"><span class=\"wp-block-navigation-item__label\">Overview<\/span><\/a><\/li><li class=\" wp-block-navigation-item wp-block-navigation-link\"><a class=\"wp-block-navigation-item__content\"  href=\"https:\/\/www.nfu.ca\/learn\/save-our-seed\/fundamental-principles-of-a-farmers-seed-act\/\"><span class=\"wp-block-navigation-item__label\">Fundamental Principles of a Farmers Seed Act<\/span><\/a><\/li><li class=\" wp-block-navigation-item wp-block-navigation-link\"><a class=\"wp-block-navigation-item__content\"  href=\"https:\/\/www.nfu.ca\/learn\/save-our-seed\/seed-regulatory-modernization\/\"><span class=\"wp-block-navigation-item__label\">Seed Regulatory Modernization<\/span><\/a><\/li><li class=\" wp-block-navigation-item wp-block-navigation-link\"><a class=\"wp-block-navigation-item__content\"  href=\"https:\/\/www.nfu.ca\/learn\/save-our-seed\/gene-edited-seed\/\"><span class=\"wp-block-navigation-item__label\">Gene Edited Seed<\/span><\/a><\/li><li class=\" wp-block-navigation-item wp-block-navigation-link\"><a class=\"wp-block-navigation-item__content\"  href=\"https:\/\/www.nfu.ca\/learn\/save-our-seed\/upov\/\"><span class=\"wp-block-navigation-item__label\">UPOV<\/span><\/a><\/li><li class=\" wp-block-navigation-item wp-block-navigation-link\"><a class=\"wp-block-navigation-item__content\"  href=\"https:\/\/www.nfu.ca\/learn\/save-our-seed\/plant-breeders-rights-in-canada-under-upov-91\/\"><span class=\"wp-block-navigation-item__label\">Plant Breeders Rights in Canada<\/span><\/a><\/li><li class=\" wp-block-navigation-item wp-block-navigation-link\"><a class=\"wp-block-navigation-item__content\"  href=\"https:\/\/www.nfu.ca\/learn\/save-our-seed\/right-to-farm-saved-seed\/\"><span class=\"wp-block-navigation-item__label\">Farm Saved Seed Rights<\/span><\/a><\/li><li class=\" wp-block-navigation-item wp-block-navigation-link\"><a class=\"wp-block-navigation-item__content\"  href=\"https:\/\/www.nfu.ca\/learn\/save-our-seed\/stop-genetically-modified-alfalfa\/\"><span class=\"wp-block-navigation-item__label\">GM Alfalfa<\/span><\/a><\/li><li class=\" wp-block-navigation-item wp-block-navigation-link\"><a class=\"wp-block-navigation-item__content\"  href=\"https:\/\/www.nfu.ca\/learn\/save-our-seed\/bill-c-18-archive\/\"><span class=\"wp-block-navigation-item__label\">Bill C-18 Campaign Archive<\/span><\/a><\/li><li class=\" wp-block-navigation-item wp-block-navigation-link\"><a class=\"wp-block-navigation-item__content\"  href=\"https:\/\/www.nfu.ca\/learn\/save-our-seed\/seed-industry-lobby\/\"><span class=\"wp-block-navigation-item__label\">The Seed Industry Lobby<\/span><\/a><\/li><li class=\" wp-block-navigation-item wp-block-navigation-link\"><a class=\"wp-block-navigation-item__content\"  href=\"https:\/\/www.nfu.ca\/learn\/save-our-seed\/video-series-save-our-seeds\/\"><span class=\"wp-block-navigation-item__label\">Seed Videos<\/span><\/a><\/li><li class=\" wp-block-navigation-item wp-block-navigation-link\"><a class=\"wp-block-navigation-item__content\"  href=\"https:\/\/www.nfu.ca\/learn\/save-our-seed\/campaign-resources\/\"><span class=\"wp-block-navigation-item__label\">Campaign Resources<\/span><\/a><\/li><\/ul><\/nav><\/div><\/div><\/div>\n<\/div><\/div>\n","protected":false},"excerpt":{"rendered":"<p>Les fermiers canadiens qui ach\u00e8tent des semences peuvent \u00eatre s\u00fbrs que les vari\u00e9t\u00e9s enregistr\u00e9es fonctionnent bien dans nos conditions de culture, qu&rsquo;elles n&rsquo;h\u00e9bergent pas de maladies v\u00e9g\u00e9tales graves et qu&rsquo;elles produiront des cultures appr\u00e9ci\u00e9es par nos clients, tout cela parce qu&rsquo;elles sont \u00e9valu\u00e9es de mani\u00e8re ind\u00e9pendante par des experts. Nous savons que les caract\u00e9ristiques de la vari\u00e9t\u00e9, telles que le nombre de jours avant maturit\u00e9, le rendement, la r\u00e9sistance aux maladies, la hauteur et d&rsquo;autres donn\u00e9es relatives \u00e0 la culture, sont v\u00e9rifi\u00e9es par des tests ind\u00e9pendants dont les r\u00e9sultats sont publi\u00e9s.<\/p>\n","protected":false},"author":2,"featured_media":25278,"parent":0,"menu_order":0,"comment_status":"closed","ping_status":"closed","template":"tmpl-blocks-contained.php","meta":{"_acf_changed":false,"_tec_requires_first_save":true,"_EventAllDay":false,"_EventTimezone":"","_EventStartDate":"","_EventEndDate":"","_EventStartDateUTC":"","_EventEndDateUTC":"","_EventShowMap":false,"_EventShowMapLink":false,"_EventURL":"","_EventCost":"","_EventCostDescription":"","_EventCurrencySymbol":"","_EventCurrencyCode":"","_EventCurrencyPosition":"","_EventDateTimeSeparator":"","_EventTimeRangeSeparator":"","_EventOrganizerID":[],"_EventVenueID":[],"_OrganizerEmail":"","_OrganizerPhone":"","_OrganizerWebsite":"","_VenueAddress":"","_VenueCity":"","_VenueCountry":"","_VenueProvince":"","_VenueState":"","_VenueZip":"","_VenuePhone":"","_VenueURL":"","_VenueStateProvince":"","_VenueLat":"","_VenueLng":"","_VenueShowMap":false,"_VenueShowMapLink":false,"_tribe_blocks_recurrence_rules":"","_tribe_blocks_recurrence_description":"","_tribe_blocks_recurrence_exclusions":"","_ecp_custom_4":"","_ecp_custom_7":"","_ecp_custom_9":"","_ecp_custom_10":"","_ecp_custom_12":"","_ecp_custom_13":"","footnotes":""},"post_region":[],"post_campaign":[347],"class_list":["post-26207","page","type-page","status-publish","has-post-thumbnail","hentry","post_campaign-semences"],"acf":[],"_links":{"self":[{"href":"https:\/\/www.nfu.ca\/fr\/wp-json\/wp\/v2\/pages\/26207","targetHints":{"allow":["GET"]}}],"collection":[{"href":"https:\/\/www.nfu.ca\/fr\/wp-json\/wp\/v2\/pages"}],"about":[{"href":"https:\/\/www.nfu.ca\/fr\/wp-json\/wp\/v2\/types\/page"}],"author":[{"embeddable":true,"href":"https:\/\/www.nfu.ca\/fr\/wp-json\/wp\/v2\/users\/2"}],"replies":[{"embeddable":true,"href":"https:\/\/www.nfu.ca\/fr\/wp-json\/wp\/v2\/comments?post=26207"}],"version-history":[{"count":0,"href":"https:\/\/www.nfu.ca\/fr\/wp-json\/wp\/v2\/pages\/26207\/revisions"}],"wp:featuredmedia":[{"embeddable":true,"href":"https:\/\/www.nfu.ca\/fr\/wp-json\/wp\/v2\/media\/25278"}],"wp:attachment":[{"href":"https:\/\/www.nfu.ca\/fr\/wp-json\/wp\/v2\/media?parent=26207"}],"wp:term":[{"taxonomy":"post_region","embeddable":true,"href":"https:\/\/www.nfu.ca\/fr\/wp-json\/wp\/v2\/post_region?post=26207"},{"taxonomy":"post_campaign","embeddable":true,"href":"https:\/\/www.nfu.ca\/fr\/wp-json\/wp\/v2\/post_campaign?post=26207"}],"curies":[{"name":"wp","href":"https:\/\/api.w.org\/{rel}","templated":true}]}}