
{"id":26196,"date":"2023-07-17T18:42:30","date_gmt":"2023-07-18T00:42:30","guid":{"rendered":"https:\/\/www.nfu.ca\/accaparement-des-terres\/"},"modified":"2025-12-03T13:58:14","modified_gmt":"2025-12-03T19:58:14","slug":"accaparement-des-terres","status":"publish","type":"page","link":"https:\/\/www.nfu.ca\/fr\/apprendre\/terres-agricoles\/accaparement-des-terres\/","title":{"rendered":"Accaparement des terres"},"content":{"rendered":"\n<header class=\"wp-block-cover alignfull has-custom-content-position is-position-bottom-center banner-top\" id=\"banner-top\"><span aria-hidden=\"true\" class=\"wp-block-cover__background has-background-dim has-background-gradient\" style=\"background-color:#605d50;background:linear-gradient(180deg,rgba(0,0,0,0.97) 0%,rgba(0,0,0,0.05) 69%)\"><\/span><img loading=\"lazy\" decoding=\"async\" width=\"768\" height=\"400\" src=\"https:\/\/www.nfu.ca\/wp-content\/uploads\/2018\/05\/nfu-campaign-farmland-ownership-thumb.jpg\" class=\"wp-block-cover__image-background wp-post-image\" alt=\"Propri\u00e9t\u00e9 des terres agricoles\" data-object-fit=\"cover\" srcset=\"https:\/\/www.nfu.ca\/wp-content\/uploads\/2018\/05\/nfu-campaign-farmland-ownership-thumb.jpg 768w, https:\/\/www.nfu.ca\/wp-content\/uploads\/2018\/05\/nfu-campaign-farmland-ownership-thumb-300x156.jpg 300w\" sizes=\"auto, (max-width: 768px) 100vw, 768px\" \/><div class=\"wp-block-cover__inner-container is-layout-flow wp-block-cover-is-layout-flow\">\n<p class=\"has-text-align-left has-large-font-size\"><\/p>\n<\/div><\/header>\n\n<div class=\"wp-block-stackable-hero alignwide stk-block-hero stk-block stk-08fda9e is-style-default mb\" data-v=\"2\" id=\"content-first\" data-block-id=\"08fda9e\"><style>.stk-08fda9e .stk-block-hero__content{align-items:center !important;display:flex !important;}<\/style><div class=\"stk-block-hero__content stk-content-align stk-08fda9e-column alignwide stk-container stk-08fda9e-container stk--no-background stk--no-padding\"><div class=\"stk-block-content stk-inner-blocks has-text-align-left stk-08fda9e-inner-blocks\"><ol class=\"breadcrumb\"><li><a href=\"https:\/\/www.nfu.ca\/fr\/\">National Farmers Union<\/a><\/li><\/ol>\n\n\n\n<div class=\"wp-block-stackable-heading stk-block-heading stk-block-heading--v2 stk-block stk-6c2c9d1 page-title\" id=\"land-grabbing\" data-block-id=\"6c2c9d1\"><h1 class=\"stk-block-heading__text\">Accaparement des terres<\/h1><\/div>\n\n\n\n<div class=\"wp-block-stackable-columns stk-block-columns stk-block stk-1786798\" data-block-id=\"1786798\"><div class=\"stk-row stk-inner-blocks stk-block-content stk-content-align stk-1786798-column\">\n<div class=\"wp-block-stackable-column stk-block-column stk-column stk-block stk-cdf62d9\" data-v=\"4\" data-block-id=\"cdf62d9\"><style>@media screen and (min-width: 768px){.stk-cdf62d9 {flex:var(--stk-flex-grow, 1) 1 calc(66.666% - var(--stk-column-gap, 0px) * 1 \/ 2 ) !important;}}<\/style><div class=\"stk-column-wrapper stk-block-column__content stk-container stk-cdf62d9-container stk--no-background stk--no-padding\"><div class=\"has-text-align-left stk-block-content stk-inner-blocks stk-cdf62d9-inner-blocks\">\n<div class=\"wp-block-stackable-text stk-block-text stk-block stk-8373c37 lead\" id=\"further-reading\" data-block-id=\"8373c37\"><p class=\"stk-block-text__text\">L&rsquo;<a href=\"https:\/\/grain.org\/e\/93\" target=\"_blank\" rel=\"noopener\">expression \u00ab\u00a0accaparement des terres\u00a0\u00bb a \u00e9t\u00e9 invent\u00e9e par l&rsquo;organisation internationale \u00e0 but non lucratif GRAIN<\/a> pour d\u00e9crire la fr\u00e9n\u00e9sie mondiale d&rsquo;achat de terres agricoles qui s&rsquo;est intensifi\u00e9e en r\u00e9ponse aux crises simultan\u00e9es de l&rsquo;alimentation et des finances en 2008. Les gouvernements de certains pays ont commenc\u00e9 \u00e0 acheter des terres agricoles en dehors de leurs fronti\u00e8res afin de garantir l&rsquo;approvisionnement futur de leur population en denr\u00e9es alimentaires et en biocarburants, tandis que les entreprises et les investisseurs priv\u00e9s ont consid\u00e9r\u00e9 les terres agricoles comme une forme d&rsquo;investissement stable et relativement rentable face aux crises financi\u00e8res et \u00e0 l&rsquo;ins\u00e9curit\u00e9 alimentaire.<\/p><\/div>\n\n\n\n<div class=\"wp-block-stackable-text stk-block-text stk-block stk-81126a1\" id=\"further-reading\" data-block-id=\"81126a1\"><p class=\"stk-block-text__text\"> <a href=\"https:\/\/watershedsentinel.ca\/articles\/land-grabs-the-canadian-connection\/\" target=\"_blank\" rel=\"noopener\">L&rsquo;accaparement des terres entra\u00eene le d\u00e9placement des communaut\u00e9s locales et autochtones, souvent par la violence.<\/a>  Elle est donc fondamentalement oppos\u00e9e au soutien de l&rsquo;UNF \u00e0 la souverainet\u00e9 alimentaire.  <\/p><\/div>\n\n\n\n<div class=\"wp-block-stackable-text stk-block-text stk-block stk-8ef5b64\" id=\"further-reading\" data-block-id=\"8ef5b64\"><p class=\"stk-block-text__text\">L&rsquo;<a href=\"https:\/\/grain.org\/e\/93\" target=\"_blank\" rel=\"noopener\">expression \u00ab\u00a0accaparement des terres\u00a0\u00bb a \u00e9t\u00e9 invent\u00e9e par l&rsquo;organisation internationale \u00e0 but non lucratif GRAIN<\/a> pour d\u00e9crire la fr\u00e9n\u00e9sie mondiale d&rsquo;achat de terres agricoles qui s&rsquo;est intensifi\u00e9e en r\u00e9ponse aux crises simultan\u00e9es de l&rsquo;alimentation et des finances en 2008. Les gouvernements de certains pays ont commenc\u00e9 \u00e0 acheter des terres agricoles en dehors de leurs fronti\u00e8res afin de garantir l&rsquo;approvisionnement futur de leur population en denr\u00e9es alimentaires et en biocarburants, tandis que les entreprises et les investisseurs priv\u00e9s ont consid\u00e9r\u00e9 les terres agricoles comme une forme d&rsquo;investissement stable et relativement rentable face aux crises financi\u00e8res et \u00e0 l&rsquo;ins\u00e9curit\u00e9 alimentaire.  <a href=\"https:\/\/watershedsentinel.ca\/articles\/land-grabs-the-canadian-connection\/\" target=\"_blank\" rel=\"noopener\">L&rsquo;accaparement des terres entra\u00eene le d\u00e9placement des communaut\u00e9s locales et autochtones, souvent par la violence.<\/a>  Elle est donc fondamentalement oppos\u00e9e au soutien de l&rsquo;UNF \u00e0 la souverainet\u00e9 alimentaire.  <\/p><\/div>\n\n\n\n<div class=\"wp-block-stackable-text stk-block-text stk-block stk-292dc02\" id=\"further-reading\" data-block-id=\"292dc02\"><p class=\"stk-block-text__text\">M\u00eame lorsque l&rsquo;accaparement des terres a lieu dans des pays situ\u00e9s bien au-del\u00e0 de nos fronti\u00e8res, les entreprises canadiennes y participent activement. <a href=\"https:\/\/www.nfu.ca\/fr\/appel-aux-fonds-de-pension-pour-stopper-laccaparement-des-terres-au-bresil\/\">L&rsquo;UNF a publiquement appel\u00e9 les fonds de pension canadiens et d&rsquo;autres entit\u00e9s financi\u00e8res \u00e0 se d\u00e9sinvestir de ces activit\u00e9s<\/a>. D&rsquo;une mani\u00e8re plus g\u00e9n\u00e9rale, l&rsquo;UNF aborde cette question dans le cadre de son travail avec <a href=\"https:\/\/viacampesina.org\/en\/\" target=\"_blank\" rel=\"noopener\">La Via Campesina<\/a>, un mouvement mondial en faveur de l&rsquo;agriculture paysanne. <a href=\"https:\/\/www.nfu.ca\/fr\/la-banque-mondiale-et-le-fmi-sont-coupables-de-favoriser-laccaparement-des-terres-et-daccroitre-les-inegalites-selon-lvc\/\" target=\"_blank\" rel=\"noreferrer noopener\">La Via Campesina a d\u00e9nonc\u00e9 les institutions mondiales telles que la Banque mondiale qui facilitent l&rsquo;accaparement des terres.<\/a><\/p><\/div>\n\n\n\n<div class=\"wp-block-stackable-heading stk-block-heading stk-block-heading--v2 stk-block stk-75c57f7\" id=\"further-reading\" data-block-id=\"75c57f7\"><h4 class=\"stk-block-heading__text\">Pour en savoir plus<\/h4><\/div>\n\n\n\n<div class=\"wp-block-stackable-text stk-block-text stk-block stk-55443c3\" id=\"further-reading\" data-block-id=\"55443c3\"><p class=\"stk-block-text__text\"><strong>11 octobre 2018 : <\/strong><a href=\"https:\/\/www.nfu.ca\/fr\/la-banque-mondiale-et-le-fmi-sont-coupables-de-favoriser-laccaparement-des-terres-et-daccroitre-les-inegalites-selon-lvc\/\">La Banque mondiale et le FMI sont coupables de promouvoir l&rsquo;accaparement des terres et d&rsquo;accro\u00eetre les in\u00e9galit\u00e9s, selon LVC<\/a><\/p><\/div>\n\n\n\n<div class=\"wp-block-stackable-text stk-block-text stk-block stk-a61033d\" id=\"further-reading\" data-block-id=\"a61033d\"><p class=\"stk-block-text__text\"><strong>6 f\u00e9vrier 2017 : <\/strong><a href=\"https:\/\/www.nfu.ca\/fr\/appel-aux-fonds-de-pension-pour-stopper-laccaparement-des-terres-au-bresil\/\">Appel aux fonds de pension &#8211; Stop \u00e0 l&rsquo;accaparement des terres au Br\u00e9sil<\/a><\/p><\/div>\n\n\n\n<div class=\"wp-block-stackable-text stk-block-text stk-block stk-9ec1b87\" id=\"further-reading\" data-block-id=\"9ec1b87\"><p class=\"stk-block-text__text\"><strong>6 mars 2013 :<\/strong> <a href=\"https:\/\/www.nfu.ca\/fr\/publications\/laccaparement-des-terres-lagriculture-industrielle-deplace-le-monde-les-pauvres-les-organisations-a-but-non-lucratif\/\">L&rsquo;accaparement des terres : L&rsquo;agriculture industrielle d\u00e9place les pauvres du monde entier pour le profit<\/a><\/p><\/div>\n<\/div><\/div><\/div>\n\n\n\n<div class=\"wp-block-stackable-column stk-block-column stk-column stk-block stk-64e9ae2\" data-v=\"4\" data-block-id=\"64e9ae2\"><style>@media screen and (min-width: 768px){.stk-64e9ae2 {flex:var(--stk-flex-grow, 1) 1 calc(33.334% - var(--stk-column-gap, 0px) * 1 \/ 2 ) !important;}}<\/style><div class=\"stk-column-wrapper stk-block-column__content stk-container stk-64e9ae2-container stk--no-background stk--no-padding\"><div class=\"stk-block-content stk-inner-blocks stk-64e9ae2-inner-blocks\"><nav class=\"is-vertical no-wrap wp-block-navigation is-nowrap is-layout-flex wp-container-core-navigation-is-layout-947ac36b wp-block-navigation-is-layout-flex\" aria-label=\"Campaign Nav - Farmland\"><ul class=\"wp-block-navigation__container  is-vertical no-wrap wp-block-navigation\"><li class=\" wp-block-navigation-item wp-block-navigation-link\"><a class=\"wp-block-navigation-item__content\"  href=\"https:\/\/www.nfu.ca\/learn\/farmland\/\"><span class=\"wp-block-navigation-item__label\">Overview<\/span><\/a><\/li><li class=\" wp-block-navigation-item wp-block-navigation-link\"><a class=\"wp-block-navigation-item__content\"  href=\"https:\/\/www.nfu.ca\/learn\/farmland\/farmland-ownership-and-consolidation\/\"><span class=\"wp-block-navigation-item__label\">Farmland Ownership and Consolidation<\/span><\/a><\/li><li class=\" wp-block-navigation-item wp-block-navigation-link\"><a class=\"wp-block-navigation-item__content\"  href=\"https:\/\/www.nfu.ca\/learn\/farmland\/farmland-access-and-tenure\/\"><span class=\"wp-block-navigation-item__label\">Farmland access and tenure<\/span><\/a><\/li><li class=\" wp-block-navigation-item wp-block-navigation-link\"><a class=\"wp-block-navigation-item__content\"  href=\"https:\/\/www.nfu.ca\/learn\/farmland\/farmland-loss-and-protection\/\"><span class=\"wp-block-navigation-item__label\">Farmland loss and protection<\/span><\/a><\/li><li class=\" wp-block-navigation-item wp-block-navigation-link\"><a class=\"wp-block-navigation-item__content\"  href=\"https:\/\/www.nfu.ca\/learn\/farmland\/provincial-farmland-legislation\/\"><span class=\"wp-block-navigation-item__label\">Provincial Farmland Legislation<\/span><\/a><\/li><li class=\" wp-block-navigation-item wp-block-navigation-link\"><a class=\"wp-block-navigation-item__content\"  href=\"https:\/\/www.nfu.ca\/learn\/farmland\/fight-for-farmland-on-pei\/\"><span class=\"wp-block-navigation-item__label\">The fight for farmland on PEI<\/span><\/a><\/li><li class=\" wp-block-navigation-item wp-block-navigation-link\"><a class=\"wp-block-navigation-item__content\"  href=\"https:\/\/www.nfu.ca\/learn\/farmland\/indigenous-access-to-farmland\/\"><span class=\"wp-block-navigation-item__label\">Indigenous Access to Farmland<\/span><\/a><\/li><li class=\" wp-block-navigation-item wp-block-navigation-link\"><a class=\"wp-block-navigation-item__content\"  href=\"https:\/\/www.nfu.ca\/learn\/farmland\/land-grabbing\/\"><span class=\"wp-block-navigation-item__label\">Land Grabbing<\/span><\/a><\/li><\/ul><\/nav><\/div><\/div><\/div>\n<\/div><\/div>\n<\/div><\/div><\/div>\n<ol class=\"breadcrumb\"><li><a href=\"https:\/\/www.nfu.ca\/fr\/\">National Farmers Union<\/a><\/li><\/ol>\n\n<div class=\"wp-block-stackable-heading stk-block-heading stk-block-heading--v2 stk-block stk-35b1992\" id=\"land-grabbing\" data-block-id=\"35b1992\"><h1 class=\"stk-block-heading__text\">Accaparement des terres<\/h1><\/div>\n\n<div class=\"wp-block-stackable-columns stk-block-columns stk-block stk-54b76e7 content-upper\" id=\"content-upper\" data-block-id=\"54b76e7\"><div class=\"stk-row stk-inner-blocks has-text-align-left stk-block-content stk-content-align stk-54b76e7-column\">\n<div class=\"wp-block-stackable-column stk-block-column stk-column stk-block stk-ef63229\" data-v=\"4\" data-block-id=\"ef63229\"><style>@media screen and (min-width: 768px){.stk-ef63229 {flex:var(--stk-flex-grow, 1) 1 calc(66.666% - var(--stk-column-gap, 0px) * 1 \/ 2 ) !important;}}<\/style><div class=\"stk-column-wrapper stk-block-column__content stk-container stk-ef63229-container stk--no-background stk--no-padding\"><div class=\"has-text-align-left stk-block-content stk-inner-blocks stk-ef63229-inner-blocks\"><\/div><\/div><\/div>\n\n\n\n<div class=\"wp-block-stackable-column stk-block-column stk-column stk-block stk-5eb44eb\" data-v=\"4\" data-block-id=\"5eb44eb\"><style>@media screen and (min-width: 768px){.stk-5eb44eb {flex:var(--stk-flex-grow, 1) 1 calc(33.334% - var(--stk-column-gap, 0px) * 1 \/ 2 ) !important;}}<\/style><div class=\"stk-column-wrapper stk-block-column__content stk-container stk-5eb44eb-container stk--no-background stk--no-padding\"><div class=\"stk-block-content stk-inner-blocks stk-5eb44eb-inner-blocks\"><\/div><\/div><\/div>\n<\/div><\/div>\n","protected":false},"excerpt":{"rendered":"<p>L&rsquo;expression \u00ab\u00a0accaparement des terres\u00a0\u00bb a \u00e9t\u00e9 invent\u00e9e par l&rsquo;organisation internationale \u00e0 but non lucratif GRAIN pour d\u00e9crire la fr\u00e9n\u00e9sie mondiale d&rsquo;achat de terres agricoles qui s&rsquo;est intensifi\u00e9e en r\u00e9ponse aux crises simultan\u00e9es de l&rsquo;alimentation et des finances en 2008.<\/p>\n","protected":false},"author":2,"featured_media":23569,"parent":26224,"menu_order":2,"comment_status":"closed","ping_status":"closed","template":"tmpl-blocks-contained.php","meta":{"_acf_changed":false,"_tec_requires_first_save":true,"_EventAllDay":false,"_EventTimezone":"","_EventStartDate":"","_EventEndDate":"","_EventStartDateUTC":"","_EventEndDateUTC":"","_EventShowMap":false,"_EventShowMapLink":false,"_EventURL":"","_EventCost":"","_EventCostDescription":"","_EventCurrencySymbol":"","_EventCurrencyCode":"","_EventCurrencyPosition":"","_EventDateTimeSeparator":"","_EventTimeRangeSeparator":"","_EventOrganizerID":[],"_EventVenueID":[],"_OrganizerEmail":"","_OrganizerPhone":"","_OrganizerWebsite":"","_VenueAddress":"","_VenueCity":"","_VenueCountry":"","_VenueProvince":"","_VenueState":"","_VenueZip":"","_VenuePhone":"","_VenueURL":"","_VenueStateProvince":"","_VenueLat":"","_VenueLng":"","_VenueShowMap":false,"_VenueShowMapLink":false,"_tribe_blocks_recurrence_rules":"","_tribe_blocks_recurrence_description":"","_tribe_blocks_recurrence_exclusions":"","_ecp_custom_4":"","_ecp_custom_7":"","_ecp_custom_9":"","_ecp_custom_10":"","_ecp_custom_12":"","_ecp_custom_13":"","footnotes":""},"post_region":[],"post_campaign":[333],"class_list":["post-26196","page","type-page","status-publish","has-post-thumbnail","hentry","page_categories-learning-page-fr","post_campaign-propriete-des-terres-agricoles"],"acf":[],"_links":{"self":[{"href":"https:\/\/www.nfu.ca\/fr\/wp-json\/wp\/v2\/pages\/26196","targetHints":{"allow":["GET"]}}],"collection":[{"href":"https:\/\/www.nfu.ca\/fr\/wp-json\/wp\/v2\/pages"}],"about":[{"href":"https:\/\/www.nfu.ca\/fr\/wp-json\/wp\/v2\/types\/page"}],"author":[{"embeddable":true,"href":"https:\/\/www.nfu.ca\/fr\/wp-json\/wp\/v2\/users\/2"}],"replies":[{"embeddable":true,"href":"https:\/\/www.nfu.ca\/fr\/wp-json\/wp\/v2\/comments?post=26196"}],"version-history":[{"count":2,"href":"https:\/\/www.nfu.ca\/fr\/wp-json\/wp\/v2\/pages\/26196\/revisions"}],"predecessor-version":[{"id":47699,"href":"https:\/\/www.nfu.ca\/fr\/wp-json\/wp\/v2\/pages\/26196\/revisions\/47699"}],"up":[{"embeddable":true,"href":"https:\/\/www.nfu.ca\/fr\/wp-json\/wp\/v2\/pages\/26224"}],"wp:featuredmedia":[{"embeddable":true,"href":"https:\/\/www.nfu.ca\/fr\/wp-json\/wp\/v2\/media\/23569"}],"wp:attachment":[{"href":"https:\/\/www.nfu.ca\/fr\/wp-json\/wp\/v2\/media?parent=26196"}],"wp:term":[{"taxonomy":"post_region","embeddable":true,"href":"https:\/\/www.nfu.ca\/fr\/wp-json\/wp\/v2\/post_region?post=26196"},{"taxonomy":"post_campaign","embeddable":true,"href":"https:\/\/www.nfu.ca\/fr\/wp-json\/wp\/v2\/post_campaign?post=26196"}],"curies":[{"name":"wp","href":"https:\/\/api.w.org\/{rel}","templated":true}]}}