
{"id":26134,"date":"2024-03-20T11:13:45","date_gmt":"2024-03-20T17:13:45","guid":{"rendered":"https:\/\/www.nfu.ca\/nous-soutenons-le-droit-du-peuple-mexicain-de-determiner-le-rapport-quil-veut-entretenir-avec-le-mais\/"},"modified":"2024-12-12T08:37:42","modified_gmt":"2024-12-12T14:37:42","slug":"nous-soutenons-le-droit-du-peuple-mexicain-de-determiner-le-rapport-quil-veut-entretenir-avec-le-mais","status":"publish","type":"page","link":"https:\/\/www.nfu.ca\/fr\/nous-soutenons-le-droit-du-peuple-mexicain-de-determiner-le-rapport-quil-veut-entretenir-avec-le-mais\/","title":{"rendered":"Nous soutenons le droit du peuple mexicain de d\u00e9terminer le rapport qu&rsquo;il veut entretenir avec le ma\u00efs"},"content":{"rendered":"\n<header class=\"wp-block-cover alignfull is-light has-custom-content-position is-position-bottom-left banner-upper\" id=\"banner-upper\"><span aria-hidden=\"true\" class=\"wp-block-cover__background has-background-dim wp-block-cover__gradient-background has-background-gradient\" style=\"background-color:#9f8b82;background:linear-gradient(180deg,rgb(109,7,227) 0%,rgba(109,7,227,0) 58%)\"><\/span><img loading=\"lazy\" decoding=\"async\" width=\"1800\" height=\"600\" class=\"wp-block-cover__image-background wp-image-4451\" alt=\"Sunset Under Blue Skies on the Farm\" src=\"https:\/\/nfu.ca\/wp-content\/uploads\/2018\/04\/beautiful-sunset-under-blue-skies-on-the-farm-frank-kohntopp-banner-nfu-default.jpg\" data-object-fit=\"cover\" srcset=\"https:\/\/www.nfu.ca\/wp-content\/uploads\/2018\/04\/beautiful-sunset-under-blue-skies-on-the-farm-frank-kohntopp-banner-nfu-default.jpg 1800w, https:\/\/www.nfu.ca\/wp-content\/uploads\/2018\/04\/beautiful-sunset-under-blue-skies-on-the-farm-frank-kohntopp-banner-nfu-default-300x100.jpg 300w, https:\/\/www.nfu.ca\/wp-content\/uploads\/2018\/04\/beautiful-sunset-under-blue-skies-on-the-farm-frank-kohntopp-banner-nfu-default-768x256.jpg 768w, https:\/\/www.nfu.ca\/wp-content\/uploads\/2018\/04\/beautiful-sunset-under-blue-skies-on-the-farm-frank-kohntopp-banner-nfu-default-1024x341.jpg 1024w, https:\/\/www.nfu.ca\/wp-content\/uploads\/2018\/04\/beautiful-sunset-under-blue-skies-on-the-farm-frank-kohntopp-banner-nfu-default-1600x533.jpg 1600w\" sizes=\"auto, (max-width: 1800px) 100vw, 1800px\" \/><div class=\"wp-block-cover__inner-container is-layout-flow wp-block-cover-is-layout-flow\">\n<p class=\"has-text-align-center has-large-font-size\"><\/p>\n<\/div><\/header>\n\n<section class=\"wp-block-stackable-columns alignfull stk-block-columns stk-block stk-8dec9a4 stk-block-background\" data-block-id=\"8dec9a4\"><style>.stk-8dec9a4 {background-color:#faf9f000 !important;margin-bottom:0px !important;}.stk-8dec9a4:before{background-color:#faf9f000 !important;}<\/style><div class=\"stk-row stk-inner-blocks stk-block-content stk-content-align stk-8dec9a4-column\">\n<div class=\"wp-block-stackable-column stk-block-column stk-column stk-block stk-6aac889\" data-v=\"4\" data-block-id=\"6aac889\"><div class=\"stk-column-wrapper stk-block-column__content stk-container stk-6aac889-container stk--no-background stk--no-padding\"><div class=\"stk-block-content stk-inner-blocks stk-6aac889-inner-blocks\">\n<div class=\"wp-block-stackable-heading stk-block-heading stk-block-heading--v2 stk-block stk-82f8651\" id=\"nous-soutenons-le-droit-du-peuple-mexicain-de-determiner-le-rapport-quil-veut-entretenir-avec-le-mais\" data-block-id=\"82f8651\"><h1 class=\"stk-block-heading__text\">Nous soutenons le droit du peuple mexicain de d\u00e9terminer le rapport qu&rsquo;il veut entretenir avec le ma\u00efs<\/h1><\/div>\n\n\n\n<div class=\"wp-block-stackable-heading stk-block-heading stk-block-heading--v2 stk-block stk-2095563\" id=\"preambule\" data-block-id=\"2095563\"><h3 class=\"stk-block-heading__text\">Pr\u00e9ambule<\/h3><\/div>\n\n\n\n<p>S&rsquo;appuyant sur l&rsquo;Accord Canada-\u00c9tats-Unis-Mexique (ACEUM), les \u00c9tats-Unis contestent les restrictions qu&rsquo;impose le Mexique sur l&rsquo;utilisation de ma\u00efs g\u00e9n\u00e9tiquement modifi\u00e9 (GM) dans certains aliments. M\u00eame si le Canada n&rsquo;exporte pas de ma\u00efs au Mexique, il a d\u00e9cid\u00e9 de se ranger dans le camp des \u00c9tats-Unis.<\/p>\n\n\n\n<p>Le 13 f\u00e9vrier 2023, le Mexique a publi\u00e9 <a rel=\"noopener\" target=\"_blank\" href=\"https:\/\/cban.ca\/wp-content\/uploads\/Decree-on-GE-Corn-13-february-2023-Courtesy-Translation.pdf\">un d\u00e9cret pr\u00e9sidentiel<\/a> afin d&rsquo;interdire sur son territoire l&rsquo;utilisation du ma\u00efs GM pour fabriquer des aliments traditionnels tels que la tortilla, qui n\u00e9cessitent l&#8217;emploi d&rsquo;une farine faite de ma\u00efs blanc minimalement transform\u00e9e. Le d\u00e9cret annonce \u00e9galement l&rsquo;intention de remplacer les ingr\u00e9dients \u00e0 base de ma\u00efs GM dans les aliments transform\u00e9s par des ingr\u00e9dients faits de ma\u00efs non GM. Ces mesures sont le r\u00e9sultat d&rsquo;une lutte de plusieurs d\u00e9cennies men\u00e9e par les communaut\u00e9s et les agriculteur-rice-s du Mexique pour s&rsquo;opposer \u00e0 l&rsquo;utilisation du g\u00e9nie g\u00e9n\u00e9tique et revendiquer leur souverainet\u00e9 alimentaire et semenci\u00e8re.<\/p>\n\n\n\n<p><strong>Le ma\u00efs, qui est parfois appel\u00e9<\/strong><strong>\u00ab\u00a0<\/strong><strong>bl\u00e9 d&rsquo;Inde<\/strong><strong>\u00ab\u00a0, constitue l&rsquo;une des bases du r\u00e9gime alimentaire mexicain, de m\u00eame qu&rsquo;un \u00e9l\u00e9ment incontournable de la culture, de l&rsquo;histoire, de l&rsquo;identit\u00e9 nationale et de l&rsquo;agriculture du Mexique ; il est en outre essentiel aux pratiques culturelles et spirituelles autochtones.<\/strong> Le <strong>Mexique est le point d&rsquo;origine de tout le ma\u00efs retrouv\u00e9 dans le monde<\/strong>. Les agriculteur-rice-s autochtones et paysans du Mexique ont prot\u00e9g\u00e9 la biodiversit\u00e9 du ma\u00efs pendant des milliers d&rsquo;ann\u00e9es. En d\u00e9veloppant le syst\u00e8me agro\u00e9cologique telles que le <em>milpa<\/em>, ils ont pr\u00e9serv\u00e9 des cultivars traditionnels adapt\u00e9s aux conditions locales, et ont pu ainsi assurer un approvisionnement alimentaire constant aux familles et aux communaut\u00e9s.<\/p>\n\n\n\n<p>Le d\u00e9cret indique que le Mexique restreint l&rsquo;utilisation du ma\u00efs GM afin de faire respecter sa souverainet\u00e9 alimentaire et de pr\u00e9server les pratiques autochtones telles que le <em>milpa,<\/em> de prot\u00e9ger les vari\u00e9t\u00e9s indig\u00e8nes de ma\u00efs contre la contamination par les organismes g\u00e9n\u00e9tiquement modifi\u00e9s, de pr\u00e9server l&rsquo;h\u00e9ritage bioculturel du Mexique, et de prendre des mesures de pr\u00e9cautions pour prot\u00e9ger la sant\u00e9 humaine.<\/p>\n\n\n\n<p><em>Pour plus d&rsquo;information, veuillez consulter le document d&rsquo;information sur ce d\u00e9saccord commercial qu&rsquo;a pr\u00e9par\u00e9 le R\u00e9seau canadien d&rsquo;action sur les biotechnologies : https:\/\/cban.ca\/wp-content\/uploads\/Doc-dinfo-ACEUM-vs-le-Mexique-sur-mais-OGM.pdf<\/em><\/p>\n\n\n\n<div class=\"wp-block-stackable-heading stk-block-heading stk-block-heading--v2 stk-block stk-d290b90\" id=\"message-de-solidarite\" data-block-id=\"d290b90\"><h3 class=\"stk-block-heading__text\">Message de solidarit\u00e9<\/h3><\/div>\n\n\n\n<p><strong>Nous soutenons<\/strong> la souverainet\u00e9 semenci\u00e8re des agriculteur-rice-s autochtones et paysans du Mexique, tout comme leur qu\u00eate de souverainet\u00e9 alimentaire.<\/p>\n\n\n\n<p><strong>Nous soutenons<\/strong> le droit du peuple mexicain de rejeter le ma\u00efs GM, de m\u00eame que le droit du gouvernement du Mexique de restreindre l&rsquo;utilisation du ma\u00efs GM dans les aliments traditionnels.<\/p>\n\n\n\n<p><strong>Nos sommes<\/strong> solidaires avec les agriculteur-rice-s et les travailleur-se-s alimentaires mexicains qui continuent de prot\u00e9ger et de maintenir la diversit\u00e9 du ma\u00efs et leur h\u00e9ritage bioculturel, et qui se tiennent debout pour r\u00e9sister au contr\u00f4le des grandes entreprises sur les aliments.<\/p>\n\n\n\n<p><strong>Nous sommes en d\u00e9saccord<\/strong> avec le r\u00f4le que joue le Canada dans le cadre de ce d\u00e9saccord commercial qui remet en cause les restrictions qu&rsquo;impose le Mexique sur l&rsquo;utilisation du ma\u00efs GM. Nous nous opposons \u00e0 l&rsquo;instrumentalisation de l&rsquo;ACEUM pour porter atteinte aux droits d\u00e9mocratiques et faire en sorte que les profits des grandes entreprises aient pr\u00e9s\u00e9ance sur les besoins des communaut\u00e9s.<\/p>\n\n\n\n<p><strong>Nous nous engageons<\/strong> \u00e0 poursuivre notre travail collectif visant \u00e0 b\u00e2tir un syst\u00e8me alimentaire au sein duquel les familles d&rsquo;agriculteur-rice-s, les agriculteur-rice-s coop\u00e9ratifs et les travailleur-se-s du secteur alimentaire vivent dans la dignit\u00e9, et nourrissent la plan\u00e8te avec des aliments sains, s\u00e9curitaires et de haute qualit\u00e9 en recourant \u00e0 des pratiques qui prot\u00e8gent les sols, l&rsquo;eau, la biodiversit\u00e9 et les autres ressources naturelles.<\/p>\n\n\n\n<p><strong>Nous promouvons<\/strong> la justice sociale et \u00e9conomique pour les producteur-rice-s alimentaires, de m\u00eame que pour tous les peuples qui vivent au Canada et \u00e0 travers le monde.<\/p>\n\n\n\n<p>Ajoutez votre organisation ici &lt;<a rel=\"noopener\" target=\"_blank\" href=\"https:\/\/forms.gle\/gtscHXLQzhMiE2rK7\">lien vers le formulaire google<\/a>&gt;<\/p>\n\n\n\n<p>Sign\u00e9e par les organisations suivantes :<\/p>\n\n\n\n<p>Union National des Fermiers<\/p>\n\n\n\n<p>Alliance de la Fonction publique du Canada &#8211; Public Service Alliance of Canada<br\/>R\u00e9seau r\u00e9gional biologique du Canada atlantique<br\/>Association canadienne du commerce biologique<br\/>R\u00e9seau canadien d&rsquo;action sur les biotechnologies (RCAB)<br\/>Producteurs biologiques canadiens<br\/>Centre international de solidarit\u00e9 ouvri\u00e8re (CISO)<br\/>Comite pour les droits humains en Amerique Latine<br\/>Fronti\u00e8res communes<br\/>Institut Cooper<br\/>Conseil des Canadiens<br\/>De Regresos Consciente al campo<br\/>D\u00e9veloppement et Paix &#8211; Caritas Canada<br\/>Association des fermiers \u00e9cologiques de l&rsquo;Ontario<br\/>Les Amis de la Terre Canada<br\/>Fini l&rsquo;inactivit\u00e9<br\/>Inter Pares<br\/>R\u00e9seau de solidarit\u00e9 Maquila (MSN)<br\/>Northumberland Council of Canadians &#8211; Agroecology and Water Group<br\/>Organic Alberta<br\/>PEI Food Exchange Program Inc<br\/>Prairie Community Coalition<br\/>SaskOrganics Association Inc.<br\/>S\u00e8me l&rsquo;avenir<br\/>Semences de diversit\u00e9 Canada<br\/>Solidarit\u00e9 Laurentides Am\u00e9rique centrale (SLAM)<br\/>Le Conseil biologique de l&rsquo;Ontario<br\/>Trade Justice Group of the Northumberland Chapter of the Council of Canadians (Groupe de justice commerciale du chapitre de Northumberland du Conseil des Canadiens)<br\/>R\u00e9seau pour la justice commerciale<br\/>Travailleurs et travailleuses unis de l&rsquo;alimentation et du commerce (TUAC Canada)<br\/>Vigilance OGM<br\/>Alliance internationale des migrants (C-B)<\/p>\n\n\n\n<h4 class=\"wp-block-heading\"><strong>Autres Signatures<\/strong><\/h4>\n\n\n\n<p>York Region Environmental Alliance<br\/>GMO Free Canada<br\/>Safe Food Matters<br\/>Toronto Non-GMO Coalition<br\/>World Accord<br\/>Organic BC<br\/>Summerhill Pyramid Winery<br\/>Suzanne Barr Food<br\/>Westmount 4-H Club Community Garden<br\/>Wild Bird Trust of BC<br\/>Creative Food Research Collaboratory<br\/>Green Thumbs Growing Kids<br\/>Toronto Urban Growers<\/p>\n\n\n\n<div class=\"wp-block-columns has-nfu-background-darker-background-color has-background is-layout-flex wp-container-core-columns-is-layout-9d6595d7 wp-block-columns-is-layout-flex\">\n<div class=\"wp-block-column is-layout-flow wp-block-column-is-layout-flow\">\n<div class=\"wp-block-stackable-text stk-block-text stk-block stk-2eb44a1\" data-block-id=\"2eb44a1\"><p class=\"stk-block-text__text has-text-align-center\"><em><em>Faites une diff\u00e9rence en tant qu&rsquo;organisation&#8230; <strong>rejoignez la liste !<\/strong><\/em><\/em><\/p><\/div>\n\n\n\n<div class=\"wp-block-stackable-button-group stk-block-button-group stk-block stk-a3e2fba\" data-block-id=\"a3e2fba\"><style>.stk-a3e2fba .stk-button-group{flex-direction:row !important;}@media screen and (max-width: 1023px){.stk-a3e2fba .stk-button-group{flex-direction:row !important;}}@media screen and (max-width: 767px){.stk-a3e2fba .stk-button-group{flex-direction:row !important;}}<\/style><div class=\"stk-row stk-inner-blocks has-text-align-center stk-block-content stk-button-group\">\n<div class=\"wp-block-stackable-button stk-block-button has-text-align-center is-style-ghost stk-block stk-7610b86\" data-block-id=\"7610b86\"><style>.stk-7610b86 .stk-button{background:transparent !important;border-top-left-radius:24px !important;border-top-right-radius:24px !important;border-bottom-right-radius:24px !important;border-bottom-left-radius:24px !important;}.stk-7610b86 .stk-button:hover:after{background:transparent !important;opacity:1 !important;}:where(.stk-hover-parent:hover,  .stk-hover-parent.stk--is-hovered) .stk-7610b86 .stk-button:after{background:transparent !important;opacity:1 !important;}.stk-7610b86 .stk-button:before{border-style:solid !important;border-color:#28a745 !important;}.stk-7610b86 .stk-button .stk--inner-svg svg:last-child, .stk-7610b86 .stk-button .stk--inner-svg svg:last-child :is(g, path, rect, polygon, ellipse){fill:#28a745 !important;}.stk-7610b86 .stk-button__inner-text{font-size:23px !important;color:#348741 !important;}@media screen and (max-width: 1023px){.stk-7610b86 .stk-button__inner-text{font-size:23px !important;}}<\/style><a class=\"stk-link stk-button stk--hover-effect-lift\" href=\"https:\/\/docs.google.com\/forms\/d\/e\/1FAIpQLSfnzpS2V3Vmtw9UykoSbyC1tG4e5_SP7CVdUDGZITVDYAIvnA\/viewform?usp=sf_link\" target=\"_blank\" rel=\"noopener\"><span class=\"has-text-color stk-button__inner-text\">Ajouter votre organisation<\/span><span class=\"stk--svg-wrapper\"><div class=\"stk--inner-svg\"><svg xmlns=\"http:\/\/www.w3.org\/2000\/svg\" viewbox=\"0 0 640 512\" aria-hidden=\"true\" width=\"32\" height=\"32\"><path d=\"M96 224c35.3 0 64-28.7 64-64s-28.7-64-64-64-64 28.7-64 64 28.7 64 64 64zm448 0c35.3 0 64-28.7 64-64s-28.7-64-64-64-64 28.7-64 64 28.7 64 64 64zm32 32h-64c-17.6 0-33.5 7.1-45.1 18.6 40.3 22.1 68.9 62 75.1 109.4h66c17.7 0 32-14.3 32-32v-32c0-35.3-28.7-64-64-64zm-256 0c61.9 0 112-50.1 112-112S381.9 32 320 32 208 82.1 208 144s50.1 112 112 112zm76.8 32h-8.3c-20.8 10-43.9 16-68.5 16s-47.6-6-68.5-16h-8.3C179.6 288 128 339.6 128 403.2V432c0 26.5 21.5 48 48 48h288c26.5 0 48-21.5 48-48v-28.8c0-63.6-51.6-115.2-115.2-115.2zm-223.7-13.4C161.5 263.1 145.6 256 128 256H64c-35.3 0-64 28.7-64 64v32c0 17.7 14.3 32 32 32h65.9c6.3-47.4 34.9-87.3 75.2-109.4z\"><\/path><\/svg><\/div><\/span><\/a><\/div>\n<\/div><\/div>\n<\/div>\n\n\n\n<div class=\"wp-block-column is-layout-flow wp-block-column-is-layout-flow\">\n<div class=\"wp-block-stackable-text stk-block-text stk-block stk-d4c168d\" data-block-id=\"d4c168d\"><p class=\"stk-block-text__text has-text-align-center\"><em><em>Faites une diff\u00e9rence en tant qu&rsquo;individu..<strong>.signer la p\u00e9tition !<\/strong><\/em><\/em><\/p><\/div>\n\n\n\n<div class=\"wp-block-stackable-button-group stk-block-button-group stk-block stk-a9b4b61\" data-block-id=\"a9b4b61\"><style>.stk-a9b4b61 .stk-button-group{flex-direction:row !important;}@media screen and (max-width: 1023px){.stk-a9b4b61 .stk-button-group{flex-direction:row !important;}}@media screen and (max-width: 767px){.stk-a9b4b61 .stk-button-group{flex-direction:row !important;}}<\/style><div class=\"stk-row stk-inner-blocks has-text-align-center stk-block-content stk-button-group\">\n<div class=\"wp-block-stackable-button stk-block-button is-style-ghost stk-block stk-81516ce\" data-block-id=\"81516ce\"><style>.stk-81516ce .stk-button{background:transparent !important;border-top-left-radius:24px !important;border-top-right-radius:24px !important;border-bottom-right-radius:24px !important;border-bottom-left-radius:24px !important;}.stk-81516ce .stk-button:hover:after{background:transparent !important;opacity:1 !important;}:where(.stk-hover-parent:hover,  .stk-hover-parent.stk--is-hovered) .stk-81516ce .stk-button:after{background:transparent !important;opacity:1 !important;}.stk-81516ce .stk-button:before{border-style:solid !important;border-color:#348741 !important;}.stk-81516ce .stk-button .stk--inner-svg svg:last-child, .stk-81516ce .stk-button .stk--inner-svg svg:last-child :is(g, path, rect, polygon, ellipse){fill:#348741 !important;}.stk-81516ce .stk-button__inner-text{font-size:24px !important;color:#348741 !important;}@media screen and (max-width: 1023px){.stk-81516ce .stk-button__inner-text{font-size:24px !important;}}<\/style><a class=\"stk-link stk-button stk--hover-effect-lift\" href=\"http:\/\/cban.ca\/take-action\/CUSMA\/\" target=\"_blank\" rel=\"noopener\"><span class=\"has-text-color stk-button__inner-text\">Signez la p\u00e9tition<\/span><span class=\"stk--svg-wrapper\"><div class=\"stk--inner-svg\"><svg xmlns=\"http:\/\/www.w3.org\/2000\/svg\" viewbox=\"0 0 512 512\" aria-hidden=\"true\" width=\"32\" height=\"32\"><path d=\"M256 288c79.5 0 144-64.5 144-144S335.5 0 256 0 112 64.5 112 144s64.5 144 144 144zm128 32h-55.1c-22.2 10.2-46.9 16-72.9 16s-50.6-5.8-72.9-16H128C57.3 320 0 377.3 0 448v16c0 26.5 21.5 48 48 48h416c26.5 0 48-21.5 48-48v-16c0-70.7-57.3-128-128-128z\"><\/path><\/svg><\/div><\/span><\/a><\/div>\n<\/div><\/div>\n<\/div>\n<\/div>\n<\/div><\/div><\/div>\n<\/div><\/section>\n","protected":false},"excerpt":{"rendered":"<p>Nous soutenons le droit du peuple mexicain de d\u00e9terminer le rapport qu&rsquo;il veut entretenir avec le ma\u00efs Pr\u00e9ambule S&rsquo;appuyant sur l&rsquo;Accord Canada-\u00c9tats-Unis-Mexique (ACEUM), les \u00c9tats-Unis contestent les restrictions qu&rsquo;impose le<\/p>\n","protected":false},"author":4,"featured_media":0,"parent":0,"menu_order":0,"comment_status":"closed","ping_status":"closed","template":"tmpl-blocks-contained.php","meta":{"_acf_changed":false,"_tec_requires_first_save":true,"_EventAllDay":false,"_EventTimezone":"","_EventStartDate":"","_EventEndDate":"","_EventStartDateUTC":"","_EventEndDateUTC":"","_EventShowMap":false,"_EventShowMapLink":false,"_EventURL":"","_EventCost":"","_EventCostDescription":"","_EventCurrencySymbol":"","_EventCurrencyCode":"","_EventCurrencyPosition":"","_EventDateTimeSeparator":"","_EventTimeRangeSeparator":"","_EventOrganizerID":[],"_EventVenueID":[],"_OrganizerEmail":"","_OrganizerPhone":"","_OrganizerWebsite":"","_VenueAddress":"","_VenueCity":"","_VenueCountry":"","_VenueProvince":"","_VenueState":"","_VenueZip":"","_VenuePhone":"","_VenueURL":"","_VenueStateProvince":"","_VenueLat":"","_VenueLng":"","_VenueShowMap":false,"_VenueShowMapLink":false,"_tribe_blocks_recurrence_rules":"","_tribe_blocks_recurrence_description":"","_tribe_blocks_recurrence_exclusions":"","_ecp_custom_4":"","_ecp_custom_7":"","_ecp_custom_9":"","_ecp_custom_10":"","_ecp_custom_12":"","_ecp_custom_13":"","footnotes":""},"post_region":[],"post_campaign":[],"class_list":["post-26134","page","type-page","status-publish","hentry"],"acf":[],"_links":{"self":[{"href":"https:\/\/www.nfu.ca\/fr\/wp-json\/wp\/v2\/pages\/26134","targetHints":{"allow":["GET"]}}],"collection":[{"href":"https:\/\/www.nfu.ca\/fr\/wp-json\/wp\/v2\/pages"}],"about":[{"href":"https:\/\/www.nfu.ca\/fr\/wp-json\/wp\/v2\/types\/page"}],"author":[{"embeddable":true,"href":"https:\/\/www.nfu.ca\/fr\/wp-json\/wp\/v2\/users\/4"}],"replies":[{"embeddable":true,"href":"https:\/\/www.nfu.ca\/fr\/wp-json\/wp\/v2\/comments?post=26134"}],"version-history":[{"count":2,"href":"https:\/\/www.nfu.ca\/fr\/wp-json\/wp\/v2\/pages\/26134\/revisions"}],"predecessor-version":[{"id":31755,"href":"https:\/\/www.nfu.ca\/fr\/wp-json\/wp\/v2\/pages\/26134\/revisions\/31755"}],"wp:attachment":[{"href":"https:\/\/www.nfu.ca\/fr\/wp-json\/wp\/v2\/media?parent=26134"}],"wp:term":[{"taxonomy":"post_region","embeddable":true,"href":"https:\/\/www.nfu.ca\/fr\/wp-json\/wp\/v2\/post_region?post=26134"},{"taxonomy":"post_campaign","embeddable":true,"href":"https:\/\/www.nfu.ca\/fr\/wp-json\/wp\/v2\/post_campaign?post=26134"}],"curies":[{"name":"wp","href":"https:\/\/api.w.org\/{rel}","templated":true}]}}