
{"id":26131,"date":"2024-03-20T11:02:41","date_gmt":"2024-03-20T17:02:41","guid":{"rendered":"https:\/\/www.nfu.ca\/nous-soutenons-le-droit-du-peuple-mexicain-a-determiner-sa-propre-relation-avec-le-mais\/"},"modified":"2024-12-12T08:37:42","modified_gmt":"2024-12-12T14:37:42","slug":"nous-soutenons-le-droit-du-peuple-mexicain-a-determiner-sa-propre-relation-avec-le-mais","status":"publish","type":"page","link":"https:\/\/www.nfu.ca\/fr\/nous-soutenons-le-droit-du-peuple-mexicain-a-determiner-sa-propre-relation-avec-le-mais\/","title":{"rendered":"Nous soutenons le droit du peuple mexicain \u00e0 d\u00e9terminer sa propre relation avec le ma\u00efs."},"content":{"rendered":"\n<header class=\"wp-block-cover alignfull is-light has-custom-content-position is-position-bottom-left banner-upper\" id=\"banner-upper\"><span aria-hidden=\"true\" class=\"wp-block-cover__background has-background-dim wp-block-cover__gradient-background has-background-gradient\" style=\"background-color:#9f8b82;background:linear-gradient(180deg,rgb(109,7,227) 0%,rgba(109,7,227,0) 58%)\"><\/span><img loading=\"lazy\" decoding=\"async\" width=\"1800\" height=\"600\" class=\"wp-block-cover__image-background wp-image-4451\" alt=\"Sunset Under Blue Skies on the Farm\" src=\"https:\/\/nfu.ca\/wp-content\/uploads\/2018\/04\/beautiful-sunset-under-blue-skies-on-the-farm-frank-kohntopp-banner-nfu-default.jpg\" data-object-fit=\"cover\" srcset=\"https:\/\/www.nfu.ca\/wp-content\/uploads\/2018\/04\/beautiful-sunset-under-blue-skies-on-the-farm-frank-kohntopp-banner-nfu-default.jpg 1800w, https:\/\/www.nfu.ca\/wp-content\/uploads\/2018\/04\/beautiful-sunset-under-blue-skies-on-the-farm-frank-kohntopp-banner-nfu-default-300x100.jpg 300w, https:\/\/www.nfu.ca\/wp-content\/uploads\/2018\/04\/beautiful-sunset-under-blue-skies-on-the-farm-frank-kohntopp-banner-nfu-default-768x256.jpg 768w, https:\/\/www.nfu.ca\/wp-content\/uploads\/2018\/04\/beautiful-sunset-under-blue-skies-on-the-farm-frank-kohntopp-banner-nfu-default-1024x341.jpg 1024w, https:\/\/www.nfu.ca\/wp-content\/uploads\/2018\/04\/beautiful-sunset-under-blue-skies-on-the-farm-frank-kohntopp-banner-nfu-default-1600x533.jpg 1600w\" sizes=\"auto, (max-width: 1800px) 100vw, 1800px\" \/><div class=\"wp-block-cover__inner-container is-layout-flow wp-block-cover-is-layout-flow\">\n<p class=\"has-text-align-center has-large-font-size\"><\/p>\n<\/div><\/header>\n\n<section class=\"wp-block-stackable-columns alignfull stk-block-columns stk-block stk-8dec9a4 stk-block-background\" data-block-id=\"8dec9a4\"><style>.stk-8dec9a4 {background-color:#faf9f000 !important;margin-bottom:0px !important;}.stk-8dec9a4:before{background-color:#faf9f000 !important;}<\/style><div class=\"stk-row stk-inner-blocks stk-block-content stk-content-align stk-8dec9a4-column\">\n<div class=\"wp-block-stackable-column stk-block-column stk-column stk-block stk-6aac889\" data-v=\"4\" data-block-id=\"6aac889\"><div class=\"stk-column-wrapper stk-block-column__content stk-container stk-6aac889-container stk--no-background stk--no-padding\"><div class=\"stk-block-content stk-inner-blocks stk-6aac889-inner-blocks\">\n<div class=\"wp-block-stackable-heading stk-block-heading stk-block-heading--v2 stk-block stk-0138c66\" id=\"we-support-the-right-of-the-people-of-mexico-to-determine-their-own-relationship-with-corn\" data-block-id=\"0138c66\"><h1 class=\"stk-block-heading__text\">Nous soutenons le droit du peuple mexicain \u00e0 d\u00e9terminer sa propre relation avec le ma\u00efs.<\/h1><\/div>\n\n\n\n<div class=\"wp-block-stackable-text stk-block-text stk-block stk-6bed657\" data-block-id=\"6bed657\"><p class=\"stk-block-text__text\">Lisez la lettre en fran\u00e7ais <a href=\"https:\/\/www.nfu.ca\/fr\/nous-soutenons-le-droit-du-peuple-mexicain-de-determiner-le-rapport-quil-veut-entretenir-avec-le-mais\/\">: https:\/\/www.nfu.ca\/nous-soutenons-le-droit-du-peuple-mexicain-de-determiner-le-rapport-quil-veut-entretenir-avec-le-mais\/<\/a><\/p><\/div>\n\n\n\n<div class=\"wp-block-stackable-heading stk-block-heading stk-block-heading--v2 stk-block stk-113a645\" id=\"preamble\" data-block-id=\"113a645\"><h2 class=\"stk-block-heading__text\">Pr\u00e9ambule<\/h2><\/div>\n\n\n\n<p class=\"has-medium-font-size\">Le gouvernement du Canada soutient une contestation commerciale initi\u00e9e par les \u00c9tats-Unis, dans le cadre de l&rsquo;accord commercial Canada-\u00c9tats-Unis-Mexique (ACEUM), qui vise \u00e0 mettre fin aux restrictions impos\u00e9es par le Mexique sur l&rsquo;utilisation de ma\u00efs g\u00e9n\u00e9tiquement modifi\u00e9 pour certains aliments. Le Canada n&rsquo;exporte pas de ma\u00efs vers le Mexique.<\/p>\n\n\n\n<p>Le 13 f\u00e9vrier 2023, <a rel=\"noopener\" target=\"_blank\" href=\"https:\/\/cban.ca\/wp-content\/uploads\/Decree-on-GE-Corn-13-february-2023-Courtesy-Translation.pdf\">un d\u00e9cret pr\u00e9sidentiel<\/a> a interdit l&rsquo;utilisation de ma\u00efs g\u00e9n\u00e9tiquement modifi\u00e9 au Mexique pour la fabrication d&rsquo;aliments traditionnels, tels que la tortilla, qui reposent sur de la farine de ma\u00efs blanc peu transform\u00e9e. Le d\u00e9cret stipule \u00e9galement l&rsquo;intention de remplacer \u00e0 terme les ingr\u00e9dients \u00e0 base de ma\u00efs g\u00e9n\u00e9tiquement modifi\u00e9 dans les aliments transform\u00e9s par du ma\u00efs non g\u00e9n\u00e9tiquement modifi\u00e9. Ces mesures sont le r\u00e9sultat de d\u00e9cennies de lutte des fermi\u00e8res et des communaut\u00e9s de base du Mexique qui s&rsquo;opposent \u00e0 l&rsquo;utilisation de la modification g\u00e9n\u00e9tique et affirment leur droit aux semences et \u00e0 la souverainet\u00e9 alimentaire.<\/p>\n\n\n\n<p><strong>Le ma\u00efs, connu au Mexique et dans la plupart des pays du monde sous le nom de \u00ab\u00a0maize\u00a0\u00bb, est un aliment de base du r\u00e9gime alimentaire mexicain. Il est au c\u0153ur de la culture et de l&rsquo;agriculture mexicaines, de l&rsquo;histoire et de l&rsquo;identit\u00e9 nationale, ainsi que des cultures et des pratiques spirituelles indig\u00e8nes.<\/strong>  Le Mexique est le centre mondial d&rsquo;origine du ma\u00efs. Depuis des milliers d&rsquo;ann\u00e9es, les fermi\u00e8res autochtones et paysannes du Mexique pr\u00e9servent la biodiversit\u00e9 du ma\u00efs, source de vie, en mettant en place des pratiques agro\u00e9cologiques telles que la <em>milpa <\/em>, afin de sauvegarder les vari\u00e9t\u00e9s locales adapt\u00e9es et d&rsquo;assurer la r\u00e9silience de l&rsquo;approvisionnement alimentaire des familles et des communaut\u00e9s.<\/p>\n\n\n\n<p>Le d\u00e9cret stipule que le Mexique restreint l&rsquo;utilisation du ma\u00efs g\u00e9n\u00e9tiquement modifi\u00e9 afin de pr\u00e9server la souverainet\u00e9 alimentaire, y compris la <em>milpa<\/em> indig\u00e8ne, de prot\u00e9ger le ma\u00efs indig\u00e8ne de la contamination par les OGM, de pr\u00e9server le patrimoine bioculturel du Mexique et de prendre des mesures de pr\u00e9caution pour prot\u00e9ger la sant\u00e9 humaine.<\/p>\n\n\n\n<p><em>Pour plus d&rsquo;informations, consultez le rapport sur ce diff\u00e9rend commercial du R\u00e9seau canadien d&rsquo;action sur les biotechnologies (Canadian Biotechnology Action Network) <a rel=\"noopener\" target=\"_blank\" href=\"http:\/\/www.cban.ca\/tradedispute\">www.cban.ca\/tradedispute<\/a><\/em><\/p>\n\n\n\n<h4 class=\"wp-block-heading\"><strong>D\u00e9claration de solidarit\u00e9<\/strong><\/h4>\n\n\n\n<p><strong>Nous soutenons<\/strong> la souverainet\u00e9 des semences des fermi\u00e8res autochtones et paysannes du Mexique et leur qu\u00eate de souverainet\u00e9 alimentaire ;<\/p>\n\n\n\n<p><strong>Nous soutenons<\/strong> le droit de la population mexicaine \u00e0 rejeter le ma\u00efs g\u00e9n\u00e9tiquement modifi\u00e9 et le droit du gouvernement mexicain \u00e0 restreindre l&rsquo;utilisation du ma\u00efs g\u00e9n\u00e9tiquement modifi\u00e9 dans les aliments traditionnels ;<\/p>\n\n\n\n<p><strong>Nous sommes<\/strong> solidaires des fermi\u00e8res et des travailleurs de l&rsquo;alimentation mexicains qui continuent \u00e0 pr\u00e9server et \u00e0 maintenir la diversit\u00e9 du ma\u00efs et leur h\u00e9ritage bioculturel, et qui r\u00e9sistent \u00e0 la mainmise des entreprises sur l&rsquo;alimentation ;<\/p>\n\n\n\n<p><strong>Nous nous opposons au<\/strong> r\u00f4le du Canada dans le diff\u00e9rend commercial qui remet en cause les restrictions impos\u00e9es par le Mexique sur l&rsquo;utilisation du ma\u00efs g\u00e9n\u00e9tiquement modifi\u00e9. Nous nous opposons \u00e0 l&rsquo;utilisation d&rsquo;accords commerciaux qui sapent les droits d\u00e9mocratiques et donnent la priorit\u00e9 aux profits des entreprises plut\u00f4t qu&rsquo;aux besoins de nos communaut\u00e9s ;<\/p>\n\n\n\n<p><strong>Nous nous engageons \u00e0<\/strong> poursuivre notre travail commun pour construire un syst\u00e8me alimentaire dans lequel les fermi\u00e8res et les coop\u00e9ratives, ainsi que les travailleurs de l&rsquo;alimentation, vivent dans la dignit\u00e9, en fournissant \u00e0 chacun une alimentation de haute qualit\u00e9, saine et s\u00fbre, gr\u00e2ce \u00e0 des pratiques qui prot\u00e8gent nos sols, l&rsquo;eau, la biodiversit\u00e9 et les autres ressources naturelles ;<\/p>\n\n\n\n<p><strong>Nous promouvons la<\/strong> justice sociale et \u00e9conomique pour les producteurs de denr\u00e9es alimentaires et toutes les personnes vivant au Canada et dans le monde.<\/p>\n\n\n\n<p>Sign\u00e9 par les organisations suivantes :<\/p>\n\n\n\n<p>Union Nationale des Fermiers<\/p>\n\n\n\n<p>R\u00e9seau r\u00e9gional biologique du Canada atlantique<br\/>Association canadienne du commerce biologique<br\/>R\u00e9seau canadien d&rsquo;action sur les biotechnologies (RCAB)<br\/>Producteurs biologiques canadiens<br\/>Centre international de solidarit\u00e9 ouvri\u00e8re (CISO)<br\/>Comite pour les droits humains en Amerique Latine<br\/>Fronti\u00e8res communes<br\/>Institut Cooper<br\/>Conseil des Canadiens<br\/>De Regresos Consciente al campo<br\/>D\u00e9veloppement et Paix &#8211; Caritas Canada<br\/>Association des fermiers \u00e9cologiques de l&rsquo;Ontario<br\/>Les Amis de la Terre Canada<br\/>Fini l&rsquo;inactivit\u00e9<br\/>Inter Pares<br\/>R\u00e9seau de solidarit\u00e9 Maquila (MSN)<br\/>Northumberland Council of Canadians &#8211; Groupe sur l&rsquo;agro\u00e9cologie et l&rsquo;eau<br\/>Organic Alberta<br\/>PEI Food Exchange Program Inc<br\/>Prairie Community Coalition<br\/>Public Service Alliance of Canada &#8211; Alliance de la Fonction publique du Canada<br\/>SaskOrganics Association Inc.<br\/>S\u00e8me l&rsquo;avenir<br\/>Semences de diversit\u00e9 Canada<br\/>Solidarit\u00e9 Laurentides Am\u00e9rique centrale (SLAM)<br\/>Le Conseil biologique de l&rsquo;Ontario<br\/>Trade Justice Group of the Northumberland Chapter of the Council of Canadians (Groupe de justice commerciale du chapitre de Northumberland du Conseil des Canadiens)<br\/>R\u00e9seau pour la justice commerciale<br\/>Travailleurs et travailleuses unis de l&rsquo;alimentation et du commerce (TUAC Canada)<br\/>Vigilance OGM<\/p>\n\n\n\n<h4 class=\"wp-block-heading\"><strong>Signatures suppl\u00e9mentaires<\/strong><\/h4>\n\n\n\n<p>Alliance environnementale de la r\u00e9gion de York<br\/>Canada sans OGM<br\/>La s\u00e9curit\u00e9 alimentaire, c&rsquo;est important<br\/>Coalition non-OGM de Toronto<br\/>Accord mondial<br\/>Organic BC<br\/>Pyramide de Summerhill<br\/>Suzanne Barr Alimentation<br\/>Jardin communautaire du Club 4-H de Westmount<br\/>Wild Bird Trust of BC<br\/>Collaboratoire de recherche cr\u00e9ative sur l&rsquo;alimentation<br\/>Les pouces verts font grandir les enfants<br\/>Toronto Urban Growers (en anglais)<br\/>Gaia Organics<br\/>Ferme Vestra<br\/>Fermes Van Ravenswaay<br\/>Pr\u00e9venir le cancer maintenant<br\/>Alternatives au jardin Urban Harvest<br\/>Table de cuisine Seed House<br\/>KASSI : Kingston Area Seed System Initiative (Initiative du syst\u00e8me de semences de la r\u00e9gion de Kingston)<br\/>Risques climatiques<br\/>Ferme Folx<br\/>Soci\u00e9t\u00e9 \u00e9ducative Watershed Sentinel<br\/>Alliance internationale des migrants (C.-B.)<\/p>\n\n\n\n<p><\/p>\n\n\n\n<p><\/p>\n\n\n\n<div class=\"wp-block-columns has-nfu-background-darker-background-color has-background is-layout-flex wp-container-core-columns-is-layout-9d6595d7 wp-block-columns-is-layout-flex\">\n<div class=\"wp-block-column is-layout-flow wp-block-column-is-layout-flow\">\n<div class=\"wp-block-stackable-text stk-block-text stk-block stk-2eb44a1\" data-block-id=\"2eb44a1\"><p class=\"stk-block-text__text has-text-align-center\"><em>Faites la diff\u00e9rence en tant qu&rsquo;organisation &#8211; <strong>rejoignez la liste !<\/strong><\/em><\/p><\/div>\n\n\n\n<div class=\"wp-block-stackable-button-group stk-block-button-group stk-block stk-a3e2fba\" data-block-id=\"a3e2fba\"><style>.stk-a3e2fba .stk-button-group{flex-direction:row !important;}@media screen and (max-width: 1023px){.stk-a3e2fba .stk-button-group{flex-direction:row !important;}}@media screen and (max-width: 767px){.stk-a3e2fba .stk-button-group{flex-direction:row !important;}}<\/style><div class=\"stk-row stk-inner-blocks has-text-align-center stk-block-content stk-button-group\">\n<div class=\"wp-block-stackable-button stk-block-button has-text-align-center is-style-ghost stk-block stk-7610b86\" data-block-id=\"7610b86\"><style>.stk-7610b86 .stk-button{background:transparent !important;border-top-left-radius:24px !important;border-top-right-radius:24px !important;border-bottom-right-radius:24px !important;border-bottom-left-radius:24px !important;}.stk-7610b86 .stk-button:hover:after{background:transparent !important;opacity:1 !important;}:where(.stk-hover-parent:hover,  .stk-hover-parent.stk--is-hovered) .stk-7610b86 .stk-button:after{background:transparent !important;opacity:1 !important;}.stk-7610b86 .stk-button:before{border-style:solid !important;border-color:#28a745 !important;}.stk-7610b86 .stk-button .stk--inner-svg svg:last-child, .stk-7610b86 .stk-button .stk--inner-svg svg:last-child :is(g, path, rect, polygon, ellipse){fill:#28a745 !important;}.stk-7610b86 .stk-button__inner-text{font-size:23px !important;color:#348741 !important;}@media screen and (max-width: 1023px){.stk-7610b86 .stk-button__inner-text{font-size:23px !important;}}<\/style><a class=\"stk-link stk-button stk--hover-effect-lift\" href=\"https:\/\/docs.google.com\/forms\/d\/e\/1FAIpQLSfnzpS2V3Vmtw9UykoSbyC1tG4e5_SP7CVdUDGZITVDYAIvnA\/viewform?usp=sf_link\" target=\"_blank\" rel=\"noopener\"><span class=\"has-text-color stk-button__inner-text\">Ajouter votre organisation<\/span><span class=\"stk--svg-wrapper\"><div class=\"stk--inner-svg\"><svg xmlns=\"http:\/\/www.w3.org\/2000\/svg\" viewbox=\"0 0 640 512\" aria-hidden=\"true\" width=\"32\" height=\"32\"><path d=\"M96 224c35.3 0 64-28.7 64-64s-28.7-64-64-64-64 28.7-64 64 28.7 64 64 64zm448 0c35.3 0 64-28.7 64-64s-28.7-64-64-64-64 28.7-64 64 28.7 64 64 64zm32 32h-64c-17.6 0-33.5 7.1-45.1 18.6 40.3 22.1 68.9 62 75.1 109.4h66c17.7 0 32-14.3 32-32v-32c0-35.3-28.7-64-64-64zm-256 0c61.9 0 112-50.1 112-112S381.9 32 320 32 208 82.1 208 144s50.1 112 112 112zm76.8 32h-8.3c-20.8 10-43.9 16-68.5 16s-47.6-6-68.5-16h-8.3C179.6 288 128 339.6 128 403.2V432c0 26.5 21.5 48 48 48h288c26.5 0 48-21.5 48-48v-28.8c0-63.6-51.6-115.2-115.2-115.2zm-223.7-13.4C161.5 263.1 145.6 256 128 256H64c-35.3 0-64 28.7-64 64v32c0 17.7 14.3 32 32 32h65.9c6.3-47.4 34.9-87.3 75.2-109.4z\"><\/path><\/svg><\/div><\/span><\/a><\/div>\n<\/div><\/div>\n<\/div>\n\n\n\n<div class=\"wp-block-column is-layout-flow wp-block-column-is-layout-flow\">\n<div class=\"wp-block-stackable-text stk-block-text stk-block stk-d4c168d\" data-block-id=\"d4c168d\"><p class=\"stk-block-text__text has-text-align-center\"><em>Faites la diff\u00e9rence en tant qu&rsquo;individu &#8211; signez<strong>la p\u00e9tition ! <\/strong> <\/em><\/p><\/div>\n\n\n\n<div class=\"wp-block-stackable-button-group stk-block-button-group stk-block stk-a9b4b61\" data-block-id=\"a9b4b61\"><style>.stk-a9b4b61 .stk-button-group{flex-direction:row !important;}@media screen and (max-width: 1023px){.stk-a9b4b61 .stk-button-group{flex-direction:row !important;}}@media screen and (max-width: 767px){.stk-a9b4b61 .stk-button-group{flex-direction:row !important;}}<\/style><div class=\"stk-row stk-inner-blocks has-text-align-center stk-block-content stk-button-group\">\n<div class=\"wp-block-stackable-button stk-block-button is-style-ghost stk-block stk-81516ce\" data-block-id=\"81516ce\"><style>.stk-81516ce .stk-button{background:transparent !important;border-top-left-radius:24px !important;border-top-right-radius:24px !important;border-bottom-right-radius:24px !important;border-bottom-left-radius:24px !important;}.stk-81516ce .stk-button:hover:after{background:transparent !important;opacity:1 !important;}:where(.stk-hover-parent:hover,  .stk-hover-parent.stk--is-hovered) .stk-81516ce .stk-button:after{background:transparent !important;opacity:1 !important;}.stk-81516ce .stk-button:before{border-style:solid !important;border-color:#348741 !important;}.stk-81516ce .stk-button .stk--inner-svg svg:last-child, .stk-81516ce .stk-button .stk--inner-svg svg:last-child :is(g, path, rect, polygon, ellipse){fill:#348741 !important;}.stk-81516ce .stk-button__inner-text{font-size:24px !important;color:#348741 !important;}@media screen and (max-width: 1023px){.stk-81516ce .stk-button__inner-text{font-size:24px !important;}}<\/style><a class=\"stk-link stk-button stk--hover-effect-lift\" href=\"http:\/\/cban.ca\/take-action\/CUSMA\/\" target=\"_blank\" rel=\"noopener\"><span class=\"has-text-color stk-button__inner-text\">Signez la p\u00e9tition<\/span><span class=\"stk--svg-wrapper\"><div class=\"stk--inner-svg\"><svg xmlns=\"http:\/\/www.w3.org\/2000\/svg\" viewbox=\"0 0 512 512\" aria-hidden=\"true\" width=\"32\" height=\"32\"><path d=\"M256 288c79.5 0 144-64.5 144-144S335.5 0 256 0 112 64.5 112 144s64.5 144 144 144zm128 32h-55.1c-22.2 10.2-46.9 16-72.9 16s-50.6-5.8-72.9-16H128C57.3 320 0 377.3 0 448v16c0 26.5 21.5 48 48 48h416c26.5 0 48-21.5 48-48v-16c0-70.7-57.3-128-128-128z\"><\/path><\/svg><\/div><\/span><\/a><\/div>\n<\/div><\/div>\n<\/div>\n<\/div>\n<\/div><\/div><\/div>\n<\/div><\/section>\n","protected":false},"excerpt":{"rendered":"<p>Nous soutenons le droit du peuple mexicain \u00e0 d\u00e9terminer sa propre relation avec le ma\u00efs. Lisez la lettre en fran\u00e7ais : https:\/\/www.nfu.ca\/nous-soutenons-le-droit-du-peuple-mexicain-de-determiner-le-rapport-quil-veut-entretenir-avec-le-mais\/ Pr\u00e9ambule Le gouvernement du Canada soutient une contestation<\/p>\n","protected":false},"author":4,"featured_media":0,"parent":0,"menu_order":0,"comment_status":"closed","ping_status":"closed","template":"tmpl-blocks-contained.php","meta":{"_acf_changed":false,"_tec_requires_first_save":true,"_EventAllDay":false,"_EventTimezone":"","_EventStartDate":"","_EventEndDate":"","_EventStartDateUTC":"","_EventEndDateUTC":"","_EventShowMap":false,"_EventShowMapLink":false,"_EventURL":"","_EventCost":"","_EventCostDescription":"","_EventCurrencySymbol":"","_EventCurrencyCode":"","_EventCurrencyPosition":"","_EventDateTimeSeparator":"","_EventTimeRangeSeparator":"","_EventOrganizerID":[],"_EventVenueID":[],"_OrganizerEmail":"","_OrganizerPhone":"","_OrganizerWebsite":"","_VenueAddress":"","_VenueCity":"","_VenueCountry":"","_VenueProvince":"","_VenueState":"","_VenueZip":"","_VenuePhone":"","_VenueURL":"","_VenueStateProvince":"","_VenueLat":"","_VenueLng":"","_VenueShowMap":false,"_VenueShowMapLink":false,"_tribe_blocks_recurrence_rules":"","_tribe_blocks_recurrence_description":"","_tribe_blocks_recurrence_exclusions":"","_ecp_custom_4":"","_ecp_custom_7":"","_ecp_custom_9":"","_ecp_custom_10":"","_ecp_custom_12":"","_ecp_custom_13":"","footnotes":""},"post_region":[],"post_campaign":[],"class_list":["post-26131","page","type-page","status-publish","hentry"],"acf":[],"_links":{"self":[{"href":"https:\/\/www.nfu.ca\/fr\/wp-json\/wp\/v2\/pages\/26131","targetHints":{"allow":["GET"]}}],"collection":[{"href":"https:\/\/www.nfu.ca\/fr\/wp-json\/wp\/v2\/pages"}],"about":[{"href":"https:\/\/www.nfu.ca\/fr\/wp-json\/wp\/v2\/types\/page"}],"author":[{"embeddable":true,"href":"https:\/\/www.nfu.ca\/fr\/wp-json\/wp\/v2\/users\/4"}],"replies":[{"embeddable":true,"href":"https:\/\/www.nfu.ca\/fr\/wp-json\/wp\/v2\/comments?post=26131"}],"version-history":[{"count":2,"href":"https:\/\/www.nfu.ca\/fr\/wp-json\/wp\/v2\/pages\/26131\/revisions"}],"predecessor-version":[{"id":31757,"href":"https:\/\/www.nfu.ca\/fr\/wp-json\/wp\/v2\/pages\/26131\/revisions\/31757"}],"wp:attachment":[{"href":"https:\/\/www.nfu.ca\/fr\/wp-json\/wp\/v2\/media?parent=26131"}],"wp:term":[{"taxonomy":"post_region","embeddable":true,"href":"https:\/\/www.nfu.ca\/fr\/wp-json\/wp\/v2\/post_region?post=26131"},{"taxonomy":"post_campaign","embeddable":true,"href":"https:\/\/www.nfu.ca\/fr\/wp-json\/wp\/v2\/post_campaign?post=26131"}],"curies":[{"name":"wp","href":"https:\/\/api.w.org\/{rel}","templated":true}]}}