
{"id":26101,"date":"2024-03-30T14:26:08","date_gmt":"2024-03-30T20:26:08","guid":{"rendered":"https:\/\/www.nfu.ca\/travailleurs-agricoles\/"},"modified":"2024-07-10T16:37:58","modified_gmt":"2024-07-10T22:37:58","slug":"travailleurs-agricoles","status":"publish","type":"page","link":"https:\/\/www.nfu.ca\/fr\/apprendre\/travailleurs-agricoles\/","title":{"rendered":"Travailleurs agricoles"},"content":{"rendered":"\n<header class=\"wp-block-cover alignfull has-custom-content-position is-position-bottom-center banner-top\" id=\"banner-top\"><span aria-hidden=\"true\" class=\"wp-block-cover__background has-background-dim has-background-gradient\" style=\"background:linear-gradient(180deg,rgba(0,0,0,0.97) 0%,rgba(0,0,0,0.05) 69%)\"><\/span><img loading=\"lazy\" decoding=\"async\" width=\"2192\" height=\"1024\" src=\"https:\/\/www.nfu.ca\/wp-content\/uploads\/2024\/03\/1000012117-1-scaled.jpg\" class=\"wp-block-cover__image-background wp-post-image\" alt=\"\" data-object-fit=\"cover\" srcset=\"https:\/\/www.nfu.ca\/wp-content\/uploads\/2024\/03\/1000012117-1-scaled.jpg 2192w, https:\/\/www.nfu.ca\/wp-content\/uploads\/2024\/03\/1000012117-1-300x140.jpg 300w, https:\/\/www.nfu.ca\/wp-content\/uploads\/2024\/03\/1000012117-1-1024x478.jpg 1024w, https:\/\/www.nfu.ca\/wp-content\/uploads\/2024\/03\/1000012117-1-768x359.jpg 768w, https:\/\/www.nfu.ca\/wp-content\/uploads\/2024\/03\/1000012117-1-1536x717.jpg 1536w, https:\/\/www.nfu.ca\/wp-content\/uploads\/2024\/03\/1000012117-1-2048x956.jpg 2048w, https:\/\/www.nfu.ca\/wp-content\/uploads\/2024\/03\/1000012117-1-1600x747.jpg 1600w\" sizes=\"auto, (max-width: 2192px) 100vw, 2192px\" \/><div class=\"wp-block-cover__inner-container is-layout-flow wp-block-cover-is-layout-flow\">\n<p class=\"has-text-align-left has-large-font-size\"><\/p>\n<\/div><\/header>\n<ol class=\"breadcrumb\"><li><a href=\"https:\/\/www.nfu.ca\/fr\/\">National Farmers Union<\/a><\/li><\/ol>\n\n<div class=\"wp-block-stackable-heading stk-block-heading stk-block-heading--v2 stk-block stk-35b1992\" id=\"farmworkers\" data-block-id=\"35b1992\"><h1 class=\"stk-block-heading__text\">Travailleurs agricoles<\/h1><\/div>\n\n<div class=\"wp-block-stackable-columns stk-block-columns stk-block stk-54b76e7 content-upper\" id=\"content-upper\" data-block-id=\"54b76e7\"><div class=\"stk-row stk-inner-blocks has-text-align-left stk-block-content stk-content-align stk-54b76e7-column\">\n<div class=\"wp-block-stackable-column stk-block-column stk-column stk-block stk-ef63229\" data-v=\"4\" data-block-id=\"ef63229\"><div class=\"stk-column-wrapper stk-block-column__content stk-container stk-ef63229-container stk--no-background stk--no-padding\"><div class=\"has-text-align-left stk-block-content stk-inner-blocks stk-ef63229-inner-blocks\">\n<p class=\"has-medium-font-size\">D\u00e9couvrez comment la Nationale des Fermiers d\u00e9fend les droits des travailleurs agricoles, en leur apportant un soutien, des ressources et en d\u00e9fendant leurs int\u00e9r\u00eats sur des questions telles que la sant\u00e9 mentale, la s\u00e9curit\u00e9 sur le lieu de travail et l&rsquo;acc\u00e8s aux avantages sociaux. Rejoignez-nous pour renforcer l&rsquo;autonomie des travailleurs agricoles et sensibiliser aux droits du travail dans l&rsquo;agriculture.<\/p>\n\n\n\n<p><a rel=\"noopener\" target=\"_blank\" href=\"https:\/\/us02web.zoom.us\/j\/81913838872\"><strong>CLIQUEZ ICI POUR PARTICIPER \u00c0 UNE R\u00c9UNION LE DEUXI\u00c8ME MERCREDI DE CHAQUE MOIS, \u00c0 16H PST \/ 17H MST \/ 18H CST \/ 19H EST \/ 20H AST  <\/strong><\/a><\/p>\n\n\n\n<p>*<strong>Nous<\/strong>d\u00e9finissons un \u00ab\u00a0travailleur agricole\u00a0\u00bb comme toute personne employ\u00e9e dans l&rsquo;agriculture, travaillant pour une entreprise ou sur une propri\u00e9t\u00e9 dont elle n&rsquo;est pas propri\u00e9taire. Les chefs d&rsquo;exploitation, les travailleurs saisonniers, les travailleurs \u00e0 temps plein, les travailleurs \u00e0 temps partiel, les r\u00e9coltants, les travailleurs de l&rsquo;\u00e9levage ou des abattoirs, les cueilleurs, les transformateurs et les distributeurs sont tous les bienvenus. D&rsquo;autres personnes sont les bienvenues sur invitation ou avec l&rsquo;accord du quorum du groupe.<\/p>\n<\/div><\/div><\/div>\n<\/div><\/div>\n\n<div class=\"wp-block-stackable-columns stk-block-columns stk-block stk-ea7b050 subscribe-pitch-box\" data-block-id=\"ea7b050\"><div class=\"stk-row stk-inner-blocks stk-block-content stk-content-align stk-ea7b050-column\">\n<div class=\"wp-block-stackable-column stk-block-column stk-column stk-block stk-78bdd7c stk-block-background\" data-v=\"4\" data-block-id=\"78bdd7c\"><style>.stk-78bdd7c-inner-blocks{align-items:center !important}.stk-78bdd7c{background-color:#fac922 !important;border-top-left-radius:24px !important;border-top-right-radius:24px !important;border-bottom-right-radius:24px !important;border-bottom-left-radius:24px !important;overflow:hidden !important}.stk-78bdd7c:before{background-color:#fac922 !important}<\/style><div class=\"stk-column-wrapper stk-block-column__content stk-container stk-78bdd7c-container stk--no-background stk--no-padding\"><div class=\"has-text-align-center stk--column-flex stk-block-content stk-inner-blocks stk-78bdd7c-inner-blocks\">\n<div class=\"wp-block-stackable-heading stk-block-heading stk-block-heading--v2 stk-block stk-2a03339\" id=\"stay-informed-national-and-local-farm-news-research-policy-and-advocacy-efforts-straight-to-your-inbox\" data-block-id=\"2a03339\"><style>.stk-2a03339{padding-right:100px !important;padding-bottom:0px !important;padding-left:100px !important;margin-bottom:12px !important}@media screen and (max-width:767px){.stk-2a03339{padding-right:10px !important;padding-left:10px !important}}<\/style><h5 class=\"stk-block-heading__text has-text-align-center\">Restez inform\u00e9. Les nouvelles agricoles nationales et locales, la recherche, la politique et les efforts de plaidoyer, directement dans votre bo\u00eete aux lettres \u00e9lectronique.<\/h5><\/div>\n\n\n\n<div class=\"wp-block-stackable-text stk-block-text stk-block stk-0f4f34e\" data-block-id=\"0f4f34e\"><style>.stk-0f4f34e{margin-top:0px !important;margin-bottom:12px !important}<\/style><p class=\"stk-block-text__text has-text-align-center\">Abonnez-vous aux mises \u00e0 jour \u00e9lectroniques de la Nationale des Fermiers.<\/p><\/div>\n\n\n<script type=\"text\/javascript\">\n\/* <![CDATA[ *\/\nvar gform;gform||(document.addEventListener(\"gform_main_scripts_loaded\",function(){gform.scriptsLoaded=!0}),document.addEventListener(\"gform\/theme\/scripts_loaded\",function(){gform.themeScriptsLoaded=!0}),window.addEventListener(\"DOMContentLoaded\",function(){gform.domLoaded=!0}),gform={domLoaded:!1,scriptsLoaded:!1,themeScriptsLoaded:!1,isFormEditor:()=>\"function\"==typeof InitializeEditor,callIfLoaded:function(o){return!(!gform.domLoaded||!gform.scriptsLoaded||!gform.themeScriptsLoaded&&!gform.isFormEditor()||(gform.isFormEditor()&&console.warn(\"The use of gform.initializeOnLoaded() is deprecated in the form editor context and will be removed in Gravity Forms 3.1.\"),o(),0))},initializeOnLoaded:function(o){gform.callIfLoaded(o)||(document.addEventListener(\"gform_main_scripts_loaded\",()=>{gform.scriptsLoaded=!0,gform.callIfLoaded(o)}),document.addEventListener(\"gform\/theme\/scripts_loaded\",()=>{gform.themeScriptsLoaded=!0,gform.callIfLoaded(o)}),window.addEventListener(\"DOMContentLoaded\",()=>{gform.domLoaded=!0,gform.callIfLoaded(o)}))},hooks:{action:{},filter:{}},addAction:function(o,r,e,t){gform.addHook(\"action\",o,r,e,t)},addFilter:function(o,r,e,t){gform.addHook(\"filter\",o,r,e,t)},doAction:function(o){gform.doHook(\"action\",o,arguments)},applyFilters:function(o){return gform.doHook(\"filter\",o,arguments)},removeAction:function(o,r){gform.removeHook(\"action\",o,r)},removeFilter:function(o,r,e){gform.removeHook(\"filter\",o,r,e)},addHook:function(o,r,e,t,n){null==gform.hooks[o][r]&&(gform.hooks[o][r]=[]);var d=gform.hooks[o][r];null==n&&(n=r+\"_\"+d.length),gform.hooks[o][r].push({tag:n,callable:e,priority:t=null==t?10:t})},doHook:function(r,o,e){var t;if(e=Array.prototype.slice.call(e,1),null!=gform.hooks[r][o]&&((o=gform.hooks[r][o]).sort(function(o,r){return o.priority-r.priority}),o.forEach(function(o){\"function\"!=typeof(t=o.callable)&&(t=window[t]),\"action\"==r?t.apply(null,e):e[0]=t.apply(null,e)})),\"filter\"==r)return e[0]},removeHook:function(o,r,t,n){var e;null!=gform.hooks[o][r]&&(e=(e=gform.hooks[o][r]).filter(function(o,r,e){return!!(null!=n&&n!=o.tag||null!=t&&t!=o.priority)}),gform.hooks[o][r]=e)}});\n\/* ]]> *\/\n<\/script>\n\n                <div class='gf_browser_gecko gform_wrapper gform-theme gform-theme--foundation gform-theme--framework gform-theme--orbital' data-form-theme='orbital' data-form-index='0' id='gform_wrapper_69' ><style>#gform_wrapper_69[data-form-index=\"0\"].gform-theme,[data-parent-form=\"69_0\"]{--gf-color-primary: #204ce5;--gf-color-primary-rgb: 32, 76, 229;--gf-color-primary-contrast: #fff;--gf-color-primary-contrast-rgb: 255, 255, 255;--gf-color-primary-darker: #001AB3;--gf-color-primary-lighter: #527EFF;--gf-color-secondary: #fff;--gf-color-secondary-rgb: 255, 255, 255;--gf-color-secondary-contrast: #112337;--gf-color-secondary-contrast-rgb: 17, 35, 55;--gf-color-secondary-darker: #F5F5F5;--gf-color-secondary-lighter: #FFFFFF;--gf-color-out-ctrl-light: rgba(17, 35, 55, 0.1);--gf-color-out-ctrl-light-rgb: 17, 35, 55;--gf-color-out-ctrl-light-darker: rgba(104, 110, 119, 0.35);--gf-color-out-ctrl-light-lighter: #F5F5F5;--gf-color-out-ctrl-dark: #585e6a;--gf-color-out-ctrl-dark-rgb: 88, 94, 106;--gf-color-out-ctrl-dark-darker: #112337;--gf-color-out-ctrl-dark-lighter: rgba(17, 35, 55, 0.65);--gf-color-in-ctrl: #fff;--gf-color-in-ctrl-rgb: 255, 255, 255;--gf-color-in-ctrl-contrast: #112337;--gf-color-in-ctrl-contrast-rgb: 17, 35, 55;--gf-color-in-ctrl-darker: #F5F5F5;--gf-color-in-ctrl-lighter: #FFFFFF;--gf-color-in-ctrl-primary: #204ce5;--gf-color-in-ctrl-primary-rgb: 32, 76, 229;--gf-color-in-ctrl-primary-contrast: #fff;--gf-color-in-ctrl-primary-contrast-rgb: 255, 255, 255;--gf-color-in-ctrl-primary-darker: #001AB3;--gf-color-in-ctrl-primary-lighter: #527EFF;--gf-color-in-ctrl-light: rgba(17, 35, 55, 0.1);--gf-color-in-ctrl-light-rgb: 17, 35, 55;--gf-color-in-ctrl-light-darker: rgba(104, 110, 119, 0.35);--gf-color-in-ctrl-light-lighter: #F5F5F5;--gf-color-in-ctrl-dark: #585e6a;--gf-color-in-ctrl-dark-rgb: 88, 94, 106;--gf-color-in-ctrl-dark-darker: #112337;--gf-color-in-ctrl-dark-lighter: rgba(17, 35, 55, 0.65);--gf-radius: 3px;--gf-font-size-secondary: 14px;--gf-font-size-tertiary: 13px;--gf-icon-ctrl-number: url(\"data:image\/svg+xml,%3Csvg width='8' height='14' viewBox='0 0 8 14' fill='none' xmlns='http:\/\/www.w3.org\/2000\/svg'%3E%3Cpath fill-rule='evenodd' clip-rule='evenodd' d='M4 0C4.26522 5.96046e-08 4.51957 0.105357 4.70711 0.292893L7.70711 3.29289C8.09763 3.68342 8.09763 4.31658 7.70711 4.70711C7.31658 5.09763 6.68342 5.09763 6.29289 4.70711L4 2.41421L1.70711 4.70711C1.31658 5.09763 0.683417 5.09763 0.292893 4.70711C-0.0976311 4.31658 -0.097631 3.68342 0.292893 3.29289L3.29289 0.292893C3.48043 0.105357 3.73478 0 4 0ZM0.292893 9.29289C0.683417 8.90237 1.31658 8.90237 1.70711 9.29289L4 11.5858L6.29289 9.29289C6.68342 8.90237 7.31658 8.90237 7.70711 9.29289C8.09763 9.68342 8.09763 10.3166 7.70711 10.7071L4.70711 13.7071C4.31658 14.0976 3.68342 14.0976 3.29289 13.7071L0.292893 10.7071C-0.0976311 10.3166 -0.0976311 9.68342 0.292893 9.29289Z' fill='rgba(17, 35, 55, 0.65)'\/%3E%3C\/svg%3E\");--gf-icon-ctrl-select: url(\"data:image\/svg+xml,%3Csvg width='10' height='6' viewBox='0 0 10 6' fill='none' xmlns='http:\/\/www.w3.org\/2000\/svg'%3E%3Cpath fill-rule='evenodd' clip-rule='evenodd' d='M0.292893 0.292893C0.683417 -0.097631 1.31658 -0.097631 1.70711 0.292893L5 3.58579L8.29289 0.292893C8.68342 -0.0976311 9.31658 -0.0976311 9.70711 0.292893C10.0976 0.683417 10.0976 1.31658 9.70711 1.70711L5.70711 5.70711C5.31658 6.09763 4.68342 6.09763 4.29289 5.70711L0.292893 1.70711C-0.0976311 1.31658 -0.0976311 0.683418 0.292893 0.292893Z' fill='rgba(17, 35, 55, 0.65)'\/%3E%3C\/svg%3E\");--gf-icon-ctrl-search: url(\"data:image\/svg+xml,%3Csvg width='640' height='640' xmlns='http:\/\/www.w3.org\/2000\/svg'%3E%3Cpath d='M256 128c-70.692 0-128 57.308-128 128 0 70.691 57.308 128 128 128 70.691 0 128-57.309 128-128 0-70.692-57.309-128-128-128zM64 256c0-106.039 85.961-192 192-192s192 85.961 192 192c0 41.466-13.146 79.863-35.498 111.248l154.125 154.125c12.496 12.496 12.496 32.758 0 45.254s-32.758 12.496-45.254 0L367.248 412.502C335.862 434.854 297.467 448 256 448c-106.039 0-192-85.962-192-192z' fill='rgba(17, 35, 55, 0.65)'\/%3E%3C\/svg%3E\");--gf-label-space-y-secondary: var(--gf-label-space-y-md-secondary);--gf-ctrl-border-color: #686e77;--gf-ctrl-size: var(--gf-ctrl-size-md);--gf-ctrl-label-color-primary: #112337;--gf-ctrl-label-color-secondary: #112337;--gf-ctrl-choice-size: var(--gf-ctrl-choice-size-md);--gf-ctrl-checkbox-check-size: var(--gf-ctrl-checkbox-check-size-md);--gf-ctrl-radio-check-size: var(--gf-ctrl-radio-check-size-md);--gf-ctrl-btn-font-size: var(--gf-ctrl-btn-font-size-md);--gf-ctrl-btn-padding-x: var(--gf-ctrl-btn-padding-x-md);--gf-ctrl-btn-size: var(--gf-ctrl-btn-size-md);--gf-ctrl-btn-border-color-secondary: #686e77;--gf-ctrl-file-btn-bg-color-hover: #EBEBEB;--gf-field-img-choice-size: var(--gf-field-img-choice-size-md);--gf-field-img-choice-card-space: var(--gf-field-img-choice-card-space-md);--gf-field-img-choice-check-ind-size: var(--gf-field-img-choice-check-ind-size-md);--gf-field-img-choice-check-ind-icon-size: var(--gf-field-img-choice-check-ind-icon-size-md);--gf-field-pg-steps-number-color: rgba(17, 35, 55, 0.8);}<\/style><div id='gf_69' class='gform_anchor' tabindex='-1'><\/div><form method='post' enctype='multipart\/form-data' target='gform_ajax_frame_69' id='gform_69'  action='\/fr\/wp-json\/wp\/v2\/pages\/26101#gf_69' data-formid='69' novalidate><div class='gf_invisible ginput_recaptchav3' data-sitekey='6Lc38X4sAAAAAO6byCBm-Nw4Tv1RgJWQ4cskx_t7' data-tabindex='0'><input id=\"input_edd4413defc86b52d2dde24b91a2adb8\" class=\"gfield_recaptcha_response\" type=\"hidden\" name=\"input_edd4413defc86b52d2dde24b91a2adb8\" value=\"\"\/><\/div><input type='hidden' class='gform_hidden' name='gnd_token' id='gnd_token' autocomplete='off' value='20260424141252-cc6187472b2f3322900602f3586f8ffbffab2ad5' \/>\n                        <div class='gform-body gform_body'><div id='gform_fields_69' class='gform_fields top_label form_sublabel_below description_below validation_below'><div id=\"field_69_1\" class=\"gfield gfield--type-email gfield--input-type-email gfield--width-half gfield_contains_required field_sublabel_below gfield--no-description field_description_below hidden_label field_validation_below gfield_visibility_visible\"  ><label class='gfield_label gform-field-label' for='input_69_1'>Email<span class=\"gfield_required\"><span class=\"gfield_required gfield_required_text\">(N\u00e9cessaire)<\/span><\/span><\/label><div class='ginput_container ginput_container_email'>\n                            <input name='input_1' id='input_69_1' type='email' value='' class='large'   placeholder='Add your email address' aria-required=\"true\" aria-invalid=\"false\"  \/>\n                        <\/div><\/div><div id=\"field_submit\" class=\"gfield gfield--type-submit gfield--width-half field_sublabel_below gfield--no-description field_description_below field_validation_below gfield_visibility_visible\"  data-field-class=\"gform_editor_submit_container\" data-field-position=\"inline\" ><input type='submit' id='gform_submit_button_69' class='gform-button gform-button--white  button' onclick='gform.submission.handleButtonClick(this);' data-submission-type='submit' value='Submit'  \/><\/div><\/div><\/div>\n        <div class='gform-footer gform_footer top_label'>  <input type='hidden' name='gform_ajax' value='form_id=69&amp;title=&amp;description=&amp;tabindex=0&amp;theme=orbital&amp;styles={&quot;inputPrimaryColor&quot;:&quot;#204ce5&quot;}&amp;hash=66473a8dbfe9dfdef6caf8975f428c26' \/>\n            <input type='hidden' class='gform_hidden' name='gform_submission_method' data-js='gform_submission_method_69' value='iframe' \/>\n            <input type='hidden' class='gform_hidden' name='gform_theme' data-js='gform_theme_69' id='gform_theme_69' value='orbital' \/>\n            <input type='hidden' class='gform_hidden' name='gform_style_settings' data-js='gform_style_settings_69' id='gform_style_settings_69' value='{&quot;inputPrimaryColor&quot;:&quot;#204ce5&quot;}' \/>\n            <input type='hidden' class='gform_hidden' name='is_submit_69' value='1' \/>\n            <input type='hidden' class='gform_hidden' name='gform_submit' value='69' \/>\n            \n            <input type='hidden' class='gform_hidden' name='gform_currency' data-currency='CAD' value='Uz\/goZjFaMHzYC1nd56NhrynWqD0u2jx\/AvzEYVYoZD7K7wWxxD9fFytyEwieGIdLZOGyR99iUAr6+IhN95CdEV4vVpaZU\/JUALdS5c55aczdZE=' \/>\n            <input type='hidden' class='gform_hidden' name='gform_unique_id' value='' \/>\n            <input type='hidden' class='gform_hidden' name='state_69' value='WyJbXSIsImIyMzVmZTg0ZTZiZjk3MzhiMzg0NzYzNTBhNjgxNjgzIl0=' \/>\n            <input type='hidden' autocomplete='off' class='gform_hidden' name='gform_target_page_number_69' id='gform_target_page_number_69' value='0' \/>\n            <input type='hidden' autocomplete='off' class='gform_hidden' name='gform_source_page_number_69' id='gform_source_page_number_69' value='1' \/>\n            <input type='hidden' name='gform_field_values' value='' \/>\n            \n        <\/div>\n                        <\/form>\n                        <\/div>\n\t\t                <iframe style='display:none;width:0px;height:0px;' src='about:blank' name='gform_ajax_frame_69' id='gform_ajax_frame_69' title='Cette iframe contient la logique n\u00e9cessaire pour manipuler Gravity Forms avec Ajax.'><\/iframe>\n\t\t                <script type=\"text\/javascript\">\n\/* <![CDATA[ *\/\n gform.initializeOnLoaded( function() {gformInitSpinner( 69, 'https:\/\/www.nfu.ca\/wp-content\/plugins\/gravityforms\/images\/spinner.svg', false );jQuery('#gform_ajax_frame_69').on('load',function(){var contents = jQuery(this).contents().find('*').html();var is_postback = contents.indexOf('GF_AJAX_POSTBACK') >= 0;if(!is_postback){return;}var form_content = jQuery(this).contents().find('#gform_wrapper_69');var is_confirmation = jQuery(this).contents().find('#gform_confirmation_wrapper_69').length > 0;var is_redirect = contents.indexOf('gformRedirect(){') >= 0;var is_form = form_content.length > 0 && ! is_redirect && ! is_confirmation;var mt = parseInt(jQuery('html').css('margin-top'), 10) + parseInt(jQuery('body').css('margin-top'), 10) + 100;if(is_form){jQuery('#gform_wrapper_69').html(form_content.html());if(form_content.hasClass('gform_validation_error')){jQuery('#gform_wrapper_69').addClass('gform_validation_error');} else {jQuery('#gform_wrapper_69').removeClass('gform_validation_error');}setTimeout( function() { \/* delay the scroll by 50 milliseconds to fix a bug in chrome *\/ jQuery(document).scrollTop(jQuery('#gform_wrapper_69').offset().top - mt); }, 50 );if(window['gformInitDatepicker']) {gformInitDatepicker();}if(window['gformInitPriceFields']) {gformInitPriceFields();}var current_page = jQuery('#gform_source_page_number_69').val();gformInitSpinner( 69, 'https:\/\/www.nfu.ca\/wp-content\/plugins\/gravityforms\/images\/spinner.svg', false );jQuery(document).trigger('gform_page_loaded', [69, current_page]);window['gf_submitting_69'] = false;}else if(!is_redirect){var confirmation_content = jQuery(this).contents().find('.GF_AJAX_POSTBACK').html();if(!confirmation_content){confirmation_content = contents;}jQuery('#gform_wrapper_69').replaceWith(confirmation_content);jQuery(document).scrollTop(jQuery('#gf_69').offset().top - mt);jQuery(document).trigger('gform_confirmation_loaded', [69]);window['gf_submitting_69'] = false;wp.a11y.speak(jQuery('#gform_confirmation_message_69').text());}else{jQuery('#gform_69').append(contents);if(window['gformRedirect']) {gformRedirect();}}jQuery(document).trigger(\"gform_pre_post_render\", [{ formId: \"69\", currentPage: \"current_page\", abort: function() { this.preventDefault(); } }]);        if (event && event.defaultPrevented) {                return;        }        const gformWrapperDiv = document.getElementById( \"gform_wrapper_69\" );        if ( gformWrapperDiv ) {            const visibilitySpan = document.createElement( \"span\" );            visibilitySpan.id = \"gform_visibility_test_69\";            gformWrapperDiv.insertAdjacentElement( \"afterend\", visibilitySpan );        }        const visibilityTestDiv = document.getElementById( \"gform_visibility_test_69\" );        let postRenderFired = false;        function triggerPostRender() {            if ( postRenderFired ) {                return;            }            postRenderFired = true;            gform.core.triggerPostRenderEvents( 69, current_page );            if ( visibilityTestDiv ) {                visibilityTestDiv.parentNode.removeChild( visibilityTestDiv );            }        }        function debounce( func, wait, immediate ) {            var timeout;            return function() {                var context = this, args = arguments;                var later = function() {                    timeout = null;                    if ( !immediate ) func.apply( context, args );                };                var callNow = immediate && !timeout;                clearTimeout( timeout );                timeout = setTimeout( later, wait );                if ( callNow ) func.apply( context, args );            };        }        const debouncedTriggerPostRender = debounce( function() {            triggerPostRender();        }, 200 );        if ( visibilityTestDiv && visibilityTestDiv.offsetParent === null ) {            const observer = new MutationObserver( ( mutations ) => {                mutations.forEach( ( mutation ) => {                    if ( mutation.type === 'attributes' && visibilityTestDiv.offsetParent !== null ) {                        debouncedTriggerPostRender();                        observer.disconnect();                    }                });            });            observer.observe( document.body, {                attributes: true,                childList: false,                subtree: true,                attributeFilter: [ 'style', 'class' ],            });        } else {            triggerPostRender();        }    } );} ); \n\/* ]]> *\/\n<\/script>\n\n\n\n<div class=\"wp-block-stackable-text stk-block-text stk-block stk-909adb4 stk-block-background small\" data-block-id=\"909adb4\"><style>.stk-909adb4{background-color:#ffe101 !important;border-top-left-radius:50px !important;border-top-right-radius:50px !important;border-bottom-right-radius:50px !important;border-bottom-left-radius:50px !important;overflow:hidden !important;padding-top:2px !important;padding-right:12px !important;padding-bottom:2px !important;padding-left:12px !important}.stk-909adb4:before{background-color:#ffe101 !important}@media screen and (max-width:767px){.stk-909adb4 .stk-block-text__text{line-height:1.3rem !important}}<\/style><p class=\"stk-block-text__text has-text-align-center\">Travaillez-vous dans les m\u00e9dias ? Contactez l&rsquo;<a href=\"mailto:communications@nfu.ca\" target=\"_blank\" rel=\"noreferrer noopener\">UNF \u00e0 l&rsquo;adresse communications@nfu.ca<\/a> pour les communications sp\u00e9cifiques aux m\u00e9dias.<\/p><\/div>\n<\/div><\/div><\/div>\n<\/div><\/div>\n","protected":false},"excerpt":{"rendered":"<p>La Nationale des Fermiers d\u00e9fend les droits des travailleurs agricoles en leur apportant un soutien, des ressources et en les sensibilisant \u00e0 des questions telles que la sant\u00e9 mentale, la s\u00e9curit\u00e9 sur le lieu de travail et l&rsquo;acc\u00e8s aux avantages sociaux. Nous responsabilisons les travailleurs agricoles et les sensibilisons aux droits du travail dans l&rsquo;agriculture.<\/p>\n","protected":false},"author":239,"featured_media":25986,"parent":26176,"menu_order":1,"comment_status":"closed","ping_status":"closed","template":"tmpl-blocks-contained.php","meta":{"_acf_changed":false,"_tec_requires_first_save":true,"_EventAllDay":false,"_EventTimezone":"","_EventStartDate":"","_EventEndDate":"","_EventStartDateUTC":"","_EventEndDateUTC":"","_EventShowMap":false,"_EventShowMapLink":false,"_EventURL":"","_EventCost":"","_EventCostDescription":"","_EventCurrencySymbol":"","_EventCurrencyCode":"","_EventCurrencyPosition":"","_EventDateTimeSeparator":"","_EventTimeRangeSeparator":"","_EventOrganizerID":[],"_EventVenueID":[],"_OrganizerEmail":"","_OrganizerPhone":"","_OrganizerWebsite":"","_VenueAddress":"","_VenueCity":"","_VenueCountry":"","_VenueProvince":"","_VenueState":"","_VenueZip":"","_VenuePhone":"","_VenueURL":"","_VenueStateProvince":"","_VenueLat":"","_VenueLng":"","_VenueShowMap":false,"_VenueShowMapLink":false,"_tribe_blocks_recurrence_rules":"","_tribe_blocks_recurrence_description":"","_tribe_blocks_recurrence_exclusions":"","_ecp_custom_4":"","_ecp_custom_7":"","_ecp_custom_9":"","_ecp_custom_10":"","_ecp_custom_12":"","_ecp_custom_13":"","footnotes":""},"post_region":[],"post_campaign":[334],"class_list":["post-26101","page","type-page","status-publish","has-post-thumbnail","hentry","page_categories-learning-page-fr","post_campaign-travailleurs-agricoles"],"acf":[],"_links":{"self":[{"href":"https:\/\/www.nfu.ca\/fr\/wp-json\/wp\/v2\/pages\/26101","targetHints":{"allow":["GET"]}}],"collection":[{"href":"https:\/\/www.nfu.ca\/fr\/wp-json\/wp\/v2\/pages"}],"about":[{"href":"https:\/\/www.nfu.ca\/fr\/wp-json\/wp\/v2\/types\/page"}],"author":[{"embeddable":true,"href":"https:\/\/www.nfu.ca\/fr\/wp-json\/wp\/v2\/users\/239"}],"replies":[{"embeddable":true,"href":"https:\/\/www.nfu.ca\/fr\/wp-json\/wp\/v2\/comments?post=26101"}],"version-history":[{"count":0,"href":"https:\/\/www.nfu.ca\/fr\/wp-json\/wp\/v2\/pages\/26101\/revisions"}],"up":[{"embeddable":true,"href":"https:\/\/www.nfu.ca\/fr\/wp-json\/wp\/v2\/pages\/26176"}],"wp:featuredmedia":[{"embeddable":true,"href":"https:\/\/www.nfu.ca\/fr\/wp-json\/wp\/v2\/media\/25986"}],"wp:attachment":[{"href":"https:\/\/www.nfu.ca\/fr\/wp-json\/wp\/v2\/media?parent=26101"}],"wp:term":[{"taxonomy":"post_region","embeddable":true,"href":"https:\/\/www.nfu.ca\/fr\/wp-json\/wp\/v2\/post_region?post=26101"},{"taxonomy":"post_campaign","embeddable":true,"href":"https:\/\/www.nfu.ca\/fr\/wp-json\/wp\/v2\/post_campaign?post=26101"}],"curies":[{"name":"wp","href":"https:\/\/api.w.org\/{rel}","templated":true}]}}