
{"id":26096,"date":"2024-04-12T07:53:47","date_gmt":"2024-04-12T13:53:47","guid":{"rendered":"https:\/\/www.nfu.ca\/lunf-continue-daffirmer-les-droits-des-palestiniens-et-demande-un-cessez-le-feu-durable-en-israel-et-en-palestine\/"},"modified":"2024-07-10T16:31:04","modified_gmt":"2024-07-10T22:31:04","slug":"lunf-continue-daffirmer-les-droits-des-palestiniens-et-demande-un-cessez-le-feu-durable-en-israel-et-en-palestine","status":"publish","type":"page","link":"https:\/\/www.nfu.ca\/fr\/lunf-continue-daffirmer-les-droits-des-palestiniens-et-demande-un-cessez-le-feu-durable-en-israel-et-en-palestine\/","title":{"rendered":"L&rsquo;UNF continue d&rsquo;affirmer les droits des Palestiniens et appelle \u00e0 un cessez-le-feu durable en Isra\u00ebl-Palestine"},"content":{"rendered":"\n<header class=\"wp-block-cover alignfull has-custom-content-position is-position-bottom-center banner-top\" style=\"min-height:250px;aspect-ratio:unset;\" id=\"banner-top\"><span aria-hidden=\"true\" class=\"wp-block-cover__background has-green-calpoly-background-color has-background-dim-100 has-background-dim\"><\/span><div class=\"wp-block-cover__inner-container is-layout-flow wp-block-cover-is-layout-flow\">\n<p class=\"has-text-align-left has-large-font-size\"><\/p>\n<\/div><\/header>\n\n<div class=\"wp-block-stackable-heading stk-block-heading stk-block-heading--v2 stk-block stk-17fcedd\" id=\"nfu-continues-to-affirm-the-rights-of-palestinians-calls-for-lasting-ceasefire-in-israel-palestine\" data-block-id=\"17fcedd\"><h1 class=\"stk-block-heading__text\">L&rsquo;UNF continue d&rsquo;affirmer les droits des Palestiniens et appelle \u00e0 un cessez-le-feu durable en Isra\u00ebl-Palestine<\/h1><\/div>\n\n<p>Le 25 novembre 2023, lors du 54e congr\u00e8s annuel de l&rsquo;Union Nationale des Fermiers (UNF) \u00e0 Ottawa, les d\u00e9l\u00e9gu\u00e9s de l&rsquo;UNF ont adopt\u00e9 une r\u00e9solution qui affirme les droits du peuple palestinien \u00e0 la souverainet\u00e9, y compris la souverainet\u00e9 alimentaire, dans leur patrie et ajoute la voix de l&rsquo;UNF au nombre croissant d&rsquo;organisations qui font pression sur le gouvernement canadien pour qu&rsquo;il appelle \u00e0 un cessez-le-feu durable en Isra\u00ebl-Palestine.  <\/p>\n\n<p><a href=\"https:\/\/www.nfu.ca\/wp-content\/uploads\/2024\/04\/Palestine-Resolution-November-2023.pdf\" data-type=\"link\" data-id=\"https:\/\/www.nfu.ca\/wp-content\/uploads\/2024\/04\/Palestine-Resolution-November-2023.pdf\">La r\u00e9solution de l&rsquo;UNF<\/a> reconna\u00eet \u00e0 la fois la n\u00e9cessit\u00e9 urgente d&rsquo;appeler \u00e0 une cessation imm\u00e9diate du si\u00e8ge de Gaza et la responsabilit\u00e9 particuli\u00e8re, en tant que syndicat d&rsquo;agriculteurs et de travailleurs agricoles, de s&rsquo;exprimer sur cette question.  <\/p>\n\n<p>Cette r\u00e9solution a \u00e9t\u00e9 pr\u00e9sent\u00e9e par un groupe de fermiers juifs et d&rsquo;alli\u00e9s au sein de l&rsquo;UNF comme un moyen d&rsquo;aborder les \u00e9v\u00e9nements actuels en Isra\u00ebl-Palestine, tout en cr\u00e9ant un pr\u00e9c\u00e9dent pour le travail de solidarit\u00e9 futur en reconnaissant formellement la souverainet\u00e9 du peuple palestinien dans le livre de politique de l&rsquo;UNF<strong>. <\/strong>L&rsquo;adoption de cette r\u00e9solution a co\u00efncid\u00e9 avec une marche nationale de solidarit\u00e9 avec la Palestine.<\/p>\n\n<p>Le d\u00e9vouement des membres de l&rsquo;UNF \u00e0 la solidarit\u00e9 internationale, \u00e0 la justice et aux droits de l&rsquo;homme a motiv\u00e9 l&rsquo;UNF \u00e0 s&rsquo;opposer publiquement aux cas de violence \u00e9tatique, y compris l&rsquo;utilisation de la faim et du d\u00e9placement des terres comme outils de guerre.  <\/p>\n\n<p>En tant que membre fondateur du mouvement mondial Via Campesina pour la souverainet\u00e9 alimentaire et les droits des paysans, la solidarit\u00e9 internationale est un principe directeur au sein de l&rsquo;UNF et informe son engagement dans la politique agricole nationale et le plaidoyer international. L&rsquo;Union des comit\u00e9s de travail agricole (UWAC), une organisation de la Via Campesina dirig\u00e9e par des fermiers en Palestine, a appel\u00e9 la communaut\u00e9 internationale \u00e0 s&rsquo;\u00e9lever contre l&rsquo;attaque d\u00e9lib\u00e9r\u00e9e des infrastructures agricoles et de p\u00eache, ainsi que contre la destruction et la coupure brutale de l&rsquo;acc\u00e8s aux terres agricoles palestiniennes. Ces <a rel=\"noopener\" target=\"_blank\" href=\"https:\/\/viacampesina.org\/en\/uawc-condemns-israels-use-of-starvation-as-a-weapon-of-war-in-gaza\/\">actes de guerre strat\u00e9giques<\/a> visent les fermi\u00e8res et les producteurs de denr\u00e9es alimentaires de la r\u00e9gion et menacent de famine des millions de personnes. En outre, ces actes sont \u00e0 l&rsquo;origine de dommages environnementaux catastrophiques et constituent une menace pour les moyens de subsistance des fermiers et des producteurs de denr\u00e9es alimentaires palestiniens dans un avenir lointain.  <\/p>\n\n<p>Pour en savoir plus, regardez cette s\u00e9rie de s\u00e9ances d&rsquo;information avec des fermi\u00e8res de l&rsquo;UWAC et des d\u00e9fenseurs des droits de l&rsquo;homme qui pr\u00e9sentent des perspectives de terrain sur la lutte pour la souverainet\u00e9 alimentaire et la souverainet\u00e9 fonci\u00e8re en Palestine.<\/p>\n\n<p>D\u00e9clarations d&rsquo;engagement :<\/p>\n\n<p><a rel=\"noopener\" target=\"_blank\" href=\"https:\/\/www.greenthumbsto.org\/post\/food-cannot-be-a-weapon-of-war-in-gaza\">La nourriture ne peut pas \u00eatre une arme de guerre \u00e0 Gaza<\/a><\/p>\n\n<p><a rel=\"noopener\" target=\"_blank\" href=\"https:\/\/ceasefirenow.ca\/\">Coalition Ceasefire Now<\/a><\/p>\n","protected":false},"excerpt":{"rendered":"<p>Le 25 novembre 2023, lors du 54e congr\u00e8s annuel de l&rsquo;Union Nationale des Fermiers (UNF) \u00e0 Ottawa, les d\u00e9l\u00e9gu\u00e9s de l&rsquo;UNF ont adopt\u00e9 une r\u00e9solution qui affirme les droits du peuple palestinien \u00e0 la souverainet\u00e9, y compris la souverainet\u00e9 alimentaire, dans leur patrie et ajoute la voix de l&rsquo;UNF au nombre croissant d&rsquo;organisations qui font pression sur le gouvernement canadien pour qu&rsquo;il appelle \u00e0 un cessez-le-feu durable en Isra\u00ebl-Palestine.<\/p>\n","protected":false},"author":239,"featured_media":0,"parent":0,"menu_order":0,"comment_status":"closed","ping_status":"closed","template":"tmpl-blocks-contained.php","meta":{"_acf_changed":false,"_tec_requires_first_save":true,"_EventAllDay":false,"_EventTimezone":"","_EventStartDate":"","_EventEndDate":"","_EventStartDateUTC":"","_EventEndDateUTC":"","_EventShowMap":false,"_EventShowMapLink":false,"_EventURL":"","_EventCost":"","_EventCostDescription":"","_EventCurrencySymbol":"","_EventCurrencyCode":"","_EventCurrencyPosition":"","_EventDateTimeSeparator":"","_EventTimeRangeSeparator":"","_EventOrganizerID":[],"_EventVenueID":[],"_OrganizerEmail":"","_OrganizerPhone":"","_OrganizerWebsite":"","_VenueAddress":"","_VenueCity":"","_VenueCountry":"","_VenueProvince":"","_VenueState":"","_VenueZip":"","_VenuePhone":"","_VenueURL":"","_VenueStateProvince":"","_VenueLat":"","_VenueLng":"","_VenueShowMap":false,"_VenueShowMapLink":false,"_tribe_blocks_recurrence_rules":"","_tribe_blocks_recurrence_description":"","_tribe_blocks_recurrence_exclusions":"","_ecp_custom_4":"","_ecp_custom_7":"","_ecp_custom_9":"","_ecp_custom_10":"","_ecp_custom_12":"","_ecp_custom_13":"","footnotes":""},"post_region":[],"post_campaign":[],"class_list":["post-26096","page","type-page","status-publish","hentry"],"acf":[],"_links":{"self":[{"href":"https:\/\/www.nfu.ca\/fr\/wp-json\/wp\/v2\/pages\/26096","targetHints":{"allow":["GET"]}}],"collection":[{"href":"https:\/\/www.nfu.ca\/fr\/wp-json\/wp\/v2\/pages"}],"about":[{"href":"https:\/\/www.nfu.ca\/fr\/wp-json\/wp\/v2\/types\/page"}],"author":[{"embeddable":true,"href":"https:\/\/www.nfu.ca\/fr\/wp-json\/wp\/v2\/users\/239"}],"replies":[{"embeddable":true,"href":"https:\/\/www.nfu.ca\/fr\/wp-json\/wp\/v2\/comments?post=26096"}],"version-history":[{"count":0,"href":"https:\/\/www.nfu.ca\/fr\/wp-json\/wp\/v2\/pages\/26096\/revisions"}],"wp:attachment":[{"href":"https:\/\/www.nfu.ca\/fr\/wp-json\/wp\/v2\/media?parent=26096"}],"wp:term":[{"taxonomy":"post_region","embeddable":true,"href":"https:\/\/www.nfu.ca\/fr\/wp-json\/wp\/v2\/post_region?post=26096"},{"taxonomy":"post_campaign","embeddable":true,"href":"https:\/\/www.nfu.ca\/fr\/wp-json\/wp\/v2\/post_campaign?post=26096"}],"curies":[{"name":"wp","href":"https:\/\/api.w.org\/{rel}","templated":true}]}}