
{"id":26093,"date":"2024-04-04T16:28:54","date_gmt":"2024-04-04T22:28:54","guid":{"rendered":"https:\/\/www.nfu.ca\/le-betail-et-la-terre\/"},"modified":"2024-07-10T16:33:17","modified_gmt":"2024-07-10T22:33:17","slug":"le-betail-et-la-terre","status":"publish","type":"page","link":"https:\/\/www.nfu.ca\/fr\/apprendre\/le-betail\/le-betail-et-la-terre\/","title":{"rendered":"B\u00e9tail et terres"},"content":{"rendered":"\n<header class=\"wp-block-cover alignfull has-custom-content-position is-position-bottom-center banner-top\" id=\"banner-top\"><span aria-hidden=\"true\" class=\"wp-block-cover__background has-background-dim has-background-gradient\" style=\"background:linear-gradient(180deg,rgba(0,0,0,0.97) 0%,rgba(0,0,0,0.05) 69%)\"><\/span><img loading=\"lazy\" decoding=\"async\" width=\"1900\" height=\"734\" src=\"https:\/\/www.nfu.ca\/wp-content\/uploads\/2024\/04\/nfu-learn-issues-livestock-cows.jpeg\" class=\"wp-block-cover__image-background wp-post-image\" alt=\"\" data-object-fit=\"cover\" srcset=\"https:\/\/www.nfu.ca\/wp-content\/uploads\/2024\/04\/nfu-learn-issues-livestock-cows.jpeg 1900w, https:\/\/www.nfu.ca\/wp-content\/uploads\/2024\/04\/nfu-learn-issues-livestock-cows-300x116.jpeg 300w, https:\/\/www.nfu.ca\/wp-content\/uploads\/2024\/04\/nfu-learn-issues-livestock-cows-1024x396.jpeg 1024w, https:\/\/www.nfu.ca\/wp-content\/uploads\/2024\/04\/nfu-learn-issues-livestock-cows-768x297.jpeg 768w, https:\/\/www.nfu.ca\/wp-content\/uploads\/2024\/04\/nfu-learn-issues-livestock-cows-1536x593.jpeg 1536w, https:\/\/www.nfu.ca\/wp-content\/uploads\/2024\/04\/nfu-learn-issues-livestock-cows-1600x618.jpeg 1600w\" sizes=\"auto, (max-width: 1900px) 100vw, 1900px\" \/><div class=\"wp-block-cover__inner-container is-layout-flow wp-block-cover-is-layout-flow\">\n<p class=\"has-text-align-left has-large-font-size\"><\/p>\n<\/div><\/header>\n<ol class=\"breadcrumb\"><li><a href=\"https:\/\/www.nfu.ca\/fr\/\">National Farmers Union<\/a><\/li><\/ol>\n\n<div class=\"wp-block-stackable-heading stk-block-heading stk-block-heading--v2 stk-block stk-c87b61d\" id=\"livestock-and-land\" data-block-id=\"c87b61d\"><h1 class=\"stk-block-heading__text\">B\u00e9tail et terres<\/h1><\/div>\n","protected":false},"excerpt":{"rendered":"<p>Les fermi\u00e8res trouvent des moyens d&rsquo;entrer directement en contact avec les consommateurs avides de b\u00e9tail de haute qualit\u00e9. L&rsquo;UNF encourage ces connexions locales et r\u00e9gionales.<\/p>\n","protected":false},"author":3,"featured_media":26018,"parent":26139,"menu_order":0,"comment_status":"closed","ping_status":"closed","template":"tmpl-blocks-contained.php","meta":{"_acf_changed":false,"_tec_requires_first_save":true,"_EventAllDay":false,"_EventTimezone":"","_EventStartDate":"","_EventEndDate":"","_EventStartDateUTC":"","_EventEndDateUTC":"","_EventShowMap":false,"_EventShowMapLink":false,"_EventURL":"","_EventCost":"","_EventCostDescription":"","_EventCurrencySymbol":"","_EventCurrencyCode":"","_EventCurrencyPosition":"","_EventDateTimeSeparator":"","_EventTimeRangeSeparator":"","_EventOrganizerID":[],"_EventVenueID":[],"_OrganizerEmail":"","_OrganizerPhone":"","_OrganizerWebsite":"","_VenueAddress":"","_VenueCity":"","_VenueCountry":"","_VenueProvince":"","_VenueState":"","_VenueZip":"","_VenuePhone":"","_VenueURL":"","_VenueStateProvince":"","_VenueLat":"","_VenueLng":"","_VenueShowMap":false,"_VenueShowMapLink":false,"_tribe_blocks_recurrence_rules":"","_tribe_blocks_recurrence_description":"","_tribe_blocks_recurrence_exclusions":"","_ecp_custom_4":"","_ecp_custom_7":"","_ecp_custom_9":"","_ecp_custom_10":"","_ecp_custom_12":"","_ecp_custom_13":"","footnotes":""},"post_region":[],"post_campaign":[342],"class_list":["post-26093","page","type-page","status-publish","has-post-thumbnail","hentry","post_campaign-betail"],"acf":[],"_links":{"self":[{"href":"https:\/\/www.nfu.ca\/fr\/wp-json\/wp\/v2\/pages\/26093","targetHints":{"allow":["GET"]}}],"collection":[{"href":"https:\/\/www.nfu.ca\/fr\/wp-json\/wp\/v2\/pages"}],"about":[{"href":"https:\/\/www.nfu.ca\/fr\/wp-json\/wp\/v2\/types\/page"}],"author":[{"embeddable":true,"href":"https:\/\/www.nfu.ca\/fr\/wp-json\/wp\/v2\/users\/3"}],"replies":[{"embeddable":true,"href":"https:\/\/www.nfu.ca\/fr\/wp-json\/wp\/v2\/comments?post=26093"}],"version-history":[{"count":0,"href":"https:\/\/www.nfu.ca\/fr\/wp-json\/wp\/v2\/pages\/26093\/revisions"}],"up":[{"embeddable":true,"href":"https:\/\/www.nfu.ca\/fr\/wp-json\/wp\/v2\/pages\/26139"}],"wp:featuredmedia":[{"embeddable":true,"href":"https:\/\/www.nfu.ca\/fr\/wp-json\/wp\/v2\/media\/26018"}],"wp:attachment":[{"href":"https:\/\/www.nfu.ca\/fr\/wp-json\/wp\/v2\/media?parent=26093"}],"wp:term":[{"taxonomy":"post_region","embeddable":true,"href":"https:\/\/www.nfu.ca\/fr\/wp-json\/wp\/v2\/post_region?post=26093"},{"taxonomy":"post_campaign","embeddable":true,"href":"https:\/\/www.nfu.ca\/fr\/wp-json\/wp\/v2\/post_campaign?post=26093"}],"curies":[{"name":"wp","href":"https:\/\/api.w.org\/{rel}","templated":true}]}}