
{"id":26085,"date":"2018-09-12T02:48:02","date_gmt":"2018-09-12T08:48:02","guid":{"rendered":"https:\/\/www.nfu.ca\/groupe-de-travail-sur-la-solidarite-autochtone\/"},"modified":"2025-03-14T14:57:13","modified_gmt":"2025-03-14T20:57:13","slug":"groupe-de-travail-sur-la-solidarite-autochtone","status":"publish","type":"page","link":"https:\/\/www.nfu.ca\/fr\/a-propos\/comite-des-programmes-internationaux\/groupe-de-travail-sur-la-solidarite-autochtone\/","title":{"rendered":"Groupe de travail sur la solidarit\u00e9 autochtone"},"content":{"rendered":"\n<header class=\"wp-block-cover alignfull is-light has-custom-content-position is-position-bottom-center banner-top\" id=\"banner-top\"><span aria-hidden=\"true\" class=\"wp-block-cover__background has-background-dim wp-block-cover__gradient-background has-background-gradient\" style=\"background-color:#ddeae5;background:linear-gradient(180deg,rgba(0,0,0,0.97) 0%,rgba(0,0,0,0.05) 69%)\"><\/span><img loading=\"lazy\" decoding=\"async\" width=\"3264\" height=\"2448\" class=\"wp-block-cover__image-background wp-image-38532\" alt=\"Indigenous Solidarity Working Group\" src=\"https:\/\/nfu.ca\/wp-content\/uploads\/2024\/03\/IMG_0816.png\" data-object-fit=\"cover\" srcset=\"https:\/\/www.nfu.ca\/wp-content\/uploads\/2024\/03\/IMG_0816.png 3264w, https:\/\/www.nfu.ca\/wp-content\/uploads\/2024\/03\/IMG_0816-300x225.png 300w, https:\/\/www.nfu.ca\/wp-content\/uploads\/2024\/03\/IMG_0816-1024x768.png 1024w, https:\/\/www.nfu.ca\/wp-content\/uploads\/2024\/03\/IMG_0816-768x576.png 768w, https:\/\/www.nfu.ca\/wp-content\/uploads\/2024\/03\/IMG_0816-1536x1152.png 1536w, https:\/\/www.nfu.ca\/wp-content\/uploads\/2024\/03\/IMG_0816-2048x1536.png 2048w, https:\/\/www.nfu.ca\/wp-content\/uploads\/2024\/03\/IMG_0816-1600x1200.png 1600w\" sizes=\"auto, (max-width: 3264px) 100vw, 3264px\" \/><div class=\"wp-block-cover__inner-container is-layout-flow wp-block-cover-is-layout-flow\">\n<p class=\"has-text-align-left has-large-font-size\"><\/p>\n<\/div><\/header>\n\n<div class=\"wp-block-stackable-hero alignfull stk-block-hero stk-block stk-08fda9e is-style-default\" data-v=\"2\" id=\"content-first\" data-block-id=\"08fda9e\"><style>.stk-08fda9e .stk-block-hero__content{min-height:5px !important;align-items:center !important;display:flex !important;}<\/style><div class=\"stk-block-hero__content stk-content-align stk-08fda9e-column alignwide stk-container stk-08fda9e-container stk--no-background stk--no-padding\"><div class=\"stk-block-content stk-inner-blocks has-text-align-left stk-08fda9e-inner-blocks\"><ol class=\"breadcrumb\"><li><a href=\"https:\/\/www.nfu.ca\/fr\/\">National Farmers Union<\/a><\/li><\/ol>\n\n\n\n<div class=\"wp-block-stackable-heading stk-block-heading stk-block-heading--v2 stk-block stk-1eae541\" id=\"indigenous-solidarity-working-group\" data-block-id=\"1eae541\"><h1 class=\"stk-block-heading__text\">Groupe de travail sur la solidarit\u00e9 autochtone<\/h1><\/div>\n\n\n\n<div class=\"wp-block-stackable-columns stk-block-columns stk-block stk-1786798\" data-block-id=\"1786798\"><div class=\"stk-row stk-inner-blocks stk-block-content stk-content-align stk-1786798-column\">\n<div class=\"wp-block-stackable-column stk-block-column stk-column stk-block stk-cdf62d9\" data-v=\"4\" data-block-id=\"cdf62d9\"><style>@media screen and (min-width: 768px){.stk-cdf62d9 {flex:var(--stk-flex-grow, 1) 1 calc(66.666% - var(--stk-column-gap, 0px) * 1 \/ 2 ) !important;}}<\/style><div class=\"stk-column-wrapper stk-block-column__content stk-container stk-cdf62d9-container stk--no-background stk--no-padding\"><div class=\"has-text-align-left stk-block-content stk-inner-blocks stk-cdf62d9-inner-blocks\">\n<div class=\"wp-block-stackable-text stk-block-text stk-block stk-cad133e\" data-block-id=\"cad133e\"><p class=\"stk-block-text__text\">Le groupe de travail sur la solidarit\u00e9 autochtone (ISWG) est un sous-comit\u00e9 du site UNF&rsquo;s Comit\u00e9 des Programmes Internationaux (IPC) cr\u00e9\u00e9 en 2015 par des membres de UNF d\u00e9sireux d&rsquo;apprendre et de construire une solidarit\u00e9 pour soutenir les efforts men\u00e9s par les autochtones pour d\u00e9fendre les territoires et les souverainet\u00e9s autochtones, faire avancer les efforts pour le rapatriement des terres et prot\u00e9ger les terres et les eaux &#8211; \u00e0 la fois en tant qu&rsquo;\u00eatres vivants \u00e0 part enti\u00e8re et en tant que fondement de notre bien-\u00eatre, de nos moyens de subsistance et de notre survie.<\/p><\/div>\n\n\n\n<div class=\"wp-block-stackable-text stk-block-text stk-block stk-07e90e4\" data-block-id=\"07e90e4\"><p class=\"stk-block-text__text\">L&rsquo;UNF s&rsquo;est engag\u00e9e de longue date \u00e0 agir en solidarit\u00e9 avec les peuples autochtones. Nous comprenons que l&rsquo;agriculture canadienne est profond\u00e9ment marqu\u00e9e par le colonialisme et que, en tant que personnes vis\u00e9es par un trait\u00e9 ou vivant sur un territoire autochtone non c\u00e9d\u00e9, nous avons la responsabilit\u00e9 sociale et juridique de respecter les accords initiaux conclus par les colons avec les nations autochtones souveraines.<\/p><\/div>\n\n\n\n<div class=\"wp-block-stackable-text stk-block-text stk-block stk-3abd2d5\" data-block-id=\"3abd2d5\"><p class=\"stk-block-text__text\">Nous construisons une solidarit\u00e9 fond\u00e9e sur la reconnaissance du fait que les fermi\u00e8res autochtones et non autochtones partagent de nombreux points communs en tant que personnes qui vivent sur la terre et qui nourrissent nos communaut\u00e9s. Nous avons un int\u00e9r\u00eat mutuel \u00e0 prot\u00e9ger la terre et l&rsquo;eau pour les g\u00e9n\u00e9rations futures. Il existe de nombreuses fa\u00e7ons pour les fermi\u00e8res UNF et les chasseurs, cueilleurs, trappeurs, p\u00eacheurs et agriculteurs autochtones d&rsquo;apprendre les uns des autres, d&rsquo;approfondir leurs relations et de collaborer pour promouvoir la souverainet\u00e9 alimentaire.<\/p><\/div>\n\n\n\n<div class=\"wp-block-stackable-text stk-block-text stk-block stk-efed68b\" data-block-id=\"efed68b\"><p class=\"stk-block-text__text\">Pour toute question ou pour participer \u00e0 ce travail, contactez l&rsquo;UNF \u00e0 l&rsquo;adresse suivante : ipccoordinator@nfu.ca.<\/p><\/div>\n\n\n\n<div class=\"wp-block-stackable-heading stk-block-heading stk-block-heading--v2 stk-block stk-a4ef9b9\" id=\"strong-nfu-indigenous-solidarity-statements-and-actions-strong\" data-block-id=\"a4ef9b9\"><h3 class=\"stk-block-heading__text\"><strong>UNF D\u00e9clarations et actions de solidarit\u00e9 avec les autochtones<\/strong><\/h3><\/div>\n\n\n\n<div class=\"wp-block-stackable-text stk-block-text stk-block stk-267a4d8\" data-block-id=\"267a4d8\"><p class=\"stk-block-text__text\">D\u00e9clarations pour la Journ\u00e9e des peuples autochtones du 21 juin 2021, <a href=\"https:\/\/www.nfu.ca\/the-nfu-celebrates-national-indigenous-peoples-day\/\" data-type=\"link\" data-id=\"https:\/\/www.nfu.ca\/the-nfu-celebrates-national-indigenous-peoples-day\/\">2022<\/a>, <a href=\"https:\/\/www.nfu.ca\/upholding-responsibilities-to-treaties-and-decolonization\/\" data-type=\"link\" data-id=\"https:\/\/www.nfu.ca\/upholding-responsibilities-to-treaties-and-decolonization\/\">2023<\/a><\/p><\/div>\n\n\n\n<div class=\"wp-block-stackable-text stk-block-text stk-block stk-b72bb11\" data-block-id=\"b72bb11\"><p class=\"stk-block-text__text\">D\u00e9clarations pour le 30 septembre Journ\u00e9e nationale pour la v\u00e9rit\u00e9 et la r\u00e9conciliation <a href=\"https:\/\/www.nfu.ca\/national-day-for-truth-and-reconciliation\/\">2021<\/a>, <a href=\"https:\/\/www.nfu.ca\/nfu-reflects-pathways-toward-right-relations-with-indigenous-peoples\/\" data-type=\"link\" data-id=\"https:\/\/www.nfu.ca\/nfu-reflects-pathways-toward-right-relations-with-indigenous-peoples\/\">2022<\/a>, <a href=\"https:\/\/www.nfu.ca\/caretaking-is-at-the-heart-of-relationship-building-and-decolonization\/\" data-type=\"link\" data-id=\"https:\/\/www.nfu.ca\/caretaking-is-at-the-heart-of-relationship-building-and-decolonization\/\">2023<\/a><\/p><\/div>\n\n\n\n<div class=\"wp-block-stackable-text stk-block-text stk-block stk-4592de7\" data-block-id=\"4592de7\"><p class=\"stk-block-text__text\"><a href=\"https:\/\/www.nfu.ca\/nfu-urges-saskatchewan-to-declare-national-day-for-truth-and-reconciliation-holiday\/\" data-type=\"link\" data-id=\"https:\/\/www.nfu.ca\/nfu-urges-saskatchewan-to-declare-national-day-for-truth-and-reconciliation-holiday\/\">Le site UNF demande instamment \u00e0 la Saskatchewan de d\u00e9clarer la journ\u00e9e nationale de la v\u00e9rit\u00e9 et de la r\u00e9conciliation comme jour f\u00e9ri\u00e9<\/a><\/p><\/div>\n\n\n\n<div class=\"wp-block-stackable-text stk-block-text stk-block stk-c987434\" data-block-id=\"c987434\"><p class=\"stk-block-text__text\"><a href=\"https:\/\/www.nfu.ca\/the-nfu-stands-in-solidarity-with-the-hereditary-chiefs-of-the-wetsuweten-gidimten-clan\/\" data-type=\"link\" data-id=\"https:\/\/www.nfu.ca\/the-nfu-stands-in-solidarity-with-the-hereditary-chiefs-of-the-wetsuweten-gidimten-clan\/\">Union Nationale des Fermiers En solidarit\u00e9 avec les d\u00e9fenseurs de la terre des Wet&rsquo;suwet&rsquo;en<\/a><\/p><\/div>\n\n\n\n<div class=\"wp-block-stackable-text stk-block-text stk-block stk-919adba\" data-block-id=\"919adba\"><p class=\"stk-block-text__text\"><a href=\"https:\/\/www.nfu.ca\/the-nfu-stands-in-solidarity-with-the-hereditary-chiefs-of-the-wetsuweten-gidimten-clan\/\" data-type=\"link\" data-id=\"https:\/\/www.nfu.ca\/the-nfu-stands-in-solidarity-with-the-hereditary-chiefs-of-the-wetsuweten-gidimten-clan\/\">L&rsquo;UNF est solidaire des chefs h\u00e9r\u00e9ditaires du clan Wet&rsquo;suwet&rsquo;en Gidimt&rsquo;en<\/a><\/p><\/div>\n\n\n\n<div class=\"wp-block-stackable-text stk-block-text stk-block stk-e79d1ca\" data-block-id=\"e79d1ca\"><p class=\"stk-block-text__text\"><a href=\"https:\/\/www.nfu.ca\/nfu-urges-mps-to-support-bill-c-262-united-nations-declaration-on-the-rights-of-indigenous-peoples-act\/\" data-type=\"link\" data-id=\"https:\/\/www.nfu.ca\/nfu-urges-mps-to-support-bill-c-262-united-nations-declaration-on-the-rights-of-indigenous-peoples-act\/\">Le site UNF exhorte les d\u00e9put\u00e9s \u00e0 soutenir le projet de loi C-262 sur la D\u00e9claration des Nations Unies sur les droits des peuples autochtones.<\/a><\/p><\/div>\n\n\n\n<div class=\"wp-block-stackable-text stk-block-text stk-block stk-a74ff3c\" data-block-id=\"a74ff3c\"><p class=\"stk-block-text__text\"><a href=\"https:\/\/www.nfu.ca\/nfu-expresses-solidarity-with-indigenous-land-protectors-at-standing-rock\/\" data-type=\"link\" data-id=\"https:\/\/www.nfu.ca\/nfu-expresses-solidarity-with-indigenous-land-protectors-at-standing-rock\/\">Le site UNF exprime sa solidarit\u00e9 avec les protecteurs de la terre \u00e0 Standing Rock<\/a><\/p><\/div>\n\n\n\n<div class=\"wp-block-stackable-text stk-block-text stk-block stk-e91847c\" data-block-id=\"e91847c\"><p class=\"stk-block-text__text\"><a href=\"https:\/\/www.nfu.ca\/nfu-renews-call-for-nodapl-in-solidarity-with-standing-rock\/\" data-type=\"link\" data-id=\"https:\/\/www.nfu.ca\/nfu-renews-call-for-nodapl-in-solidarity-with-standing-rock\/\">Le site UNF renouvelle ses appels au #NoDAPL en solidarit\u00e9 avec Standing Rock<\/a><\/p><\/div>\n\n\n\n<div class=\"wp-block-stackable-text stk-block-text stk-block stk-a7c6c3d\" data-block-id=\"a7c6c3d\"><p class=\"stk-block-text__text\"><a rel=\"noopener\" target=\"_blank\" href=\"https:\/\/nfu.ca\/fr\/lunion-nationale-des-fermiers-est-solidaire-de-la-lutte-du-mikmaw-pour-lobtention-dun-traite-sur-le-droit-de-peche\/\" data-type=\"link\" data-id=\"https:\/\/nfu.ca\/national-farmers-union-stands-in-solidarity-with-mikmaw-struggle-for-treaty-right-to-fish\/\">La Nationale des Fermiers est solidaire de la lutte des Mi&rsquo;kmaq pour l&rsquo;obtention du droit de p\u00eache par trait\u00e9<\/a><\/p><\/div>\n\n\n\n<div class=\"wp-block-stackable-heading stk-block-heading stk-block-heading--v2 stk-block stk-0c05368\" id=\"indigenous-food-sovereignty-and-rematriation-resources\" data-block-id=\"0c05368\"><h3 class=\"stk-block-heading__text\">Ressources sur la souverainet\u00e9 alimentaire et le rapatriement des populations autochtones<\/h3><\/div>\n\n\n\n<div class=\"wp-block-stackable-text stk-block-text stk-block stk-07ebd24\" data-block-id=\"07ebd24\"><p class=\"stk-block-text__text\"><a rel=\"noopener\" target=\"_blank\" href=\"https:\/\/indigenousfoodsystems.org\/\" data-type=\"link\" data-id=\"https:\/\/indigenousfoodsystems.org\/\">R\u00e9seau des syst\u00e8mes alimentaires autochtones et groupe de travail sur la souverainet\u00e9 alimentaire autochtone<\/a><\/p><\/div>\n\n\n\n<div class=\"wp-block-stackable-text stk-block-text stk-block stk-3ad0381\" data-block-id=\"3ad0381\"><p class=\"stk-block-text__text\"><a rel=\"noopener\" target=\"_blank\" href=\"https:\/\/mnoaki.org\/\" data-type=\"link\" data-id=\"https:\/\/mnoaki.org\/\">Mno Aki Land Trust<\/a><\/p><\/div>\n\n\n\n<div class=\"wp-block-stackable-text stk-block-text stk-block stk-3dda015\" data-block-id=\"3dda015\"><p class=\"stk-block-text__text\"><a rel=\"noopener\" target=\"_blank\" href=\"https:\/\/raircollective.squarespace.com\/\" data-type=\"link\" data-id=\"https:\/\/raircollective.squarespace.com\/\">Responsabilit\u00e9 relationnelle pour le rapatriement des autochtones<\/a><\/p><\/div>\n\n\n\n<div class=\"wp-block-stackable-text stk-block-text stk-block stk-f463c94\" data-block-id=\"f463c94\"><p class=\"stk-block-text__text\"><a rel=\"noopener\" target=\"_blank\" href=\"https:\/\/treatylandsharingnetwork.ca\/\" data-type=\"link\" data-id=\"https:\/\/treatylandsharingnetwork.ca\/\">R\u00e9seau de partage des terres du trait\u00e9<\/a><\/p><\/div>\n\n\n\n<div class=\"wp-block-stackable-heading stk-block-heading stk-block-heading--v2 stk-block stk-a1f478e\" id=\"join-the-isw-gs-bi-monthly-discussion-group\" data-block-id=\"a1f478e\"><h4 class=\"stk-block-heading__text\">Rejoignez le groupe de discussion bimensuel de l&rsquo;ISWG<\/h4><\/div>\n\n\n\n<div class=\"wp-block-stackable-text stk-block-text stk-block stk-bdad98c\" data-block-id=\"bdad98c\"><p class=\"stk-block-text__text\">Le GIS organise des discussions bimensuelles qui permettent aux membres de partager des ressources, d&rsquo;apprendre ensemble et de s&rsquo;engager dans un processus de d\u00e9colonisation de l&rsquo;alimentation, de la terre et des relations.<\/p><\/div>\n\n\n\n<div class=\"wp-block-stackable-text stk-block-text stk-block stk-3971fee\" data-block-id=\"3971fee\"><p class=\"stk-block-text__text\">Si vous souhaitez rejoindre le GTI ou si vous avez des id\u00e9es sur la mani\u00e8re dont nous pouvons \u00eatre efficacement solidaires des droits autochtones et de la souverainet\u00e9 alimentaire, veuillez contacter le bureau \u00e0 l&rsquo;adresse suivante : nfu @ nfu.ca. Les copr\u00e9sidents du GIS sont Terran Giacomini, Ayla Fenton et Bryanna Kenny.<\/p><\/div>\n<\/div><\/div><\/div>\n\n\n\n<div class=\"wp-block-stackable-column stk-block-column stk-column stk-block stk-0b33c52\" data-v=\"4\" data-block-id=\"0b33c52\"><style>@media screen and (min-width: 768px){.stk-0b33c52 {flex:var(--stk-flex-grow, 1) 1 calc(33.334% - var(--stk-column-gap, 0px) * 1 \/ 2 ) !important;}}<\/style><div class=\"stk-column-wrapper stk-block-column__content stk-container stk-0b33c52-container stk--no-background stk--no-padding\"><div class=\"stk-block-content stk-inner-blocks stk-0b33c52-inner-blocks\"><nav class=\"is-vertical no-wrap wp-block-navigation is-nowrap is-layout-flex wp-container-core-navigation-is-layout-947ac36b wp-block-navigation-is-layout-flex\" aria-label=\"About Sidebar Menu\"><ul class=\"wp-block-navigation__container  is-vertical no-wrap wp-block-navigation\"><li class=\" wp-block-navigation-item wp-block-navigation-link\"><a class=\"wp-block-navigation-item__content\"  href=\"https:\/\/www.nfu.ca\/about\/\"><span class=\"wp-block-navigation-item__label\">About the NFU<\/span><\/a><\/li><li class=\" wp-block-navigation-item wp-block-navigation-link\"><a class=\"wp-block-navigation-item__content\"  href=\"https:\/\/www.nfu.ca\/about\/board-of-directors\/\"><span class=\"wp-block-navigation-item__label\">Board of Directors<\/span><\/a><\/li><li class=\" wp-block-navigation-item wp-block-navigation-link\"><a class=\"wp-block-navigation-item__content\"  href=\"https:\/\/www.nfu.ca\/about\/nfu-staff\/\"><span class=\"wp-block-navigation-item__label\">NFU Staff<\/span><\/a><\/li><li class=\" wp-block-navigation-item wp-block-navigation-link\"><a class=\"wp-block-navigation-item__content\"  href=\"https:\/\/www.nfu.ca\/job-opportunities\/\"><span class=\"wp-block-navigation-item__label\">Join our Staff Team<\/span><\/a><\/li><li class=\" wp-block-navigation-item wp-block-navigation-link\"><a class=\"wp-block-navigation-item__content\"  href=\"https:\/\/www.nfu.ca\/about\/nfu-women\/\"><span class=\"wp-block-navigation-item__label\">Women\u2019s Caucus<\/span><\/a><\/li><li class=\" wp-block-navigation-item wp-block-navigation-link\"><a class=\"wp-block-navigation-item__content\"  href=\"https:\/\/www.nfu.ca\/about\/nfu-youth\/\"><span class=\"wp-block-navigation-item__label\">Youth Caucus<\/span><\/a><\/li><li class=\" wp-block-navigation-item wp-block-navigation-link\"><a class=\"wp-block-navigation-item__content\"  href=\"https:\/\/www.nfu.ca\/about\/bipoc-caucus\/\"><span class=\"wp-block-navigation-item__label\">BIPOC Caucus<\/span><\/a><\/li><li class=\" wp-block-navigation-item wp-block-navigation-link\"><a class=\"wp-block-navigation-item__content\"  href=\"https:\/\/www.nfu.ca\/about\/international\/\"><span class=\"wp-block-navigation-item__label\">International Program Committee<\/span><\/a><\/li><li class=\" wp-block-navigation-item wp-block-navigation-link\"><a class=\"wp-block-navigation-item__content\"  href=\"https:\/\/www.nfu.ca\/about\/policy-working-groups\/\"><span class=\"wp-block-navigation-item__label\">Policy Working Groups<\/span><\/a><\/li><li class=\" wp-block-navigation-item wp-block-navigation-link\"><a class=\"wp-block-navigation-item__content\"  href=\"https:\/\/www.nfu.ca\/about\/national-farmers-foundation\/\"><span class=\"wp-block-navigation-item__label\">National Farmers Foundation<\/span><\/a><\/li><li class=\" wp-block-navigation-item wp-block-navigation-link\"><a class=\"wp-block-navigation-item__content\"  href=\"https:\/\/www.nfu.ca\/about\/nfu-constitution-and-bylaws\/\"><span class=\"wp-block-navigation-item__label\">Constitution and Bylaws<\/span><\/a><\/li><li class=\" wp-block-navigation-item wp-block-navigation-link\"><a class=\"wp-block-navigation-item__content\"  href=\"https:\/\/www.nfu.ca\/about\/contact\/\"><span class=\"wp-block-navigation-item__label\">Contact NFU<\/span><\/a><\/li><\/ul><\/nav><\/div><\/div><\/div>\n<\/div><\/div>\n<\/div><\/div><\/div>\n\n<div class=\"wp-block-stackable-hero alignfull stk-block-hero stk-block stk-eb6db44 is-style-default\" data-v=\"2\" id=\"webinar-series-section\" data-block-id=\"eb6db44\"><style>.stk-eb6db44-inner-blocks{justify-content:center !important;}.stk-eb6db44 .stk-block-hero__content{min-height:5px !important;align-items:center !important;display:flex !important;}<\/style><div class=\"stk-block-hero__content stk-content-align stk-eb6db44-column alignwide stk-container stk-eb6db44-container stk--no-background stk--no-padding\"><div class=\"stk-block-content stk-inner-blocks has-text-align-left stk--column-flex stk-eb6db44-inner-blocks\">\n<div class=\"wp-block-stackable-columns stk-block-columns stk-block stk-4dacb31\" data-block-id=\"4dacb31\"><div class=\"stk-row stk-inner-blocks stk-block-content stk-content-align stk-4dacb31-column\">\n<div class=\"wp-block-stackable-column stk-block-column stk-column stk-block stk-74de906\" data-v=\"4\" data-block-id=\"74de906\"><div class=\"stk-column-wrapper stk-block-column__content stk-container stk-74de906-container stk--no-background stk--no-padding\"><div class=\"stk-block-content stk-inner-blocks stk-74de906-inner-blocks\">\n<div class=\"wp-block-stackable-heading stk-block-heading stk-block-heading--v2 stk-block stk-92b8250\" id=\"join-the-isw-gs-bi-monthly-discussion-group\" data-block-id=\"92b8250\"><h3 class=\"stk-block-heading__text\">S\u00e9rie de webinaires 2019<\/h3><\/div>\n\n\n\n<div class=\"wp-block-stackable-text stk-block-text stk-block stk-74949cb\" data-block-id=\"74949cb\"><p class=\"stk-block-text__text\"><strong>La s\u00e9rie de webinaires 2019 de la Nationale des Fermiers sur la souverainet\u00e9 alimentaire autochtone et le colonialisme de peuplement dans l&rsquo;agriculture canadienne.  <\/strong><\/p><\/div>\n\n\n\n<div class=\"wp-block-stackable-text stk-block-text stk-block stk-602d941\" data-block-id=\"602d941\"><p class=\"stk-block-text__text\">L&rsquo;UNF invite tous ses membres et alli\u00e9s \u00e0 participer \u00e0 une s\u00e9rie de discussions en ligne (\u00ab\u00a0webinaires\u00a0\u00bb) sur la souverainet\u00e9 alimentaire autochtone et le colonialisme de peuplement dans l&rsquo;agriculture canadienne. Les discussions se d\u00e9roulent au cours de l&rsquo;hiver et du printemps 2019. Le premier webinaire a eu lieu le 27 f\u00e9vrier 2019 avec Danielle Boissoneau et Adrianne Xavier.<\/p><\/div>\n\n\n\n<div class=\"wp-block-media-text is-stacked-on-mobile\" style=\"grid-template-columns:33% auto\"><figure class=\"wp-block-media-text__media\"><img loading=\"lazy\" decoding=\"async\" width=\"150\" height=\"150\" src=\"https:\/\/www.nfu.ca\/wp-content\/uploads\/2019\/02\/Danielle-Boissoneau-150x150.jpg\" alt=\"Danielle Boissoneau\" class=\"wp-image-7510 size-thumbnail\"\/><\/figure><div class=\"wp-block-media-text__content\">\n<p><strong>Danielle Boissoneau<\/strong> est \u00e9crivaine, m\u00e8re et gardienne de semences Anishnaabe kwe. Elle se r\u00e9approprie activement l&rsquo;espace de la terre et de son esprit pour de nouveaux modes de vie. La d\u00e9colonisation par la pratique intentionnelle de la construction de relations avec la terre, la nourriture et les gens est une autre fa\u00e7on de se partager avec le monde. Danielle a partag\u00e9 ses \u00e9crits avec Briarpatch Magazine, GUTS Magazine, et a contribu\u00e9 \u00e0 la r\u00e9daction du Two Row Times. Elle fait grandir ses enfants et sa nourriture avec amour et puissance.<\/p>\n<\/div><\/div>\n\n\n\n<p><\/p>\n\n\n\n<div class=\"wp-block-stackable-heading stk-block-heading stk-block-heading--v2 stk-block stk-eaf5490\" id=\"purpose-of-the-webinar-series\" data-block-id=\"eaf5490\"><h3 class=\"stk-block-heading__text\">Objectif de la s\u00e9rie de webinaires<\/h3><\/div>\n\n\n\n<p>L&rsquo;UNF s&rsquo;est fermement engag\u00e9e \u00e0 \u00e9tablir des relations de solidarit\u00e9 avec les peuples autochtones du Canada. Nous esp\u00e9rons que ce webinaire vous aidera :<\/p>\n\n\n\n<ol class=\"wp-block-list\">\n<li>Approfondir notre compr\u00e9hension du colonialisme de peuplement en cours au Canada du point de vue des peuples indig\u00e8nes qui sont les experts de leur propre histoire et de leurs exp\u00e9riences ;<\/li>\n\n\n\n<li>\u00c9tablir des relations fond\u00e9es sur des int\u00e9r\u00eats communs en mati\u00e8re de souverainet\u00e9 alimentaire et sur la reconnaissance des diff\u00e9rences ;<\/li>\n\n\n\n<li>Discuter des voies de la solidarit\u00e9 et de l&rsquo;action commune entre les peuples autochtones et non autochtones pour remettre en question le colonialisme colonial dans le syst\u00e8me alimentaire et contribuer \u00e0 la construction de la souverainet\u00e9 alimentaire pour tous.<\/li>\n<\/ol>\n\n\n\n<div class=\"wp-block-stackable-heading stk-block-heading stk-block-heading--v2 stk-block stk-dbad13d\" id=\"watch-the-video\" data-block-id=\"dbad13d\"><h4 class=\"stk-block-heading__text\">Regardez la vid\u00e9o :<\/h4><\/div>\n\n\n\n<iframe loading=\"lazy\" width=\"560\" height=\"315\" src=\"https:\/\/www.youtube.com\/embed\/wCPo41T6AiM\" frameborder=\"0\" allow=\"accelerometer; autoplay; encrypted-media; gyroscope; picture-in-picture\" allowfullscreen=\"\"><\/iframe>\n<\/div><\/div><\/div>\n<\/div><\/div>\n<\/div><\/div><\/div>\n","protected":false},"excerpt":{"rendered":"<p>Le groupe de travail sur la solidarit\u00e9 autochtone (ISWG) est un sous-comit\u00e9 du Comit\u00e9 des Programmes Internationaux (IPC) de l&rsquo;UNF qui a \u00e9t\u00e9 lanc\u00e9 en 2015 par des membres de l&rsquo;UNF qui souhaitaient \u00e9tendre et approfondir la compr\u00e9hension de l&rsquo;UNF de la souverainet\u00e9 alimentaire autochtone et du colonialisme de peuplement au Canada. Nous voulions faire cet apprentissage afin de pouvoir, en tant qu&rsquo;organisation, mieux agir en solidarit\u00e9 avec les peuples autochtones qui luttent pour d\u00e9fendre leurs territoires et leurs droits.<\/p>\n","protected":false},"author":14,"featured_media":23565,"parent":26360,"menu_order":0,"comment_status":"closed","ping_status":"closed","template":"tmpl-blocks-contained.php","meta":{"_acf_changed":false,"_tec_requires_first_save":true,"_EventAllDay":false,"_EventTimezone":"","_EventStartDate":"","_EventEndDate":"","_EventStartDateUTC":"","_EventEndDateUTC":"","_EventShowMap":false,"_EventShowMapLink":false,"_EventURL":"","_EventCost":"","_EventCostDescription":"","_EventCurrencySymbol":"","_EventCurrencyCode":"","_EventCurrencyPosition":"","_EventDateTimeSeparator":"","_EventTimeRangeSeparator":"","_EventOrganizerID":[],"_EventVenueID":[],"_OrganizerEmail":"","_OrganizerPhone":"","_OrganizerWebsite":"","_VenueAddress":"","_VenueCity":"","_VenueCountry":"","_VenueProvince":"","_VenueState":"","_VenueZip":"","_VenuePhone":"","_VenueURL":"","_VenueStateProvince":"","_VenueLat":"","_VenueLng":"","_VenueShowMap":false,"_VenueShowMapLink":false,"_tribe_blocks_recurrence_rules":"","_tribe_blocks_recurrence_description":"","_tribe_blocks_recurrence_exclusions":"","_ecp_custom_4":"","_ecp_custom_7":"","_ecp_custom_9":"","_ecp_custom_10":"","_ecp_custom_12":"","_ecp_custom_13":"","footnotes":""},"post_region":[],"post_campaign":[],"class_list":["post-26085","page","type-page","status-publish","has-post-thumbnail","hentry"],"acf":[],"_links":{"self":[{"href":"https:\/\/www.nfu.ca\/fr\/wp-json\/wp\/v2\/pages\/26085","targetHints":{"allow":["GET"]}}],"collection":[{"href":"https:\/\/www.nfu.ca\/fr\/wp-json\/wp\/v2\/pages"}],"about":[{"href":"https:\/\/www.nfu.ca\/fr\/wp-json\/wp\/v2\/types\/page"}],"author":[{"embeddable":true,"href":"https:\/\/www.nfu.ca\/fr\/wp-json\/wp\/v2\/users\/14"}],"replies":[{"embeddable":true,"href":"https:\/\/www.nfu.ca\/fr\/wp-json\/wp\/v2\/comments?post=26085"}],"version-history":[{"count":10,"href":"https:\/\/www.nfu.ca\/fr\/wp-json\/wp\/v2\/pages\/26085\/revisions"}],"predecessor-version":[{"id":38995,"href":"https:\/\/www.nfu.ca\/fr\/wp-json\/wp\/v2\/pages\/26085\/revisions\/38995"}],"up":[{"embeddable":true,"href":"https:\/\/www.nfu.ca\/fr\/wp-json\/wp\/v2\/pages\/26360"}],"wp:featuredmedia":[{"embeddable":true,"href":"https:\/\/www.nfu.ca\/fr\/wp-json\/wp\/v2\/media\/23565"}],"wp:attachment":[{"href":"https:\/\/www.nfu.ca\/fr\/wp-json\/wp\/v2\/media?parent=26085"}],"wp:term":[{"taxonomy":"post_region","embeddable":true,"href":"https:\/\/www.nfu.ca\/fr\/wp-json\/wp\/v2\/post_region?post=26085"},{"taxonomy":"post_campaign","embeddable":true,"href":"https:\/\/www.nfu.ca\/fr\/wp-json\/wp\/v2\/post_campaign?post=26085"}],"curies":[{"name":"wp","href":"https:\/\/api.w.org\/{rel}","templated":true}]}}